{"id":2071,"date":"2022-02-01T15:38:56","date_gmt":"2022-02-01T15:38:56","guid":{"rendered":"https:\/\/sajtprojekt.se\/mantum\/produkt\/container-10m3-tra-avfall-zon-2-2\/"},"modified":"2024-05-30T07:24:21","modified_gmt":"2024-05-30T07:24:21","slug":"container-10m3-tra-avfall-zon-2-2","status":"publish","type":"product","link":"https:\/\/mantum.se\/en\/produkt\/container-10m3-tra-avfall-zon-2-2\/","title":{"rendered":"Container 10m3 Tr\u00e4 avfall Zon 2"},"content":{"rendered":"","protected":false},"excerpt":{"rendered":"<p>Passar till det mesta, allt fr\u00e5n bygg- och rivningsavfall till tr\u00e4dg\u00e5rdsavfall eller till garagerensningen. De t\u00e4ckta varianterna utrustade med luckor passar bra till sm\u00e5tt Tr\u00e4, wellpapp, isolering etc<\/p>\n<p>I priset ing\u00e5r h\u00e4mtning och l\u00e4mning samt hyra av container.<\/p>\n<p>Priserna \u00e4r inklusive moms<\/p>\n","protected":false},"featured_media":2059,"template":"","meta":[],"product_brand":[],"product_cat":[31],"product_tag":[41,47,42],"class_list":{"0":"post-2071","1":"product","2":"type-product","3":"status-publish","4":"has-post-thumbnail","6":"product_cat-container","7":"product_tag-41","8":"product_tag-tra","9":"product_tag-zon2","10":"wcpa_has_options","12":"first","13":"instock","14":"taxable","15":"shipping-taxable","16":"purchasable","17":"product-type-simple"},"wcpa_form_fields":{"wcpaData":{"product":{"product_price":3971,"price_html":"<span class=\"woocommerce-Price-amount amount\"><bdi>3,971&nbsp;<span class=\"woocommerce-Price-currencySymbol\">&#107;&#114;<\/span><\/bdi><\/span>","original_product_price":3971,"price_including_tax":3971,"price_excluding_tax":3971,"product_id":{"parent":2071,"variation":false},"is_variable":false,"stock_status":"instock","stock_quantity":null,"parent_sku":"10tra_2","product_attributes":[],"custom_fields":[],"is_taxable":true,"product_name":"Container 10m3 Tr\u00e4 avfall Zon 2","hasImage":false},"fields":{"sec_769c393ec4669a":{"extra":{"key":"sec_769c393ec4669a","section_id":"sec_769c393ec4669a","name":"Default","status":1,"cl_rule":"show","enableCl":false,"relations":[],"toggle":true,"title_tag":"h3","show_title":false,"showPrice":"default","form_id":3308,"form_rules":{"exclude_from_discount":false,"fee_label":"Fee","disp_hide_options_price":false,"disp_show_section_price":false,"disp_show_field_price":true,"layout_option":"standard","pric_use_as_fee":false,"process_fee_as":"woo_fee"},"layout_option":"standard"},"fields":[[{"type":"date","required":true,"elementId":"wcpa-date-1644245742465","label":"V\u00e4lj din leveransdag","placeholder":"Klicka h\u00e4r","pricingType":"fixed","className":"form-control","name":"date-1644245742465","disable_manual_input":true,"min_date":{"type":"days","val":"1"},"max_date":"None","cl_rule":"show","col":3,"relations":false,"active":true,"tooltip":"","picker_mode":"single","error":false,"gt_translate_keys":["label","placeholder","tooltip"],"price_dependency":false,"cl_dependency":false,"value":""}]]}},"config":{"price_override":"","enable_recaptcha":false,"bind_quantity":false,"quantity_bind_formula":false,"disp_summ_show_option_price":true,"disp_summ_show_product_price":true,"disp_summ_show_total_price":true,"disp_summ_show_fee":false,"disp_summ_show_discount":false,"summary_title":"","options_total_label":"Options Price","total_label":"Total","options_product_label":"Product Price","fee_label":"Fee","discount_label":"Discount","has_price":true,"has_quantity_formula":false},"mc_unit":1,"tax_rate":1,"tax_rate_real":0,"discount":{"percentage":0,"fixed":0},"design":{"conf":{"LabelPosition":"above","DescPosition":"above","UploadField":"custom_1","QuantityFieldStyle":"default"},"css":{"LeftLabelWidth":"120px"}},"formulas":[],"lookuptables":[],"clones":false,"cartKey":false}},"_links":{"self":[{"href":"https:\/\/mantum.se\/en\/wp-json\/wp\/v2\/product\/2071","targetHints":{"allow":["GET"]}}],"collection":[{"href":"https:\/\/mantum.se\/en\/wp-json\/wp\/v2\/product"}],"about":[{"href":"https:\/\/mantum.se\/en\/wp-json\/wp\/v2\/types\/product"}],"wp:featuredmedia":[{"embeddable":true,"href":"https:\/\/mantum.se\/en\/wp-json\/wp\/v2\/media\/2059"}],"wp:attachment":[{"href":"https:\/\/mantum.se\/en\/wp-json\/wp\/v2\/media?parent=2071"}],"wp:term":[{"taxonomy":"product_brand","embeddable":true,"href":"https:\/\/mantum.se\/en\/wp-json\/wp\/v2\/product_brand?post=2071"},{"taxonomy":"product_cat","embeddable":true,"href":"https:\/\/mantum.se\/en\/wp-json\/wp\/v2\/product_cat?post=2071"},{"taxonomy":"product_tag","embeddable":true,"href":"https:\/\/mantum.se\/en\/wp-json\/wp\/v2\/product_tag?post=2071"}],"curies":[{"name":"wp","href":"https:\/\/api.w.org\/{rel}","templated":true}]}}