{"id":3253,"date":"2023-03-06T09:51:45","date_gmt":"2023-03-06T09:51:45","guid":{"rendered":"https:\/\/mantum.se\/five-column-footer\/"},"modified":"2023-03-06T09:51:45","modified_gmt":"2023-03-06T09:51:45","slug":"five-column-footer","status":"publish","type":"page","link":"https:\/\/mantum.se\/en\/five-column-footer\/","title":{"rendered":"five column footer"},"content":{"rendered":"<h5>VARBERG<\/h5>\n<div class=\"textwidget\">\n<p>Vagnv\u00e4gen 11<br \/>\n432 32 VARBERG<\/p>\n<p>0340-54 55 00<br \/>\n<a href=\"mailto:info@mantum.se\">INFO@MANTUM.SE<\/a><\/p>\n<\/div>\n<h5>GOTHENBURG<\/h5>\n<div class=\"textwidget\">\n<p>Stora \u00c5v\u00e4gen 21<br \/>\n436 34 Askim<\/p>\n<p>031-757 15 40<br \/>\n<a href=\"mailto:goteborg@mantum.se\">GOTEBORG@MANTUM.SE<\/a><\/p>\n<\/div>\n<h5>KATRINEHOLM<\/h5>\n<div class=\"textwidget\">\n<p>Ljungv\u00e4gen 11<br \/>\n641 39 Katrineholm<\/p>\n<p>070-145 10 33<\/p>\n<\/div>\n<div class=\"textwidget\"><\/div>\n<h5>SHELTER USE<\/h5>\n<div class=\"textwidget\">\n<p>Entreprenadgatan 2<br \/>\n314 34 Hyltebruk<\/p>\n<p>0340-54 55 00<\/p>\n<\/div>\n<h5>ARBOGA<\/h5>\n<div class=\"textwidget\">\n<p>Norra \u00e5gatan 20<br \/>\n732 31, ARBOGA<\/p>\n<p>+4616 400 00 80<\/p>\n<\/div>\n","protected":false},"excerpt":{"rendered":"<p>VARBERG Vagnv\u00e4gen 11 432 32 VARBERG 0340-54 55 00 INFO@MANTUM.SE GOTHENBURG Stora \u00c5v\u00e4gen 21 436 34 Askim 031-757 15 40 GOTEBORG@MANTUM.SE KATRINEHOLM Ljungv\u00e4gen 11 641 39 Katrineholm 070-145 10 33 SHELTER USE Entreprenadgatan 2 314 34 Hyltebruk 0340-54 55 00 ARBOGA Norra \u00e5gatan 20 732 31, ARBOGA +4616 400 00 80<\/p>\n","protected":false},"author":1,"featured_media":0,"parent":0,"menu_order":0,"comment_status":"closed","ping_status":"closed","template":"","meta":{"footnotes":""},"class_list":["post-3253","page","type-page","status-publish","hentry"],"_links":{"self":[{"href":"https:\/\/mantum.se\/en\/wp-json\/wp\/v2\/pages\/3253","targetHints":{"allow":["GET"]}}],"collection":[{"href":"https:\/\/mantum.se\/en\/wp-json\/wp\/v2\/pages"}],"about":[{"href":"https:\/\/mantum.se\/en\/wp-json\/wp\/v2\/types\/page"}],"author":[{"embeddable":true,"href":"https:\/\/mantum.se\/en\/wp-json\/wp\/v2\/users\/1"}],"replies":[{"embeddable":true,"href":"https:\/\/mantum.se\/en\/wp-json\/wp\/v2\/comments?post=3253"}],"version-history":[{"count":0,"href":"https:\/\/mantum.se\/en\/wp-json\/wp\/v2\/pages\/3253\/revisions"}],"wp:attachment":[{"href":"https:\/\/mantum.se\/en\/wp-json\/wp\/v2\/media?parent=3253"}],"curies":[{"name":"wp","href":"https:\/\/api.w.org\/{rel}","templated":true}]}}