{"id":3212,"date":"2020-09-29T12:30:44","date_gmt":"2020-09-29T12:30:44","guid":{"rendered":"https:\/\/mantum.se\/domestic-transport\/"},"modified":"2023-10-30T12:09:31","modified_gmt":"2023-10-30T12:09:31","slug":"domestic-transport","status":"publish","type":"page","link":"https:\/\/mantum.se\/en\/domestic-transport\/","title":{"rendered":"Domestic transport"},"content":{"rendered":"\t\t<div data-elementor-type=\"wp-page\" data-elementor-id=\"3212\" class=\"elementor elementor-3212 elementor-709\" data-elementor-post-type=\"page\">\n\t\t\t\t<div class=\"elementor-element elementor-element-e769f65 e-flex e-con-boxed e-con e-parent\" data-id=\"e769f65\" data-element_type=\"container\" data-e-type=\"container\">\n\t\t\t\t\t<div class=\"e-con-inner\">\n\t\t<div class=\"elementor-element elementor-element-4daac12 e-flex e-con-boxed e-con e-child\" data-id=\"4daac12\" data-element_type=\"container\" data-e-type=\"container\">\n\t\t\t\t\t<div class=\"e-con-inner\">\n\t\t\t\t<div class=\"elementor-element elementor-element-a3736a1 elementor-widget elementor-widget-text-editor\" data-id=\"a3736a1\" data-element_type=\"widget\" data-e-type=\"widget\" data-widget_type=\"text-editor.default\">\n\t\t\t\t<div class=\"elementor-widget-container\">\n\t\t\t\t\t\t\t\t\t<div class=\"wpb_text_column wpb_content_element \">\n<div class=\"wpb_wrapper\">\n<p>We carry out long-distance and distribution transport in liner networks and in order traffic &#8211; for unit loads, partial loads and general cargo. Our long-distance trucks operate nationwide with daily departures, offering long-term transport solutions with optimized flows and minimized costs.<\/p>\n<p>Distribution activities take place throughout Sweden, but mainly in the local region; Halland, Sk\u00e5ne, V\u00e4stra G\u00f6taland, Stockholm, \u00d6sterg\u00f6tland and Sm\u00e5land. A natural hub in our long-distance and distribution traffic is our own terminal in Varberg, where we offer complete services in warehousing and third-party logistics.<\/p>\n<\/div>\n<\/div>\n\t\t\t\t\t\t\t\t<\/div>\n\t\t\t\t<\/div>\n\t\t\t\t\t<\/div>\n\t\t\t\t<\/div>\n\t\t<div class=\"elementor-element elementor-element-8b48e0c e-flex e-con-boxed e-con e-child\" data-id=\"8b48e0c\" data-element_type=\"container\" data-e-type=\"container\">\n\t\t\t\t\t<div class=\"e-con-inner\">\n\t\t\t\t<div class=\"elementor-element elementor-element-ea6d0f8 elementor-widget elementor-widget-image\" data-id=\"ea6d0f8\" data-element_type=\"widget\" data-e-type=\"widget\" data-widget_type=\"image.default\">\n\t\t\t\t<div class=\"elementor-widget-container\">\n\t\t\t\t\t\t\t\t\t\t\t\t\t\t\t<img fetchpriority=\"high\" decoding=\"async\" width=\"683\" height=\"1024\" src=\"https:\/\/mantum.se\/wp-content\/uploads\/2022\/01\/fron2-Large-683x1024.jpg\" class=\"attachment-large size-large wp-image-3077\" alt=\"\" srcset=\"https:\/\/mantum.se\/wp-content\/uploads\/2022\/01\/fron2-Large-683x1024.jpg 683w, https:\/\/mantum.se\/wp-content\/uploads\/2022\/01\/fron2-Large-600x900.jpg 600w, https:\/\/mantum.se\/wp-content\/uploads\/2022\/01\/fron2-Large-200x300.jpg 200w, https:\/\/mantum.se\/wp-content\/uploads\/2022\/01\/fron2-Large-700x1050.jpg 700w, https:\/\/mantum.se\/wp-content\/uploads\/2022\/01\/fron2-Large.jpg 720w\" sizes=\"(max-width: 683px) 100vw, 683px\" \/>\t\t\t\t\t\t\t\t\t\t\t\t\t\t\t<\/div>\n\t\t\t\t<\/div>\n\t\t\t\t\t<\/div>\n\t\t\t\t<\/div>\n\t\t\t\t\t<\/div>\n\t\t\t\t<\/div>\n\t\t<div class=\"elementor-element elementor-element-f75c9ac e-con-full e-flex e-con e-parent\" data-id=\"f75c9ac\" data-element_type=\"container\" data-e-type=\"container\" data-settings=\"{&quot;background_background&quot;:&quot;classic&quot;}\">\n\t\t\t\t<div class=\"elementor-element elementor-element-3e6bbd6 elementor-widget elementor-widget-heading\" data-id=\"3e6bbd6\" data-element_type=\"widget\" data-e-type=\"widget\" data-widget_type=\"heading.default\">\n\t\t\t\t<div class=\"elementor-widget-container\">\n\t\t\t\t\t<h2 class=\"elementor-heading-title elementor-size-default\">Contact Mantum Logistic<\/h2>\t\t\t\t<\/div>\n\t\t\t\t<\/div>\n\t\t\t\t<\/div>\n\t\t<div class=\"elementor-element elementor-element-4579aca e-flex e-con-boxed e-con e-parent\" data-id=\"4579aca\" data-element_type=\"container\" data-e-type=\"container\">\n\t\t\t\t\t<div class=\"e-con-inner\">\n\t\t<div class=\"elementor-element elementor-element-f36be73 e-flex e-con-boxed e-con e-child\" data-id=\"f36be73\" data-element_type=\"container\" data-e-type=\"container\">\n\t\t\t\t\t<div class=\"e-con-inner\">\n\t\t\t\t<div class=\"elementor-element elementor-element-8f53607 elementor-widget elementor-widget-text-editor\" data-id=\"8f53607\" data-element_type=\"widget\" data-e-type=\"widget\" data-widget_type=\"text-editor.default\">\n\t\t\t\t<div class=\"elementor-widget-container\">\n\t\t\t\t\t\t\t\t\t<h4 style=\"text-align: left;\">Logistics<\/h4>\n<p style=\"text-align: left;\">Tel: 0340-54 55 60<br \/><a href=\"mailto:logistics@mantum.se\">logistics@mantum.se<\/a><\/p>\n\t\t\t\t\t\t\t\t<\/div>\n\t\t\t\t<\/div>\n\t\t\t\t\t<\/div>\n\t\t\t\t<\/div>\n\t\t<div class=\"elementor-element elementor-element-f21e031 e-flex e-con-boxed e-con e-child\" data-id=\"f21e031\" data-element_type=\"container\" data-e-type=\"container\">\n\t\t\t\t\t<div class=\"e-con-inner\">\n\t\t\t\t<div class=\"elementor-element elementor-element-73186a1 elementor-widget elementor-widget-text-editor\" data-id=\"73186a1\" data-element_type=\"widget\" data-e-type=\"widget\" data-widget_type=\"text-editor.default\">\n\t\t\t\t<div class=\"elementor-widget-container\">\n\t\t\t\t\t\t\t\t\t<h4 style=\"text-align: center;\">Traffic management<\/h4>\n<p style=\"text-align: center;\">Tel: 0340-54 55 60<a href=\"mailto:miljo@mantum.se\"><br \/>\n  <br \/>\n<\/a><a href=\"mailto:logistics@mantum.se\">logistics@mantum.se<\/a><\/p>\n\t\t\t\t\t\t\t\t<\/div>\n\t\t\t\t<\/div>\n\t\t\t\t\t<\/div>\n\t\t\t\t<\/div>\n\t\t<div class=\"elementor-element elementor-element-ca5ece9 e-flex e-con-boxed e-con e-child\" data-id=\"ca5ece9\" data-element_type=\"container\" data-e-type=\"container\">\n\t\t\t\t\t<div class=\"e-con-inner\">\n\t\t\t\t<div class=\"elementor-element elementor-element-533277d elementor-widget elementor-widget-text-editor\" data-id=\"533277d\" data-element_type=\"widget\" data-e-type=\"widget\" data-widget_type=\"text-editor.default\">\n\t\t\t\t<div class=\"elementor-widget-container\">\n\t\t\t\t\t\t\t\t\t<h4 style=\"text-align: center;\">Sales<\/h4>\n<p style=\"text-align: center;\">Tel: 0340-54 55 66<a href=\"mailto:miljo@mantum.se\"><br \/>\n  <br \/>\n<\/a><a href=\"mailto:sales@mantum.se\">sales@mantum.se<\/a><\/p>\n\t\t\t\t\t\t\t\t<\/div>\n\t\t\t\t<\/div>\n\t\t\t\t\t<\/div>\n\t\t\t\t<\/div>\n\t\t\t\t\t<\/div>\n\t\t\t\t<\/div>\n\t\t\t\t<\/div>\n\t\t","protected":false},"excerpt":{"rendered":"<p>Long-distance transport &amp; distribution in Sweden.<\/p>\n","protected":false},"author":2,"featured_media":0,"parent":0,"menu_order":0,"comment_status":"closed","ping_status":"closed","template":"","meta":{"footnotes":""},"class_list":["post-3212","page","type-page","status-publish","hentry"],"_links":{"self":[{"href":"https:\/\/mantum.se\/en\/wp-json\/wp\/v2\/pages\/3212","targetHints":{"allow":["GET"]}}],"collection":[{"href":"https:\/\/mantum.se\/en\/wp-json\/wp\/v2\/pages"}],"about":[{"href":"https:\/\/mantum.se\/en\/wp-json\/wp\/v2\/types\/page"}],"author":[{"embeddable":true,"href":"https:\/\/mantum.se\/en\/wp-json\/wp\/v2\/users\/2"}],"replies":[{"embeddable":true,"href":"https:\/\/mantum.se\/en\/wp-json\/wp\/v2\/comments?post=3212"}],"version-history":[{"count":1,"href":"https:\/\/mantum.se\/en\/wp-json\/wp\/v2\/pages\/3212\/revisions"}],"predecessor-version":[{"id":3218,"href":"https:\/\/mantum.se\/en\/wp-json\/wp\/v2\/pages\/3212\/revisions\/3218"}],"wp:attachment":[{"href":"https:\/\/mantum.se\/en\/wp-json\/wp\/v2\/media?parent=3212"}],"curies":[{"name":"wp","href":"https:\/\/api.w.org\/{rel}","templated":true}]}}