{"id":3570,"date":"2023-03-15T16:27:40","date_gmt":"2023-03-15T16:27:40","guid":{"rendered":"https:\/\/mantum.se\/fragen-und-antworten-kranwagen\/"},"modified":"2023-03-15T16:27:40","modified_gmt":"2023-03-15T16:27:40","slug":"fragen-und-antworten-kranwagen","status":"publish","type":"page","link":"https:\/\/mantum.se\/de\/fragen-und-antworten-kranwagen\/","title":{"rendered":"Fragen und Antworten Kranwagen"},"content":{"rendered":"<h1>Fragen und Antworten<\/h1>\n<h4>Kranwagen-Dienstleistungen<\/h4>\n<p><strong>Haben Sie Kranwagen in Varberg?<\/strong><\/p>\n<p>Ja, wir haben Kranwagen in Varberg. Wir k\u00f6nnen Ihnen verschiedene Kranwagen anbieten, die Ihren Bed\u00fcrfnissen entsprechen.<\/p>\n<p>&nbsp;<\/p>\n<p>&nbsp;<\/p>\n<p><b>Bieten Sie auch Kranwagen in Falkenberg an?<\/b><\/p>\n<p>Wir haben mehrere verschiedene Kranwagen in Falkenberg. Wenn Sie sich daf\u00fcr interessieren, welche Dienstleistungen wir in Ihrer N\u00e4he anbieten, kontaktieren Sie uns bitte unter 0340-54 55 20.<\/p>\n<p>&nbsp;<\/p>\n<p>&nbsp;<\/p>\n<p><b>Was ist der Vorteil eines Kranwagens?<\/b><\/p>\n<p>Ein Kranwagen bietet gro\u00dfe Flexibilit\u00e4t, da er die Dienste eines Pritschenwagens oder Kippers \u00fcbernehmen kann, jedoch mit einem zus\u00e4tzlichen Werkzeug, das eine Vielzahl von Hebe- und Ladeaufgaben \u00fcbernehmen kann.<\/p>\n<p>&nbsp;<\/p>\n<p>&nbsp;<\/p>\n<p><b>Bieten Sie auch Kranwagen in Halland an?<\/b><\/p>\n<p>Ja, wir haben t\u00e4gliche Transporte mit Kranwagen in Halland. Wir bieten alle Arten von Transporten in ganz Schweden an. Bitte kontaktieren Sie uns f\u00fcr weitere Informationen oder um einen Transport zu buchen.<\/p>\n<p>&nbsp;<\/p>\n<p><b>Setzen Sie sich daf\u00fcr ein, dass der Transport auf umweltfreundliche Weise erfolgt?<\/b><\/p>\n<p>Mantum arbeitet st\u00e4ndig daran, seine Auswirkungen auf die Umwelt zu verringern. Wir arbeiten seit langem mit wirtschaftlichen Fahr- und Umweltberichten und deren Nachbereitung. Mehr dar\u00fcber, wie Mantum f\u00fcr eine nachhaltigere Zukunft arbeitet, erfahren Sie unter Mantum.se\/gogreen\/.<\/p>\n<h1 style=\"text-align: center;\"><span style=\"color: #ffffff;\">Kontakt zu Mantum Entreprenad<\/span><\/h1>\n<h2 style=\"text-align: center;\">Verkehrsmanagement<\/h2>\n<p style=\"text-align: center;\">0340 &#8211; 54 55 20<\/p>\n<p style=\"text-align: center;\">entreprenad@mantum.se<\/p>\n","protected":false},"excerpt":{"rendered":"<p>Fragen und Antworten Kranwagen-Dienstleistungen Haben Sie Kranwagen in Varberg? Ja, wir haben Kranwagen in Varberg. Wir k\u00f6nnen Ihnen verschiedene Kranwagen anbieten, die Ihren Bed\u00fcrfnissen entsprechen. &nbsp; &nbsp; Bieten Sie auch Kranwagen in Falkenberg an? Wir haben mehrere verschiedene Kranwagen in Falkenberg. Wenn Sie sich daf\u00fcr interessieren, welche Dienstleistungen wir in Ihrer N\u00e4he anbieten, kontaktieren Sie [&hellip;]<\/p>\n","protected":false},"author":5,"featured_media":0,"parent":0,"menu_order":0,"comment_status":"closed","ping_status":"closed","template":"full_width.php","meta":{"footnotes":""},"class_list":["post-3570","page","type-page","status-publish","hentry"],"_links":{"self":[{"href":"https:\/\/mantum.se\/de\/wp-json\/wp\/v2\/pages\/3570","targetHints":{"allow":["GET"]}}],"collection":[{"href":"https:\/\/mantum.se\/de\/wp-json\/wp\/v2\/pages"}],"about":[{"href":"https:\/\/mantum.se\/de\/wp-json\/wp\/v2\/types\/page"}],"author":[{"embeddable":true,"href":"https:\/\/mantum.se\/de\/wp-json\/wp\/v2\/users\/5"}],"replies":[{"embeddable":true,"href":"https:\/\/mantum.se\/de\/wp-json\/wp\/v2\/comments?post=3570"}],"version-history":[{"count":0,"href":"https:\/\/mantum.se\/de\/wp-json\/wp\/v2\/pages\/3570\/revisions"}],"wp:attachment":[{"href":"https:\/\/mantum.se\/de\/wp-json\/wp\/v2\/media?parent=3570"}],"curies":[{"name":"wp","href":"https:\/\/api.w.org\/{rel}","templated":true}]}}