{"id":3558,"date":"2023-03-15T08:38:35","date_gmt":"2023-03-15T08:38:35","guid":{"rendered":"https:\/\/mantum.se\/fragen-und-antworten-konstruktion\/"},"modified":"2023-03-15T08:38:35","modified_gmt":"2023-03-15T08:38:35","slug":"fragen-und-antworten-konstruktion","status":"publish","type":"page","link":"https:\/\/mantum.se\/de\/fragen-und-antworten-konstruktion\/","title":{"rendered":"Fragen und Antworten Konstruktion"},"content":{"rendered":"<h1>Fragen und Antworten<\/h1>\n<h4>Hoch- und Tiefbau sowie Aushubarbeiten<\/h4>\n<p><strong>Haben Sie Shakedowns, Baufahrzeuge und andere Baufahrzeuge in Varberg?<\/strong><\/p>\n<p>Wir haben Shakedowns, Baufahrzeuge und Baufahrzeuge in Varberg.<\/p>\n<p><b>Bieten Sie<\/b><strong> Bieten Sie Asphaltierung mit Asphaltfahrzeugen in Halland an?<\/strong><\/p>\n<p>Ja, wir fahren Asphalt mit Asphaltfahrzeugen in Halland. Wir haben mehrere verschiedene Wagen, je nach Ihren Bed\u00fcrfnissen. Nehmen Sie Kontakt mit uns auf und wir werden Ihnen mehr dar\u00fcber erz\u00e4hlen.<\/p>\n<p><b>Haben Sie Lastkraftwagen in Varberg?<\/b><\/p>\n<p>Wir haben Lastkraftwagen in Varberg.<\/p>\n<p><b>Haben Sie Schachmannschaften in Varberg?<\/b><\/p>\n<p>Ja, Mantum bietet Schachausr\u00fcstung in Varberg an.<\/p>\n<p><b>Haben Sie einen Bautransport in Varberg?<\/b><\/p>\n<p>Ja, wir haben Bautransporte in Varberg, wir haben viele verschiedene Arten von Fahrzeugen, die sowohl Aushub- als auch Bautransporte durchf\u00fchren k\u00f6nnen.<\/p>\n<p><b>Welche Art von Lastwagen haben Sie, wenn Sie in Halland Sch\u00e4chte fahren?<\/b><\/p>\n<p>Wir haben viele verschiedene Lastwagen in Halland. Wir haben Schachmannschaften, Kippwege in Halland. Wir verf\u00fcgen \u00fcber die unterschiedlichsten Fahrzeuge, um Maschinentransporte, Bautransporte, Bautransporte, Abfuhr von Aushub, Mutterboden, Fallsand, Felssand, Steinplatten, Pflastersteine, Pflastersteine f\u00fcr Stein- und Schotterwege, Reitbahnmaterial, D\u00fcngemittelumschlag in Halland durchf\u00fchren zu k\u00f6nnen.<\/p>\n<p>&nbsp;<\/p>\n<p>&nbsp;<\/p>\n<p>&nbsp;<\/p>\n<p>&nbsp;<\/p>\n<p>&nbsp;<\/p>\n<h1 style=\"text-align: center;\"><span style=\"color: #ffffff;\">Kontakt zu Mantum Entreprenad<\/span><\/h1>\n","protected":false},"excerpt":{"rendered":"<p>Fragen und Antworten Hoch- und Tiefbau sowie Aushubarbeiten Haben Sie Shakedowns, Baufahrzeuge und andere Baufahrzeuge in Varberg? Wir haben Shakedowns, Baufahrzeuge und Baufahrzeuge in Varberg. Bieten Sie Bieten Sie Asphaltierung mit Asphaltfahrzeugen in Halland an? Ja, wir fahren Asphalt mit Asphaltfahrzeugen in Halland. Wir haben mehrere verschiedene Wagen, je nach Ihren Bed\u00fcrfnissen. Nehmen Sie Kontakt [&hellip;]<\/p>\n","protected":false},"author":5,"featured_media":0,"parent":0,"menu_order":0,"comment_status":"closed","ping_status":"closed","template":"full_width.php","meta":{"footnotes":""},"class_list":["post-3558","page","type-page","status-publish","hentry"],"_links":{"self":[{"href":"https:\/\/mantum.se\/de\/wp-json\/wp\/v2\/pages\/3558","targetHints":{"allow":["GET"]}}],"collection":[{"href":"https:\/\/mantum.se\/de\/wp-json\/wp\/v2\/pages"}],"about":[{"href":"https:\/\/mantum.se\/de\/wp-json\/wp\/v2\/types\/page"}],"author":[{"embeddable":true,"href":"https:\/\/mantum.se\/de\/wp-json\/wp\/v2\/users\/5"}],"replies":[{"embeddable":true,"href":"https:\/\/mantum.se\/de\/wp-json\/wp\/v2\/comments?post=3558"}],"version-history":[{"count":0,"href":"https:\/\/mantum.se\/de\/wp-json\/wp\/v2\/pages\/3558\/revisions"}],"wp:attachment":[{"href":"https:\/\/mantum.se\/de\/wp-json\/wp\/v2\/media?parent=3558"}],"curies":[{"name":"wp","href":"https:\/\/api.w.org\/{rel}","templated":true}]}}