{"id":3523,"date":"2023-05-15T10:58:18","date_gmt":"2023-05-15T10:58:18","guid":{"rendered":"https:\/\/mantum.se\/internationaler-verkehr-3\/"},"modified":"2023-05-15T10:58:18","modified_gmt":"2023-05-15T10:58:18","slug":"internationaler-verkehr-3","status":"publish","type":"page","link":"https:\/\/mantum.se\/de\/internationaler-verkehr-3\/","title":{"rendered":"Internationaler Verkehr"},"content":{"rendered":"<p>[qode_advanced_tabs title_layout=&#8221;with_icon&#8221; title_tag=&#8221;h2&#8243;][\/qode_advanced_tabs]<\/p>\n<h4><strong>Internationaler Verkehr<\/strong><\/h4>\n<p>Wir sind spezialisiert auf Sammelgut und Teilladungen, k\u00f6nnen aber auch L\u00f6sungen f\u00fcr Komplettladungen anbieten. Um eine flexible und ma\u00dfgeschneiderte Transportl\u00f6sung zu gew\u00e4hrleisten, haben wir uns f\u00fcr einen fahrerbasierten Transport entschieden. Wir \u00fcbernehmen die gesamte Transportplanung selbst, so dass wir immer wissen, wo sich die Waren befinden. Der Kunde hat also von der Bestellung bis zur Lieferung immer denselben Ansprechpartner! Wir sprechen die skandinavischen Sprachen, Englisch, Deutsch und Russisch.<\/p>\n<p>&nbsp;<\/p>\n<p>Mantum ist Teil von IFA, einem europaweiten Netzwerk von Spediteuren, die erfolgreich zusammenarbeiten, um ihre Fracht gegenseitig zu optimieren.  <a href=\"https:\/\/ifa-forwarding.net\/\">Klicken Sie hier, um mehr zu lesen.<\/a><\/p>\n<p>&nbsp;<\/p>\n<p>Mit unseren eigenen Mantum-Trailern f\u00fchren wir Import- und Exporttransporte von unserem Terminal in Varberg aus durch. Mit Abfahrten aus Deutschland und Schweden dienstags \/ mittwochs \/ freitags bieten wir unseren Kunden ein hohes Serviceniveau.<\/p>\n<p>Mit unseren Partnern und Agenten decken wir das gesamte Bundesgebiet ab. Wir haben auch unsere eigenen Vertreter in<\/p>\n<p>&nbsp;<\/p>\n<h4><strong>?? Deutschland<\/strong><\/h4>\n<p>Gustav M\u00e4uler GmbH &amp; Co. KG, Remscheid<br \/>\nINSA Transport Speditions GmbH, Frankfurt \/ M<br \/>\nRitter Logistics GmbH, Langenhagen<\/p>\n<p>&nbsp;<\/p>\n<h4><strong>?? Belgien<\/strong><\/h4>\n<p>Corneel Greerts Transport Gruppe, Antwerpen<\/p>\n<p>&nbsp;<\/p>\n<h4><strong>?? Holland<\/strong><\/h4>\n<p>Corneel Geerts Transport Gruppe, Venlo<\/p>\n<h1 style=\"text-align: center;\"><span style=\"color: #ffffff;\">Kontakt zu Mantum Logistics<\/span><\/h1>\n<h4 style=\"text-align: center;\">Logistik<\/h4>\n<p style=\"text-align: center;\">Tel: +46 340-54 55 60<br \/>\n<a href=\"mailto:logistics@mantum.se\">logistics@mantum.se<\/a><\/p>\n<h4 style=\"text-align: center;\">Weiterleitung und Verkehr<\/h4>\n<p style=\"text-align: center;\">Tel: +46 340-54 55 80<br \/>\n<a href=\"mailto:international@mantum.se\">international@mantum.se<\/a><\/p>\n<p style=\"text-align: center;\"><a href=\"mailto:import@mantum.se\">import@mantum.se<\/a><\/p>\n<p style=\"text-align: center;\"><a href=\"mailto:export@mantum.se\">export@mantum.se<\/a><\/p>\n<h4 style=\"text-align: center;\">Vertrieb<\/h4>\n<p style=\"text-align: center;\">Tel: +46 340-54 55 61<br \/>\n<a href=\"mailto:sales@mantum.se\">sales@mantum.se<\/a><\/p>\n","protected":false},"excerpt":{"rendered":"<p>[qode_advanced_tabs title_layout=&#8221;with_icon&#8221; title_tag=&#8221;h2&#8243;][\/qode_advanced_tabs] Internationaler Verkehr Wir sind spezialisiert auf Sammelgut und Teilladungen, k\u00f6nnen aber auch L\u00f6sungen f\u00fcr Komplettladungen anbieten. Um eine flexible und ma\u00dfgeschneiderte Transportl\u00f6sung zu gew\u00e4hrleisten, haben wir uns f\u00fcr einen fahrerbasierten Transport entschieden. Wir \u00fcbernehmen die gesamte Transportplanung selbst, so dass wir immer wissen, wo sich die Waren befinden. Der Kunde hat also [&hellip;]<\/p>\n","protected":false},"author":1,"featured_media":0,"parent":0,"menu_order":0,"comment_status":"closed","ping_status":"closed","template":"full_width.php","meta":{"footnotes":""},"class_list":["post-3523","page","type-page","status-publish","hentry"],"_links":{"self":[{"href":"https:\/\/mantum.se\/de\/wp-json\/wp\/v2\/pages\/3523","targetHints":{"allow":["GET"]}}],"collection":[{"href":"https:\/\/mantum.se\/de\/wp-json\/wp\/v2\/pages"}],"about":[{"href":"https:\/\/mantum.se\/de\/wp-json\/wp\/v2\/types\/page"}],"author":[{"embeddable":true,"href":"https:\/\/mantum.se\/de\/wp-json\/wp\/v2\/users\/1"}],"replies":[{"embeddable":true,"href":"https:\/\/mantum.se\/de\/wp-json\/wp\/v2\/comments?post=3523"}],"version-history":[{"count":0,"href":"https:\/\/mantum.se\/de\/wp-json\/wp\/v2\/pages\/3523\/revisions"}],"wp:attachment":[{"href":"https:\/\/mantum.se\/de\/wp-json\/wp\/v2\/media?parent=3523"}],"curies":[{"name":"wp","href":"https:\/\/api.w.org\/{rel}","templated":true}]}}