{"id":3510,"date":"2023-03-01T13:15:42","date_gmt":"2023-03-01T13:15:42","guid":{"rendered":"https:\/\/mantum.se\/vaab-anhaenger-verkstad\/"},"modified":"2023-10-30T12:46:45","modified_gmt":"2023-10-30T12:46:45","slug":"vaab-anhaenger-verkstad","status":"publish","type":"page","link":"https:\/\/mantum.se\/de\/vaab-anhaenger-verkstad\/","title":{"rendered":"V\u00c5AB Anh\u00e4nger &amp; Verkstad"},"content":{"rendered":"\t\t<div data-elementor-type=\"wp-page\" data-elementor-id=\"3510\" class=\"elementor elementor-3510 elementor-2370\" data-elementor-post-type=\"page\">\n\t\t\t\t<div class=\"elementor-element elementor-element-c044c32 e-flex e-con-boxed e-con e-parent\" data-id=\"c044c32\" data-element_type=\"container\" data-e-type=\"container\">\n\t\t\t\t\t<div class=\"e-con-inner\">\n\t\t<div class=\"elementor-element elementor-element-a849582 e-flex e-con-boxed e-con e-child\" data-id=\"a849582\" data-element_type=\"container\" data-e-type=\"container\">\n\t\t\t\t\t<div class=\"e-con-inner\">\n\t\t\t\t<div class=\"elementor-element elementor-element-a49d619 elementor-widget elementor-widget-text-editor\" data-id=\"a49d619\" data-element_type=\"widget\" data-e-type=\"widget\" data-widget_type=\"text-editor.default\">\n\t\t\t\t<div class=\"elementor-widget-container\">\n\t\t\t\t\t\t\t\t\t<div class=\"wpb_text_column wpb_content_element \">\n<div class=\"wpb_wrapper\">\n<p>In den alten R\u00e4umlichkeiten von Veddige \u00c5keri befindet sich jetzt Mantum mit einer eigenen Werkstatt unter dem Namen V\u00c5AB Trailer. Neben den selbst konstruierten und gefertigten Anh\u00e4ngern werden auch Lkw, Anh\u00e4nger, Maschinen und Zubeh\u00f6r mit hoher Qualit\u00e4t gewartet und repariert.<\/p>\n<\/div>\n<\/div>\n<div class=\"wpb_text_column wpb_content_element \">\n<div class=\"wpb_wrapper\">\n<h4>Dienstleistungen<\/h4>\n<p>Die Werkstatt bietet verschiedene Dienstleistungen an, neben regelm\u00e4\u00dfigen Reparaturen, Reifenwechsel und Service ist die Werkstatt autorisierter WABCO-Servicepartner und Colmec-H\u00e4ndler.<\/p>\n<ul>\n<li>Reifenwechsel<\/li>\n<li>Reifenwechsel mit einem Servicefahrzeug<\/li>\n<li>Tag<\/li>\n<li>Aufbauten<\/li>\n<li>Reparaturen<\/li>\n<\/ul>\n<\/div>\n<\/div>\n<div class=\"vc_empty_space\"> <\/div>\n<div class=\"wpb_text_column wpb_content_element \">\n<div class=\"wpb_wrapper\">\n<h4>V\u00c5AB Anh\u00e4nger<\/h4>\n<h5>Ausziehbarer Jumbo-Anh\u00e4nger<\/h5>\n<p><a href=\"https:\/\/mantum.se\/wp-content\/uploads\/2023\/03\/Utdragbar-jumbotrailer-1st.pdf\">Ausziehbarer Jumbo-Anh\u00e4nger &#8211; 1.<\/a><\/p>\n<p><a href=\"https:\/\/mantum.se\/wp-content\/uploads\/2023\/03\/Utdragbar-jumbotrailer-4st.pdf\">Ausziehbarer Jumbo-Anh\u00e4nger-4St\u00fcck<\/a><\/p>\n<h5>Gerstenanh\u00e4nger<\/h5>\n<p><a href=\"https:\/\/mantum.se\/wp-content\/uploads\/2023\/03\/Bygeltrailer-4st.pdf\">Gerstenanh\u00e4nger-4.<\/a><\/p>\n<h5>Rak-Anh\u00e4nger<\/h5>\n<p><a href=\"https:\/\/mantum.se\/wp-content\/uploads\/2023\/03\/Rak-trailer-4st.pdf\">Rak-Anh\u00e4nger-4.<\/a><\/p>\n<p><a href=\"https:\/\/mantum.se\/wp-content\/uploads\/2023\/03\/Rak-trailer-3st.pdf\">Rak-Anh\u00e4nger-3st<\/a><\/p>\n<p><a href=\"https:\/\/mantum.se\/wp-content\/uploads\/2023\/03\/Rak-trailer-3st-1.pdf\">Rak-Anh\u00e4nger-2st<\/a><\/p>\n<h5>Ausziehbarer gerader Anh\u00e4nger<\/h5>\n<p><a href=\"https:\/\/mantum.se\/wp-content\/uploads\/2023\/03\/Utdragbar-rak-trailer-1st.pdf\">Ausziehbarer Schwaderanh\u00e4nger-1.<\/a><\/p>\n<\/div>\n<\/div>\n\t\t\t\t\t\t\t\t<\/div>\n\t\t\t\t<\/div>\n\t\t\t\t\t<\/div>\n\t\t\t\t<\/div>\n\t\t<div class=\"elementor-element elementor-element-8d26e30 e-flex e-con-boxed e-con e-child\" data-id=\"8d26e30\" data-element_type=\"container\" data-e-type=\"container\">\n\t\t\t\t\t<div class=\"e-con-inner\">\n\t\t\t\t<div class=\"elementor-element elementor-element-87a9815 elementor-widget elementor-widget-image\" data-id=\"87a9815\" data-element_type=\"widget\" data-e-type=\"widget\" data-widget_type=\"image.default\">\n\t\t\t\t<div class=\"elementor-widget-container\">\n\t\t\t\t\t\t\t\t\t\t\t\t\t\t\t<img fetchpriority=\"high\" decoding=\"async\" width=\"683\" height=\"1024\" src=\"https:\/\/mantum.se\/wp-content\/uploads\/2023\/03\/DSC07185-1-kopiera-683x1024.jpg\" class=\"attachment-large size-large wp-image-3515\" alt=\"\" srcset=\"https:\/\/mantum.se\/wp-content\/uploads\/2023\/03\/DSC07185-1-kopiera-683x1024.jpg 683w, https:\/\/mantum.se\/wp-content\/uploads\/2023\/03\/DSC07185-1-kopiera-scaled-600x900.jpg 600w, https:\/\/mantum.se\/wp-content\/uploads\/2023\/03\/DSC07185-1-kopiera-200x300.jpg 200w, https:\/\/mantum.se\/wp-content\/uploads\/2023\/03\/DSC07185-1-kopiera-768x1152.jpg 768w, https:\/\/mantum.se\/wp-content\/uploads\/2023\/03\/DSC07185-1-kopiera-scaled.jpg 1707w\" sizes=\"(max-width: 683px) 100vw, 683px\" \/>\t\t\t\t\t\t\t\t\t\t\t\t\t\t\t<\/div>\n\t\t\t\t<\/div>\n\t\t\t\t\t<\/div>\n\t\t\t\t<\/div>\n\t\t\t\t\t<\/div>\n\t\t\t\t<\/div>\n\t\t<div class=\"elementor-element elementor-element-dad9bdb e-con-full e-flex e-con e-parent\" data-id=\"dad9bdb\" data-element_type=\"container\" data-e-type=\"container\" data-settings=\"{&quot;background_background&quot;:&quot;classic&quot;}\">\n\t\t\t\t<div class=\"elementor-element elementor-element-02bf742 elementor-widget elementor-widget-heading\" data-id=\"02bf742\" data-element_type=\"widget\" data-e-type=\"widget\" data-widget_type=\"heading.default\">\n\t\t\t\t<div class=\"elementor-widget-container\">\n\t\t\t\t\t<h2 class=\"elementor-heading-title elementor-size-default\">Kontakt mit der Werkstatt<\/h2>\t\t\t\t<\/div>\n\t\t\t\t<\/div>\n\t\t\t\t<\/div>\n\t\t<div class=\"elementor-element elementor-element-c8c8ed1 e-flex e-con-boxed e-con e-parent\" data-id=\"c8c8ed1\" data-element_type=\"container\" data-e-type=\"container\">\n\t\t\t\t\t<div class=\"e-con-inner\">\n\t\t<div class=\"elementor-element elementor-element-8476f93 e-flex e-con-boxed e-con e-child\" data-id=\"8476f93\" data-element_type=\"container\" data-e-type=\"container\">\n\t\t\t\t\t<div class=\"e-con-inner\">\n\t\t\t\t<div class=\"elementor-element elementor-element-3d16fd5 elementor-widget elementor-widget-text-editor\" data-id=\"3d16fd5\" data-element_type=\"widget\" data-e-type=\"widget\" data-widget_type=\"text-editor.default\">\n\t\t\t\t<div class=\"elementor-widget-container\">\n\t\t\t\t\t\t\t\t\t<h4 style=\"text-align: center;\">HAMPUS ANTHAV<\/h4>\n<p style=\"text-align: center;\">Tel: 0340-54 55 48<a href=\"mailto:miljo@mantum.se\"><br \/>\n  <br \/>\n<\/a><a href=\"mailto:vaab@mantum.se\">vaab@mantum.se<\/a><\/p>\n\t\t\t\t\t\t\t\t<\/div>\n\t\t\t\t<\/div>\n\t\t\t\t\t<\/div>\n\t\t\t\t<\/div>\n\t\t\t\t\t<\/div>\n\t\t\t\t<\/div>\n\t\t\t\t<\/div>\n\t\t","protected":false},"excerpt":{"rendered":"<p>Seit 1952 besch\u00e4ftigt sich die Werkstatt mit dem Bau, der Reparatur und der Wartung von Lastkraftwagen und Anh\u00e4ngern.<\/p>\n","protected":false},"author":5,"featured_media":0,"parent":0,"menu_order":0,"comment_status":"closed","ping_status":"closed","template":"","meta":{"footnotes":""},"class_list":["post-3510","page","type-page","status-publish","hentry"],"_links":{"self":[{"href":"https:\/\/mantum.se\/de\/wp-json\/wp\/v2\/pages\/3510","targetHints":{"allow":["GET"]}}],"collection":[{"href":"https:\/\/mantum.se\/de\/wp-json\/wp\/v2\/pages"}],"about":[{"href":"https:\/\/mantum.se\/de\/wp-json\/wp\/v2\/types\/page"}],"author":[{"embeddable":true,"href":"https:\/\/mantum.se\/de\/wp-json\/wp\/v2\/users\/5"}],"replies":[{"embeddable":true,"href":"https:\/\/mantum.se\/de\/wp-json\/wp\/v2\/comments?post=3510"}],"version-history":[{"count":1,"href":"https:\/\/mantum.se\/de\/wp-json\/wp\/v2\/pages\/3510\/revisions"}],"predecessor-version":[{"id":3534,"href":"https:\/\/mantum.se\/de\/wp-json\/wp\/v2\/pages\/3510\/revisions\/3534"}],"wp:attachment":[{"href":"https:\/\/mantum.se\/de\/wp-json\/wp\/v2\/media?parent=3510"}],"curies":[{"name":"wp","href":"https:\/\/api.w.org\/{rel}","templated":true}]}}