{"id":3508,"date":"2023-05-15T10:49:01","date_gmt":"2023-05-15T10:49:01","guid":{"rendered":"https:\/\/mantum.se\/internationaler-verkehr-2\/"},"modified":"2023-05-15T10:49:01","modified_gmt":"2023-05-15T10:49:01","slug":"internationaler-verkehr-2","status":"publish","type":"page","link":"https:\/\/mantum.se\/de\/internationaler-verkehr-2\/","title":{"rendered":"Internationaler Verkehr"},"content":{"rendered":"<p>[qode_advanced_tabs title_layout=&#8221;with_icon&#8221; title_tag=&#8221;h2&#8243;][\/qode_advanced_tabs]<\/p>\n<h4><strong>Internationaler Verkehr<\/strong><\/h4>\n<p>Wir sind spezialisiert auf Sammelgut und Teilladungen. Wir haben auch L\u00f6sungen f\u00fcr volle Anh\u00e4ngerladungen.<\/p>\n<p>Um eine flexible und dennoch kundenorientierte Transportl\u00f6sung zu gew\u00e4hrleisten, arbeiten wir mit innerbetrieblicher Planung und fahrergebundenem Transport. Dies f\u00fchrt zu einer hohen Liefergenauigkeit und einer vollst\u00e4ndigen Kontrolle \u00fcber die Sendungen. Das bedeutet auch, dass Sie als Kunde von der Bestellung bis zur Lieferung immer denselben Ansprechpartner haben.<\/p>\n<p>Wir sprechen die skandinavischen Sprachen, Englisch, Deutsch und Russisch.<\/p>\n<p>&nbsp;<\/p>\n<p>Mantum ist Teil von IFA, einem europ\u00e4ischen Netzwerk von Spediteuren, das es uns erm\u00f6glicht, unsere Sendungen gegenseitig effizient und erfolgreich zu optimieren.  <a href=\"https:\/\/ifa-forwarding.net\/\">Bitte klicken Sie hier, um mehr zu lesen.<\/a><\/p>\n<p><strong> <\/strong><\/p>\n<p>Wir arbeiten mit unseren eigenen Trailern, sowohl im Import als auch im Export, von unserem eigenen Terminal in Varberg, Schweden. Wir haben Abfahrten in beide Richtungen dienstags, mittwochs und freitags. Und wir halten eine hohe Servicequalit\u00e4t gegen\u00fcber unseren Kunden aufrecht.<\/p>\n<p>Zusammen mit unseren Partnern decken wir ganz Deutschland, aber auch Teile von Venlo, Niederlande, und Antwerpen, Belgien, ab.<\/p>\n<p>Partner und Agenten:<\/p>\n<p>&nbsp;<\/p>\n<h4><strong>?? Deutschland<\/strong><\/h4>\n<p>Gustav M\u00e4uler GmbH &amp; Co. KG, Remscheid<br \/>\nINSA Transport Speditions GmbH, Frankfurt \/ M<br \/>\nRitter Logistics GmbH, Langenhagen<\/p>\n<p>&nbsp;<\/p>\n<h4><strong>?? Belgien<\/strong><\/h4>\n<p>Corneel Greerts Transport Gruppe, Antwerpen<\/p>\n<p>&nbsp;<\/p>\n<h4><strong>?? Holland<\/strong><\/h4>\n<p>Corneel Geerts Transport Gruppe, Venlo<\/p>\n<h1 style=\"text-align: center;\"><span style=\"color: #ffffff;\">Kontakt zu Mantum Logistics<\/span><\/h1>\n<h4 style=\"text-align: center;\">Logistik<\/h4>\n<p style=\"text-align: center;\">Tel: +46 340-54 55 60<br \/>\n<a href=\"mailto:logistics@mantum.se\">logistics@mantum.se<\/a><\/p>\n<h4 style=\"text-align: center;\">Weiterleitung und Verkehr<\/h4>\n<p style=\"text-align: center;\">Tel: +46 340-54 55 80<br \/>\n<a href=\"mailto:international@mantum.se\">international@mantum.se<\/a><\/p>\n<p style=\"text-align: center;\"><a href=\"mailto:import@mantum.se\">import@mantum.se<\/a><\/p>\n<p style=\"text-align: center;\"><a href=\"mailto:export@mantum.se\">export@mantum.se<\/a><\/p>\n<h4 style=\"text-align: center;\">Vertrieb<\/h4>\n<p style=\"text-align: center;\">Tel: +46 340-54 55 61<br \/>\n<a href=\"mailto:sales@mantum.se\">sales@mantum.se<\/a><\/p>\n","protected":false},"excerpt":{"rendered":"<p>[qode_advanced_tabs title_layout=&#8221;with_icon&#8221; title_tag=&#8221;h2&#8243;][\/qode_advanced_tabs] Internationaler Verkehr Wir sind spezialisiert auf Sammelgut und Teilladungen. Wir haben auch L\u00f6sungen f\u00fcr volle Anh\u00e4ngerladungen. Um eine flexible und dennoch kundenorientierte Transportl\u00f6sung zu gew\u00e4hrleisten, arbeiten wir mit innerbetrieblicher Planung und fahrergebundenem Transport. Dies f\u00fchrt zu einer hohen Liefergenauigkeit und einer vollst\u00e4ndigen Kontrolle \u00fcber die Sendungen. Das bedeutet auch, dass Sie als [&hellip;]<\/p>\n","protected":false},"author":1,"featured_media":0,"parent":0,"menu_order":0,"comment_status":"closed","ping_status":"closed","template":"full_width.php","meta":{"footnotes":""},"class_list":["post-3508","page","type-page","status-publish","hentry"],"_links":{"self":[{"href":"https:\/\/mantum.se\/de\/wp-json\/wp\/v2\/pages\/3508","targetHints":{"allow":["GET"]}}],"collection":[{"href":"https:\/\/mantum.se\/de\/wp-json\/wp\/v2\/pages"}],"about":[{"href":"https:\/\/mantum.se\/de\/wp-json\/wp\/v2\/types\/page"}],"author":[{"embeddable":true,"href":"https:\/\/mantum.se\/de\/wp-json\/wp\/v2\/users\/1"}],"replies":[{"embeddable":true,"href":"https:\/\/mantum.se\/de\/wp-json\/wp\/v2\/comments?post=3508"}],"version-history":[{"count":0,"href":"https:\/\/mantum.se\/de\/wp-json\/wp\/v2\/pages\/3508\/revisions"}],"wp:attachment":[{"href":"https:\/\/mantum.se\/de\/wp-json\/wp\/v2\/media?parent=3508"}],"curies":[{"name":"wp","href":"https:\/\/api.w.org\/{rel}","templated":true}]}}