{"id":3506,"date":"2022-12-06T08:06:01","date_gmt":"2022-12-06T08:06:01","guid":{"rendered":"https:\/\/mantum.se\/archiv\/"},"modified":"2022-12-06T08:06:01","modified_gmt":"2022-12-06T08:06:01","slug":"archiv","status":"publish","type":"page","link":"https:\/\/mantum.se\/de\/archiv\/","title":{"rendered":"Archiv"},"content":{"rendered":"<p>[latest_post type=&#8221;dividers&#8221; number_of_colums=&#8221;4&#8243; number_of_rows=&#8221;4&#8243; order_by=&#8221;title&#8221; order=&#8221;ASC&#8221; display_category=&#8221;0&#8243; display_comments=&#8221;0&#8243; display_like=&#8221;0&#8243; display_share=&#8221;0&#8243;][icons icon=&#8221;fa-handshake-o&#8221; size=&#8221;fa-5x&#8221; type=&#8221;normal&#8221; position=&#8221;center&#8221; target=&#8221;_self&#8221; icon_color=&#8221;#333333&#8243;]<\/p>\n<h4 style=\"text-align: center;\">Kundenorientierung<\/h4>\n<ul>\n<li>Wir sind dort, wo unsere Kunden uns haben wollen.<\/li>\n<li>Wir haben immer das Beste f\u00fcr unsere Kunden im Sinn.<\/li>\n<li>Wir sind ein Partner, auf den sich unsere Kunden verlassen k\u00f6nnen.<\/li>\n<\/ul>\n<p>[icons icon=&#8221;fa-lightbulb-o&#8221; size=&#8221;fa-5x&#8221; type=&#8221;normal&#8221; position=&#8221;center&#8221; target=&#8221;_self&#8221; icon_color=&#8221;#333333&#8243;]<\/p>\n<h4 style=\"text-align: center;\">Innovation<\/h4>\n<ul>\n<li>Wir stellen Branchenpraktiken und etablierte Muster in Frage.<\/li>\n<li>Wir vereinfachen, verbessern und schaffen neue kreative L\u00f6sungen f\u00fcr die Bed\u00fcrfnisse und Herausforderungen unserer Kunden, der Welt um uns herum und der Umwelt.<\/li>\n<\/ul>\n<p>[icons icon=&#8221;fa-comments-o&#8221; size=&#8221;fa-5x&#8221; type=&#8221;normal&#8221; position=&#8221;center&#8221; target=&#8221;_self&#8221; icon_color=&#8221;#333333&#8243;]<\/p>\n<h4 style=\"text-align: center;\">Kommunikation<\/h4>\n<ul>\n<li>Kommunikation ist f\u00fcr uns ein entscheidender Wettbewerbsvorteil.<\/li>\n<li>Alles, was wir tun, ist Kommunikation.<\/li>\n<li>Einer der wichtigsten Erfolgsfaktoren in der Kunst der Kommunikation ist das Zuh\u00f6ren. Wir h\u00f6ren zu, um die Erwartungen und Bed\u00fcrfnisse zu verstehen und um eine ordnungsgem\u00e4\u00dfe Lieferung zu gew\u00e4hrleisten. Durch aktiven Dialog pflegen und entwickeln wir ein gutes Verh\u00e4ltnis zu unseren Kunden.<\/li>\n<\/ul>\n<h5>Geschichte<\/h5>\n<p>Mantum hat seinen Ursprung in einem der schwedischen LKW-Zentren. Die meisten Lkw-Zentren wurden auf Anordnung des schwedischen Parlaments eingerichtet, um den Transportbedarf des Landes w\u00e4hrend des Zweiten Weltkriegs zu decken. Der Grundstein f\u00fcr das heutige Mantum wurde in den fr\u00fchen 1940er Jahren gelegt. Die Initiative f\u00fcr den Verband ging von einer Gruppe von Kleinunternehmern und LKW-Besitzern aus, die gro\u00dfe Chancen sahen, durch Zusammenarbeit mehr f\u00fcr ihre Dienstleistungen zu verlangen, anstatt als Einzelunternehmer gegeneinander ausgespielt zu werden. Das Ergebnis des gemeinsamen Interesses und der herrschenden Zeit war der Wirtschaftsverband Lastbilscentralen in Varberg. Eine Zeit lang war die Vereinigung in zwei getrennte Einheiten aufgeteilt. 1962 l\u00f6ste sich ein Teil des Vereins von der Gemeinschaft und gr\u00fcndete die Varbergslast AB. Die Lastbilscentralen Lassabacka blieb bestehen. 1980 fanden die beiden Einheiten wieder zueinander und gleichzeitig wurde der Lkw-Verband mit etwa zehn Maschinenbesitzern von Gr\u00e4v och Traktorcentralen in G\u00f6teborg verst\u00e4rkt. Gemeinsam sahen sie die M\u00f6glichkeit, ihre jeweiligen T\u00e4tigkeitsbereiche innerhalb eines einzigen Zentrums zu erweitern. Und so hat sich der Trend fortgesetzt. Der Wirtschaftsverband wurde 2009 in eine Gesellschaft mit beschr\u00e4nkter Haftung umgewandelt. In der Bl\u00fctezeit gab es \u00fcber 400 Lkw-Zentren in Schweden, heute sind es nur noch etwa 100. Einige der Partnerunternehmen von LBC Varberg sind von Anfang an dabei und werden heute in der zweiten und dritten Generation gef\u00fchrt. Seit dem 14. Mai 2011 hei\u00dfen wir nun Mantum. Gut ger\u00fcstet f\u00fcr die Zukunft, die wirklich spannend aussieht.<\/p>\n","protected":false},"excerpt":{"rendered":"<p>[latest_post type=&#8221;dividers&#8221; number_of_colums=&#8221;4&#8243; number_of_rows=&#8221;4&#8243; order_by=&#8221;title&#8221; order=&#8221;ASC&#8221; display_category=&#8221;0&#8243; display_comments=&#8221;0&#8243; display_like=&#8221;0&#8243; display_share=&#8221;0&#8243;][icons icon=&#8221;fa-handshake-o&#8221; size=&#8221;fa-5x&#8221; type=&#8221;normal&#8221; position=&#8221;center&#8221; target=&#8221;_self&#8221; icon_color=&#8221;#333333&#8243;] Kundenorientierung Wir sind dort, wo unsere Kunden uns haben wollen. Wir haben immer das Beste f\u00fcr unsere Kunden im Sinn. Wir sind ein Partner, auf den sich unsere Kunden verlassen k\u00f6nnen. [icons icon=&#8221;fa-lightbulb-o&#8221; size=&#8221;fa-5x&#8221; type=&#8221;normal&#8221; position=&#8221;center&#8221; target=&#8221;_self&#8221; icon_color=&#8221;#333333&#8243;] Innovation [&hellip;]<\/p>\n","protected":false},"author":1,"featured_media":0,"parent":0,"menu_order":0,"comment_status":"closed","ping_status":"closed","template":"full_width.php","meta":{"footnotes":""},"class_list":["post-3506","page","type-page","status-publish","hentry"],"_links":{"self":[{"href":"https:\/\/mantum.se\/de\/wp-json\/wp\/v2\/pages\/3506","targetHints":{"allow":["GET"]}}],"collection":[{"href":"https:\/\/mantum.se\/de\/wp-json\/wp\/v2\/pages"}],"about":[{"href":"https:\/\/mantum.se\/de\/wp-json\/wp\/v2\/types\/page"}],"author":[{"embeddable":true,"href":"https:\/\/mantum.se\/de\/wp-json\/wp\/v2\/users\/1"}],"replies":[{"embeddable":true,"href":"https:\/\/mantum.se\/de\/wp-json\/wp\/v2\/comments?post=3506"}],"version-history":[{"count":0,"href":"https:\/\/mantum.se\/de\/wp-json\/wp\/v2\/pages\/3506\/revisions"}],"wp:attachment":[{"href":"https:\/\/mantum.se\/de\/wp-json\/wp\/v2\/media?parent=3506"}],"curies":[{"name":"wp","href":"https:\/\/api.w.org\/{rel}","templated":true}]}}