{"id":3503,"date":"2022-10-24T06:09:59","date_gmt":"2022-10-24T06:09:59","guid":{"rendered":"https:\/\/mantum.se\/fragen-und-antworten\/"},"modified":"2022-10-24T06:09:59","modified_gmt":"2022-10-24T06:09:59","slug":"fragen-und-antworten","status":"publish","type":"page","link":"https:\/\/mantum.se\/de\/fragen-und-antworten\/","title":{"rendered":"Fragen und Antworten"},"content":{"rendered":"<h1>Fragen und Antworten<\/h1>\n<h4>Container, Big Bag und Umladestation<\/h4>\n<p><strong>Wie hoch sind die Kosten f\u00fcr die Buchung eines Containers?<\/strong><\/p>\n<p>Wenn Sie einen Container zu einem festen Preis buchen m\u00f6chten, verwenden Sie diesen Link: <a href=\"https:\/\/mantum.se\/container\/\">https:\/\/mantum.se\/container\/<\/a><\/p>\n<p>Sie sagt Ihnen direkt, was die Mitnahme eines Containers f\u00fcr 7 Tage kostet, einschlie\u00dflich der Endentleerung.<\/p>\n<p>Vielleicht suchen Sie als Unternehmen nach einer anderen L\u00f6sung? Wenn ja, kontaktieren Sie uns bitte unter 0340-545540 oder<\/p>\n<p><a href=\"mailto:milj%C3%B6@mantum.se\">milj\u00f6@mantum.se<\/a> und wir erz\u00e4hlen Ihnen gerne mehr \u00fcber unsere Entsorgungsdienstleistungen.<\/p>\n<p>&nbsp;<\/p>\n<p><strong>Wann k\u00f6nnen Sie einen Container verwenden?<\/strong><\/p>\n<p>Ein Container ist vielseitig einsetzbar. Zum Beispiel K\u00fcchenrenovierungen, Fassadenerneuerungen, Dacherneuerungen oder andere Abbrucharbeiten, bei denen Bauabf\u00e4lle anfallen. Auch bei der Entr\u00fcmpelung von Garagen, der Entr\u00fcmpelung von Dachb\u00f6den oder anderen T\u00e4tigkeiten, bei denen Abf\u00e4lle anfallen, ist ein Container sehr n\u00fctzlich.<\/p>\n<p>&nbsp;<\/p>\n<p><strong>Nehmen Sie auch Gartenabf\u00e4lle an?<\/strong><\/p>\n<p>Ja, wir nehmen Gartenabf\u00e4lle an. Dann empfehlen wir, einen Big Bag zu buchen, der eine praktische und gute L\u00f6sung ist, wenn Sie \u00c4ste, St\u00f6cke, Bl\u00e4tter, Gras oder andere Gartenabf\u00e4lle haben.<\/p>\n<p>&nbsp;<\/p>\n<p><strong>Stimmt es, dass Sie einen eigenen Recyclinghof haben?<\/strong><\/p>\n<p>Ja, das ist wahr. In Verbindung mit unserem B\u00fcro in Varberg verf\u00fcgen wir \u00fcber eine eigene Umladestation, in der wir den Bauschutt sortieren und in verschiedene Fragmente trennen, die wir dann zu verschiedenen Einrichtungen transportieren.<\/p>\n<p>&nbsp;<\/p>\n<p><strong>Welche Art von Abf\u00e4llen verarbeiten Sie in Ihrem Recyclingzentrum?<\/strong><\/p>\n<p>In unserer eigenen Anlage nehmen wir gemischte Bauabf\u00e4lle an, wie z. B. Styropor, Wellpappe, brennbare Materialien, D\u00e4mmstoffe, Deponieabf\u00e4lle und mehr.<\/p>\n<p>&nbsp;<\/p>\n<p><strong>Wie lange im Voraus m\u00fcssen Sie buchen?<\/strong><\/p>\n<p>Bitte buchen Sie so fr\u00fch wie m\u00f6glich, mindestens 1 Arbeitstag im Voraus. Dies gilt f\u00fcr alle Ersetzungen und Entleerungen in Varberg und Falkenberg, d.h. in ganz Halland.<\/p>\n<p>&nbsp;<\/p>\n<p><strong>Was kann ich in meinen M\u00fclleimer werfen?<\/strong><\/p>\n<p>Sie k\u00f6nnen Beton, Brennstoffe, Styropor, Gips, Glas, Glasfaser, D\u00e4mmstoffe, Fliesen, Metalle, Papier, Kunststoff, Porzellan, Planen, Metallschrott, Spiegel, Spanplatten, Stein, Ziegel, Telekommunikationskabel, Textilien, Holz, Gartenabf\u00e4lle, Wellpappe entsorgen.<\/p>\n<p>Sie k\u00f6nnen keine gef\u00e4hrlichen Abf\u00e4lle, Elektrokabel, druckbehandeltes Holz, Leuchtstoffr\u00f6hren, Spr\u00fchflaschen, Elektronik, Autoreifen, Haushaltsger\u00e4te und Asbest entsorgen. Material, das nicht in den Container geh\u00f6rt, wird nach der aktuellen Preisliste berechnet. Mantum-Container werden sowohl f\u00fcr Unternehmen als auch f\u00fcr Privatpersonen angeboten. Wir sammeln innerhalb der Gemeinde Varberg und berechnen die Geb\u00fchren nach der unten dargestellten Zoneneinteilung<\/p>\n<p>&nbsp;<\/p>\n<p><strong>Wann k\u00f6nnte ich einen Container brauchen?<\/strong><\/p>\n<p>Zum Beispiel, wenn Sie umziehen, Ihr Haus reinigen, renovieren, abrei\u00dfen, Garagen entr\u00fcmpeln, Bauarbeiten jeglicher Art durchf\u00fchren oder in Ihrem Garten arbeiten. Ein Container ist ideal, wenn Sie keine Zeit oder Lust haben, zu einem \u00f6ffentlichen Recyclinghof zu fahren.<\/p>\n<p>&nbsp;<\/p>\n<p><strong>Haben Sie Container in Varberg?<\/strong><\/p>\n<p>Mantum bietet Container in Varberg an, in denen wir den Abfall anliefern, sammeln und sortieren. Bitte kontaktieren Sie uns unter miljo@mantum.se und wir werden Ihnen mehr erz\u00e4hlen.<\/p>\n<p><strong>Bieten Sie Container in Falkenberg an?<\/strong><\/p>\n<p>Mantum verf\u00fcgt \u00fcber Container in Falkenberg, in denen wir sowohl Bereitstellungen als auch Abholungen durchf\u00fchren. Unter dem Men\u00fcpunkt Container buchen k\u00f6nnen Sie Ihren Container direkt \u00fcber die Website buchen.<\/p>\n<p><strong>Bietet Mantum Container in Halland an?<\/strong><\/p>\n<p>Mantum bietet Container in Halland an. Am st\u00e4rksten vertreten sind wir in Varberg und Falkenberg, aber wir sind in ganz Halland t\u00e4tig.<\/p>\n<h1 style=\"text-align: center;\"><span style=\"color: #ffffff;\">Kontakt zu Mantum Entreprenad<\/span><\/h1>\n","protected":false},"excerpt":{"rendered":"<p>Fragen und Antworten Container, Big Bag und Umladestation Wie hoch sind die Kosten f\u00fcr die Buchung eines Containers? Wenn Sie einen Container zu einem festen Preis buchen m\u00f6chten, verwenden Sie diesen Link: https:\/\/mantum.se\/container\/ Sie sagt Ihnen direkt, was die Mitnahme eines Containers f\u00fcr 7 Tage kostet, einschlie\u00dflich der Endentleerung. Vielleicht suchen Sie als Unternehmen nach [&hellip;]<\/p>\n","protected":false},"author":5,"featured_media":0,"parent":0,"menu_order":0,"comment_status":"closed","ping_status":"closed","template":"","meta":{"footnotes":""},"class_list":["post-3503","page","type-page","status-publish","hentry"],"_links":{"self":[{"href":"https:\/\/mantum.se\/de\/wp-json\/wp\/v2\/pages\/3503","targetHints":{"allow":["GET"]}}],"collection":[{"href":"https:\/\/mantum.se\/de\/wp-json\/wp\/v2\/pages"}],"about":[{"href":"https:\/\/mantum.se\/de\/wp-json\/wp\/v2\/types\/page"}],"author":[{"embeddable":true,"href":"https:\/\/mantum.se\/de\/wp-json\/wp\/v2\/users\/5"}],"replies":[{"embeddable":true,"href":"https:\/\/mantum.se\/de\/wp-json\/wp\/v2\/comments?post=3503"}],"version-history":[{"count":0,"href":"https:\/\/mantum.se\/de\/wp-json\/wp\/v2\/pages\/3503\/revisions"}],"wp:attachment":[{"href":"https:\/\/mantum.se\/de\/wp-json\/wp\/v2\/media?parent=3503"}],"curies":[{"name":"wp","href":"https:\/\/api.w.org\/{rel}","templated":true}]}}