{"id":3495,"date":"2021-11-08T09:16:45","date_gmt":"2021-11-08T09:16:45","guid":{"rendered":"https:\/\/mantum.se\/spezialisierter-transport\/"},"modified":"2023-10-30T12:41:14","modified_gmt":"2023-10-30T12:41:14","slug":"spezialisierter-transport","status":"publish","type":"page","link":"https:\/\/mantum.se\/de\/spezialisierter-transport\/","title":{"rendered":"Spezialisierter Transport"},"content":{"rendered":"\t\t<div data-elementor-type=\"wp-page\" data-elementor-id=\"3495\" class=\"elementor elementor-3495 elementor-1357\" data-elementor-post-type=\"page\">\n\t\t\t\t<div class=\"elementor-element elementor-element-22a28b7 e-flex e-con-boxed e-con e-parent\" data-id=\"22a28b7\" data-element_type=\"container\" data-e-type=\"container\">\n\t\t\t\t\t<div class=\"e-con-inner\">\n\t\t<div class=\"elementor-element elementor-element-d4f75c1 e-flex e-con-boxed e-con e-child\" data-id=\"d4f75c1\" data-element_type=\"container\" data-e-type=\"container\">\n\t\t\t\t\t<div class=\"e-con-inner\">\n\t\t\t\t<div class=\"elementor-element elementor-element-6440bf2 elementor-widget elementor-widget-text-editor\" data-id=\"6440bf2\" data-element_type=\"widget\" data-e-type=\"widget\" data-widget_type=\"text-editor.default\">\n\t\t\t\t<div class=\"elementor-widget-container\">\n\t\t\t\t\t\t\t\t\t<p>Bei Mantum Special arbeiten wir mit schweren, langen, breiten, hohen und anderen komplizierten Transporten. Gegenw\u00e4rtig besteht der gr\u00f6\u00dfte Teil unserer Transporte aus vorgefertigten Elementen, sowohl aus Beton als auch aus Holz. Wir bedienen etwa 25 Fabriken mit einem Volumen von etwa 1000 Transporten pro Woche.<\/p>\n<p><strong>In diesem Bereich nehmen wir seit langem eine marktf\u00fchrende Rolle ein und sind vor allem in den Bereichen Sicherheit und Lieferpr\u00e4zision f\u00fchrend. Dar\u00fcber hinaus liefern wir auch die zugeh\u00f6rigen KPIs und Umweltberichte.<\/strong><\/p>\n<p>Im Baugewerbe ist der Transport ein entscheidendes Element, um den Fortschritt und die rechtzeitige Fertigstellung von Projekten zu gew\u00e4hrleisten. Als Spediteur m\u00fcssen Sie flexibel und l\u00f6sungsorientiert sein, um die Bed\u00fcrfnisse der Kunden zu erf\u00fcllen.<\/p>\n<p>Die Durchf\u00fchrung solcher Spezialtransporte erfordert einen flexiblen Fuhrpark, geschulte Stra\u00dfenlotsen und ein dynamisches Verkehrsmanagement.<\/p>\n<p>Das ist etwas, worauf Mantum stolz ist.<\/p>\n<h3><a href=\"https:\/\/betongtransporter.se\">Betongtransporter.se<\/a><\/h3>\n<p>Das Ziel der Website betongtransporter.se ist es, Ereignisse, die die Sicherheit im Betontransport betreffen, schnell, einfach und kontinuierlich zu kommunizieren.<\/p>\n<p>Die Website ist kunden- und anbieterunabh\u00e4ngig und dient dem gesamten Sektor\/der gesamten Industrie. Ziel ist es, mit kurzen und einfachen Texten zu Verhaltens\u00e4nderungen anzuregen und Verletzungen und Zwischenf\u00e4lle zu vermeiden, damit sie nicht mehr vorkommen.<\/p>\n<p><b>Die Vision ist, dass jeder, der mit Betontransporten zu tun hat (z. B. Werksmitarbeiter, Lagerpersonal, Fahrer, Montagepersonal usw.) mindestens einmal am Tag die Baustelle besuchen sollte.<\/b><\/p>\n<p>Lesen Sie mehr, indem Sie auf den Titel klicken<\/p>\n\t\t\t\t\t\t\t\t<\/div>\n\t\t\t\t<\/div>\n\t\t\t\t\t<\/div>\n\t\t\t\t<\/div>\n\t\t<div class=\"elementor-element elementor-element-9f83265 e-flex e-con-boxed e-con e-child\" data-id=\"9f83265\" data-element_type=\"container\" data-e-type=\"container\">\n\t\t\t\t\t<div class=\"e-con-inner\">\n\t\t\t\t<div class=\"elementor-element elementor-element-763ea11 elementor--h-position-center elementor--v-position-middle elementor-arrows-position-inside elementor-pagination-position-inside elementor-widget elementor-widget-slides\" data-id=\"763ea11\" data-element_type=\"widget\" data-e-type=\"widget\" data-settings=\"{&quot;navigation&quot;:&quot;both&quot;,&quot;autoplay&quot;:&quot;yes&quot;,&quot;pause_on_hover&quot;:&quot;yes&quot;,&quot;pause_on_interaction&quot;:&quot;yes&quot;,&quot;autoplay_speed&quot;:5000,&quot;infinite&quot;:&quot;yes&quot;,&quot;transition&quot;:&quot;slide&quot;,&quot;transition_speed&quot;:500}\" data-widget_type=\"slides.default\">\n\t\t\t\t<div class=\"elementor-widget-container\">\n\t\t\t\t\t\t\t\t\t<div class=\"elementor-swiper\">\n\t\t\t\t\t<div class=\"elementor-slides-wrapper elementor-main-swiper swiper\" role=\"region\" aria-roledescription=\"carousel\" aria-label=\"Slider\" dir=\"ltr\" data-animation=\"fadeInUp\">\n\t\t\t\t<div class=\"swiper-wrapper elementor-slides\">\n\t\t\t\t\t\t\t\t\t\t<div class=\"elementor-repeater-item-4e934f6 swiper-slide\" role=\"group\" aria-roledescription=\"slide\"><div class=\"swiper-slide-bg\" role=\"img\" aria-label=\"TOBBE3 (Large)\"><\/div><div class=\"swiper-slide-inner\" ><div class=\"swiper-slide-contents\"><\/div><\/div><\/div><div class=\"elementor-repeater-item-3209339 swiper-slide\" role=\"group\" aria-roledescription=\"slide\"><div class=\"swiper-slide-bg\" role=\"img\" aria-label=\"C\u00c5T2 (Large)\"><\/div><div class=\"swiper-slide-inner\" ><div class=\"swiper-slide-contents\"><\/div><\/div><\/div><div class=\"elementor-repeater-item-4b2a163 swiper-slide\" role=\"group\" aria-roledescription=\"slide\"><div class=\"swiper-slide-bg\" role=\"img\" aria-label=\"Tobbe (Large)\"><\/div><div class=\"swiper-slide-inner\" ><div class=\"swiper-slide-contents\"><\/div><\/div><\/div>\t\t\t\t<\/div>\n\t\t\t\t\t\t\t\t\t\t\t\t\t\t\t<div class=\"elementor-swiper-button elementor-swiper-button-prev\" role=\"button\" tabindex=\"0\" aria-label=\"Vorheriger Slide\">\n\t\t\t\t\t\t\t<i aria-hidden=\"true\" class=\"eicon-chevron-left\"><\/i>\t\t\t\t\t\t<\/div>\n\t\t\t\t\t\t<div class=\"elementor-swiper-button elementor-swiper-button-next\" role=\"button\" tabindex=\"0\" aria-label=\"N\u00e4chster Slide\">\n\t\t\t\t\t\t\t<i aria-hidden=\"true\" class=\"eicon-chevron-right\"><\/i>\t\t\t\t\t\t<\/div>\n\t\t\t\t\t\t\t\t\t\t\t\t\t\t\t\t<div class=\"swiper-pagination\"><\/div>\n\t\t\t\t\t\t\t\t\t\t\t\t<\/div>\n\t\t\t\t<\/div>\n\t\t\t\t\t\t\t\t<\/div>\n\t\t\t\t<\/div>\n\t\t\t\t\t<\/div>\n\t\t\t\t<\/div>\n\t\t\t\t\t<\/div>\n\t\t\t\t<\/div>\n\t\t<div class=\"elementor-element elementor-element-ae446fd e-con-full e-flex e-con e-parent\" data-id=\"ae446fd\" data-element_type=\"container\" data-e-type=\"container\" data-settings=\"{&quot;background_background&quot;:&quot;classic&quot;}\">\n\t\t\t\t<div class=\"elementor-element elementor-element-32735b7 elementor-widget elementor-widget-heading\" data-id=\"32735b7\" data-element_type=\"widget\" data-e-type=\"widget\" data-widget_type=\"heading.default\">\n\t\t\t\t<div class=\"elementor-widget-container\">\n\t\t\t\t\t<h2 class=\"elementor-heading-title elementor-size-default\">Kontakt Mantum Spezial<\/h2>\t\t\t\t<\/div>\n\t\t\t\t<\/div>\n\t\t\t\t<\/div>\n\t\t<div class=\"elementor-element elementor-element-8371d9c e-flex e-con-boxed e-con e-parent\" data-id=\"8371d9c\" data-element_type=\"container\" data-e-type=\"container\">\n\t\t\t\t\t<div class=\"e-con-inner\">\n\t\t<div class=\"elementor-element elementor-element-3ce4a0b e-flex e-con-boxed e-con e-child\" data-id=\"3ce4a0b\" data-element_type=\"container\" data-e-type=\"container\">\n\t\t\t\t\t<div class=\"e-con-inner\">\n\t\t\t\t<div class=\"elementor-element elementor-element-2ed87d2 elementor-widget elementor-widget-text-editor\" data-id=\"2ed87d2\" data-element_type=\"widget\" data-e-type=\"widget\" data-widget_type=\"text-editor.default\">\n\t\t\t\t<div class=\"elementor-widget-container\">\n\t\t\t\t\t\t\t\t\t<h4 style=\"text-align: center;\">Spezial S\u00fcd<\/h4>\n<p style=\"text-align: center;\">0340-54 55 75<\/p>\n\t\t\t\t\t\t\t\t<\/div>\n\t\t\t\t<\/div>\n\t\t\t\t\t<\/div>\n\t\t\t\t<\/div>\n\t\t<div class=\"elementor-element elementor-element-9b0566d e-flex e-con-boxed e-con e-child\" data-id=\"9b0566d\" data-element_type=\"container\" data-e-type=\"container\">\n\t\t\t\t\t<div class=\"e-con-inner\">\n\t\t\t\t<div class=\"elementor-element elementor-element-06fc95a elementor-widget elementor-widget-text-editor\" data-id=\"06fc95a\" data-element_type=\"widget\" data-e-type=\"widget\" data-widget_type=\"text-editor.default\">\n\t\t\t\t<div class=\"elementor-widget-container\">\n\t\t\t\t\t\t\t\t\t<h4 style=\"text-align: center;\">Spezial Nord<\/h4>\n<p style=\"text-align: center;\">016-4000080<\/p>\n\t\t\t\t\t\t\t\t<\/div>\n\t\t\t\t<\/div>\n\t\t\t\t<div class=\"elementor-element elementor-element-bd6730a elementor-align-center elementor-icon-list--layout-traditional elementor-list-item-link-full_width elementor-widget elementor-widget-icon-list\" data-id=\"bd6730a\" data-element_type=\"widget\" data-e-type=\"widget\" data-widget_type=\"icon-list.default\">\n\t\t\t\t<div class=\"elementor-widget-container\">\n\t\t\t\t\t\t\t<ul class=\"elementor-icon-list-items\">\n\t\t\t\t\t\t\t<li class=\"elementor-icon-list-item\">\n\t\t\t\t\t\t\t\t\t\t\t<span class=\"elementor-icon-list-icon\">\n\t\t\t\t\t\t\t<i aria-hidden=\"true\" class=\"fas fa-envelope\"><\/i>\t\t\t\t\t\t<\/span>\n\t\t\t\t\t\t\t\t\t\t<span class=\"elementor-icon-list-text\">special@mantum.se<\/span>\n\t\t\t\t\t\t\t\t\t<\/li>\n\t\t\t\t\t\t<\/ul>\n\t\t\t\t\t\t<\/div>\n\t\t\t\t<\/div>\n\t\t\t\t\t<\/div>\n\t\t\t\t<\/div>\n\t\t<div class=\"elementor-element elementor-element-2331c46 e-flex e-con-boxed e-con e-child\" data-id=\"2331c46\" data-element_type=\"container\" data-e-type=\"container\">\n\t\t\t\t\t<div class=\"e-con-inner\">\n\t\t\t\t<div class=\"elementor-element elementor-element-bda6a36 elementor-widget elementor-widget-text-editor\" data-id=\"bda6a36\" data-element_type=\"widget\" data-e-type=\"widget\" data-widget_type=\"text-editor.default\">\n\t\t\t\t<div class=\"elementor-widget-container\">\n\t\t\t\t\t\t\t\t\t<h4 style=\"text-align: center;\">Kundenbetreuung<\/h4>\n<p style=\"text-align: center;\">010-25 13 551<\/p>\n\t\t\t\t\t\t\t\t<\/div>\n\t\t\t\t<\/div>\n\t\t\t\t\t<\/div>\n\t\t\t\t<\/div>\n\t\t\t\t\t<\/div>\n\t\t\t\t<\/div>\n\t\t\t\t<\/div>\n\t\t","protected":false},"excerpt":{"rendered":"<p>Schwer zu handhabende Transporte &#8211; unsere Kompetenz!<\/p>\n","protected":false},"author":5,"featured_media":0,"parent":0,"menu_order":0,"comment_status":"closed","ping_status":"closed","template":"","meta":{"footnotes":""},"class_list":["post-3495","page","type-page","status-publish","hentry"],"_links":{"self":[{"href":"https:\/\/mantum.se\/de\/wp-json\/wp\/v2\/pages\/3495","targetHints":{"allow":["GET"]}}],"collection":[{"href":"https:\/\/mantum.se\/de\/wp-json\/wp\/v2\/pages"}],"about":[{"href":"https:\/\/mantum.se\/de\/wp-json\/wp\/v2\/types\/page"}],"author":[{"embeddable":true,"href":"https:\/\/mantum.se\/de\/wp-json\/wp\/v2\/users\/5"}],"replies":[{"embeddable":true,"href":"https:\/\/mantum.se\/de\/wp-json\/wp\/v2\/comments?post=3495"}],"version-history":[{"count":1,"href":"https:\/\/mantum.se\/de\/wp-json\/wp\/v2\/pages\/3495\/revisions"}],"predecessor-version":[{"id":3502,"href":"https:\/\/mantum.se\/de\/wp-json\/wp\/v2\/pages\/3495\/revisions\/3502"}],"wp:attachment":[{"href":"https:\/\/mantum.se\/de\/wp-json\/wp\/v2\/media?parent=3495"}],"curies":[{"name":"wp","href":"https:\/\/api.w.org\/{rel}","templated":true}]}}