{"id":3485,"date":"2022-01-12T14:06:44","date_gmt":"2022-01-12T14:06:44","guid":{"rendered":"https:\/\/mantum.se\/moechten-sie-verkehrspilot-werden\/"},"modified":"2023-10-30T12:41:13","modified_gmt":"2023-10-30T12:41:13","slug":"moechten-sie-verkehrspilot-werden","status":"publish","type":"page","link":"https:\/\/mantum.se\/de\/moechten-sie-verkehrspilot-werden\/","title":{"rendered":"M\u00f6chten Sie Verkehrspilot werden?"},"content":{"rendered":"\t\t<div data-elementor-type=\"wp-page\" data-elementor-id=\"3485\" class=\"elementor elementor-3485 elementor-1945\" data-elementor-post-type=\"page\">\n\t\t\t\t<div class=\"elementor-element elementor-element-c07ea1d e-flex e-con-boxed e-con e-parent\" data-id=\"c07ea1d\" data-element_type=\"container\" data-e-type=\"container\" data-settings=\"{&quot;background_background&quot;:&quot;classic&quot;}\">\n\t\t\t\t\t<div class=\"e-con-inner\">\n\t\t\t\t<div class=\"elementor-element elementor-element-2df9f95 elementor-widget elementor-widget-heading\" data-id=\"2df9f95\" data-element_type=\"widget\" data-e-type=\"widget\" data-widget_type=\"heading.default\">\n\t\t\t\t<div class=\"elementor-widget-container\">\n\t\t\t\t\t<h1 class=\"elementor-heading-title elementor-size-default\">M\u00f6chten Sie Verkehrspilot werden?<\/h1>\t\t\t\t<\/div>\n\t\t\t\t<\/div>\n\t\t\t\t\t<\/div>\n\t\t\t\t<\/div>\n\t\t<div class=\"elementor-element elementor-element-6289c093 e-flex e-con-boxed e-con e-parent\" data-id=\"6289c093\" data-element_type=\"container\" data-e-type=\"container\">\n\t\t\t\t\t<div class=\"e-con-inner\">\n\t\t\t\t<div class=\"elementor-element elementor-element-7cff99ff elementor-widget elementor-widget-text-editor\" data-id=\"7cff99ff\" data-element_type=\"widget\" data-e-type=\"widget\" data-widget_type=\"text-editor.default\">\n\t\t\t\t<div class=\"elementor-widget-container\">\n\t\t\t\t\t\t\t\t\t<h4 style=\"text-align: center;\">Alle unsere Fahrer werden kontinuierlich geschult<\/h4>\n<h4 style=\"text-align: center;\">das h\u00f6chste Kompetenzniveau im Verkehrssektor zu erreichen.<\/h4>\n<h4 style=\"text-align: center;\">Wir setzen uns aktiv daf\u00fcr ein, dass sie in ihrem Beruf f\u00fchrend sind.<\/h4>\n<\/p>\n<h4 style=\"text-align: center;\">Wir nennen sie Stra\u00dfenpiloten.<\/h4>\n\t\t\t\t\t\t\t\t<\/div>\n\t\t\t\t<\/div>\n\t\t\t\t\t<\/div>\n\t\t\t\t<\/div>\n\t\t<div class=\"elementor-element elementor-element-df290ea e-con-full e-flex e-con e-parent\" data-id=\"df290ea\" data-element_type=\"container\" data-e-type=\"container\" data-settings=\"{&quot;background_background&quot;:&quot;classic&quot;}\">\n\t\t\t\t<div class=\"elementor-element elementor-element-bc8c469 elementor-widget elementor-widget-heading\" data-id=\"bc8c469\" data-element_type=\"widget\" data-e-type=\"widget\" data-widget_type=\"heading.default\">\n\t\t\t\t<div class=\"elementor-widget-container\">\n\t\t\t\t\t<h2 class=\"elementor-heading-title elementor-size-default\">M\u00f6chten Sie auch Verkehrspilot werden?<\/h2>\t\t\t\t<\/div>\n\t\t\t\t<\/div>\n\t\t\t\t<\/div>\n\t\t<div class=\"elementor-element elementor-element-bcbddae e-flex e-con-boxed e-con e-parent\" data-id=\"bcbddae\" data-element_type=\"container\" data-e-type=\"container\">\n\t\t\t\t\t<div class=\"e-con-inner\">\n\t\t\t\t<div class=\"elementor-element elementor-element-05f711a elementor-widget elementor-widget-text-editor\" data-id=\"05f711a\" data-element_type=\"widget\" data-e-type=\"widget\" data-widget_type=\"text-editor.default\">\n\t\t\t\t<div class=\"elementor-widget-container\">\n\t\t\t\t\t\t\t\t\t<h4 style=\"text-align: center;\">Wenn Sie sich beruflich weiterentwickeln und einer unserer zuk\u00fcnftigen Roadpiloten werden wollen, m\u00f6chten wir mit Ihnen in Kontakt treten.<\/h4>\n<h4 style=\"text-align: center;\">Schreiben Sie ein paar Zeilen \u00fcber sich selbst und senden Sie eine E-Mail an:<\/h4>\n<h4 style=\"text-align: center;\"><a href=\"mailto:landsvagspilot@mantum.se\">landsvagspilot@mantum.se<\/a><\/h4>\n\t\t\t\t\t\t\t\t<\/div>\n\t\t\t\t<\/div>\n\t\t\t\t\t<\/div>\n\t\t\t\t<\/div>\n\t\t<div class=\"elementor-element elementor-element-3d8a2d8 e-flex e-con-boxed e-con e-parent\" data-id=\"3d8a2d8\" data-element_type=\"container\" data-e-type=\"container\">\n\t\t\t\t\t<div class=\"e-con-inner\">\n\t\t\t\t<div class=\"elementor-element elementor-element-67179c7 elementor-widget elementor-widget-image\" data-id=\"67179c7\" data-element_type=\"widget\" data-e-type=\"widget\" data-widget_type=\"image.default\">\n\t\t\t\t<div class=\"elementor-widget-container\">\n\t\t\t\t\t\t\t\t\t\t\t\t\t\t\t<img fetchpriority=\"high\" decoding=\"async\" width=\"261\" height=\"300\" src=\"https:\/\/mantum.se\/wp-content\/uploads\/2020\/10\/landsvag_final-261x300.png\" class=\"attachment-medium size-medium wp-image-3439\" alt=\"\" srcset=\"https:\/\/mantum.se\/wp-content\/uploads\/2020\/10\/landsvag_final-261x300.png 261w, https:\/\/mantum.se\/wp-content\/uploads\/2020\/10\/landsvag_final.png 450w\" sizes=\"(max-width: 261px) 100vw, 261px\" \/>\t\t\t\t\t\t\t\t\t\t\t\t\t\t\t<\/div>\n\t\t\t\t<\/div>\n\t\t\t\t\t<\/div>\n\t\t\t\t<\/div>\n\t\t\t\t<\/div>\n\t\t","protected":false},"excerpt":{"rendered":"<p>M\u00f6chten Sie Verkehrspilot werden? Alle unsere Fahrer werden kontinuierlich geschult das h\u00f6chste Kompetenzniveau im Verkehrssektor zu erreichen. Wir setzen uns aktiv daf\u00fcr ein, dass sie in ihrem Beruf f\u00fchrend sind. Wir nennen sie Stra\u00dfenpiloten. M\u00f6chten Sie auch Verkehrspilot werden? Wenn Sie sich beruflich weiterentwickeln und einer unserer zuk\u00fcnftigen Roadpiloten werden wollen, m\u00f6chten wir mit Ihnen [&hellip;]<\/p>\n","protected":false},"author":5,"featured_media":0,"parent":0,"menu_order":0,"comment_status":"closed","ping_status":"closed","template":"","meta":{"footnotes":""},"class_list":["post-3485","page","type-page","status-publish","hentry"],"_links":{"self":[{"href":"https:\/\/mantum.se\/de\/wp-json\/wp\/v2\/pages\/3485","targetHints":{"allow":["GET"]}}],"collection":[{"href":"https:\/\/mantum.se\/de\/wp-json\/wp\/v2\/pages"}],"about":[{"href":"https:\/\/mantum.se\/de\/wp-json\/wp\/v2\/types\/page"}],"author":[{"embeddable":true,"href":"https:\/\/mantum.se\/de\/wp-json\/wp\/v2\/users\/5"}],"replies":[{"embeddable":true,"href":"https:\/\/mantum.se\/de\/wp-json\/wp\/v2\/comments?post=3485"}],"version-history":[{"count":1,"href":"https:\/\/mantum.se\/de\/wp-json\/wp\/v2\/pages\/3485\/revisions"}],"predecessor-version":[{"id":3490,"href":"https:\/\/mantum.se\/de\/wp-json\/wp\/v2\/pages\/3485\/revisions\/3490"}],"wp:attachment":[{"href":"https:\/\/mantum.se\/de\/wp-json\/wp\/v2\/media?parent=3485"}],"curies":[{"name":"wp","href":"https:\/\/api.w.org\/{rel}","templated":true}]}}