{"id":3465,"date":"2020-10-05T13:04:21","date_gmt":"2020-10-05T13:04:21","guid":{"rendered":"https:\/\/mantum.se\/die-mantum-gruppe\/"},"modified":"2025-02-26T07:14:16","modified_gmt":"2025-02-26T07:14:16","slug":"die-mantum-gruppe","status":"publish","type":"page","link":"https:\/\/mantum.se\/de\/die-mantum-gruppe\/","title":{"rendered":"Die Mantum-Gruppe"},"content":{"rendered":"\t\t<div data-elementor-type=\"wp-page\" data-elementor-id=\"3465\" class=\"elementor elementor-3465 elementor-1011\" data-elementor-post-type=\"page\">\n\t\t\t\t<div class=\"elementor-element elementor-element-d33464d e-flex e-con-boxed e-con e-parent\" data-id=\"d33464d\" data-element_type=\"container\" data-e-type=\"container\">\n\t\t\t\t\t<div class=\"e-con-inner\">\n\t\t\t\t<div class=\"elementor-element elementor-element-d7ee7c8 elementor-widget elementor-widget-image\" data-id=\"d7ee7c8\" data-element_type=\"widget\" data-e-type=\"widget\" data-widget_type=\"image.default\">\n\t\t\t\t<div class=\"elementor-widget-container\">\n\t\t\t\t\t\t\t\t\t\t\t\t\t\t\t<img fetchpriority=\"high\" decoding=\"async\" width=\"800\" height=\"216\" src=\"https:\/\/mantum.se\/wp-content\/uploads\/2022\/01\/Orgschema-hemsida-1024x277.png\" class=\"attachment-large size-large wp-image-3477\" alt=\"\" srcset=\"https:\/\/mantum.se\/wp-content\/uploads\/2022\/01\/Orgschema-hemsida-1024x277.png 1024w, https:\/\/mantum.se\/wp-content\/uploads\/2022\/01\/Orgschema-hemsida-600x162.png 600w, https:\/\/mantum.se\/wp-content\/uploads\/2022\/01\/Orgschema-hemsida-300x81.png 300w, https:\/\/mantum.se\/wp-content\/uploads\/2022\/01\/Orgschema-hemsida-768x208.png 768w, https:\/\/mantum.se\/wp-content\/uploads\/2022\/01\/Orgschema-hemsida-1536x416.png 1536w, https:\/\/mantum.se\/wp-content\/uploads\/2022\/01\/Orgschema-hemsida-2048x554.png 2048w, https:\/\/mantum.se\/wp-content\/uploads\/2022\/01\/Orgschema-hemsida-700x189.png 700w\" sizes=\"(max-width: 800px) 100vw, 800px\" \/>\t\t\t\t\t\t\t\t\t\t\t\t\t\t\t<\/div>\n\t\t\t\t<\/div>\n\t\t\t\t\t<\/div>\n\t\t\t\t<\/div>\n\t\t<div class=\"elementor-element elementor-element-5dafb94 e-flex e-con-boxed e-con e-parent\" data-id=\"5dafb94\" data-element_type=\"container\" data-e-type=\"container\">\n\t\t\t\t\t<div class=\"e-con-inner\">\n\t\t\t\t<div class=\"elementor-element elementor-element-ce6b86f elementor-widget elementor-widget-heading\" data-id=\"ce6b86f\" data-element_type=\"widget\" data-e-type=\"widget\" data-widget_type=\"heading.default\">\n\t\t\t\t<div class=\"elementor-widget-container\">\n\t\t\t\t\t<h3 class=\"elementor-heading-title elementor-size-default\">F\u00fcr Kunden und Lieferanten wird hier die Gruppenstruktur mit Daten dargestellt.<\/h3>\t\t\t\t<\/div>\n\t\t\t\t<\/div>\n\t\t\t\t\t<\/div>\n\t\t\t\t<\/div>\n\t\t<div class=\"elementor-element elementor-element-6ed816e e-flex e-con-boxed e-con e-parent\" data-id=\"6ed816e\" data-element_type=\"container\" data-e-type=\"container\">\n\t\t\t\t\t<div class=\"e-con-inner\">\n\t\t<div class=\"elementor-element elementor-element-d13370d e-flex e-con-boxed e-con e-child\" data-id=\"d13370d\" data-element_type=\"container\" data-e-type=\"container\">\n\t\t\t\t\t<div class=\"e-con-inner\">\n\t\t\t\t<div class=\"elementor-element elementor-element-8c28ce6 elementor-widget elementor-widget-text-editor\" data-id=\"8c28ce6\" data-element_type=\"widget\" data-e-type=\"widget\" data-widget_type=\"text-editor.default\">\n\t\t\t\t<div class=\"elementor-widget-container\">\n\t\t\t\t\t\t\t\t\t<div class=\"vc_row wpb_row section vc_row-fluid grid_section\">\n<div class=\" section_inner clearfix\">\n<div class=\"section_inner_margin clearfix\">\n<div class=\"wpb_column vc_column_container vc_col-sm-4\">\n<div class=\"vc_column-inner\">\n<div class=\"wpb_wrapper\">\n<div class=\"wpb_text_column wpb_content_element vc_custom_1601903399872\">\n<div class=\"wpb_wrapper\">\n<p><strong><br \/><\/strong><\/p>\n<p>M<strong>antum Holding AB<\/strong>Vagnv\u00e4gen 11 432 32 VARBERG Org nr: 556790-9675 Bankgiro: 757-0492 <strong><a href=\"mailto:invoice.holding@mantum.se\">invoice.holding@mantum.se<\/a> CEO: Greger Str\u00f6mqvist<\/strong><\/p>\n<\/div>\n<\/div>\n<\/div>\n<\/div>\n<\/div>\n<div class=\"wpb_column vc_column_container vc_col-sm-4\">\n<div class=\"vc_column-inner\">\n<div class=\"wpb_wrapper\">\n<div class=\"wpb_text_column wpb_content_element vc_custom_1601903391640\">\n<div class=\"wpb_wrapper\">\n<p><strong><br \/><\/strong><\/p>\n<p>M<strong>antum Special AB<\/strong>Vagnv\u00e4gen 11 432 32 VARBERG Org nr: 556846-4662 Bankgiro: 748-8505 <strong><a href=\"mailto:invoice.special@mantum.se\">invoice.special@mantum.se<\/a> CEO: Torbj\u00f6rn R\u00e5dman<\/strong><\/p>\n<\/div>\n<\/div>\n<\/div>\n<\/div>\n<\/div>\n<\/div>\n<\/div>\n<\/div>\n\t\t\t\t\t\t\t\t<\/div>\n\t\t\t\t<\/div>\n\t\t\t\t\t<\/div>\n\t\t\t\t<\/div>\n\t\t<div class=\"elementor-element elementor-element-4978ac2 e-flex e-con-boxed e-con e-child\" data-id=\"4978ac2\" data-element_type=\"container\" data-e-type=\"container\">\n\t\t\t\t\t<div class=\"e-con-inner\">\n\t\t\t\t<div class=\"elementor-element elementor-element-0a33239 elementor-widget elementor-widget-text-editor\" data-id=\"0a33239\" data-element_type=\"widget\" data-e-type=\"widget\" data-widget_type=\"text-editor.default\">\n\t\t\t\t<div class=\"elementor-widget-container\">\n\t\t\t\t\t\t\t\t\t<p>M<strong>antum Entreprenad AB<\/strong> Vagnv\u00e4gen 11 432 32 VARBERG Org nr: 556630-4142 Bankgiro: 425-2920<a href=\"mailto:invoice.entreprenad@mantum.se\">invoice.entreprenad@mantum.se<\/a> CEO: Greger Str\u00f6mqvist<\/p>\n<p>M<strong>antum Entreprenad i Sverige AB<\/strong> Vagnv\u00e4gen 11 432 32 VARBERG Org nr: 556174-4714 Bankgiro: 741-5029<a href=\"mailto:invoice.kgc@kgc.se\">invoice.mesab@mantum.se<\/a> CEO: Greger Str\u00f6mqvist<\/p>\n\t\t\t\t\t\t\t\t<\/div>\n\t\t\t\t<\/div>\n\t\t\t\t\t<\/div>\n\t\t\t\t<\/div>\n\t\t<div class=\"elementor-element elementor-element-b5b0289 e-flex e-con-boxed e-con e-child\" data-id=\"b5b0289\" data-element_type=\"container\" data-e-type=\"container\">\n\t\t\t\t\t<div class=\"e-con-inner\">\n\t\t\t\t<div class=\"elementor-element elementor-element-ee828b5 elementor-widget elementor-widget-text-editor\" data-id=\"ee828b5\" data-element_type=\"widget\" data-e-type=\"widget\" data-widget_type=\"text-editor.default\">\n\t\t\t\t<div class=\"elementor-widget-container\">\n\t\t\t\t\t\t\t\t\t<p><strong><br \/><\/strong><\/p>\n<p>M<strong>antum Logistics AB<\/strong>Vagnv\u00e4gen 11 432 32 VARBERG Org nr: 556439-4426 Bankgiro: 5349-5602 <strong><a href=\"mailto:invoice.logistics@mantum.se\">invoice.logistics@mantum.se<\/a> CEO: Greger Str\u00f6mqvist<\/strong><\/p>\n<p><strong>Hyltebruks Transport AB<br \/><\/strong>Entreprenadsgatan 2<br \/>314 34 HYLTEBRUK<br \/>Org nr: 556161-7209<br \/>Bankgiro: 371-9838<a href=\"mailto:%20mikael.arnudd@mantum.se\"><br \/><\/a>invoice.htab@mantum.se<br \/>Gesch\u00e4ftsf\u00fchrer: Greger Str\u00f6mqvist<\/p>\n\t\t\t\t\t\t\t\t<\/div>\n\t\t\t\t<\/div>\n\t\t\t\t\t<\/div>\n\t\t\t\t<\/div>\n\t\t\t\t\t<\/div>\n\t\t\t\t<\/div>\n\t\t<div class=\"elementor-element elementor-element-e63ae52 e-flex e-con-boxed e-con e-parent\" data-id=\"e63ae52\" data-element_type=\"container\" data-e-type=\"container\">\n\t\t\t\t\t<div class=\"e-con-inner\">\n\t\t<div class=\"elementor-element elementor-element-fa2dcde e-flex e-con-boxed e-con e-child\" data-id=\"fa2dcde\" data-element_type=\"container\" data-e-type=\"container\">\n\t\t\t\t\t<div class=\"e-con-inner\">\n\t\t\t\t<div class=\"elementor-element elementor-element-4acb437 elementor-align-center elementor-icon-list--layout-traditional elementor-list-item-link-full_width elementor-widget elementor-widget-icon-list\" data-id=\"4acb437\" data-element_type=\"widget\" data-e-type=\"widget\" data-widget_type=\"icon-list.default\">\n\t\t\t\t<div class=\"elementor-widget-container\">\n\t\t\t\t\t\t\t<ul class=\"elementor-icon-list-items\">\n\t\t\t\t\t\t\t<li class=\"elementor-icon-list-item\">\n\t\t\t\t\t\t\t\t\t\t\t<span class=\"elementor-icon-list-icon\">\n\t\t\t\t\t\t\t<i aria-hidden=\"true\" class=\"fas fa-envelope\"><\/i>\t\t\t\t\t\t<\/span>\n\t\t\t\t\t\t\t\t\t\t<span class=\"elementor-icon-list-text\">special@mantum.se<\/span>\n\t\t\t\t\t\t\t\t\t<\/li>\n\t\t\t\t\t\t<\/ul>\n\t\t\t\t\t\t<\/div>\n\t\t\t\t<\/div>\n\t\t\t\t<div class=\"elementor-element elementor-element-091f59c elementor-widget elementor-widget-text-editor\" data-id=\"091f59c\" data-element_type=\"widget\" data-e-type=\"widget\" data-widget_type=\"text-editor.default\">\n\t\t\t\t<div class=\"elementor-widget-container\">\n\t\t\t\t\t\t\t\t\t<h3>Links<\/h3>\n<p><b>Whistleblowing<\/b><\/p>\n<p>F\u00fcr die Meldung von Missst\u00e4nden bei <a href=\"https:\/\/wb.frejapartner.se\/t\/hyltebruks-transport-aktiebolag\">Hyltebruks Transport <\/a> <\/p>\n<p>F\u00fcr Whistleblowing \u00fcber andere <a href=\"https:\/\/wb.frejapartner.se\/t\/mantum-holding-ab\">Konzerngesellschaften<\/a><\/p>\n<p><strong>Ger\u00e4t<\/strong><\/p>\n<p><span style=\"text-align: var(--text-align); background-color: var( --e-global-color-3e4b853 );\">Link herunterladen <\/span><a style=\"text-align: var(--text-align);\" href=\"https:\/\/tracsflow.mantum.se\/Flow_Mantum_me_FlowAppInstall\/\">tracsflow app Konstruktion<\/a><\/p>\n<p><span style=\"font-weight: bold;\">Fahrerantrag Spezial<\/span><\/p>\n<p><span style=\"text-align: var(--text-align); background-color: var( --e-global-color-3e4b853 );\">IOS<\/span><b style=\"text-align: var(--text-align); background-color: var( --e-global-color-3e4b853 );\">: <\/b><a style=\"text-align: var(--text-align);\" href=\"https:\/\/apps.apple.com\/se\/app\/opter-driver\/id1565651654\">https:\/\/apps.apple.com\/se\/app\/opter-driver\/id1565651654<\/a><\/p>\n<p>Android: <a href=\"https:\/\/play.google.com\/store\/apps\/details?id=com.opter.driver2\">https:\/\/play.google.com\/store\/apps\/details?id=com.opter.driver2<\/a><\/p>\n<p><span style=\"font-weight: bold;\"> <img decoding=\"async\" class=\"alignnone size-full wp-image-4490\" src=\"https:\/\/mantum.se\/wp-content\/uploads\/2025\/02\/QR-kod-special.jpg\" alt=\"\" width=\"183\" height=\"182\" srcset=\"https:\/\/mantum.se\/wp-content\/uploads\/2025\/02\/QR-kod-special.jpg 183w, https:\/\/mantum.se\/wp-content\/uploads\/2025\/02\/QR-kod-special-150x150.jpg 150w, https:\/\/mantum.se\/wp-content\/uploads\/2025\/02\/QR-kod-special-100x100.jpg 100w\" sizes=\"(max-width: 183px) 100vw, 183px\" \/><\/span><\/p>\n<p><a href=\"https:\/\/opter.com\/configuration\/server\/portal.mantum.se\/port\/443\/path\/SpecialMobileServer\/https\/true\">Link zur Konfiguration<\/a><\/p>\n<p><b>Fahrerbewerbung Logistik<\/b><\/p>\n<p>IOS:<a style=\"text-align: var(--text-align);\" href=\"https:\/\/apps.apple.com\/se\/app\/opter-driver\/id1565651654\">https:\/\/apps.apple.com\/se\/app\/opter-driver\/id1565651654<\/a><\/p>\n<p>Android: <a href=\"https:\/\/play.google.com\/store\/apps\/details?id=com.opter.driver\">https:\/\/play.google.com\/store\/apps\/details?id=com.opter.driver<\/a><\/p>\n<p>QR f\u00fcr Konfiguration<\/p>\n\t\t\t\t\t\t\t\t<\/div>\n\t\t\t\t<\/div>\n\t\t\t\t<div class=\"elementor-element elementor-element-d039876 elementor-widget elementor-widget-image\" data-id=\"d039876\" data-element_type=\"widget\" data-e-type=\"widget\" data-widget_type=\"image.default\">\n\t\t\t\t<div class=\"elementor-widget-container\">\n\t\t\t\t\t\t\t\t\t\t\t\t\t\t\t<img decoding=\"async\" width=\"150\" height=\"150\" src=\"https:\/\/mantum.se\/wp-content\/uploads\/2024\/04\/qrKod-150x150.png\" class=\"attachment-thumbnail size-thumbnail wp-image-4234\" alt=\"\" srcset=\"https:\/\/mantum.se\/wp-content\/uploads\/2024\/04\/qrKod-150x150.png 150w, https:\/\/mantum.se\/wp-content\/uploads\/2024\/04\/qrKod-300x300.png 300w, https:\/\/mantum.se\/wp-content\/uploads\/2024\/04\/qrKod-1024x1024.png 1024w, https:\/\/mantum.se\/wp-content\/uploads\/2024\/04\/qrKod-768x768.png 768w, https:\/\/mantum.se\/wp-content\/uploads\/2024\/04\/qrKod-1536x1536.png 1536w, https:\/\/mantum.se\/wp-content\/uploads\/2024\/04\/qrKod-600x600.png 600w, https:\/\/mantum.se\/wp-content\/uploads\/2024\/04\/qrKod-100x100.png 100w, https:\/\/mantum.se\/wp-content\/uploads\/2024\/04\/qrKod.png 1800w\" sizes=\"(max-width: 150px) 100vw, 150px\" \/>\t\t\t\t\t\t\t\t\t\t\t\t\t\t\t<\/div>\n\t\t\t\t<\/div>\n\t\t\t\t<div class=\"elementor-element elementor-element-317150f elementor-widget elementor-widget-text-editor\" data-id=\"317150f\" data-element_type=\"widget\" data-e-type=\"widget\" data-widget_type=\"text-editor.default\">\n\t\t\t\t<div class=\"elementor-widget-container\">\n\t\t\t\t\t\t\t\t\t<h3><a href=\"https:\/\/portal.mantum.se\/mobileserver\"><span style=\"text-align: var(--text-align); background-color: var( --e-global-color-3e4b853 ); font-family: 'Open Sans', sans-serif; font-size: 16px; font-weight: 400;\">Link zur Konfiguration<\/span><\/a><\/h3>\n<div><span style=\"text-align: var(--text-align); background-color: var( --e-global-color-3e4b853 );\"> <\/span><\/div>\n\t\t\t\t\t\t\t\t<\/div>\n\t\t\t\t<\/div>\n\t\t\t\t\t<\/div>\n\t\t\t\t<\/div>\n\t\t\t\t\t<\/div>\n\t\t\t\t<\/div>\n\t\t\t\t<\/div>\n\t\t","protected":false},"excerpt":{"rendered":"<p>F\u00fcr Kunden und Lieferanten wird hier die Gruppenstruktur mit Daten dargestellt. Mantum Holding ABVagnv\u00e4gen 11 432 32 VARBERG Org nr: 556790-9675 Bankgiro: 757-0492 invoice.holding@mantum.se CEO: Greger Str\u00f6mqvist Mantum Special ABVagnv\u00e4gen 11 432 32 VARBERG Org nr: 556846-4662 Bankgiro: 748-8505 invoice.special@mantum.se CEO: Torbj\u00f6rn R\u00e5dman Mantum Entreprenad AB Vagnv\u00e4gen 11 432 32 VARBERG Org nr: 556630-4142 Bankgiro: [&hellip;]<\/p>\n","protected":false},"author":2,"featured_media":0,"parent":0,"menu_order":0,"comment_status":"closed","ping_status":"closed","template":"","meta":{"footnotes":""},"class_list":["post-3465","page","type-page","status-publish","hentry"],"_links":{"self":[{"href":"https:\/\/mantum.se\/de\/wp-json\/wp\/v2\/pages\/3465","targetHints":{"allow":["GET"]}}],"collection":[{"href":"https:\/\/mantum.se\/de\/wp-json\/wp\/v2\/pages"}],"about":[{"href":"https:\/\/mantum.se\/de\/wp-json\/wp\/v2\/types\/page"}],"author":[{"embeddable":true,"href":"https:\/\/mantum.se\/de\/wp-json\/wp\/v2\/users\/2"}],"replies":[{"embeddable":true,"href":"https:\/\/mantum.se\/de\/wp-json\/wp\/v2\/comments?post=3465"}],"version-history":[{"count":9,"href":"https:\/\/mantum.se\/de\/wp-json\/wp\/v2\/pages\/3465\/revisions"}],"predecessor-version":[{"id":4503,"href":"https:\/\/mantum.se\/de\/wp-json\/wp\/v2\/pages\/3465\/revisions\/4503"}],"wp:attachment":[{"href":"https:\/\/mantum.se\/de\/wp-json\/wp\/v2\/media?parent=3465"}],"curies":[{"name":"wp","href":"https:\/\/api.w.org\/{rel}","templated":true}]}}