{"id":3464,"date":"2020-10-19T08:31:29","date_gmt":"2020-10-19T08:31:29","guid":{"rendered":"https:\/\/mantum.se\/mantum-gogreen\/"},"modified":"2023-10-30T12:41:14","modified_gmt":"2023-10-30T12:41:14","slug":"mantum-gogreen","status":"publish","type":"page","link":"https:\/\/mantum.se\/de\/mantum-gogreen\/","title":{"rendered":"Mantum GoGreen"},"content":{"rendered":"\t\t<div data-elementor-type=\"wp-page\" data-elementor-id=\"3464\" class=\"elementor elementor-3464 elementor-1158\" data-elementor-post-type=\"page\">\n\t\t\t\t<div class=\"elementor-element elementor-element-f1d9b34 e-flex e-con-boxed e-con e-parent\" data-id=\"f1d9b34\" data-element_type=\"container\" data-e-type=\"container\">\n\t\t\t\t\t<div class=\"e-con-inner\">\n\t\t<div class=\"elementor-element elementor-element-3a4b4ad e-flex e-con-boxed e-con e-child\" data-id=\"3a4b4ad\" data-element_type=\"container\" data-e-type=\"container\">\n\t\t\t\t\t<div class=\"e-con-inner\">\n\t\t\t\t<div class=\"elementor-element elementor-element-68c5314 elementor-widget elementor-widget-text-editor\" data-id=\"68c5314\" data-element_type=\"widget\" data-e-type=\"widget\" data-widget_type=\"text-editor.default\">\n\t\t\t\t<div class=\"elementor-widget-container\">\n\t\t\t\t\t\t\t\t\t<p>Mantum ist bestrebt, die Umweltleistung und die Lieferqualit\u00e4t zu verbessern. Um diese Arbeit zu unterst\u00fctzen, verf\u00fcgen wir \u00fcber ein gut durchdachtes Managementsystem, das nach den ISO-Normen 9001:2015 und 14001:2015 zertifiziert ist.<\/p>\n<p>Mantum hat den Status eines zugelassenen Wirtschaftsbeteiligten (AEO) in der EU. Der AEO ist ein EU-weites Zertifizierungsprogramm zur Erh\u00f6hung der globalen Sicherheit und zur Rationalisierung und Harmonisierung der Zollverwaltung in der EU.<\/p>\n\t\t\t\t\t\t\t\t<\/div>\n\t\t\t\t<\/div>\n\t\t\t\t<div class=\"elementor-element elementor-element-416f66e e-transform elementor-widget elementor-widget-image\" data-id=\"416f66e\" data-element_type=\"widget\" data-e-type=\"widget\" data-settings=\"{&quot;_transform_rotateZ_effect&quot;:{&quot;unit&quot;:&quot;px&quot;,&quot;size&quot;:7,&quot;sizes&quot;:[]},&quot;_transform_rotateZ_effect_tablet&quot;:{&quot;unit&quot;:&quot;deg&quot;,&quot;size&quot;:&quot;&quot;,&quot;sizes&quot;:[]},&quot;_transform_rotateZ_effect_mobile&quot;:{&quot;unit&quot;:&quot;deg&quot;,&quot;size&quot;:&quot;&quot;,&quot;sizes&quot;:[]}}\" data-widget_type=\"image.default\">\n\t\t\t\t<div class=\"elementor-widget-container\">\n\t\t\t\t\t\t\t\t\t\t\t\t\t\t\t<img fetchpriority=\"high\" decoding=\"async\" width=\"212\" height=\"300\" src=\"https:\/\/mantum.se\/wp-content\/uploads\/2022\/10\/1848-Mantum-Holding-AB-sv-pdf-212x300.jpg\" class=\"attachment-medium size-medium wp-image-3481\" alt=\"\" srcset=\"https:\/\/mantum.se\/wp-content\/uploads\/2022\/10\/1848-Mantum-Holding-AB-sv-pdf-212x300.jpg 212w, https:\/\/mantum.se\/wp-content\/uploads\/2022\/10\/1848-Mantum-Holding-AB-sv-pdf-600x848.jpg 600w, https:\/\/mantum.se\/wp-content\/uploads\/2022\/10\/1848-Mantum-Holding-AB-sv-pdf-724x1024.jpg 724w, https:\/\/mantum.se\/wp-content\/uploads\/2022\/10\/1848-Mantum-Holding-AB-sv-pdf-768x1086.jpg 768w, https:\/\/mantum.se\/wp-content\/uploads\/2022\/10\/1848-Mantum-Holding-AB-sv-pdf-1086x1536.jpg 1086w, https:\/\/mantum.se\/wp-content\/uploads\/2022\/10\/1848-Mantum-Holding-AB-sv-pdf-1448x2048.jpg 1448w, https:\/\/mantum.se\/wp-content\/uploads\/2022\/10\/1848-Mantum-Holding-AB-sv-pdf-700x990.jpg 700w, https:\/\/mantum.se\/wp-content\/uploads\/2022\/10\/1848-Mantum-Holding-AB-sv-pdf.jpg 1654w\" sizes=\"(max-width: 212px) 100vw, 212px\" \/>\t\t\t\t\t\t\t\t\t\t\t\t\t\t\t<\/div>\n\t\t\t\t<\/div>\n\t\t\t\t<div class=\"elementor-element elementor-element-2d8f940 elementor-widget elementor-widget-text-editor\" data-id=\"2d8f940\" data-element_type=\"widget\" data-e-type=\"widget\" data-widget_type=\"text-editor.default\">\n\t\t\t\t<div class=\"elementor-widget-container\">\n\t\t\t\t\t\t\t\t\t<div class=\"wpb_text_column wpb_content_element \">\n<div class=\"wpb_wrapper\">\n<h5>Unsere Logistik<\/h5>\n<\/div>\n<\/div>\n<div class=\"wpb_text_column wpb_content_element \">\n<div class=\"wpb_wrapper\">\n<p>Die Anforderungen an alle Beteiligten der Wertsch\u00f6pfungskette steigen. Dies macht sich besonders bei unseren Kunden und deren Wettbewerbssituation bemerkbar. Daher werden die L\u00f6sungen immer komplexer. Wir bei Mantum haben dies als Herausforderung angenommen und ein Gesamtkostenkonzept entwickelt: Mantum Business Tool.<\/p>\n<\/div>\n<\/div>\n<div class=\"wpb_text_column wpb_content_element vc_custom_1645178522164\">\n<div class=\"wpb_wrapper\">\n<p>Wir sind der Meinung, dass die Logistik das t\u00e4gliche Leben vereinfachen sollte, nicht andersherum. Gemeinsam mit unseren Kunden finden wir die optimalsten und effektivsten L\u00f6sungen, die das Gesch\u00e4ft vereinfachen, verbessern und einen Mehrwert f\u00fcr das Unternehmen schaffen. Diese Zusammenarbeit erfordert Offenheit und Transparenz zwischen den Parteien. Bitte kontaktieren Sie uns, um Ihre Anforderungen zu besprechen.<\/p>\n<\/div>\n<\/div>\n<div class=\"vc_empty_space\"> <\/div>\n<div class=\"wpb_text_column wpb_content_element \">\n<div class=\"wpb_wrapper\">\n<h5>Unsere Aufgabe<\/h5>\n<\/div>\n<\/div>\n<div class=\"wpb_text_column wpb_content_element \">\n<div class=\"wpb_wrapper\">\n<p>Unser Ziel ist es, unsere Kunden erfolgreich zu machen. Wir verstehen das Gesch\u00e4ft unserer Kunden und liefern Ideen und L\u00f6sungen, die einen Mehrwert schaffen. Wir werden als innovativer und spannender Partner wahrgenommen werden, der unsere traditionelle Industrie weiterentwickelt und modernisiert.<\/p>\n<\/div>\n<\/div>\n<div class=\"vc_empty_space\"> <\/div>\n<div class=\"wpb_text_column wpb_content_element \">\n<div class=\"wpb_wrapper\">\n<h5>Fu\u00dfabdruck der Nachhaltigkeit<\/h5>\n<\/div>\n<\/div>\n<div class=\"wpb_text_column wpb_content_element \">\n<div class=\"wpb_wrapper\">\n<p>Mantum hat einen starken Fokus auf die Umwelt und m\u00f6chte Verantwortung f\u00fcr zuk\u00fcnftige Generationen \u00fcbernehmen. Mantum verf\u00fcgt daher \u00fcber durchweg moderne Fahrzeuge und Maschinen, die den neuesten Anforderungen entsprechen, sowie \u00fcber Mitarbeiter, die \u00fcber ein breites Wissen verf\u00fcgen, wie sie aktiv zur Verringerung der Umweltauswirkungen ihrer T\u00e4tigkeit beitragen k\u00f6nnen.<\/p>\n<p>Die Mitarbeiter der Gruppe arbeiten t\u00e4glich mit dem Ziel, die Auswirkungen auf die Umwelt so gering wie m\u00f6glich zu halten. Dies geschieht durch eine Optimierung der Str\u00f6me mit einer m\u00f6glichst hohen F\u00fcllrate pro Ladung und m\u00f6glichst wenigen Leerkilometern.<\/p>\n<p>Die Arbeit im Bereich der Nachhaltigkeit deckt ein breites Spektrum an Themen ab; Beispiele daf\u00fcr, wie wir auf eine nachhaltige Zukunft hinarbeiten, sind im Folgenden dargestellt:<\/p>\n<\/p>\n<ul>\n<li>Vollbesch\u00e4ftigung und Auslastung bei minimalen Leerkilometern.<\/li>\n<li>Die Leerlaufkilometer liegen unter 25 %.<\/li>\n<li>Sparsames Fahrtraining mit dem Ziel, dass alle Fahrer eine Volvo Connect Bewertung von mindestens 90 (von 100) erreichen.<\/li>\n<li>Mantum verwendet ausschlie\u00dflich Nordic Ecolabel Preem Evolution Diesel oder einen \u00e4hnlichen Dieselmotor, der zu mindestens 50% aus fossilen Rohstoffen und HVO besteht.<\/li>\n<li>Ab 2020 verwendet Mantum nur noch Euro VI-Motoren<\/li>\n<li>Mantum verwendet ausschlie\u00dflich Hydraulik\u00f6le auf Basis synthetischer Ester.<\/li>\n<li>Alle Neuanschaffungen von Firmenwagen sollten elektrifiziert werden.<\/li>\n<li>Wir f\u00f6rdern digitale Meetings und w\u00e4gen immer die Vorteile gegen den CO2-Fu\u00dfabdruck ab, bevor wir uns auf Reisen begeben.<\/li>\n<li>Die Beleuchtung wird durch energieeffiziente und sensorgesteuerte Alternativen ersetzt.<\/li>\n<li>Die Mantum-Gruppe ist nach dem Umweltmanagementsystem ISO 14001 zertifiziert.<\/li>\n<\/ul>\n<\/div>\n<\/div>\n\t\t\t\t\t\t\t\t<\/div>\n\t\t\t\t<\/div>\n\t\t\t\t\t<\/div>\n\t\t\t\t<\/div>\n\t\t<div class=\"elementor-element elementor-element-ad752ff e-flex e-con-boxed e-con e-child\" data-id=\"ad752ff\" data-element_type=\"container\" data-e-type=\"container\">\n\t\t\t\t\t<div class=\"e-con-inner\">\n\t\t\t\t<div class=\"elementor-element elementor-element-841dfd8 elementor-widget elementor-widget-image\" data-id=\"841dfd8\" data-element_type=\"widget\" data-e-type=\"widget\" data-widget_type=\"image.default\">\n\t\t\t\t<div class=\"elementor-widget-container\">\n\t\t\t\t\t\t\t\t\t\t\t\t\t\t\t<img decoding=\"async\" width=\"683\" height=\"1024\" src=\"https:\/\/mantum.se\/wp-content\/uploads\/2022\/03\/Daiss-forstaplats-1-683x1024.jpg\" class=\"attachment-large size-large wp-image-3478\" alt=\"\" srcset=\"https:\/\/mantum.se\/wp-content\/uploads\/2022\/03\/Daiss-forstaplats-1-683x1024.jpg 683w, https:\/\/mantum.se\/wp-content\/uploads\/2022\/03\/Daiss-forstaplats-1-600x900.jpg 600w, https:\/\/mantum.se\/wp-content\/uploads\/2022\/03\/Daiss-forstaplats-1-200x300.jpg 200w, https:\/\/mantum.se\/wp-content\/uploads\/2022\/03\/Daiss-forstaplats-1-768x1152.jpg 768w, https:\/\/mantum.se\/wp-content\/uploads\/2022\/03\/Daiss-forstaplats-1-1024x1536.jpg 1024w, https:\/\/mantum.se\/wp-content\/uploads\/2022\/03\/Daiss-forstaplats-1-1365x2048.jpg 1365w, https:\/\/mantum.se\/wp-content\/uploads\/2022\/03\/Daiss-forstaplats-1-700x1050.jpg 700w, https:\/\/mantum.se\/wp-content\/uploads\/2022\/03\/Daiss-forstaplats-1-scaled.jpg 1707w\" sizes=\"(max-width: 683px) 100vw, 683px\" \/>\t\t\t\t\t\t\t\t\t\t\t\t\t\t\t<\/div>\n\t\t\t\t<\/div>\n\t\t\t\t<div class=\"elementor-element elementor-element-09bf28e elementor-widget elementor-widget-text-editor\" data-id=\"09bf28e\" data-element_type=\"widget\" data-e-type=\"widget\" data-widget_type=\"text-editor.default\">\n\t\t\t\t<div class=\"elementor-widget-container\">\n\t\t\t\t\t\t\t\t\t<div class=\"wpb_text_column wpb_content_element vc_custom_1646136397899\">\n<div class=\"wpb_wrapper\">\n<h4>Jonas Daiss ist ein Verkehrspilot mit einer Leidenschaft f\u00fcr EcoDriving.<\/h4>\n<p>Oder wie er es nennt &#8211; Heavy EcoDriving.<\/p>\n<p>Jonas begann vor 17 Jahren als Fahrer bei Mantum 2005 (HTAB). Seit er 2002 seine CE-Karte erhalten hat, k\u00e4mpft er mit sich selbst, um seinen Kraftstoffverbrauch zu senken. Doch erst 2004, als Jonas einen Kurs f\u00fcr schweres EcoDriving besuchte, wurde sein Interesse geweckt.<\/p>\n<p>Im Laufe des Kurses hat er sich selbst davon \u00fcberzeugt, dass die richtige Fahrtechnik, zu der auch die Nutzung des eigenen Drehmoments geh\u00f6rt, sowohl Kraftstoff als auch in vielen F\u00e4llen Zeit spart.<\/p>\n<p>Jonas erz\u00e4hlte uns, dass er immer mehr damit experimentiert hat, wo er vom Gas gehen kann und sich im Grunde genommen so viel wie m\u00f6glich auf das Drehmoment des Trucks verl\u00e4sst. Ein Beispiel daf\u00fcr ist ein Abschnitt zwischen Falkenberg und Torup, wo er vom Gas geht und ganze 7 Kilometer im Freilauf f\u00e4hrt.<\/p>\n<p>In Schweden gibt es eine Vielzahl von Verkehrswegen, auf denen die Bedingungen f\u00fcr diese Art des Fahrens gegeben sind.<\/p>\n<p>Jonas ist auch mit einigen unserer Stra\u00dfenpiloten unterwegs gewesen und hat ihnen Tipps und Ratschl\u00e4ge zur Verbesserung ihres Kraftstoffverbrauchs gegeben. Einige der Fahrer haben ihren Verbrauch seitdem um bis zu 10 % gesenkt. Jonas sagt, dass es von seinen Kollegen positiv aufgenommen wurde. Sie finden es lustig und herausfordernd, gegen sich selbst anzutreten und ihren Verbrauch zu reduzieren.<\/p>\n<p>Wenn Jonas mitkommt, um unsere anderen Fahrer zu schulen, stehen zwei Punkte im Vordergrund.<\/p>\n<p>Planung und Leerlauf.<\/p>\n<p>Bei der Senkung des Kraftstoffverbrauchs spielen mehrere Faktoren eine Rolle, z. B. die Fahrtechnik, die Fahrzeugeigenschaften, der Reifendruck und der Windsensor.<\/p>\n<p>Jetzt wurde Jonas damit beauftragt, weitere Mantum-Piloten zu schulen, in der Hoffnung, den Treibstoffverbrauch zu senken und unsere Umwelt zu schonen.<\/p>\n<\/div>\n<\/div>\n<div class=\"vc_empty_space\"> <\/div>\n<div class=\"wpb_text_column wpb_content_element \">\n<div class=\"wpb_wrapper\">\n<\/div>\n<\/div>\n\t\t\t\t\t\t\t\t<\/div>\n\t\t\t\t<\/div>\n\t\t\t\t\t<\/div>\n\t\t\t\t<\/div>\n\t\t\t\t\t<\/div>\n\t\t\t\t<\/div>\n\t\t<div class=\"elementor-element elementor-element-93dadcb e-flex e-con-boxed e-con e-parent\" data-id=\"93dadcb\" data-element_type=\"container\" data-e-type=\"container\">\n\t\t\t\t\t<div class=\"e-con-inner\">\n\t\t<div class=\"elementor-element elementor-element-57e56c0 e-flex e-con-boxed e-con e-child\" data-id=\"57e56c0\" data-element_type=\"container\" data-e-type=\"container\">\n\t\t\t\t\t<div class=\"e-con-inner\">\n\t\t\t\t<div class=\"elementor-element elementor-element-f007a63 elementor-widget elementor-widget-text-editor\" data-id=\"f007a63\" data-element_type=\"widget\" data-e-type=\"widget\" data-widget_type=\"text-editor.default\">\n\t\t\t\t<div class=\"elementor-widget-container\">\n\t\t\t\t\t\t\t\t\t<h4>Wirtschaftliches Fahren<\/h4>\n<p>Schwere Fahrzeuge, schwere Maschinen oder viele Fahrzeuge bedeuten auch hohe Kraftstoffkosten. F\u00fcr Transportunternehmen und andere Fahrzeugbesitzer ist der Kraftstoff ein gro\u00dfer Kostenfaktor. Eine Senkung des Kraftstoffverbrauchs um 10 Prozent ist ein realistisches Ziel, wenn die Fahrer in sparsamer Fahrweise geschult werden und der Verbrauch anschlie\u00dfend \u00fcberwacht wird.<\/p>\n<p>Es gibt jedoch mehrere gute Gr\u00fcnde, sparsam zu fahren:<\/p>\n<ul>\n<li><strong>geringere Reifenkosten und weniger Verschlei\u00df an den Fahrzeugen<\/strong><\/li>\n<li><strong>ein besseres Arbeitsumfeld durch weniger Stress f\u00fcr die Fahrer<\/strong><\/li>\n<li><strong>Emissionen und Stoffe, die die Gesundheit und die Umwelt beeintr\u00e4chtigen.<\/strong><\/li>\n<\/ul>\n<\/p>\n<p>Die Ausbildung in wirtschaftlicher Fahrweise und systematischer \u00dcberwachung kann ein Weg sein, die Wettbewerbsf\u00e4higkeit zu st\u00e4rken und die Wirtschaftlichkeit f\u00fcr gro\u00dfe Transportunternehmen und andere Arbeitgeber zu verbessern. Mit einem Sparcoach-Service kann Ihr Fuhrunternehmen durch ein wirtschaftliches Fahrtraining und eine methodische Nachbereitung nachhaltige Ergebnisse erzielen.<\/p>\n<p>Ab 2008 wird die F\u00e4higkeit, wirtschaftlich zu fahren, in alle F\u00fchrerscheinausbildungen aufgenommen.<\/p>\n\t\t\t\t\t\t\t\t<\/div>\n\t\t\t\t<\/div>\n\t\t\t\t\t<\/div>\n\t\t\t\t<\/div>\n\t\t<div class=\"elementor-element elementor-element-2be7026 e-flex e-con-boxed e-con e-child\" data-id=\"2be7026\" data-element_type=\"container\" data-e-type=\"container\">\n\t\t\t\t\t<div class=\"e-con-inner\">\n\t\t\t\t<div class=\"elementor-element elementor-element-6e7b1b5 elementor-widget elementor-widget-text-editor\" data-id=\"6e7b1b5\" data-element_type=\"widget\" data-e-type=\"widget\" data-widget_type=\"text-editor.default\">\n\t\t\t\t<div class=\"elementor-widget-container\">\n\t\t\t\t\t\t\t\t\t<h4>Fahrzeug<\/h4>\n<p>Um den Bedingungen und Herausforderungen der Zukunft gerecht zu werden, haben wir mehrere klimaangepasste Fahrzeuge bestellt. Unser klimafreundlicher Fuhrpark besteht sowohl aus Gas- als auch aus reinen Elektrofahrzeugen.<\/p>\n\t\t\t\t\t\t\t\t<\/div>\n\t\t\t\t<\/div>\n\t\t\t\t<div class=\"elementor-element elementor-element-751fa3a elementor-widget elementor-widget-image\" data-id=\"751fa3a\" data-element_type=\"widget\" data-e-type=\"widget\" data-widget_type=\"image.default\">\n\t\t\t\t<div class=\"elementor-widget-container\">\n\t\t\t\t\t\t\t\t\t\t\t\t\t\t\t<img decoding=\"async\" width=\"725\" height=\"1024\" src=\"https:\/\/mantum.se\/wp-content\/uploads\/2023\/03\/nya-fordon-kopiera-Large-725x1024.jpg\" class=\"attachment-large size-large wp-image-3518\" alt=\"\" srcset=\"https:\/\/mantum.se\/wp-content\/uploads\/2023\/03\/nya-fordon-kopiera-Large-725x1024.jpg 725w, https:\/\/mantum.se\/wp-content\/uploads\/2023\/03\/nya-fordon-kopiera-Large-600x848.jpg 600w, https:\/\/mantum.se\/wp-content\/uploads\/2023\/03\/nya-fordon-kopiera-Large-212x300.jpg 212w, https:\/\/mantum.se\/wp-content\/uploads\/2023\/03\/nya-fordon-kopiera-Large-768x1085.jpg 768w, https:\/\/mantum.se\/wp-content\/uploads\/2023\/03\/nya-fordon-kopiera-Large-700x989.jpg 700w, https:\/\/mantum.se\/wp-content\/uploads\/2023\/03\/nya-fordon-kopiera-Large.jpg 1080w\" sizes=\"(max-width: 725px) 100vw, 725px\" \/>\t\t\t\t\t\t\t\t\t\t\t\t\t\t\t<\/div>\n\t\t\t\t<\/div>\n\t\t\t\t\t<\/div>\n\t\t\t\t<\/div>\n\t\t\t\t\t<\/div>\n\t\t\t\t<\/div>\n\t\t<div class=\"elementor-element elementor-element-d558a2f e-flex e-con-boxed e-con e-parent\" data-id=\"d558a2f\" data-element_type=\"container\" data-e-type=\"container\">\n\t\t\t\t\t<div class=\"e-con-inner\">\n\t\t<div class=\"elementor-element elementor-element-d1ab60d e-flex e-con-boxed e-con e-child\" data-id=\"d1ab60d\" data-element_type=\"container\" data-e-type=\"container\">\n\t\t\t\t\t<div class=\"e-con-inner\">\n\t\t\t\t<div class=\"elementor-element elementor-element-6b214ed elementor-view-default elementor-position-block-start elementor-mobile-position-block-start elementor-widget elementor-widget-icon-box\" data-id=\"6b214ed\" data-element_type=\"widget\" data-e-type=\"widget\" data-widget_type=\"icon-box.default\">\n\t\t\t\t<div class=\"elementor-widget-container\">\n\t\t\t\t\t\t\t<div class=\"elementor-icon-box-wrapper\">\n\n\t\t\t\t\t\t<div class=\"elementor-icon-box-icon\">\n\t\t\t\t<span  class=\"elementor-icon\">\n\t\t\t\t<i aria-hidden=\"true\" class=\"far fa-handshake\"><\/i>\t\t\t\t<\/span>\n\t\t\t<\/div>\n\t\t\t\n\t\t\t\t\t\t<div class=\"elementor-icon-box-content\">\n\n\t\t\t\t\t\t\t\t\t<h3 class=\"elementor-icon-box-title\">\n\t\t\t\t\t\t<span  >\n\t\t\t\t\t\t\tKundenorientierung\t\t\t\t\t\t<\/span>\n\t\t\t\t\t<\/h3>\n\t\t\t\t\n\t\t\t\t\t\t\t\t\t<p class=\"elementor-icon-box-description\">\n\t\t\t\t\t\tWir sind dort, wo unsere Kunden uns haben wollen.\n\nWir haben immer das Beste f\u00fcr unsere Kunden im Sinn.\nWir sind ein Partner, auf den sich unsere Kunden verlassen k\u00f6nnen.\n\t\t\t\t\t<\/p>\n\t\t\t\t\n\t\t\t<\/div>\n\t\t\t\n\t\t<\/div>\n\t\t\t\t\t\t<\/div>\n\t\t\t\t<\/div>\n\t\t\t\t\t<\/div>\n\t\t\t\t<\/div>\n\t\t<div class=\"elementor-element elementor-element-dd12d6c e-flex e-con-boxed e-con e-child\" data-id=\"dd12d6c\" data-element_type=\"container\" data-e-type=\"container\">\n\t\t\t\t\t<div class=\"e-con-inner\">\n\t\t\t\t<div class=\"elementor-element elementor-element-179a7d4 elementor-view-default elementor-position-block-start elementor-mobile-position-block-start elementor-widget elementor-widget-icon-box\" data-id=\"179a7d4\" data-element_type=\"widget\" data-e-type=\"widget\" data-widget_type=\"icon-box.default\">\n\t\t\t\t<div class=\"elementor-widget-container\">\n\t\t\t\t\t\t\t<div class=\"elementor-icon-box-wrapper\">\n\n\t\t\t\t\t\t<div class=\"elementor-icon-box-icon\">\n\t\t\t\t<span  class=\"elementor-icon\">\n\t\t\t\t<i aria-hidden=\"true\" class=\"far fa-lightbulb\"><\/i>\t\t\t\t<\/span>\n\t\t\t<\/div>\n\t\t\t\n\t\t\t\t\t\t<div class=\"elementor-icon-box-content\">\n\n\t\t\t\t\t\t\t\t\t<h3 class=\"elementor-icon-box-title\">\n\t\t\t\t\t\t<span  >\n\t\t\t\t\t\t\tInnovation\t\t\t\t\t\t<\/span>\n\t\t\t\t\t<\/h3>\n\t\t\t\t\n\t\t\t\t\t\t\t\t\t<p class=\"elementor-icon-box-description\">\n\t\t\t\t\t\tWir stellen Branchenpraktiken und etablierte Muster in Frage.\n\nWir vereinfachen, verbessern und schaffen neue kreative L\u00f6sungen f\u00fcr die Bed\u00fcrfnisse und Herausforderungen unserer Kunden, der Welt um uns herum und der Umwelt.\t\t\t\t\t<\/p>\n\t\t\t\t\n\t\t\t<\/div>\n\t\t\t\n\t\t<\/div>\n\t\t\t\t\t\t<\/div>\n\t\t\t\t<\/div>\n\t\t\t\t\t<\/div>\n\t\t\t\t<\/div>\n\t\t<div class=\"elementor-element elementor-element-323fa9f e-flex e-con-boxed e-con e-child\" data-id=\"323fa9f\" data-element_type=\"container\" data-e-type=\"container\">\n\t\t\t\t\t<div class=\"e-con-inner\">\n\t\t\t\t<div class=\"elementor-element elementor-element-a641f10 elementor-view-default elementor-position-block-start elementor-mobile-position-block-start elementor-widget elementor-widget-icon-box\" data-id=\"a641f10\" data-element_type=\"widget\" data-e-type=\"widget\" data-widget_type=\"icon-box.default\">\n\t\t\t\t<div class=\"elementor-widget-container\">\n\t\t\t\t\t\t\t<div class=\"elementor-icon-box-wrapper\">\n\n\t\t\t\t\t\t<div class=\"elementor-icon-box-icon\">\n\t\t\t\t<span  class=\"elementor-icon\">\n\t\t\t\t<i aria-hidden=\"true\" class=\"far fa-comments\"><\/i>\t\t\t\t<\/span>\n\t\t\t<\/div>\n\t\t\t\n\t\t\t\t\t\t<div class=\"elementor-icon-box-content\">\n\n\t\t\t\t\t\t\t\t\t<h3 class=\"elementor-icon-box-title\">\n\t\t\t\t\t\t<span  >\n\t\t\t\t\t\t\tKommunikation\t\t\t\t\t\t<\/span>\n\t\t\t\t\t<\/h3>\n\t\t\t\t\n\t\t\t\t\t\t\t\t\t<p class=\"elementor-icon-box-description\">\n\t\t\t\t\t\tKommunikation ist f\u00fcr uns ein entscheidender Wettbewerbsvorteil.\nAlles, was wir tun, ist Kommunikation.\nEiner der wichtigsten Erfolgsfaktoren in der Kunst der Kommunikation ist das Zuh\u00f6ren. Wir h\u00f6ren zu, um die Erwartungen und Bed\u00fcrfnisse zu verstehen und um eine ordnungsgem\u00e4\u00dfe Lieferung zu gew\u00e4hrleisten. Durch aktiven Dialog pflegen und entwickeln wir ein gutes Verh\u00e4ltnis zu unseren Kunden.\t\t\t\t\t<\/p>\n\t\t\t\t\n\t\t\t<\/div>\n\t\t\t\n\t\t<\/div>\n\t\t\t\t\t\t<\/div>\n\t\t\t\t<\/div>\n\t\t\t\t\t<\/div>\n\t\t\t\t<\/div>\n\t\t\t\t\t<\/div>\n\t\t\t\t<\/div>\n\t\t<div class=\"elementor-element elementor-element-db485fc e-flex e-con-boxed e-con e-parent\" data-id=\"db485fc\" data-element_type=\"container\" data-e-type=\"container\">\n\t\t\t\t\t<div class=\"e-con-inner\">\n\t\t\t\t<div class=\"elementor-element elementor-element-34709e1 elementor-widget elementor-widget-text-editor\" data-id=\"34709e1\" data-element_type=\"widget\" data-e-type=\"widget\" data-widget_type=\"text-editor.default\">\n\t\t\t\t<div class=\"elementor-widget-container\">\n\t\t\t\t\t\t\t\t\t<p><em>Die Mantum-Gruppe verf\u00fcgt \u00fcber ein Qualit\u00e4ts- und Umweltmanagementsystem, das die Anforderungen von ISO 9001:2015 und ISO 14001:2015 erf\u00fcllt. Das Managementsystem deckt alle Anforderungselemente der Normen ab. Kein Teil der T\u00e4tigkeit ist freigestellt<\/em>.<\/p>\n<p><a href=\"https:\/\/mantum.se\/wp-content\/uploads\/2022\/11\/Policy-Miljo.pdf\">Politik &#8211; Umwelt<\/a><\/p>\n<p><a href=\"https:\/\/mantum.se\/wp-content\/uploads\/2022\/11\/Policy-kvalitet.pdf\">Politik &#8211; Qualit\u00e4t<\/a><\/p>\n\t\t\t\t\t\t\t\t<\/div>\n\t\t\t\t<\/div>\n\t\t\t\t\t<\/div>\n\t\t\t\t<\/div>\n\t\t\t\t<\/div>\n\t\t","protected":false},"excerpt":{"rendered":"<p>Seit einigen Jahren haben wir uns stark auf Umweltfragen konzentriert. Wir wollen Verantwortung f\u00fcr k\u00fcnftige Generationen \u00fcbernehmen. An die Betreiber von Lastkraftwagen werden hohe Anforderungen gestellt. Deshalb verf\u00fcgen wir \u00fcber moderne Fahrzeuge und Maschinen, die die Anforderungen erf\u00fcllen, und \u00fcber Mitarbeiter, die \u00fcber ein breites Wissen dar\u00fcber verf\u00fcgen, wie wir aktiv zur Verringerung unserer Umweltauswirkungen beitragen k\u00f6nnen.<\/p>\n","protected":false},"author":1,"featured_media":0,"parent":0,"menu_order":0,"comment_status":"closed","ping_status":"closed","template":"","meta":{"footnotes":""},"class_list":["post-3464","page","type-page","status-publish","hentry"],"_links":{"self":[{"href":"https:\/\/mantum.se\/de\/wp-json\/wp\/v2\/pages\/3464","targetHints":{"allow":["GET"]}}],"collection":[{"href":"https:\/\/mantum.se\/de\/wp-json\/wp\/v2\/pages"}],"about":[{"href":"https:\/\/mantum.se\/de\/wp-json\/wp\/v2\/types\/page"}],"author":[{"embeddable":true,"href":"https:\/\/mantum.se\/de\/wp-json\/wp\/v2\/users\/1"}],"replies":[{"embeddable":true,"href":"https:\/\/mantum.se\/de\/wp-json\/wp\/v2\/comments?post=3464"}],"version-history":[{"count":2,"href":"https:\/\/mantum.se\/de\/wp-json\/wp\/v2\/pages\/3464\/revisions"}],"predecessor-version":[{"id":3501,"href":"https:\/\/mantum.se\/de\/wp-json\/wp\/v2\/pages\/3464\/revisions\/3501"}],"wp:attachment":[{"href":"https:\/\/mantum.se\/de\/wp-json\/wp\/v2\/media?parent=3464"}],"curies":[{"name":"wp","href":"https:\/\/api.w.org\/{rel}","templated":true}]}}