{"id":3458,"date":"2022-01-12T07:20:59","date_gmt":"2022-01-12T07:20:59","guid":{"rendered":"https:\/\/mantum.se\/treffen-sie-unsere-strassenpiloten\/"},"modified":"2023-10-30T12:41:13","modified_gmt":"2023-10-30T12:41:13","slug":"treffen-sie-unsere-strassenpiloten","status":"publish","type":"page","link":"https:\/\/mantum.se\/de\/treffen-sie-unsere-strassenpiloten\/","title":{"rendered":"Treffen Sie unsere Stra\u00dfenpiloten"},"content":{"rendered":"\t\t<div data-elementor-type=\"wp-page\" data-elementor-id=\"3458\" class=\"elementor elementor-3458 elementor-1929\" data-elementor-post-type=\"page\">\n\t\t\t\t<div class=\"elementor-element elementor-element-54f8b1e e-flex e-con-boxed e-con e-parent\" data-id=\"54f8b1e\" data-element_type=\"container\" data-e-type=\"container\" data-settings=\"{&quot;background_background&quot;:&quot;classic&quot;}\">\n\t\t\t\t\t<div class=\"e-con-inner\">\n\t\t\t\t<div class=\"elementor-element elementor-element-d45f4b1 elementor-widget elementor-widget-heading\" data-id=\"d45f4b1\" data-element_type=\"widget\" data-e-type=\"widget\" data-widget_type=\"heading.default\">\n\t\t\t\t<div class=\"elementor-widget-container\">\n\t\t\t\t\t<h1 class=\"elementor-heading-title elementor-size-default\">Treffen Sie unsere Stra\u00dfenpiloten<\/h1>\t\t\t\t<\/div>\n\t\t\t\t<\/div>\n\t\t\t\t\t<\/div>\n\t\t\t\t<\/div>\n\t\t<div class=\"elementor-element elementor-element-3b56617f e-flex e-con-boxed e-con e-parent\" data-id=\"3b56617f\" data-element_type=\"container\" data-e-type=\"container\">\n\t\t\t\t\t<div class=\"e-con-inner\">\n\t\t\t\t\t<\/div>\n\t\t\t\t<\/div>\n\t\t<div class=\"elementor-element elementor-element-dafb3c8 e-flex e-con-boxed e-con e-parent\" data-id=\"dafb3c8\" data-element_type=\"container\" data-e-type=\"container\">\n\t\t\t\t\t<div class=\"e-con-inner\">\n\t\t<div class=\"elementor-element elementor-element-2e9c613 e-flex e-con-boxed e-con e-child\" data-id=\"2e9c613\" data-element_type=\"container\" data-e-type=\"container\">\n\t\t\t\t\t<div class=\"e-con-inner\">\n\t\t\t\t<div class=\"elementor-element elementor-element-ad7edeb elementor-widget elementor-widget-text-editor\" data-id=\"ad7edeb\" data-element_type=\"widget\" data-e-type=\"widget\" data-widget_type=\"text-editor.default\">\n\t\t\t\t<div class=\"elementor-widget-container\">\n\t\t\t\t\t\t\t\t\t<h2>Julia  <\/h2>\n<h3><strong>Pilotprojekt Bautransport<\/strong><\/h3>\n<h3>&#8220;Ich m\u00f6chte zeigen, dass ich auch in einer von M\u00e4nnern dominierten Branche arbeiten kann.<\/h3>\n<p>Die 20-j\u00e4hrige Julia ist einer unserer j\u00fcngsten Neuzug\u00e4nge auf unserer Piloten-Seite. Julia beseitigt derzeit den Schutt aus dem Varberg-Tunnel-Projekt.<\/p>\n<p>Julia f\u00e4hrt seit etwa einem Jahr einen Lastwagen. In ihrer Freizeit besch\u00e4ftigt sie sich mit ihren Pferden, trainiert und nimmt an Wettk\u00e4mpfen teil, hilft aber auch gerne zu Hause in der Landwirtschaft und bei anderen T\u00e4tigkeiten mit. Das Beste an der Transportbranche sind ihrer Meinung nach die vielen Herausforderungen und die M\u00f6glichkeit, allen zu beweisen, dass auch eine Frau &#8220;schwere Arbeiten&#8221; erledigen kann. Einer der besten Aspekte der Arbeit ist auch, mit dem eigenen K\u00f6rper zu arbeiten und in seiner eigenen Welt zu sein.<\/p>\n<p>&#8220;Ich liebe alles am Beruf des Lastwagenfahrers, all die Herausforderungen und Schwierigkeiten, aber auch den Stolz auf sich selbst, wenn man etwas erreicht hat, was man nicht f\u00fcr m\u00f6glich gehalten hat&#8221;, sagt Julia mit einem breiten L\u00e4cheln.<\/p>\n<p>Nat\u00fcrlich glaubt Julia, dass es einige negative Aspekte des Berufs gibt, vor allem die Tatsache, dass der Beruf des Lkw-Fahrers von M\u00e4nnern dominiert wird und dass viele M\u00e4nner nicht glauben, dass Frauen die gleichen Dinge tun k\u00f6nnen. Aber in Julias Welt wird dies zu einem der sch\u00f6nsten Aspekte der Arbeit: &#8220;Es macht gro\u00dfen Spa\u00df, sie zu \u00fcberzeugen, dass ich das auch kann. Es gibt auch viele Leute, die es toll finden, dass sich junge M\u00e4dchen in diese Branche wagen, und das finde ich auch.&#8221;<\/p>\n<p>Sie wei\u00df nicht genau, warum Julia Lastwagenfahrerin geworden ist, aber sie strahlt eine gro\u00dfe Zufriedenheit und Begeisterung f\u00fcr ihre Wahl aus! Sie glaubt, der Hauptgrund, warum sie sich f\u00fcr die Transportbranche entschieden hat, ist, den Leuten zu beweisen, dass ein kleines M\u00e4dchen gro\u00dfe Dinge tun kann. Deshalb freut sie sich besonders \u00fcber ihre Anstellung bei Mantum, wo sie heute beweist, dass sie problemlos einen 30,5-Tonnen-Kippanh\u00e4nger fahren kann.<\/p>\n\t\t\t\t\t\t\t\t<\/div>\n\t\t\t\t<\/div>\n\t\t\t\t\t<\/div>\n\t\t\t\t<\/div>\n\t\t<div class=\"elementor-element elementor-element-1bed173 e-flex e-con-boxed e-con e-child\" data-id=\"1bed173\" data-element_type=\"container\" data-e-type=\"container\">\n\t\t\t\t\t<div class=\"e-con-inner\">\n\t\t\t\t<div class=\"elementor-element elementor-element-2a70d33 elementor-widget elementor-widget-image\" data-id=\"2a70d33\" data-element_type=\"widget\" data-e-type=\"widget\" data-widget_type=\"image.default\">\n\t\t\t\t<div class=\"elementor-widget-container\">\n\t\t\t\t\t\t\t\t\t\t\t\t\t\t\t<img fetchpriority=\"high\" decoding=\"async\" width=\"768\" height=\"1024\" src=\"https:\/\/mantum.se\/wp-content\/uploads\/2020\/06\/IMG_2302-768x1024.jpg\" class=\"attachment-large size-large wp-image-445\" alt=\"\" srcset=\"https:\/\/mantum.se\/wp-content\/uploads\/2020\/06\/IMG_2302-768x1024.jpg 768w, https:\/\/mantum.se\/wp-content\/uploads\/2020\/06\/IMG_2302-600x800.jpg 600w, https:\/\/mantum.se\/wp-content\/uploads\/2020\/06\/IMG_2302-225x300.jpg 225w, https:\/\/mantum.se\/wp-content\/uploads\/2020\/06\/IMG_2302-1152x1536.jpg 1152w, https:\/\/mantum.se\/wp-content\/uploads\/2020\/06\/IMG_2302-1536x2048.jpg 1536w, https:\/\/mantum.se\/wp-content\/uploads\/2020\/06\/IMG_2302-700x933.jpg 700w, https:\/\/mantum.se\/wp-content\/uploads\/2020\/06\/IMG_2302-scaled.jpg 1920w\" sizes=\"(max-width: 768px) 100vw, 768px\" \/>\t\t\t\t\t\t\t\t\t\t\t\t\t\t\t<\/div>\n\t\t\t\t<\/div>\n\t\t\t\t\t<\/div>\n\t\t\t\t<\/div>\n\t\t\t\t\t<\/div>\n\t\t\t\t<\/div>\n\t\t<div class=\"elementor-element elementor-element-899daa7 e-flex e-con-boxed e-con e-parent\" data-id=\"899daa7\" data-element_type=\"container\" data-e-type=\"container\">\n\t\t\t\t\t<div class=\"e-con-inner\">\n\t\t<div class=\"elementor-element elementor-element-ff00f7d e-flex e-con-boxed e-con e-child\" data-id=\"ff00f7d\" data-element_type=\"container\" data-e-type=\"container\">\n\t\t\t\t\t<div class=\"e-con-inner\">\n\t\t\t\t<div class=\"elementor-element elementor-element-b70721a elementor-widget elementor-widget-image\" data-id=\"b70721a\" data-element_type=\"widget\" data-e-type=\"widget\" data-widget_type=\"image.default\">\n\t\t\t\t<div class=\"elementor-widget-container\">\n\t\t\t\t\t\t\t\t\t\t\t\t\t\t\t<img decoding=\"async\" width=\"800\" height=\"534\" src=\"https:\/\/mantum.se\/wp-content\/uploads\/2021\/12\/stephan2-Large-1024x683.png\" class=\"attachment-large size-large wp-image-3418\" alt=\"\" srcset=\"https:\/\/mantum.se\/wp-content\/uploads\/2021\/12\/stephan2-Large-1024x683.png 1024w, https:\/\/mantum.se\/wp-content\/uploads\/2021\/12\/stephan2-Large-600x400.png 600w, https:\/\/mantum.se\/wp-content\/uploads\/2021\/12\/stephan2-Large-300x200.png 300w, https:\/\/mantum.se\/wp-content\/uploads\/2021\/12\/stephan2-Large-768x512.png 768w, https:\/\/mantum.se\/wp-content\/uploads\/2021\/12\/stephan2-Large-1536x1024.png 1536w, https:\/\/mantum.se\/wp-content\/uploads\/2021\/12\/stephan2-Large-700x467.png 700w, https:\/\/mantum.se\/wp-content\/uploads\/2021\/12\/stephan2-Large.png 1620w\" sizes=\"(max-width: 800px) 100vw, 800px\" \/>\t\t\t\t\t\t\t\t\t\t\t\t\t\t\t<\/div>\n\t\t\t\t<\/div>\n\t\t\t\t<div class=\"elementor-element elementor-element-88fe2ee elementor-widget elementor-widget-image\" data-id=\"88fe2ee\" data-element_type=\"widget\" data-e-type=\"widget\" data-widget_type=\"image.default\">\n\t\t\t\t<div class=\"elementor-widget-container\">\n\t\t\t\t\t\t\t\t\t\t\t\t\t\t\t<img decoding=\"async\" width=\"800\" height=\"534\" src=\"https:\/\/mantum.se\/wp-content\/uploads\/2021\/12\/sephan-Large-1024x683.png\" class=\"attachment-large size-large wp-image-3417\" alt=\"\" srcset=\"https:\/\/mantum.se\/wp-content\/uploads\/2021\/12\/sephan-Large-1024x683.png 1024w, https:\/\/mantum.se\/wp-content\/uploads\/2021\/12\/sephan-Large-600x400.png 600w, https:\/\/mantum.se\/wp-content\/uploads\/2021\/12\/sephan-Large-300x200.png 300w, https:\/\/mantum.se\/wp-content\/uploads\/2021\/12\/sephan-Large-768x512.png 768w, https:\/\/mantum.se\/wp-content\/uploads\/2021\/12\/sephan-Large-1536x1024.png 1536w, https:\/\/mantum.se\/wp-content\/uploads\/2021\/12\/sephan-Large-700x467.png 700w, https:\/\/mantum.se\/wp-content\/uploads\/2021\/12\/sephan-Large.png 1620w\" sizes=\"(max-width: 800px) 100vw, 800px\" \/>\t\t\t\t\t\t\t\t\t\t\t\t\t\t\t<\/div>\n\t\t\t\t<\/div>\n\t\t\t\t\t<\/div>\n\t\t\t\t<\/div>\n\t\t<div class=\"elementor-element elementor-element-fcf7613 e-flex e-con-boxed e-con e-child\" data-id=\"fcf7613\" data-element_type=\"container\" data-e-type=\"container\">\n\t\t\t\t\t<div class=\"e-con-inner\">\n\t\t\t\t<div class=\"elementor-element elementor-element-9c697bd elementor-widget elementor-widget-text-editor\" data-id=\"9c697bd\" data-element_type=\"widget\" data-e-type=\"widget\" data-widget_type=\"text-editor.default\">\n\t\t\t\t<div class=\"elementor-widget-container\">\n\t\t\t\t\t\t\t\t\t<h2>Stephen<\/h2>\n<h3><strong>Pilotprojekt Bautransport<\/strong><\/h3>\n<h6>Auftrag des Tages:<\/h6>\n<p>Lieferung von Makadam zur Entw\u00e4sserung f\u00fcr die Sanierung eines Radweges in der Gemeinde Varberg durch die Gemeinde.<\/p>\n<h6>\u00dcber Stephan:<\/h6>\n<p>Stephan ist der fr\u00f6hliche, gesellige und gespr\u00e4chige Verkehrspilot, der seit 40 Jahren Lastwagen f\u00e4hrt, die letzten 7 Jahre davon bei Mantum. Stephan geht auf das 65. Lebensjahr zu, aber solange man die Energie hat und die Arbeit Spa\u00df macht, werde ich weiter fahren&#8221;, sagt er.<\/p>\n<p>Er ist in G\u00f6teborg geboren und aufgewachsen, lebt aber seit 1984 in \u00c5sa.<\/p>\n<p>Er begann seine berufliche Laufbahn mit dem Besuch einer zweij\u00e4hrigen Berufsschule in G\u00f6taverken als Kesselschmied und Blechschlosser. Doch schon bald fand er seinen Weg in die Transportbranche, nachdem er auf eigene Faust einen Lkw-F\u00fchrerschein erworben und mit der M\u00fcllabfuhr begonnen hatte.<\/p>\n<p>Sollte er n\u00e4chstes Jahr in den Ruhestand gehen, freut sich Stephan darauf, mehr Zeit mit seiner Frau, seinen drei T\u00f6chtern und seinen Enkelkindern zu verbringen. Es wird aber auch Zeit zum Radfahren und Angeln bleiben.<\/p>\n<p>Stephans St\u00e4rken sind seine sozialen F\u00e4higkeiten in Verbindung mit seiner L\u00f6sungsorientierung, weshalb er in der Regel an Projekten mit l\u00e4ngerer Laufzeit arbeitet, da er die meisten transportbezogenen Probleme direkt mit schnellen Angeboten des Kunden l\u00f6st.<\/p>\n<p>Es ist gut, in diesem Beruf unabh\u00e4ngig zu sein, denn das Verkehrsmanagement kann manchmal schwer zu erreichen sein. Mantum befindet sich in einer Expansionsphase, und ich verstehe das. Ich nehme es also nicht zu schwer. Wenn es sich um etwas Gr\u00f6\u00dferes oder Ernsteres handelt, ist es nie ein Problem, geh\u00f6rt zu werden&#8221;, sagt er.<\/p>\n<p>Was Stephan am meisten am Fahren bei Mantum gef\u00e4llt, ist die Freiheit, Probleme selbst zu l\u00f6sen und die M\u00f6glichkeit, sich um sich und sein Auto zu k\u00fcmmern. Aber auch, dass wir eine ziemlich offene Kommunikation und Teamgeist haben.<\/p>\n<p>Wir bei Mantum sind froh und stolz, Stephan in unserem Team zu haben!<\/p>\n\t\t\t\t\t\t\t\t<\/div>\n\t\t\t\t<\/div>\n\t\t\t\t\t<\/div>\n\t\t\t\t<\/div>\n\t\t\t\t\t<\/div>\n\t\t\t\t<\/div>\n\t\t\t\t<\/div>\n\t\t","protected":false},"excerpt":{"rendered":"<p>Treffen Sie unsere Stra\u00dfenpiloten Julia Pilotprojekt Bautransport &#8220;Ich m\u00f6chte zeigen, dass ich auch in einer von M\u00e4nnern dominierten Branche arbeiten kann. Die 20-j\u00e4hrige Julia ist einer unserer j\u00fcngsten Neuzug\u00e4nge auf unserer Piloten-Seite. Julia beseitigt derzeit den Schutt aus dem Varberg-Tunnel-Projekt. Julia f\u00e4hrt seit etwa einem Jahr einen Lastwagen. In ihrer Freizeit besch\u00e4ftigt sie sich mit [&hellip;]<\/p>\n","protected":false},"author":5,"featured_media":3418,"parent":0,"menu_order":0,"comment_status":"closed","ping_status":"closed","template":"","meta":{"footnotes":""},"class_list":["post-3458","page","type-page","status-publish","has-post-thumbnail","hentry"],"_links":{"self":[{"href":"https:\/\/mantum.se\/de\/wp-json\/wp\/v2\/pages\/3458","targetHints":{"allow":["GET"]}}],"collection":[{"href":"https:\/\/mantum.se\/de\/wp-json\/wp\/v2\/pages"}],"about":[{"href":"https:\/\/mantum.se\/de\/wp-json\/wp\/v2\/types\/page"}],"author":[{"embeddable":true,"href":"https:\/\/mantum.se\/de\/wp-json\/wp\/v2\/users\/5"}],"replies":[{"embeddable":true,"href":"https:\/\/mantum.se\/de\/wp-json\/wp\/v2\/comments?post=3458"}],"version-history":[{"count":2,"href":"https:\/\/mantum.se\/de\/wp-json\/wp\/v2\/pages\/3458\/revisions"}],"predecessor-version":[{"id":3489,"href":"https:\/\/mantum.se\/de\/wp-json\/wp\/v2\/pages\/3458\/revisions\/3489"}],"wp:featuredmedia":[{"embeddable":true,"href":"https:\/\/mantum.se\/de\/wp-json\/wp\/v2\/media\/3418"}],"wp:attachment":[{"href":"https:\/\/mantum.se\/de\/wp-json\/wp\/v2\/media?parent=3458"}],"curies":[{"name":"wp","href":"https:\/\/api.w.org\/{rel}","templated":true}]}}