{"id":3457,"date":"2020-10-05T10:54:32","date_gmt":"2020-10-05T10:54:32","guid":{"rendered":"https:\/\/mantum.se\/kontakt-transport-lagerung\/"},"modified":"2020-10-05T10:54:32","modified_gmt":"2020-10-05T10:54:32","slug":"kontakt-transport-lagerung","status":"publish","type":"page","link":"https:\/\/mantum.se\/de\/kontakt-transport-lagerung\/","title":{"rendered":"Kontakt Transport &amp; Lagerung"},"content":{"rendered":"<h5 style=\"text-align: left;\">Inl\u00e4ndische<\/h5>\n<p>Telefon: 0340-54 55 60<br \/>\nFax: 0340-54 55 70<br \/>\n<a href=\"mailto:logistics@mantum.se\">logistics@mantum.se<\/a><\/p>\n<h5 style=\"text-align: left;\">Im Ausland<\/h5>\n<p>Telefon: 0340-54 55 80<br \/>\nFax: 0340-54 55 90<br \/>\n<a href=\"mailto:international@mantum.se\">international@mantum.se<\/a><\/p>\n<h5 style=\"text-align: left;\">Verk\u00e4ufe, Einfuhren und Ausfuhren<\/h5>\n<p><strong>Verk\u00e4ufe<br \/>\n<\/strong><a href=\"mailto:sales@mantum.se\">sales@mantum.se<\/a><strong><br \/>\n<\/strong><strong>Importieren<a href=\"mailto:import@mantum.se\"><br \/>\n<\/a><\/strong><a href=\"mailto:import@mantum.se\">import@mantum.se<\/a><strong>Exportieren<\/strong><a href=\"mailto:export@mantum.se\"><br \/>\nexport@mantum.se<\/a><\/p>\n<h5 style=\"text-align: left;\">Terminals und Lagerh\u00e4user<\/h5>\n<p>Telefon: 0340-54 55 50<br \/>\nFax: 0340-54 55 51<a href=\"mailto:lager@mantum.se\"><br \/>\nlager@mantum.se<\/a><\/p>\n<h5>Hier finden Sie<\/h5>\n<p><strong>Hauptgesch\u00e4ftsstelle<br \/>\n<\/strong>Varberg<strong><br \/>\n<\/strong>Vagnv\u00e4gen 11<br \/>\n432 32 VARBERG<br \/>\n0340-54 55 00<br \/>\ninfo@mantum.se\u00d6ppettider<strong><br \/>\n Montag-Freitag 8:00-17:00<\/strong><a href=\"https:\/\/sajtprojekt.se\/mantum\/kontakta-mantum\"><br \/>\n  <b>Klicken Sie hier, um die \u00d6ffnungszeiten der Telefonzentrale an Feiertagen zu sehen.<\/b><br \/>\n<\/a><\/p>\n<h5>Verwaltung<\/h5>\n<p><strong>CEO<br \/>\n<\/strong>Greger Str\u00f6mqvist<br \/>\n0340-54 55 01<br \/>\n<a href=\"mailto:%20greger.stromqvist@mantum.se\">greger.stromqvist@mantum.se<\/a><strong><br \/>\n<\/strong><strong>Gesch\u00e4ftsbereichsleiter<\/strong><br \/>\nMikael Arnudd<br \/>\n0340-54 55 07<br \/>\n<a href=\"mailto:mikael.arnudd@mantum.se\">mikael.arnudd@mantum.se<\/a><\/p>\n<h5>Kundenbetreuung<\/h5>\n<p><strong>Kundenbetreuung<\/strong><br \/>\nFrida Str\u00f6mqvist<br \/>\n0340-54 55 64<br \/>\n<a href=\"mailto:frida.stromqvist@mantum.se\">frida.stromqvist@mantum.se<\/a><strong>Verwalter<\/strong><br \/>\nAnna Salomonsson<br \/>\n0340-54 55 25<br \/>\n<a href=\"mailto:anna.salomonsson@mantum.se\">anna.salomonsson@mantum.se<\/a><\/p>\n<h5>Verkehrsmanagement<\/h5>\n<p><strong>Inl\u00e4ndische Fluglotsen<\/strong><br \/>\nAdam Joutsen<br \/>\n0340-54 55 30<br \/>\n<a href=\"mailto:adam.joutsen@mantum.se\">adam.joutsen@mantum.se<\/a><strong>Inl\u00e4ndische Fluglotsen<\/strong><br \/>\nGlenn Sandstr\u00f6m<br \/>\n0340-54 55 66<br \/>\n<a title=\"glenn.sandstrom@mantum.se\" href=\"mailto:glenn.sandstrom@mantum.se\">glenn.sandstrom@mantum.se<\/a><strong>Internationale Fluglotsen<\/strong><br \/>\nNatalia Kiriljuk<br \/>\n0340-54 55 86<br \/>\n<a href=\"mailto:natalia.kirilyuk@mantum.se\">natalia.kirilyuk@mantum.se<\/a><strong>Internationale Fluglotsen<\/strong><br \/>\nPeter Andersson<br \/>\n0340-54 55 88<br \/>\n<a href=\"mailto:peter.andersson@mantum.se\">peter.andersson@mantum.se<\/a><strong>Internationale Fluglotsen<\/strong><br \/>\nJesper Nyman<br \/>\n0340-54 55 65<br \/>\n<a href=\"mailto:jesper.nyman@mantum.se\">jesper.nyman@mantum.se<\/a><\/p>\n<h5>Lagerhaus<\/h5>\n<p><strong>Leiter Lager &amp; Terminal<\/strong><br \/>\nPeter Johansson<br \/>\n0340-54 55 51<br \/>\n<a href=\"mailto:peter.johansson@mantum.se\">peter.johansson@mantum.se<\/a><strong>Verwaltung des Lagers<\/strong><br \/>\nKatarina Gamota<br \/>\n0340-54 55 29<br \/>\n<a href=\"mailto:katarina.gamota@mantum.se\">katarina.gamota@mantum.se<\/a><strong>Verwaltung des Lagers<\/strong><br \/>\nAnnie Gunnarsson<br \/>\n0340-54 55 89<br \/>\n<a href=\"mailto:annie.gunnarsson@mantum.se\">annie.gunnarsson@mantum.se<\/a><strong>Lagerarbeiter<\/strong><br \/>\nChristian Johansson<br \/>\n0340-54 55 54<br \/>\n<a href=\"mailto:christian.johansson@mantum.se\">christian.johansson@mantum.se<\/a><strong>Lagerarbeiter<\/strong><br \/>\nMorgan J\u00f6nsson<br \/>\n072-887 72 61<br \/>\n<a href=\"mailto:%20morgan.jonsson@mantum.se\">morgan.jonsson@mantum.se<\/a><strong>Lagerarbeiter<\/strong><br \/>\nUrban Ek<br \/>\n0340-54 55 57<br \/>\n<a href=\"mailto:urban.ek@mantum.se\">urban.ek@mantum.se<\/a><\/p>\n","protected":false},"excerpt":{"rendered":"<p>Inl\u00e4ndische Telefon: 0340-54 55 60 Fax: 0340-54 55 70 logistics@mantum.se Im Ausland Telefon: 0340-54 55 80 Fax: 0340-54 55 90 international@mantum.se Verk\u00e4ufe, Einfuhren und Ausfuhren Verk\u00e4ufe sales@mantum.se Importieren import@mantum.seExportieren export@mantum.se Terminals und Lagerh\u00e4user Telefon: 0340-54 55 50 Fax: 0340-54 55 51 lager@mantum.se Hier finden Sie Hauptgesch\u00e4ftsstelle Varberg Vagnv\u00e4gen 11 432 32 VARBERG 0340-54 55 00 [&hellip;]<\/p>\n","protected":false},"author":2,"featured_media":0,"parent":0,"menu_order":0,"comment_status":"closed","ping_status":"closed","template":"","meta":{"footnotes":""},"class_list":["post-3457","page","type-page","status-publish","hentry"],"_links":{"self":[{"href":"https:\/\/mantum.se\/de\/wp-json\/wp\/v2\/pages\/3457","targetHints":{"allow":["GET"]}}],"collection":[{"href":"https:\/\/mantum.se\/de\/wp-json\/wp\/v2\/pages"}],"about":[{"href":"https:\/\/mantum.se\/de\/wp-json\/wp\/v2\/types\/page"}],"author":[{"embeddable":true,"href":"https:\/\/mantum.se\/de\/wp-json\/wp\/v2\/users\/2"}],"replies":[{"embeddable":true,"href":"https:\/\/mantum.se\/de\/wp-json\/wp\/v2\/comments?post=3457"}],"version-history":[{"count":0,"href":"https:\/\/mantum.se\/de\/wp-json\/wp\/v2\/pages\/3457\/revisions"}],"wp:attachment":[{"href":"https:\/\/mantum.se\/de\/wp-json\/wp\/v2\/media?parent=3457"}],"curies":[{"name":"wp","href":"https:\/\/api.w.org\/{rel}","templated":true}]}}