{"id":3450,"date":"2021-12-20T09:04:54","date_gmt":"2021-12-20T09:04:54","guid":{"rendered":"https:\/\/mantum.se\/auslaendischer-verkehr_krille\/"},"modified":"2021-12-20T09:04:54","modified_gmt":"2021-12-20T09:04:54","slug":"auslaendischer-verkehr_krille","status":"publish","type":"page","link":"https:\/\/mantum.se\/de\/auslaendischer-verkehr_krille\/","title":{"rendered":"Ausl\u00e4ndischer Verkehr_krille"},"content":{"rendered":"<p>[qode_advanced_tabs title_layout=&#8221;with_icon&#8221; title_tag=&#8221;h2&#8243;][\/qode_advanced_tabs][qode_advanced_tabs title_tag=&#8221;h4&#8243;][qode_advanced_tab tab_title=&#8221;Utrikestrafik&#8221;]<\/p>\n<p>Wir sind auf St\u00fcckgut und Teilladungen spezialisiert, \u00fcbernehmen aber auch Komplettladungen. Um eine flexible und ma\u00dfgeschneiderte Transportl\u00f6sung zu gew\u00e4hrleisten, haben wir uns daf\u00fcr entschieden, mit fahrergebundenem Verkehr zu arbeiten und die gesamte Verkehrsplanung selbst vorzunehmen, um immer zu wissen, wo sich die Ware befindet.<\/p>\n<p>Der Kunde hat von der Bestellung bis zur Lieferung immer denselben Ansprechpartner!<\/p>\n<p>Und bei uns k\u00f6nnen Sie die skandinavischen Sprachen, Englisch, Deutsch und Russisch sprechen.<\/p>\n<p>&nbsp;<\/p>\n<p>Mantum ist Teil von IFA, einem europaweiten Netzwerk von Spediteuren, die erfolgreich zusammenarbeiten, um die Frachtstr\u00f6me der anderen zu optimieren.  <a href=\"http:\/\/www.ifa-forwarding.net.\" target=\"_blank\" rel=\"noopener noreferrer\">Klicken Sie hier, um mehr zu lesen.<\/a><\/p>\n<h4>Mantum betreibt ein eigenes Trailer-Gesch\u00e4ft in Europa<\/h4>\n<p>&nbsp;<\/p>\n<p>Mit unserem eigenen Mantumtrailer f\u00fchren wir Import- und Exportgesch\u00e4fte von unserem Terminal in Varberg aus durch. Mit Abfahrten in beide Richtungen am Dienstag\/Mittwoch\/Freitag halten wir ein hohes Serviceniveau f\u00fcr unsere Kunden aufrecht.<\/p>\n<p>Mit unseren Partnern und Agenten decken wir Deutschland in seiner Gesamtheit ab. Wir haben auch eigene Vertreter in Venlo (Niederlande) und Antwerpen (Belgien).<\/p>\n<h4>Einige unserer Partner und Agenten<\/h4>\n<p>&nbsp;<\/p>\n<p><strong>?? Deutschland<\/strong><\/p>\n<ul>\n<li>Gustav M\u00e4uler GmbH &amp; Co. KG,<strong> Remscheid<\/strong><\/li>\n<li>INSA Transport Speditions GmbH<strong>, Frankfurt\/M<\/strong><\/li>\n<li>Ritter Logistics GmbH, <strong>Langenhagen<\/strong><\/li>\n<\/ul>\n<p><strong>?? Belgien<\/strong><\/p>\n<ul>\n<li>Corneel Greerts Transport Gruppe<strong>, Antwerpen<\/strong><\/li>\n<\/ul>\n<p><strong>?? Holland<\/strong><\/p>\n<ul>\n<li>Jacob Meijer Forwarding B.V.,<strong> Venlo<\/strong><\/li>\n<\/ul>\n<p>[\/qode_advanced_tab][qode_advanced_tab icon_pack=&#8221;dripicons&#8221; dripicon=&#8221;dripicons-flag&#8221; tab_title=&#8221;English information&#8221;]Wir sind spezialisiert auf St\u00fcckgut und Teile, l\u00f6sen aber auch Komplettladungen. Um eine flexible und ma\u00dfgeschneiderte Transportl\u00f6sung zu gew\u00e4hrleisten, haben wir uns daf\u00fcr entschieden, mit fahrerbezogenem Verkehr zu arbeiten und die gesamte Verkehrsplanung selbst durchzuf\u00fchren, um immer zu wissen, wo sich die Ware befindet.<\/p>\n<p>Der Kunde hat also von der Bestellung bis zur Auslieferung Kontakt mit derselben Person!<\/p>\n<p>Und bei uns k\u00f6nnen Sie die skandinavischen Sprachen, Englisch, Deutsch und Russisch sprechen.<\/p>\n<p>&nbsp;<\/p>\n<p>Mantum ist Teil von IFA, einem europaweiten Netzwerk von Spediteuren, die erfolgreich zusammenarbeiten, um die Frachtstr\u00f6me der anderen zu optimieren. Klicken Sie hier, um mehr zu lesen.<\/p>\n<h4>Mantum betreibt ein eigenes Trailer-Gesch\u00e4ft in Europa<\/h4>\n<p>&nbsp;<\/p>\n<p>Mit unserem eigenen Mantum-Trailer f\u00fchren wir Import- und Exportgesch\u00e4fte von unserem Terminal in Varberg aus durch. Mit Abfahrten in beide Richtungen Dienstag\/Mittwoch\/Freitag halten wir ein hohes Serviceniveau f\u00fcr unsere Kunden aufrecht.<\/p>\n<p>Mit unseren Partnern und Agenten decken wir Deutschland in seiner Gesamtheit ab. Wir haben auch eigene Vertretungen in Venlo, Holland, und Antwerpen, Belgien.<\/p>\n<h4>Einige unserer Partner und Agenten<\/h4>\n<p><strong>?? Deutschland<\/strong><\/p>\n<p>Gustav M\u00e4uler GmbH &amp; Co. KG, Remscheid<br \/>\nINSA Transport Speditions GmbH, Frankfurt \/ M<br \/>\nRitter Logistics GmbH, Langenhagen<\/p>\n<p><strong>?? Belgien<\/strong><\/p>\n<p>Corneel Greerts Transport Gruppe, Antwerpen<\/p>\n<p><strong>?? Holland<\/strong><\/p>\n<p>Jacob Meijer Forwarding B.V., Venlo[\/qode_advanced_tab][\/qode_advanced_tabs]<\/p>\n<h1 style=\"text-align: center;\"><span style=\"color: #ffffff;\">Kontakt zu Mantum Logistics<\/span><\/h1>\n<h4 style=\"text-align: center;\">Logistik<\/h4>\n<p style=\"text-align: center;\">Telefon: 0340-54 55 60<br \/>\n<a href=\"mailto:logistics@mantum.se\">logistics@mantum.se<\/a><\/p>\n<h4 style=\"text-align: center;\">Spedition und Transport<\/h4>\n<p style=\"text-align: center;\">Telefon: 0340-54 55 80<br \/>\n<a href=\"mailto:international@mantum.se\">international@mantum.se<\/a><\/p>\n<p style=\"text-align: center;\"><a href=\"mailto:import@mantum.se\">import@mantum.se<\/a><\/p>\n<p style=\"text-align: center;\"><a href=\"mailto:export@mantum.se\">export@mantum.se<\/a><\/p>\n<h4 style=\"text-align: center;\">Vertrieb<\/h4>\n<p style=\"text-align: center;\">Telefon: 0340-54 55 61<br \/>\n<a href=\"mailto:sales@mantum.se\">sales@mantum.se<\/a><\/p>\n","protected":false},"excerpt":{"rendered":"<p>[qode_advanced_tabs title_layout=&#8221;with_icon&#8221; title_tag=&#8221;h2&#8243;][\/qode_advanced_tabs][qode_advanced_tabs title_tag=&#8221;h4&#8243;][qode_advanced_tab tab_title=&#8221;Utrikestrafik&#8221;] Wir sind auf St\u00fcckgut und Teilladungen spezialisiert, \u00fcbernehmen aber auch Komplettladungen. Um eine flexible und ma\u00dfgeschneiderte Transportl\u00f6sung zu gew\u00e4hrleisten, haben wir uns daf\u00fcr entschieden, mit fahrergebundenem Verkehr zu arbeiten und die gesamte Verkehrsplanung selbst vorzunehmen, um immer zu wissen, wo sich die Ware befindet. Der Kunde hat von der Bestellung [&hellip;]<\/p>\n","protected":false},"author":1,"featured_media":0,"parent":0,"menu_order":0,"comment_status":"closed","ping_status":"closed","template":"full_width.php","meta":{"footnotes":""},"class_list":["post-3450","page","type-page","status-publish","hentry"],"_links":{"self":[{"href":"https:\/\/mantum.se\/de\/wp-json\/wp\/v2\/pages\/3450","targetHints":{"allow":["GET"]}}],"collection":[{"href":"https:\/\/mantum.se\/de\/wp-json\/wp\/v2\/pages"}],"about":[{"href":"https:\/\/mantum.se\/de\/wp-json\/wp\/v2\/types\/page"}],"author":[{"embeddable":true,"href":"https:\/\/mantum.se\/de\/wp-json\/wp\/v2\/users\/1"}],"replies":[{"embeddable":true,"href":"https:\/\/mantum.se\/de\/wp-json\/wp\/v2\/comments?post=3450"}],"version-history":[{"count":0,"href":"https:\/\/mantum.se\/de\/wp-json\/wp\/v2\/pages\/3450\/revisions"}],"wp:attachment":[{"href":"https:\/\/mantum.se\/de\/wp-json\/wp\/v2\/media?parent=3450"}],"curies":[{"name":"wp","href":"https:\/\/api.w.org\/{rel}","templated":true}]}}