{"id":3438,"date":"2020-10-05T09:50:41","date_gmt":"2020-10-05T09:50:41","guid":{"rendered":"https:\/\/mantum.se\/piloten-auf-der-autobahn\/"},"modified":"2025-12-03T08:23:53","modified_gmt":"2025-12-03T08:23:53","slug":"strassenpilot","status":"publish","type":"page","link":"https:\/\/mantum.se\/de\/strassenpilot\/","title":{"rendered":"Strassenpilot"},"content":{"rendered":"\t\t<div data-elementor-type=\"wp-page\" data-elementor-id=\"3438\" class=\"elementor elementor-3438 elementor-950\" data-elementor-post-type=\"page\">\n\t\t\t\t<div class=\"elementor-element elementor-element-e8d5513 e-flex e-con-boxed e-con e-parent\" data-id=\"e8d5513\" data-element_type=\"container\" data-e-type=\"container\" data-settings=\"{&quot;background_background&quot;:&quot;classic&quot;}\">\n\t\t\t\t\t<div class=\"e-con-inner\">\n\t\t\t\t<div class=\"elementor-element elementor-element-a2f8fb5 elementor-widget elementor-widget-heading\" data-id=\"a2f8fb5\" data-element_type=\"widget\" data-e-type=\"widget\" data-widget_type=\"heading.default\">\n\t\t\t\t<div class=\"elementor-widget-container\">\n\t\t\t\t\t<h1 class=\"elementor-heading-title elementor-size-default\">Wir haben<\/h1>\t\t\t\t<\/div>\n\t\t\t\t<\/div>\n\t\t\t\t<div class=\"elementor-element elementor-element-bcdb1c4 elementor-widget elementor-widget-heading\" data-id=\"bcdb1c4\" data-element_type=\"widget\" data-e-type=\"widget\" data-widget_type=\"heading.default\">\n\t\t\t\t<div class=\"elementor-widget-container\">\n\t\t\t\t\t<h1 class=\"elementor-heading-title elementor-size-default\">Piloten auf der Autobahn<\/h1>\t\t\t\t<\/div>\n\t\t\t\t<\/div>\n\t\t\t\t<div class=\"elementor-element elementor-element-843cb50 elementor-widget elementor-widget-heading\" data-id=\"843cb50\" data-element_type=\"widget\" data-e-type=\"widget\" data-widget_type=\"heading.default\">\n\t\t\t\t<div class=\"elementor-widget-container\">\n\t\t\t\t\t<h1 class=\"elementor-heading-title elementor-size-default\">Lesen Sie hier mehr \u00fcber unsere Arbeit<\/h1>\t\t\t\t<\/div>\n\t\t\t\t<\/div>\n\t\t\t\t\t<\/div>\n\t\t\t\t<\/div>\n\t\t<div class=\"elementor-element elementor-element-c8a5aad e-flex e-con-boxed e-con e-parent\" data-id=\"c8a5aad\" data-element_type=\"container\" data-e-type=\"container\">\n\t\t\t\t\t<div class=\"e-con-inner\">\n\t\t\t\t<div class=\"elementor-element elementor-element-f48ed5e elementor-widget elementor-widget-heading\" data-id=\"f48ed5e\" data-element_type=\"widget\" data-e-type=\"widget\" data-widget_type=\"heading.default\">\n\t\t\t\t<div class=\"elementor-widget-container\">\n\t\t\t\t\t<h2 class=\"elementor-heading-title elementor-size-default\">Strassenpiloten<\/h2>\t\t\t\t<\/div>\n\t\t\t\t<\/div>\n\t\t\t\t<div class=\"elementor-element elementor-element-cf584e0 elementor-widget elementor-widget-text-editor\" data-id=\"cf584e0\" data-element_type=\"widget\" data-e-type=\"widget\" data-widget_type=\"text-editor.default\">\n\t\t\t\t<div class=\"elementor-widget-container\">\n\t\t\t\t\t\t\t\t\t<p style=\"text-align: center;\">Alle unsere Fahrer werden kontinuierlich geschult<\/p>\n<p style=\"text-align: center;\">das h\u00f6chste Kompetenzniveau im Verkehrssektor zu erreichen.<\/p>\n<p style=\"text-align: center;\">Wir setzen uns aktiv daf\u00fcr ein, dass sie in ihrem Beruf f\u00fchrend sind.<\/p>\n<p style=\"text-align: center;\">Wir nennen sie Stra\u00dfenpiloten.<\/p>\n\t\t\t\t\t\t\t\t<\/div>\n\t\t\t\t<\/div>\n\t\t\t\t<div class=\"elementor-element elementor-element-4858157 elementor-widget elementor-widget-image\" data-id=\"4858157\" data-element_type=\"widget\" data-e-type=\"widget\" data-widget_type=\"image.default\">\n\t\t\t\t<div class=\"elementor-widget-container\">\n\t\t\t\t\t\t\t\t\t\t\t\t\t\t\t<img fetchpriority=\"high\" decoding=\"async\" width=\"450\" height=\"517\" src=\"https:\/\/mantum.se\/wp-content\/uploads\/2020\/10\/landsvag_final.png\" class=\"attachment-large size-large wp-image-3439\" alt=\"\" srcset=\"https:\/\/mantum.se\/wp-content\/uploads\/2020\/10\/landsvag_final.png 450w, https:\/\/mantum.se\/wp-content\/uploads\/2020\/10\/landsvag_final-261x300.png 261w\" sizes=\"(max-width: 450px) 100vw, 450px\" \/>\t\t\t\t\t\t\t\t\t\t\t\t\t\t\t<\/div>\n\t\t\t\t<\/div>\n\t\t\t\t\t<\/div>\n\t\t\t\t<\/div>\n\t\t<div class=\"elementor-element elementor-element-c5b36ba e-con-full e-flex e-con e-parent\" data-id=\"c5b36ba\" data-element_type=\"container\" data-e-type=\"container\" data-settings=\"{&quot;background_background&quot;:&quot;classic&quot;}\">\n\t\t\t\t<div class=\"elementor-element elementor-element-8760cd3 elementor-widget elementor-widget-heading\" data-id=\"8760cd3\" data-element_type=\"widget\" data-e-type=\"widget\" data-widget_type=\"heading.default\">\n\t\t\t\t<div class=\"elementor-widget-container\">\n\t\t\t\t\t<h2 class=\"elementor-heading-title elementor-size-default\">Lesen Sie mehr \u00fcber unsere Stra\u00dfenpiloten<\/h2>\t\t\t\t<\/div>\n\t\t\t\t<\/div>\n\t\t\t\t<\/div>\n\t\t<div class=\"elementor-element elementor-element-8d2d82b e-flex e-con-boxed e-con e-parent\" data-id=\"8d2d82b\" data-element_type=\"container\" data-e-type=\"container\">\n\t\t\t\t\t<div class=\"e-con-inner\">\n\t\t<div class=\"elementor-element elementor-element-9130529 e-flex e-con-boxed e-con e-child\" data-id=\"9130529\" data-element_type=\"container\" data-e-type=\"container\">\n\t\t\t\t\t<div class=\"e-con-inner\">\n\t\t\t\t<div class=\"elementor-element elementor-element-adc18f6 elementor-widget elementor-widget-text-editor\" data-id=\"adc18f6\" data-element_type=\"widget\" data-e-type=\"widget\" data-widget_type=\"text-editor.default\">\n\t\t\t\t<div class=\"elementor-widget-container\">\n\t\t\t\t\t\t\t\t\t<h4>Was ist ein Strassen Pilot?<\/h4>\n<p>Unsere Airline-Piloten werden regelm\u00e4\u00dfig geschult.<\/p>\n<p>in den Bereichen Umwelt, Sicherheit und Kundenzufriedenheit an vorderster Front zu stehen.<\/p>\n<p><strong>Ausbildungsprogramme<\/strong><\/p>\n<p>YKB<\/p>\n<p>Mantum E-learning<\/p>\n<p>Verkehrsrecht<\/p>\n<p>Ladungssicherung<\/p>\n<p>ECO-Fahren<\/p>\n<p>Erste Hilfe<\/p>\n<p>Kundenbetreuung<\/p>\n<p>Management von Konflikten<\/p>\n<p>Informationstechnologie<\/p>\n<p>Lenk- und Ruhezeiten<\/p>\n<p><strong>Falls erforderlich, werden sie auch geschult in<\/strong><\/p>\n<p>APV<\/p>\n<p>ADR<\/p>\n<p>Lkw-Lizenz<\/p>\n<p>Verantwortlich f\u00fcr die Kennzeichnung<\/p>\n\t\t\t\t\t\t\t\t<\/div>\n\t\t\t\t<\/div>\n\t\t\t\t\t<\/div>\n\t\t\t\t<\/div>\n\t\t<div class=\"elementor-element elementor-element-f00e999 e-flex e-con-boxed e-con e-child\" data-id=\"f00e999\" data-element_type=\"container\" data-e-type=\"container\">\n\t\t\t\t\t<div class=\"e-con-inner\">\n\t\t\t\t<div class=\"elementor-element elementor-element-d385897 elementor-widget elementor-widget-image\" data-id=\"d385897\" data-element_type=\"widget\" data-e-type=\"widget\" data-widget_type=\"image.default\">\n\t\t\t\t<div class=\"elementor-widget-container\">\n\t\t\t\t\t\t\t\t\t\t\t\t\t\t\t<img decoding=\"async\" width=\"683\" height=\"1024\" src=\"https:\/\/mantum.se\/wp-content\/uploads\/2023\/03\/Elin-Large-683x1024.png\" class=\"attachment-large size-large wp-image-3445\" alt=\"\" srcset=\"https:\/\/mantum.se\/wp-content\/uploads\/2023\/03\/Elin-Large-683x1024.png 683w, https:\/\/mantum.se\/wp-content\/uploads\/2023\/03\/Elin-Large-600x899.png 600w, https:\/\/mantum.se\/wp-content\/uploads\/2023\/03\/Elin-Large-200x300.png 200w, https:\/\/mantum.se\/wp-content\/uploads\/2023\/03\/Elin-Large-768x1151.png 768w, https:\/\/mantum.se\/wp-content\/uploads\/2023\/03\/Elin-Large-1025x1536.png 1025w, https:\/\/mantum.se\/wp-content\/uploads\/2023\/03\/Elin-Large-700x1049.png 700w, https:\/\/mantum.se\/wp-content\/uploads\/2023\/03\/Elin-Large.png 1080w\" sizes=\"(max-width: 683px) 100vw, 683px\" \/>\t\t\t\t\t\t\t\t\t\t\t\t\t\t\t<\/div>\n\t\t\t\t<\/div>\n\t\t\t\t\t<\/div>\n\t\t\t\t<\/div>\n\t\t\t\t\t<\/div>\n\t\t\t\t<\/div>\n\t\t<div class=\"elementor-element elementor-element-74b8486 e-con-full e-flex e-con e-parent\" data-id=\"74b8486\" data-element_type=\"container\" data-e-type=\"container\" data-settings=\"{&quot;background_background&quot;:&quot;classic&quot;}\">\n\t\t\t\t<div class=\"elementor-element elementor-element-982fef2 elementor-widget elementor-widget-heading\" data-id=\"982fef2\" data-element_type=\"widget\" data-e-type=\"widget\" data-widget_type=\"heading.default\">\n\t\t\t\t<div class=\"elementor-widget-container\">\n\t\t\t\t\t<h2 class=\"elementor-heading-title elementor-size-default\">M\u00f6chten Sie auch Verkehrspilot werden?<\/h2>\t\t\t\t<\/div>\n\t\t\t\t<\/div>\n\t\t\t\t<\/div>\n\t\t<div class=\"elementor-element elementor-element-c1b62b8 e-flex e-con-boxed e-con e-parent\" data-id=\"c1b62b8\" data-element_type=\"container\" data-e-type=\"container\">\n\t\t\t\t\t<div class=\"e-con-inner\">\n\t\t\t\t<div class=\"elementor-element elementor-element-e76bcc3 elementor-widget elementor-widget-text-editor\" data-id=\"e76bcc3\" data-element_type=\"widget\" data-e-type=\"widget\" data-widget_type=\"text-editor.default\">\n\t\t\t\t<div class=\"elementor-widget-container\">\n\t\t\t\t\t\t\t\t\t<h6 style=\"text-align: center;\">Wenn Sie sich beruflich weiterentwickeln und einer unserer zuk\u00fcnftigen Roadpiloten werden wollen, m\u00f6chten wir mit Ihnen in Kontakt treten.<\/h6>\n<h6 style=\"text-align: center;\">Schreiben Sie ein paar Zeilen \u00fcber sich selbst und senden Sie eine E-Mail an:<\/h6>\n<p style=\"text-align: center;\">\n<h6 style=\"text-align: center;\">landsvagspilot@mantum.se<\/h6>\n\t\t\t\t\t\t\t\t<\/div>\n\t\t\t\t<\/div>\n\t\t\t\t<div class=\"elementor-element elementor-element-7479d9b elementor-widget elementor-widget-image\" data-id=\"7479d9b\" data-element_type=\"widget\" data-e-type=\"widget\" data-widget_type=\"image.default\">\n\t\t\t\t<div class=\"elementor-widget-container\">\n\t\t\t\t\t\t\t\t\t\t\t\t\t\t\t<img decoding=\"async\" width=\"261\" height=\"300\" src=\"https:\/\/mantum.se\/wp-content\/uploads\/2020\/10\/landsvag_final-261x300.png\" class=\"attachment-medium size-medium wp-image-3439\" alt=\"\" srcset=\"https:\/\/mantum.se\/wp-content\/uploads\/2020\/10\/landsvag_final-261x300.png 261w, https:\/\/mantum.se\/wp-content\/uploads\/2020\/10\/landsvag_final.png 450w\" sizes=\"(max-width: 261px) 100vw, 261px\" \/>\t\t\t\t\t\t\t\t\t\t\t\t\t\t\t<\/div>\n\t\t\t\t<\/div>\n\t\t\t\t\t<\/div>\n\t\t\t\t<\/div>\n\t\t<div class=\"elementor-element elementor-element-5cfcc28 e-flex e-con-boxed e-con e-parent\" data-id=\"5cfcc28\" data-element_type=\"container\" data-e-type=\"container\">\n\t\t\t\t\t<div class=\"e-con-inner\">\n\t\t\t\t\t<\/div>\n\t\t\t\t<\/div>\n\t\t\t\t<\/div>\n\t\t","protected":false},"excerpt":{"rendered":"<p>Wir haben Piloten auf der Autobahn Lesen Sie hier mehr \u00fcber unsere Arbeit Piloten auf der Autobahn Alle unsere Fahrer werden kontinuierlich geschult das h\u00f6chste Kompetenzniveau im Verkehrssektor zu erreichen. Wir setzen uns aktiv daf\u00fcr ein, dass sie in ihrem Beruf f\u00fchrend sind. Wir nennen sie Stra\u00dfenpiloten. Lesen Sie mehr \u00fcber unsere Stra\u00dfenpiloten Was ist [&hellip;]<\/p>\n","protected":false},"author":1,"featured_media":0,"parent":0,"menu_order":0,"comment_status":"closed","ping_status":"closed","template":"","meta":{"footnotes":""},"class_list":["post-3438","page","type-page","status-publish","hentry"],"_links":{"self":[{"href":"https:\/\/mantum.se\/de\/wp-json\/wp\/v2\/pages\/3438","targetHints":{"allow":["GET"]}}],"collection":[{"href":"https:\/\/mantum.se\/de\/wp-json\/wp\/v2\/pages"}],"about":[{"href":"https:\/\/mantum.se\/de\/wp-json\/wp\/v2\/types\/page"}],"author":[{"embeddable":true,"href":"https:\/\/mantum.se\/de\/wp-json\/wp\/v2\/users\/1"}],"replies":[{"embeddable":true,"href":"https:\/\/mantum.se\/de\/wp-json\/wp\/v2\/comments?post=3438"}],"version-history":[{"count":6,"href":"https:\/\/mantum.se\/de\/wp-json\/wp\/v2\/pages\/3438\/revisions"}],"predecessor-version":[{"id":4730,"href":"https:\/\/mantum.se\/de\/wp-json\/wp\/v2\/pages\/3438\/revisions\/4730"}],"wp:attachment":[{"href":"https:\/\/mantum.se\/de\/wp-json\/wp\/v2\/media?parent=3438"}],"curies":[{"name":"wp","href":"https:\/\/api.w.org\/{rel}","templated":true}]}}