{"id":3426,"date":"2017-12-04T11:07:39","date_gmt":"2017-12-04T11:07:39","guid":{"rendered":"https:\/\/mantum.se\/bau-und-umwelt\/"},"modified":"2023-10-30T12:41:09","modified_gmt":"2023-10-30T12:41:09","slug":"bau-und-umwelt","status":"publish","type":"page","link":"https:\/\/mantum.se\/de\/bau-und-umwelt\/","title":{"rendered":"Bau und Umwelt"},"content":{"rendered":"\t\t<div data-elementor-type=\"wp-page\" data-elementor-id=\"3426\" class=\"elementor elementor-3426 elementor-183\" data-elementor-post-type=\"page\">\n\t\t\t\t<div class=\"elementor-element elementor-element-2f01207b e-flex e-con-boxed e-con e-parent\" data-id=\"2f01207b\" data-element_type=\"container\" data-e-type=\"container\">\n\t\t\t\t\t<div class=\"e-con-inner\">\n\t\t\t\t\t<\/div>\n\t\t\t\t<\/div>\n\t\t<div class=\"elementor-element elementor-element-6eb7e3e e-flex e-con-boxed e-con e-parent\" data-id=\"6eb7e3e\" data-element_type=\"container\" data-e-type=\"container\">\n\t\t\t\t\t<div class=\"e-con-inner\">\n\t\t<div class=\"elementor-element elementor-element-196d67b e-flex e-con-boxed e-con e-child\" data-id=\"196d67b\" data-element_type=\"container\" data-e-type=\"container\">\n\t\t\t\t\t<div class=\"e-con-inner\">\n\t\t\t\t<div class=\"elementor-element elementor-element-cfbb598 elementor-widget elementor-widget-image\" data-id=\"cfbb598\" data-element_type=\"widget\" data-e-type=\"widget\" data-widget_type=\"image.default\">\n\t\t\t\t<div class=\"elementor-widget-container\">\n\t\t\t\t\t\t\t\t\t\t\t\t\t\t\t<img fetchpriority=\"high\" decoding=\"async\" width=\"775\" height=\"1024\" src=\"https:\/\/mantum.se\/wp-content\/uploads\/2022\/01\/george-775x1024.png\" class=\"attachment-large size-large wp-image-3431\" alt=\"\" srcset=\"https:\/\/mantum.se\/wp-content\/uploads\/2022\/01\/george-775x1024.png 775w, https:\/\/mantum.se\/wp-content\/uploads\/2022\/01\/george-600x793.png 600w, https:\/\/mantum.se\/wp-content\/uploads\/2022\/01\/george-227x300.png 227w, https:\/\/mantum.se\/wp-content\/uploads\/2022\/01\/george-768x1015.png 768w, https:\/\/mantum.se\/wp-content\/uploads\/2022\/01\/george-1162x1536.png 1162w, https:\/\/mantum.se\/wp-content\/uploads\/2022\/01\/george-700x925.png 700w, https:\/\/mantum.se\/wp-content\/uploads\/2022\/01\/george.png 1341w\" sizes=\"(max-width: 775px) 100vw, 775px\" \/>\t\t\t\t\t\t\t\t\t\t\t\t\t\t\t<\/div>\n\t\t\t\t<\/div>\n\t\t\t\t<div class=\"elementor-element elementor-element-26bdd0a elementor-widget elementor-widget-text-editor\" data-id=\"26bdd0a\" data-element_type=\"widget\" data-e-type=\"widget\" data-widget_type=\"text-editor.default\">\n\t\t\t\t<div class=\"elementor-widget-container\">\n\t\t\t\t\t\t\t\t\t<p><strong>Bauleistungen<\/strong><\/p>\n<p>Mantum verf\u00fcgt \u00fcber eine komplette Abteilung f\u00fcr Baufahrzeuge und -maschinen. Unsere Dienstleistungen im Baubereich richten sich an Kunden aus dem Bau-, Industrie- und Geb\u00e4udesektor. Dar\u00fcber hinaus bieten wir eine breite Palette von Kies- und Steinmaterialien aus unseren eigenen Steinbr\u00fcchen und Verarbeitungsbetrieben an. So k\u00f6nnen wir dem Kunden mit einer kosteng\u00fcnstigen L\u00f6sung f\u00fcr den Materialtransport helfen..<span style=\"text-align: var(--text-align);\">.<\/span><\/p>\n\t\t\t\t\t\t\t\t<\/div>\n\t\t\t\t<\/div>\n\t\t\t\t\t<\/div>\n\t\t\t\t<\/div>\n\t\t<div class=\"elementor-element elementor-element-b161451 e-flex e-con-boxed e-con e-child\" data-id=\"b161451\" data-element_type=\"container\" data-e-type=\"container\">\n\t\t\t\t\t<div class=\"e-con-inner\">\n\t\t\t\t<div class=\"elementor-element elementor-element-bf4f7a6 elementor-widget elementor-widget-image\" data-id=\"bf4f7a6\" data-element_type=\"widget\" data-e-type=\"widget\" data-widget_type=\"image.default\">\n\t\t\t\t<div class=\"elementor-widget-container\">\n\t\t\t\t\t\t\t\t\t\t\t\t\t\t\t<img decoding=\"async\" width=\"775\" height=\"1024\" src=\"https:\/\/mantum.se\/wp-content\/uploads\/2022\/01\/krabben-775x1024.jpg\" class=\"attachment-large size-large wp-image-1890\" alt=\"\" srcset=\"https:\/\/mantum.se\/wp-content\/uploads\/2022\/01\/krabben-775x1024.jpg 775w, https:\/\/mantum.se\/wp-content\/uploads\/2022\/01\/krabben-600x793.jpg 600w, https:\/\/mantum.se\/wp-content\/uploads\/2022\/01\/krabben-227x300.jpg 227w, https:\/\/mantum.se\/wp-content\/uploads\/2022\/01\/krabben-768x1015.jpg 768w, https:\/\/mantum.se\/wp-content\/uploads\/2022\/01\/krabben-1162x1536.jpg 1162w, https:\/\/mantum.se\/wp-content\/uploads\/2022\/01\/krabben-700x925.jpg 700w, https:\/\/mantum.se\/wp-content\/uploads\/2022\/01\/krabben.jpg 1341w\" sizes=\"(max-width: 775px) 100vw, 775px\" \/>\t\t\t\t\t\t\t\t\t\t\t\t\t\t\t<\/div>\n\t\t\t\t<\/div>\n\t\t\t\t<div class=\"elementor-element elementor-element-3372430 elementor-widget elementor-widget-text-editor\" data-id=\"3372430\" data-element_type=\"widget\" data-e-type=\"widget\" data-widget_type=\"text-editor.default\">\n\t\t\t\t<div class=\"elementor-widget-container\">\n\t\t\t\t\t\t\t\t\t<p><strong>Dienstleistungen f\u00fcr Kranwagen<\/strong><\/p>\n<p>Die Kranwagenflotte von Mantum deckt ein komplettes Spektrum an Hebekapazit\u00e4ten ab, wobei alle Einheiten \u00fcber ein sehr hohes Ausstattungsniveau verf\u00fcgen. Deshalb finden wir immer eine L\u00f6sung f\u00fcr die W\u00fcnsche unserer Kunden. Standardm\u00e4\u00dfig sind alle Einheiten mit Bordcomputern ausgestattet, die alle m\u00f6glichen Informationen \u00fcber den <span style=\"text-align: var(--text-align);\"> durchgef\u00fchrten<\/span> Transport melden k\u00f6nnen&#8230;.<\/p>\n\t\t\t\t\t\t\t\t<\/div>\n\t\t\t\t<\/div>\n\t\t\t\t\t<\/div>\n\t\t\t\t<\/div>\n\t\t<div class=\"elementor-element elementor-element-2308d14 e-con-full e-flex e-con e-child\" data-id=\"2308d14\" data-element_type=\"container\" data-e-type=\"container\">\n\t\t\t\t<div class=\"elementor-element elementor-element-e74b616 elementor-widget elementor-widget-image\" data-id=\"e74b616\" data-element_type=\"widget\" data-e-type=\"widget\" data-widget_type=\"image.default\">\n\t\t\t\t<div class=\"elementor-widget-container\">\n\t\t\t\t\t\t\t\t\t\t\t\t\t\t\t<img decoding=\"async\" width=\"775\" height=\"1024\" src=\"https:\/\/mantum.se\/wp-content\/uploads\/2022\/01\/omlast4-Large-775x1024.png\" class=\"attachment-large size-large wp-image-1892\" alt=\"\" srcset=\"https:\/\/mantum.se\/wp-content\/uploads\/2022\/01\/omlast4-Large-775x1024.png 775w, https:\/\/mantum.se\/wp-content\/uploads\/2022\/01\/omlast4-Large-600x793.png 600w, https:\/\/mantum.se\/wp-content\/uploads\/2022\/01\/omlast4-Large-227x300.png 227w, https:\/\/mantum.se\/wp-content\/uploads\/2022\/01\/omlast4-Large-768x1015.png 768w, https:\/\/mantum.se\/wp-content\/uploads\/2022\/01\/omlast4-Large-1162x1536.png 1162w, https:\/\/mantum.se\/wp-content\/uploads\/2022\/01\/omlast4-Large-700x925.png 700w, https:\/\/mantum.se\/wp-content\/uploads\/2022\/01\/omlast4-Large.png 1341w\" sizes=\"(max-width: 775px) 100vw, 775px\" \/>\t\t\t\t\t\t\t\t\t\t\t\t\t\t\t<\/div>\n\t\t\t\t<\/div>\n\t\t\t\t<div class=\"elementor-element elementor-element-3bb17f4 elementor-widget elementor-widget-text-editor\" data-id=\"3bb17f4\" data-element_type=\"widget\" data-e-type=\"widget\" data-widget_type=\"text-editor.default\">\n\t\t\t\t<div class=\"elementor-widget-container\">\n\t\t\t\t\t\t\t\t\t<p><strong>Umschlagplatz<\/strong><\/p>\n<p>Die heutige Gesellschaft ist durch ein hohes Ma\u00df an Umweltbewusstsein gekennzeichnet, und sowohl Unternehmen als auch Privatpersonen besch\u00e4ftigen sich mit dem Sortieren und Recyceln. Mantum ist der offensichtliche Partner, wenn es um den Umweltschutz geht..<span style=\"text-align: var(--text-align);\">.<\/span><\/p>\n\t\t\t\t\t\t\t\t<\/div>\n\t\t\t\t<\/div>\n\t\t\t\t<\/div>\n\t\t\t\t\t<\/div>\n\t\t\t\t<\/div>\n\t\t<div class=\"elementor-element elementor-element-91c876b e-flex e-con-boxed e-con e-parent\" data-id=\"91c876b\" data-element_type=\"container\" data-e-type=\"container\">\n\t\t\t\t\t<div class=\"e-con-inner\">\n\t\t<div class=\"elementor-element elementor-element-2568448 e-flex e-con-boxed e-con e-child\" data-id=\"2568448\" data-element_type=\"container\" data-e-type=\"container\">\n\t\t\t\t\t<div class=\"e-con-inner\">\n\t\t\t\t<div class=\"elementor-element elementor-element-76d1ace elementor-widget elementor-widget-image\" data-id=\"76d1ace\" data-element_type=\"widget\" data-e-type=\"widget\" data-widget_type=\"image.default\">\n\t\t\t\t<div class=\"elementor-widget-container\">\n\t\t\t\t\t\t\t\t\t\t\t\t\t\t\t<img loading=\"lazy\" decoding=\"async\" width=\"775\" height=\"1024\" src=\"https:\/\/mantum.se\/wp-content\/uploads\/2022\/01\/spol-775x1024.jpg\" class=\"attachment-large size-large wp-image-3434\" alt=\"\" srcset=\"https:\/\/mantum.se\/wp-content\/uploads\/2022\/01\/spol-775x1024.jpg 775w, https:\/\/mantum.se\/wp-content\/uploads\/2022\/01\/spol-600x793.jpg 600w, https:\/\/mantum.se\/wp-content\/uploads\/2022\/01\/spol-227x300.jpg 227w, https:\/\/mantum.se\/wp-content\/uploads\/2022\/01\/spol-768x1015.jpg 768w, https:\/\/mantum.se\/wp-content\/uploads\/2022\/01\/spol-1162x1536.jpg 1162w, https:\/\/mantum.se\/wp-content\/uploads\/2022\/01\/spol-700x925.jpg 700w, https:\/\/mantum.se\/wp-content\/uploads\/2022\/01\/spol.jpg 1341w\" sizes=\"(max-width: 775px) 100vw, 775px\" \/>\t\t\t\t\t\t\t\t\t\t\t\t\t\t\t<\/div>\n\t\t\t\t<\/div>\n\t\t\t\t<div class=\"elementor-element elementor-element-2250d72 elementor-widget elementor-widget-text-editor\" data-id=\"2250d72\" data-element_type=\"widget\" data-e-type=\"widget\" data-widget_type=\"text-editor.default\">\n\t\t\t\t<div class=\"elementor-widget-container\">\n\t\t\t\t\t\t\t\t\t<p><strong>Schlammsaugung und Hochdrucksp\u00fclung<\/strong><\/p>\n<p>Mantum bietet komplette Dienstleistungen im Bereich der Schlammabsaugung und Hochdrucksp\u00fclung an. Die Mittel sind f\u00fcr alle m\u00f6glichen Engagements in diesem Bereich geeignet. Unsere Dienstleistungen richten sich an Kommunen, Unternehmen und Privatpersonen. Die Durchf\u00fchrung von Schlammsaug- und Hochdrucksp\u00fclarbeiten stellt hohe Anforderungen an Fahrzeuge und Fahrer. Diese Dienstleistungen werden durch hochtechnische und leistungsstarke Ger\u00e4te erm\u00f6glicht und erfordern eine gute Ausbildung und Pr\u00e4zision des Personals bei der Ausf\u00fchrung. Unser Fuhrpark besteht aus Saugwagen, Sp\u00fclwagen, kombinierten Saug- und Sp\u00fclwagen und Trockensaugwagen.<\/p>\n<p>.<\/p>\n\t\t\t\t\t\t\t\t<\/div>\n\t\t\t\t<\/div>\n\t\t\t\t\t<\/div>\n\t\t\t\t<\/div>\n\t\t<div class=\"elementor-element elementor-element-dfa033b e-flex e-con-boxed e-con e-child\" data-id=\"dfa033b\" data-element_type=\"container\" data-e-type=\"container\">\n\t\t\t\t\t<div class=\"e-con-inner\">\n\t\t\t\t<div class=\"elementor-element elementor-element-ac004fe elementor-widget elementor-widget-image\" data-id=\"ac004fe\" data-element_type=\"widget\" data-e-type=\"widget\" data-widget_type=\"image.default\">\n\t\t\t\t<div class=\"elementor-widget-container\">\n\t\t\t\t\t\t\t\t\t\t\t\t\t\t\t<img loading=\"lazy\" decoding=\"async\" width=\"775\" height=\"1024\" src=\"https:\/\/mantum.se\/wp-content\/uploads\/2022\/01\/container.jpg\" class=\"attachment-large size-large wp-image-3435\" alt=\"\" srcset=\"https:\/\/mantum.se\/wp-content\/uploads\/2022\/01\/container.jpg 775w, https:\/\/mantum.se\/wp-content\/uploads\/2022\/01\/container-600x793.jpg 600w, https:\/\/mantum.se\/wp-content\/uploads\/2022\/01\/container-227x300.jpg 227w, https:\/\/mantum.se\/wp-content\/uploads\/2022\/01\/container-768x1015.jpg 768w, https:\/\/mantum.se\/wp-content\/uploads\/2022\/01\/container-700x925.jpg 700w\" sizes=\"(max-width: 775px) 100vw, 775px\" \/>\t\t\t\t\t\t\t\t\t\t\t\t\t\t\t<\/div>\n\t\t\t\t<\/div>\n\t\t\t\t<div class=\"elementor-element elementor-element-e056543 elementor-widget elementor-widget-text-editor\" data-id=\"e056543\" data-element_type=\"widget\" data-e-type=\"widget\" data-widget_type=\"text-editor.default\">\n\t\t\t\t<div class=\"elementor-widget-container\">\n\t\t\t\t\t\t\t\t\t<p><strong style=\"text-align: var(--text-align);\">Buchen Sie einen Container<\/strong><\/p>\n<p><span style=\"text-align: var(--text-align);\">Wenn Sie gro\u00dfe Mengen an Abfall entsorgen m\u00fcssen, sind Container in der Regel die bequemste und zeitsparendste L\u00f6sung. Mantum stellt verschiedene Arten von Containern und Beh\u00e4ltern zur Verf\u00fcgung, vor\u00fcbergehend oder f\u00fcr einen l\u00e4ngeren Zeitraum, die wir dann bei Bedarf leeren oder abholen. Die Abf\u00e4lle k\u00f6nnen aus nur einer Art von Material bestehen oder gemischt sein.<\/span><\/p>\n<p><span style=\"text-align: var(--text-align);\"> <\/span><\/p>\n\t\t\t\t\t\t\t\t<\/div>\n\t\t\t\t<\/div>\n\t\t\t\t\t<\/div>\n\t\t\t\t<\/div>\n\t\t<div class=\"elementor-element elementor-element-836b0d7 e-con-full e-flex e-con e-child\" data-id=\"836b0d7\" data-element_type=\"container\" data-e-type=\"container\">\n\t\t\t\t<div class=\"elementor-element elementor-element-e439f33 elementor-widget elementor-widget-image\" data-id=\"e439f33\" data-element_type=\"widget\" data-e-type=\"widget\" data-widget_type=\"image.default\">\n\t\t\t\t<div class=\"elementor-widget-container\">\n\t\t\t\t\t\t\t\t\t\t\t\t\t\t\t<img loading=\"lazy\" decoding=\"async\" width=\"775\" height=\"1024\" src=\"https:\/\/mantum.se\/wp-content\/uploads\/2022\/01\/sack-775x1024.jpg\" class=\"attachment-large size-large wp-image-3433\" alt=\"\" srcset=\"https:\/\/mantum.se\/wp-content\/uploads\/2022\/01\/sack-775x1024.jpg 775w, https:\/\/mantum.se\/wp-content\/uploads\/2022\/01\/sack-600x793.jpg 600w, https:\/\/mantum.se\/wp-content\/uploads\/2022\/01\/sack-227x300.jpg 227w, https:\/\/mantum.se\/wp-content\/uploads\/2022\/01\/sack-768x1015.jpg 768w, https:\/\/mantum.se\/wp-content\/uploads\/2022\/01\/sack-1162x1536.jpg 1162w, https:\/\/mantum.se\/wp-content\/uploads\/2022\/01\/sack-700x925.jpg 700w, https:\/\/mantum.se\/wp-content\/uploads\/2022\/01\/sack.jpg 1341w\" sizes=\"(max-width: 775px) 100vw, 775px\" \/>\t\t\t\t\t\t\t\t\t\t\t\t\t\t\t<\/div>\n\t\t\t\t<\/div>\n\t\t\t\t<div class=\"elementor-element elementor-element-e5b0cd0 elementor-widget elementor-widget-text-editor\" data-id=\"e5b0cd0\" data-element_type=\"widget\" data-e-type=\"widget\" data-widget_type=\"text-editor.default\">\n\t\t\t\t<div class=\"elementor-widget-container\">\n\t\t\t\t\t\t\t\t\t<p><strong style=\"text-align: var(--text-align);\">Buchen Sie eine gro\u00dfe Tasche<\/strong><\/p>\n<p><span style=\"text-align: var(--text-align);\">Wenn es um Abfall geht, ist der Big Bag von Mantum eine gute Wahl. Vielleicht haben Sie etwas weniger Abfall, als in einen Container passen w\u00fcrde? Oder sind Sie es leid, Ihren Abfall \u00fcber die Recyclingzentren Ihrer Gemeinde zu entsorgen? Der Big Bag ist eine praktische L\u00f6sung f\u00fcr Umz\u00fcge, die Reinigung von Lagerr\u00e4umen und Garagen, Renovierungen und Erweiterungen oder Gartenarbeiten.<\/span><\/p>\n\t\t\t\t\t\t\t\t<\/div>\n\t\t\t\t<\/div>\n\t\t\t\t<\/div>\n\t\t\t\t\t<\/div>\n\t\t\t\t<\/div>\n\t\t\t\t<\/div>\n\t\t","protected":false},"excerpt":{"rendered":"<p>Die Dienstleistungen von Mantum Entreprenad geh\u00f6ren zum Kernbereich unseres Gesch\u00e4fts, in dem wir seit langem f\u00fchrend in der Region sind. Auftr\u00e4ge im Baugewerbe stellen hohe Anforderungen, die wir erf\u00fcllen. Unsere Fahrer verf\u00fcgen \u00fcber eine entsprechende Ausbildung und alle Fahrzeuge \u00fcber die erforderlichen Lizenzen. Bei Mantum erhalten Sie effektive L\u00f6sungen, die mit einem starken pers\u00f6nlichen Engagement geliefert werden.<\/p>\n","protected":false},"author":1,"featured_media":0,"parent":0,"menu_order":0,"comment_status":"closed","ping_status":"closed","template":"","meta":{"footnotes":""},"class_list":["post-3426","page","type-page","status-publish","hentry"],"_links":{"self":[{"href":"https:\/\/mantum.se\/de\/wp-json\/wp\/v2\/pages\/3426","targetHints":{"allow":["GET"]}}],"collection":[{"href":"https:\/\/mantum.se\/de\/wp-json\/wp\/v2\/pages"}],"about":[{"href":"https:\/\/mantum.se\/de\/wp-json\/wp\/v2\/types\/page"}],"author":[{"embeddable":true,"href":"https:\/\/mantum.se\/de\/wp-json\/wp\/v2\/users\/1"}],"replies":[{"embeddable":true,"href":"https:\/\/mantum.se\/de\/wp-json\/wp\/v2\/comments?post=3426"}],"version-history":[{"count":1,"href":"https:\/\/mantum.se\/de\/wp-json\/wp\/v2\/pages\/3426\/revisions"}],"predecessor-version":[{"id":3437,"href":"https:\/\/mantum.se\/de\/wp-json\/wp\/v2\/pages\/3426\/revisions\/3437"}],"wp:attachment":[{"href":"https:\/\/mantum.se\/de\/wp-json\/wp\/v2\/media?parent=3426"}],"curies":[{"name":"wp","href":"https:\/\/api.w.org\/{rel}","templated":true}]}}