{"id":3423,"date":"2020-10-05T07:59:25","date_gmt":"2020-10-05T07:59:25","guid":{"rendered":"https:\/\/mantum.se\/kontakt-bau-umwelt\/"},"modified":"2020-10-05T07:59:25","modified_gmt":"2020-10-05T07:59:25","slug":"kontakt-bau-umwelt","status":"publish","type":"page","link":"https:\/\/mantum.se\/de\/kontakt-bau-umwelt\/","title":{"rendered":"Kontakt Bau &amp; Umwelt"},"content":{"rendered":"<h5 style=\"text-align: left;\">Einrichtung<\/h5>\n<p>Telefon: 0340-54 55 20<br \/>\n<a href=\"mailto:entreprenad@mantum.se\">entreprenad@mantum.se<\/a><\/p>\n<h5 style=\"text-align: left;\">Umwelt<\/h5>\n<p>Telefon: 0340-54 55 40<a href=\"mailto:miljo@mantum.se\"><br \/>\n<\/a><a href=\"mailto:mantum2@mantum.se\">mantum2@mantum.se<\/a><\/p>\n<h5 style=\"text-align: left;\">Schlammentfernung<\/h5>\n<p><strong>Varberg &amp; Falkenberg-Hotline<\/strong><br \/>\nTelefon: 070-545 70 44<br \/>\n<strong>Telefonnummer der Gemeinde Mark<\/strong><br \/>\nTel: 033-10 70 50<\/p>\n<h5>Hier finden Sie<\/h5>\n<p><strong>Hauptgesch\u00e4ftsstelle<br \/>\n<\/strong>Varberg<strong><br \/>\n<\/strong>Vagnv\u00e4gen 11<br \/>\n432 32 VARBERG<br \/>\n0340-54 55 00<br \/>\ninfo@mantum.se\u00d6ppettider<strong><br \/>\n Montag-Freitag 8:00-17:00<\/strong><a href=\"https:\/\/sajtprojekt.se\/mantum\/kontakta-mantum\"><br \/>\n  <b>Klicken Sie hier, um die \u00d6ffnungszeiten der Telefonzentrale an Feiertagen zu sehen.<\/b><br \/>\n<\/a><\/p>\n<h5>Verwaltung<\/h5>\n<p><strong>CEO<br \/>\n<\/strong>Greger Str\u00f6mqvist<br \/>\n0340-54 55 01<br \/>\n<a href=\"mailto:%20greger.stromqvist@mantum.se\">greger.stromqvist@mantum.se<\/a><strong><br \/>\n<\/strong><strong>Gesch\u00e4ftsbereichsleiter<\/strong><br \/>\nRasmus Str\u00f6mqvist<br \/>\n0709-49 00 66<br \/>\n<a href=\"mailto:rasmus.stromqvist@mantum.se\">rasmus.stromqvist@mantum.se<\/a><\/p>\n<h5>Kundenbetreuung<\/h5>\n<p><strong>Kundenbetreuung<\/strong><br \/>\nFrida Str\u00f6mqvist<br \/>\n0340-54 55 64<br \/>\n<a href=\"mailto:%20frida.stromqvist@mantum.se\">frida.stromqvist@mantum.se<\/a><\/p>\n<h5>Verkehrsmanagement<\/h5>\n<p><strong>VARBERG<\/strong><strong>Baufahrzeuge &amp; Kranwagen<\/strong><br \/>\nJessica Lyckesk\u00e4r<br \/>\n0340-54 55 26<br \/>\n<a href=\"mailto:elis.carlsson@mantum.se\">jessica.lyckeskar@mantum.se<\/a><strong>Container<\/strong><br \/>\nMagnus Carlsson<br \/>\n0340-54 55 22<br \/>\n<a href=\"mailto:magnus.carlsson@mantum.se\">magnus.carlsson@mantum.se<\/a><strong>GOTHENBURG<\/strong><strong>Verkehrs\u00fcberwacher<\/strong><br \/>\nBj\u00f6rn Lunneborg<br \/>\n031-757 15 40<br \/>\n<a href=\"mailto:bjorn.lunneborg@mantum.se\">bjorn.lunneborg@mantum.se<\/a><\/p>\n","protected":false},"excerpt":{"rendered":"<p>Einrichtung Telefon: 0340-54 55 20 entreprenad@mantum.se Umwelt Telefon: 0340-54 55 40 mantum2@mantum.se Schlammentfernung Varberg &amp; Falkenberg-Hotline Telefon: 070-545 70 44 Telefonnummer der Gemeinde Mark Tel: 033-10 70 50 Hier finden Sie Hauptgesch\u00e4ftsstelle Varberg Vagnv\u00e4gen 11 432 32 VARBERG 0340-54 55 00 info@mantum.se\u00d6ppettider Montag-Freitag 8:00-17:00 Klicken Sie hier, um die \u00d6ffnungszeiten der Telefonzentrale an Feiertagen zu [&hellip;]<\/p>\n","protected":false},"author":2,"featured_media":0,"parent":0,"menu_order":0,"comment_status":"closed","ping_status":"closed","template":"","meta":{"footnotes":""},"class_list":["post-3423","page","type-page","status-publish","hentry"],"_links":{"self":[{"href":"https:\/\/mantum.se\/de\/wp-json\/wp\/v2\/pages\/3423","targetHints":{"allow":["GET"]}}],"collection":[{"href":"https:\/\/mantum.se\/de\/wp-json\/wp\/v2\/pages"}],"about":[{"href":"https:\/\/mantum.se\/de\/wp-json\/wp\/v2\/types\/page"}],"author":[{"embeddable":true,"href":"https:\/\/mantum.se\/de\/wp-json\/wp\/v2\/users\/2"}],"replies":[{"embeddable":true,"href":"https:\/\/mantum.se\/de\/wp-json\/wp\/v2\/comments?post=3423"}],"version-history":[{"count":0,"href":"https:\/\/mantum.se\/de\/wp-json\/wp\/v2\/pages\/3423\/revisions"}],"wp:attachment":[{"href":"https:\/\/mantum.se\/de\/wp-json\/wp\/v2\/media?parent=3423"}],"curies":[{"name":"wp","href":"https:\/\/api.w.org\/{rel}","templated":true}]}}