{"id":3420,"date":"2020-09-28T13:06:39","date_gmt":"2020-09-28T13:06:39","guid":{"rendered":"https:\/\/mantum.se\/umschlagplatz\/"},"modified":"2023-10-30T12:41:08","modified_gmt":"2023-10-30T12:41:08","slug":"umschlagplatz","status":"publish","type":"page","link":"https:\/\/mantum.se\/de\/umschlagplatz\/","title":{"rendered":"Umschlagplatz"},"content":{"rendered":"\t\t<div data-elementor-type=\"wp-page\" data-elementor-id=\"3420\" class=\"elementor elementor-3420 elementor-608\" data-elementor-post-type=\"page\">\n\t\t\t\t<div class=\"elementor-element elementor-element-2ff44ff e-flex e-con-boxed e-con e-parent\" data-id=\"2ff44ff\" data-element_type=\"container\" data-e-type=\"container\">\n\t\t\t\t\t<div class=\"e-con-inner\">\n\t\t<div class=\"elementor-element elementor-element-ca3e512 e-flex e-con-boxed e-con e-child\" data-id=\"ca3e512\" data-element_type=\"container\" data-e-type=\"container\">\n\t\t\t\t\t<div class=\"e-con-inner\">\n\t\t\t\t<div class=\"elementor-element elementor-element-cd5b225 elementor-widget elementor-widget-text-editor\" data-id=\"cd5b225\" data-element_type=\"widget\" data-e-type=\"widget\" data-widget_type=\"text-editor.default\">\n\t\t\t\t<div class=\"elementor-widget-container\">\n\t\t\t\t\t\t\t\t\t<p><strong>Umschlagbahnhof Vagnv\u00e4gen Varberg<\/strong><\/p>\n<p>Mantum nimmt Ihren Abfall an, egal ob Sie ihn sortiert oder unsortiert anliefern. Wir wiegen den Abfall, sortieren ihn und f\u00fchren ihn dem Recycling oder der Verbrennung zu. Wir bieten auch einen kompletten Containerverleih- und Entleerungsservice an.<\/p>\n<p>Die Anlage ist f\u00fcr Gesch\u00e4ftskunden werktags zwischen 07:00-16:00 Uhr ge\u00f6ffnet<strong>.<\/strong><\/p>\n<p>Die Abfallbewirtschaftung wird immer komplexer und nimmt daher mehr Zeit in Anspruch, Zeit, die auf Baustellen oft nicht zur Verf\u00fcgung steht und wo enge Zeitpl\u00e4ne eingehalten werden m\u00fcssen. Um Ihnen eine faire Chance zu geben, Ihre Bauabf\u00e4lle effizient zu verwalten, bietet Mantum einen Service an, bei dem wir einen ganzheitlichen Ansatz f\u00fcr Ihr Abfallmanagement und Recycling verfolgen. Wir finden L\u00f6sungen, die Ihre t\u00e4gliche Arbeit so wenig wie m\u00f6glich beeintr\u00e4chtigen. Das bedeutet f\u00fcr Sie mehr Effizienz und eine bessere Gesamtwirtschaftlichkeit. Wir wollen, dass sich sowohl die Bauwirtschaft als auch die Umwelt als Gewinner sehen!<\/p>\n<p>Bei der Abfalltrennung gibt es selten eine Universall\u00f6sung, aber wir gehen immer von Ihrer Realit\u00e4t und Ihren Bed\u00fcrfnissen aus. Dank unserer bew\u00e4hrten Verfahren und unserer eigenen Umweltanlage k\u00f6nnen wir die volle Verantwortung f\u00fcr Ihr Abfallmanagement \u00fcbernehmen. Wir optimieren Ihre Sortierung und minimieren die Mengen, die auf einer teuren Deponie abgelagert werden<strong>.<\/strong><\/p>\n<p>Interessieren Sie sich f\u00fcr unsere anderen Abfallmanagementsysteme oder daf\u00fcr, wie wir uns an Ihre Bed\u00fcrfnisse anpassen k\u00f6nnen?<\/p>\n<p>Setzen Sie sich mit uns in Verbindung, und wir werden Ihnen gerne mehr erkl\u00e4ren: 0340-54 55 40.<\/p>\n\t\t\t\t\t\t\t\t<\/div>\n\t\t\t\t<\/div>\n\t\t\t\t\t<\/div>\n\t\t\t\t<\/div>\n\t\t<div class=\"elementor-element elementor-element-c4d76b8 e-flex e-con-boxed e-con e-child\" data-id=\"c4d76b8\" data-element_type=\"container\" data-e-type=\"container\">\n\t\t\t\t\t<div class=\"e-con-inner\">\n\t\t\t\t<div class=\"elementor-element elementor-element-9a46fd2 elementor-widget elementor-widget-image\" data-id=\"9a46fd2\" data-element_type=\"widget\" data-e-type=\"widget\" data-widget_type=\"image.default\">\n\t\t\t\t<div class=\"elementor-widget-container\">\n\t\t\t\t\t\t\t\t\t\t\t\t\t\t\t<img fetchpriority=\"high\" decoding=\"async\" width=\"683\" height=\"1024\" src=\"https:\/\/mantum.se\/wp-content\/uploads\/2021\/12\/omlast-Large-683x1024.png\" class=\"attachment-large size-large wp-image-3412\" alt=\"\" srcset=\"https:\/\/mantum.se\/wp-content\/uploads\/2021\/12\/omlast-Large-683x1024.png 683w, https:\/\/mantum.se\/wp-content\/uploads\/2021\/12\/omlast-Large-600x900.png 600w, https:\/\/mantum.se\/wp-content\/uploads\/2021\/12\/omlast-Large-200x300.png 200w, https:\/\/mantum.se\/wp-content\/uploads\/2021\/12\/omlast-Large-700x1050.png 700w, https:\/\/mantum.se\/wp-content\/uploads\/2021\/12\/omlast-Large.png 720w\" sizes=\"(max-width: 683px) 100vw, 683px\" \/>\t\t\t\t\t\t\t\t\t\t\t\t\t\t\t<\/div>\n\t\t\t\t<\/div>\n\t\t\t\t\t<\/div>\n\t\t\t\t<\/div>\n\t\t\t\t\t<\/div>\n\t\t\t\t<\/div>\n\t\t<div class=\"elementor-element elementor-element-066dd53 e-con-full e-flex e-con e-parent\" data-id=\"066dd53\" data-element_type=\"container\" data-e-type=\"container\" data-settings=\"{&quot;background_background&quot;:&quot;classic&quot;}\">\n\t\t\t\t<div class=\"elementor-element elementor-element-ba8cff7 elementor-widget elementor-widget-heading\" data-id=\"ba8cff7\" data-element_type=\"widget\" data-e-type=\"widget\" data-widget_type=\"heading.default\">\n\t\t\t\t<div class=\"elementor-widget-container\">\n\t\t\t\t\t<h2 class=\"elementor-heading-title elementor-size-default\">Kontakt zu Mantum Entreprenad<\/h2>\t\t\t\t<\/div>\n\t\t\t\t<\/div>\n\t\t\t\t<\/div>\n\t\t<div class=\"elementor-element elementor-element-3a6dbe2 e-flex e-con-boxed e-con e-parent\" data-id=\"3a6dbe2\" data-element_type=\"container\" data-e-type=\"container\">\n\t\t\t\t\t<div class=\"e-con-inner\">\n\t\t<div class=\"elementor-element elementor-element-6da5d78 e-flex e-con-boxed e-con e-child\" data-id=\"6da5d78\" data-element_type=\"container\" data-e-type=\"container\">\n\t\t\t\t\t<div class=\"e-con-inner\">\n\t\t\t\t<div class=\"elementor-element elementor-element-72f8444 elementor-widget elementor-widget-text-editor\" data-id=\"72f8444\" data-element_type=\"widget\" data-e-type=\"widget\" data-widget_type=\"text-editor.default\">\n\t\t\t\t<div class=\"elementor-widget-container\">\n\t\t\t\t\t\t\t\t\t<h4 style=\"text-align: center;\">Einrichtung<\/h4>\n<p style=\"text-align: center;\">Telefon: 0340-54 55 20<br \/><a href=\"mailto:entreprenad@mantum.se\">entreprenad@mantum.se<\/a><\/p>\n<p style=\"text-align: center;\">\n\t\t\t\t\t\t\t\t<\/div>\n\t\t\t\t<\/div>\n\t\t\t\t\t<\/div>\n\t\t\t\t<\/div>\n\t\t<div class=\"elementor-element elementor-element-fa72d3c e-flex e-con-boxed e-con e-child\" data-id=\"fa72d3c\" data-element_type=\"container\" data-e-type=\"container\">\n\t\t\t\t\t<div class=\"e-con-inner\">\n\t\t\t\t<div class=\"elementor-element elementor-element-e73a7ed elementor-widget elementor-widget-text-editor\" data-id=\"e73a7ed\" data-element_type=\"widget\" data-e-type=\"widget\" data-widget_type=\"text-editor.default\">\n\t\t\t\t<div class=\"elementor-widget-container\">\n\t\t\t\t\t\t\t\t\t<h4 style=\"text-align: center;\">Umwelt<\/h4>\n<p style=\"text-align: center;\">Tel: 0340-54 55 40<a href=\"mailto:miljo@mantum.se\"><br \/>\n  <br \/>\n<\/a><a href=\"mailto:mantum2@mantum.se\">miljo@mantum.se<\/a><\/p>\n\t\t\t\t\t\t\t\t<\/div>\n\t\t\t\t<\/div>\n\t\t\t\t\t<\/div>\n\t\t\t\t<\/div>\n\t\t<div class=\"elementor-element elementor-element-689eece e-flex e-con-boxed e-con e-child\" data-id=\"689eece\" data-element_type=\"container\" data-e-type=\"container\">\n\t\t\t\t\t<div class=\"e-con-inner\">\n\t\t\t\t<div class=\"elementor-element elementor-element-0c9d150 elementor-widget elementor-widget-text-editor\" data-id=\"0c9d150\" data-element_type=\"widget\" data-e-type=\"widget\" data-widget_type=\"text-editor.default\">\n\t\t\t\t<div class=\"elementor-widget-container\">\n\t\t\t\t\t\t\t\t\t<h4 style=\"text-align: center;\">Schlammentfernung<\/h4>\n<p style=\"text-align: center;\">Varberg &amp; Falkenberg-Hotline<\/p>\n<p style=\"text-align: center;\">Telefon: 070 545 70 44<\/p>\n\t\t\t\t\t\t\t\t<\/div>\n\t\t\t\t<\/div>\n\t\t\t\t\t<\/div>\n\t\t\t\t<\/div>\n\t\t\t\t\t<\/div>\n\t\t\t\t<\/div>\n\t\t\t\t<\/div>\n\t\t","protected":false},"excerpt":{"rendered":"<p>Die Umladestation von Mantum befindet sich am Vagnv\u00e4gen 11 in Varberg. Hier f\u00fchren wir eine umfassende und umweltfreundliche Sortierung und Aufbereitung von Bauschutt durch.<\/p>\n","protected":false},"author":2,"featured_media":0,"parent":0,"menu_order":0,"comment_status":"closed","ping_status":"closed","template":"","meta":{"footnotes":""},"class_list":["post-3420","page","type-page","status-publish","hentry"],"_links":{"self":[{"href":"https:\/\/mantum.se\/de\/wp-json\/wp\/v2\/pages\/3420","targetHints":{"allow":["GET"]}}],"collection":[{"href":"https:\/\/mantum.se\/de\/wp-json\/wp\/v2\/pages"}],"about":[{"href":"https:\/\/mantum.se\/de\/wp-json\/wp\/v2\/types\/page"}],"author":[{"embeddable":true,"href":"https:\/\/mantum.se\/de\/wp-json\/wp\/v2\/users\/2"}],"replies":[{"embeddable":true,"href":"https:\/\/mantum.se\/de\/wp-json\/wp\/v2\/comments?post=3420"}],"version-history":[{"count":1,"href":"https:\/\/mantum.se\/de\/wp-json\/wp\/v2\/pages\/3420\/revisions"}],"predecessor-version":[{"id":3427,"href":"https:\/\/mantum.se\/de\/wp-json\/wp\/v2\/pages\/3420\/revisions\/3427"}],"wp:attachment":[{"href":"https:\/\/mantum.se\/de\/wp-json\/wp\/v2\/media?parent=3420"}],"curies":[{"name":"wp","href":"https:\/\/api.w.org\/{rel}","templated":true}]}}