{"id":3401,"date":"2020-09-30T08:33:11","date_gmt":"2020-09-30T08:33:11","guid":{"rendered":"https:\/\/mantum.se\/internationaler-verkehr\/"},"modified":"2023-10-30T12:41:07","modified_gmt":"2023-10-30T12:41:07","slug":"internationaler-verkehr","status":"publish","type":"page","link":"https:\/\/mantum.se\/de\/internationaler-verkehr\/","title":{"rendered":"Internationaler Verkehr"},"content":{"rendered":"\t\t<div data-elementor-type=\"wp-page\" data-elementor-id=\"3401\" class=\"elementor elementor-3401 elementor-755\" data-elementor-post-type=\"page\">\n\t\t\t\t<div class=\"elementor-element elementor-element-ae2ffd7 e-flex e-con-boxed e-con e-parent\" data-id=\"ae2ffd7\" data-element_type=\"container\" data-e-type=\"container\">\n\t\t\t\t\t<div class=\"e-con-inner\">\n\t\t<div class=\"elementor-element elementor-element-aecaa2a e-flex e-con-boxed e-con e-child\" data-id=\"aecaa2a\" data-element_type=\"container\" data-e-type=\"container\">\n\t\t\t\t\t<div class=\"e-con-inner\">\n\t\t\t\t<div class=\"elementor-element elementor-element-ed93941 elementor-tabs-view-horizontal elementor-widget elementor-widget-tabs\" data-id=\"ed93941\" data-element_type=\"widget\" data-e-type=\"widget\" data-widget_type=\"tabs.default\">\n\t\t\t\t<div class=\"elementor-widget-container\">\n\t\t\t\t\t\t\t<div class=\"elementor-tabs\">\n\t\t\t<div class=\"elementor-tabs-wrapper\" role=\"tablist\" >\n\t\t\t\t\t\t\t\t\t<div id=\"elementor-tab-title-2491\" class=\"elementor-tab-title elementor-tab-desktop-title\" aria-selected=\"true\" data-tab=\"1\" role=\"tab\" tabindex=\"0\" aria-controls=\"elementor-tab-content-2491\" aria-expanded=\"false\">AUSLANDSVERKEHR<\/div>\n\t\t\t\t\t\t\t\t\t<div id=\"elementor-tab-title-2492\" class=\"elementor-tab-title elementor-tab-desktop-title\" aria-selected=\"false\" data-tab=\"2\" role=\"tab\" tabindex=\"-1\" aria-controls=\"elementor-tab-content-2492\" aria-expanded=\"false\">INTERNATIONAL  <br>TRANSPORT<\/div>\n\t\t\t\t\t\t\t\t\t<div id=\"elementor-tab-title-2493\" class=\"elementor-tab-title elementor-tab-desktop-title\" aria-selected=\"false\" data-tab=\"3\" role=\"tab\" tabindex=\"-1\" aria-controls=\"elementor-tab-content-2493\" aria-expanded=\"false\">AUSLAND<br>TRANSPORT<\/div>\n\t\t\t\t\t\t\t<\/div>\n\t\t\t<div class=\"elementor-tabs-content-wrapper\" role=\"tablist\" aria-orientation=\"vertical\">\n\t\t\t\t\t\t\t\t\t<div class=\"elementor-tab-title elementor-tab-mobile-title\" aria-selected=\"true\" data-tab=\"1\" role=\"tab\" tabindex=\"0\" aria-controls=\"elementor-tab-content-2491\" aria-expanded=\"false\">AUSLANDSVERKEHR<\/div>\n\t\t\t\t\t<div id=\"elementor-tab-content-2491\" class=\"elementor-tab-content elementor-clearfix\" data-tab=\"1\" role=\"tabpanel\" aria-labelledby=\"elementor-tab-title-2491\" tabindex=\"0\" hidden=\"false\"><p><strong>Internationaler Verkehr<\/strong><\/p>\n<p>Wir sind auf St\u00fcckgut und Teilladungen spezialisiert, \u00fcbernehmen aber auch Komplettladungen. Um eine flexible und ma\u00dfgeschneiderte Transportl\u00f6sung zu gew\u00e4hrleisten, haben wir uns daf\u00fcr entschieden, mit fahrergebundenem Verkehr zu arbeiten und die gesamte Verkehrsplanung selbst vorzunehmen, um immer zu wissen, wo sich die Ware befindet.<\/p>\n<p>Der Kunde hat von der Bestellung bis zur Lieferung immer denselben Ansprechpartner!<\/p>\n<p>Und bei uns k\u00f6nnen Sie die skandinavischen Sprachen, Englisch, Deutsch und Russisch sprechen.<\/p>\n<\/p>\n<p>Mantum ist Teil von IFA, einem europaweiten Netzwerk von Spediteuren, die erfolgreich zusammenarbeiten, um die Frachtstr\u00f6me der anderen zu optimieren.  <a href=\"http:\/\/www.ifa-forwarding.net.\/\" target=\"_blank\" rel=\"noopener noreferrer\">Klicken Sie hier, um mehr zu lesen.<\/a><\/p>\n<\/p>\n<p>Mit unserem eigenen Mantumtrailer f\u00fchren wir Import- und Exportgesch\u00e4fte von unserem Terminal in Varberg aus durch. Mit Abfahrten in beide Richtungen am Dienstag\/Mittwoch\/Freitag halten wir ein hohes Serviceniveau f\u00fcr unsere Kunden aufrecht.<\/p>\n<p>Mit unseren Partnern und Agenten decken wir Deutschland in seiner Gesamtheit ab. Wir haben auch eigene Vertreter in Venlo (Niederlande) und Antwerpen (Belgien).<\/p>\n<\/p>\n<p><strong>Einige unserer Partner und Agenten<\/strong><\/p>\n<p><strong><img decoding=\"async\" class=\"emoji\" role=\"img\" draggable=\"false\" src=\"https:\/\/s.w.org\/images\/core\/emoji\/13.1.0\/svg\/1f1e9-1f1ea.svg\" alt=\"\ud83c\udde9\ud83c\uddea\">  Deutschland<\/strong><\/p>\n<ul>\n<li>Gustav M\u00e4uler GmbH &amp; Co. KG,<strong> Remscheid<\/strong><\/li>\n<li>INSA Transport Speditions GmbH<strong>, Frankfurt\/M<\/strong><\/li>\n<li>Ritter Logistics GmbH, <strong>Langenhagen<\/strong><\/li>\n<\/ul>\n<p><strong><img decoding=\"async\" class=\"emoji\" role=\"img\" draggable=\"false\" src=\"https:\/\/s.w.org\/images\/core\/emoji\/13.1.0\/svg\/1f1e7-1f1ea.svg\" alt=\"\ud83c\udde7\ud83c\uddea\">  Belgien<\/strong><\/p>\n<ul>\n<li>Corneel Greerts Transport Gruppe<strong>, Antwerpen<\/strong><\/li>\n<\/ul>\n<p><strong><img decoding=\"async\" class=\"emoji\" role=\"img\" draggable=\"false\" src=\"https:\/\/s.w.org\/images\/core\/emoji\/13.1.0\/svg\/1f1f3-1f1f1.svg\" alt=\"\ud83c\uddf3\ud83c\uddf1\">  Holland<\/strong><\/p>\n<ul>\n<li>Jacob Meijer Forwarding B.V.,<strong> Venlo<\/strong><\/li>\n<\/ul>\n<\/div>\n\t\t\t\t\t\t\t\t\t<div class=\"elementor-tab-title elementor-tab-mobile-title\" aria-selected=\"false\" data-tab=\"2\" role=\"tab\" tabindex=\"-1\" aria-controls=\"elementor-tab-content-2492\" aria-expanded=\"false\">INTERNATIONAL  <br>TRANSPORT<\/div>\n\t\t\t\t\t<div id=\"elementor-tab-content-2492\" class=\"elementor-tab-content elementor-clearfix\" data-tab=\"2\" role=\"tabpanel\" aria-labelledby=\"elementor-tab-title-2492\" tabindex=\"0\" hidden=\"hidden\"><p><strong>Internationaler Verkehr<\/strong><\/p>\n<p>Wir sind spezialisiert auf Sammelgut und Teilladungen. Wir haben auch L\u00f6sungen f\u00fcr volle Anh\u00e4ngerladungen.<\/p>\n<p>Um eine flexible und dennoch kundenorientierte Transportl\u00f6sung zu gew\u00e4hrleisten, arbeiten wir mit innerbetrieblicher Planung und fahrergebundenem Transport. Dies f\u00fchrt zu einer hohen Liefergenauigkeit und einer vollst\u00e4ndigen Kontrolle \u00fcber die Sendungen. Das bedeutet auch, dass Sie als Kunde von der Bestellung bis zur Lieferung immer denselben Ansprechpartner haben.<\/p>\n<p>Wir sprechen die skandinavischen Sprachen, Englisch, Deutsch und Russisch.<\/p>\n<\/p>\n<p>Mantum ist Teil von IFA, einem europ\u00e4ischen Netzwerk von Spediteuren, das es uns erm\u00f6glicht, unsere Sendungen gegenseitig effizient und erfolgreich zu optimieren.  <a href=\"https:\/\/ifa-forwarding.net\/\">Bitte klicken Sie hier, um mehr zu lesen.<\/a><\/p>\n<p><strong> <\/strong><\/p>\n<p>Wir arbeiten mit unseren eigenen Trailern, sowohl im Import als auch im Export, von unserem eigenen Terminal in Varberg, Schweden. Wir haben Abfahrten in beide Richtungen dienstags, mittwochs und freitags. Und wir halten eine hohe Servicequalit\u00e4t gegen\u00fcber unseren Kunden aufrecht.<\/p>\n<p>Zusammen mit unseren Partnern decken wir ganz Deutschland, aber auch Teile von Venlo, Niederlande, und Antwerpen, Belgien, ab.<\/p>\n<p>Partner und Agenten:<\/p>\n<\/p>\n<p><strong><img decoding=\"async\" class=\"emoji\" role=\"img\" draggable=\"false\" src=\"https:\/\/s.w.org\/images\/core\/emoji\/13.1.0\/svg\/1f1e9-1f1ea.svg\" alt=\"\ud83c\udde9\ud83c\uddea\">  Deutschland<\/strong><\/p>\n<p>Gustav M\u00e4uler GmbH &amp; Co. KG, Remscheid<br \/>INSA Transport Speditions GmbH, Frankfurt \/ M<br \/>Ritter Logistics GmbH, Langenhagen<\/p>\n<p><strong><img decoding=\"async\" class=\"emoji\" role=\"img\" draggable=\"false\" src=\"https:\/\/s.w.org\/images\/core\/emoji\/13.1.0\/svg\/1f1e7-1f1ea.svg\" alt=\"\ud83c\udde7\ud83c\uddea\">  Belgien<\/strong><\/p>\n<p>Corneel Greerts Transport Gruppe, Antwerpen<\/p>\n<p><strong><img decoding=\"async\" class=\"emoji\" role=\"img\" draggable=\"false\" src=\"https:\/\/s.w.org\/images\/core\/emoji\/13.1.0\/svg\/1f1f3-1f1f1.svg\" alt=\"\ud83c\uddf3\ud83c\uddf1\">  Holland<\/strong><\/p>\n<p>Corneel Geerts Transport Gruppe, Venlo<\/p>\n<\/div>\n\t\t\t\t\t\t\t\t\t<div class=\"elementor-tab-title elementor-tab-mobile-title\" aria-selected=\"false\" data-tab=\"3\" role=\"tab\" tabindex=\"-1\" aria-controls=\"elementor-tab-content-2493\" aria-expanded=\"false\">AUSLAND<br>TRANSPORT<\/div>\n\t\t\t\t\t<div id=\"elementor-tab-content-2493\" class=\"elementor-tab-content elementor-clearfix\" data-tab=\"3\" role=\"tabpanel\" aria-labelledby=\"elementor-tab-title-2493\" tabindex=\"0\" hidden=\"hidden\"><p><strong>Internationaler Verkehr<\/strong><\/p>\n<p>Wir sind spezialisiert auf Sammelgut und Teilladungen, k\u00f6nnen aber auch L\u00f6sungen f\u00fcr Komplettladungen anbieten. Um eine flexible und ma\u00dfgeschneiderte Transportl\u00f6sung zu gew\u00e4hrleisten, haben wir uns f\u00fcr einen fahrerbasierten Transport entschieden. Wir \u00fcbernehmen die gesamte Transportplanung selbst, so dass wir immer wissen, wo sich die Waren befinden. Der Kunde hat also von der Bestellung bis zur Lieferung immer denselben Ansprechpartner! Wir sprechen die skandinavischen Sprachen, Englisch, Deutsch und Russisch.<\/p>\n<\/p>\n<p>Mantum ist Teil von IFA, einem europaweiten Netzwerk von Spediteuren, die erfolgreich zusammenarbeiten, um ihre Fracht gegenseitig zu optimieren.  <a href=\"https:\/\/ifa-forwarding.net\/\">Klicken Sie hier, um mehr zu lesen.<\/a><\/p>\n<\/p>\n<p>Mit unseren eigenen Mantum-Trailern f\u00fchren wir Import- und Exporttransporte von unserem Terminal in Varberg aus durch. Mit Abfahrten aus Deutschland und Schweden dienstags \/ mittwochs \/ freitags bieten wir unseren Kunden ein hohes Serviceniveau.<\/p>\n<p>Mit unseren Partnern und Agenten decken wir das gesamte Bundesgebiet ab. Wir haben auch unsere eigenen Vertreter in<\/p>\n<\/p>\n<p><strong><img decoding=\"async\" class=\"emoji\" role=\"img\" draggable=\"false\" src=\"https:\/\/s.w.org\/images\/core\/emoji\/13.1.0\/svg\/1f1e9-1f1ea.svg\" alt=\"\ud83c\udde9\ud83c\uddea\">  Deutschland<\/strong><\/p>\n<p>Gustav M\u00e4uler GmbH &amp; Co. KG, Remscheid<br \/>INSA Transport Speditions GmbH, Frankfurt \/ M<br \/>Ritter Logistics GmbH, Langenhagen<\/p>\n<p><strong><img decoding=\"async\" class=\"emoji\" role=\"img\" draggable=\"false\" src=\"https:\/\/s.w.org\/images\/core\/emoji\/13.1.0\/svg\/1f1e7-1f1ea.svg\" alt=\"\ud83c\udde7\ud83c\uddea\">  Belgien<\/strong><\/p>\n<p>Corneel Greerts Transport Gruppe, Antwerpen<\/p>\n<p><strong><img decoding=\"async\" class=\"emoji\" role=\"img\" draggable=\"false\" src=\"https:\/\/s.w.org\/images\/core\/emoji\/13.1.0\/svg\/1f1f3-1f1f1.svg\" alt=\"\ud83c\uddf3\ud83c\uddf1\">  Holland<\/strong><\/p>\n<p>Corneel Geerts Transport Gruppe, Venlo<\/p>\n<\/div>\n\t\t\t\t\t\t\t<\/div>\n\t\t<\/div>\n\t\t\t\t\t\t<\/div>\n\t\t\t\t<\/div>\n\t\t\t\t\t<\/div>\n\t\t\t\t<\/div>\n\t\t<div class=\"elementor-element elementor-element-33a58c5 e-flex e-con-boxed e-con e-child\" data-id=\"33a58c5\" data-element_type=\"container\" data-e-type=\"container\">\n\t\t\t\t\t<div class=\"e-con-inner\">\n\t\t\t\t<div class=\"elementor-element elementor-element-49a3a99 elementor-widget elementor-widget-image\" data-id=\"49a3a99\" data-element_type=\"widget\" data-e-type=\"widget\" data-widget_type=\"image.default\">\n\t\t\t\t<div class=\"elementor-widget-container\">\n\t\t\t\t\t\t\t\t\t\t\t\t\t\t\t<img fetchpriority=\"high\" decoding=\"async\" width=\"703\" height=\"1024\" src=\"https:\/\/mantum.se\/wp-content\/uploads\/2022\/03\/motorvag-Large-703x1024.jpg\" class=\"attachment-large size-large wp-image-3419\" alt=\"\" srcset=\"https:\/\/mantum.se\/wp-content\/uploads\/2022\/03\/motorvag-Large-703x1024.jpg 703w, https:\/\/mantum.se\/wp-content\/uploads\/2022\/03\/motorvag-Large-600x874.jpg 600w, https:\/\/mantum.se\/wp-content\/uploads\/2022\/03\/motorvag-Large-206x300.jpg 206w, https:\/\/mantum.se\/wp-content\/uploads\/2022\/03\/motorvag-Large-700x1020.jpg 700w, https:\/\/mantum.se\/wp-content\/uploads\/2022\/03\/motorvag-Large.jpg 741w\" sizes=\"(max-width: 703px) 100vw, 703px\" \/>\t\t\t\t\t\t\t\t\t\t\t\t\t\t\t<\/div>\n\t\t\t\t<\/div>\n\t\t\t\t\t<\/div>\n\t\t\t\t<\/div>\n\t\t\t\t\t<\/div>\n\t\t\t\t<\/div>\n\t\t<div class=\"elementor-element elementor-element-adc2021 e-con-full e-flex e-con e-parent\" data-id=\"adc2021\" data-element_type=\"container\" data-e-type=\"container\" data-settings=\"{&quot;background_background&quot;:&quot;classic&quot;}\">\n\t\t\t\t<div class=\"elementor-element elementor-element-3d704d3 elementor-widget elementor-widget-heading\" data-id=\"3d704d3\" data-element_type=\"widget\" data-e-type=\"widget\" data-widget_type=\"heading.default\">\n\t\t\t\t<div class=\"elementor-widget-container\">\n\t\t\t\t\t<h2 class=\"elementor-heading-title elementor-size-default\">Kontakt zu Mantum Logistic<\/h2>\t\t\t\t<\/div>\n\t\t\t\t<\/div>\n\t\t\t\t<\/div>\n\t\t<div class=\"elementor-element elementor-element-2a2eafe e-flex e-con-boxed e-con e-parent\" data-id=\"2a2eafe\" data-element_type=\"container\" data-e-type=\"container\">\n\t\t\t\t\t<div class=\"e-con-inner\">\n\t\t<div class=\"elementor-element elementor-element-a81108c e-flex e-con-boxed e-con e-child\" data-id=\"a81108c\" data-element_type=\"container\" data-e-type=\"container\">\n\t\t\t\t\t<div class=\"e-con-inner\">\n\t\t\t\t<div class=\"elementor-element elementor-element-d2c48ea elementor-widget elementor-widget-text-editor\" data-id=\"d2c48ea\" data-element_type=\"widget\" data-e-type=\"widget\" data-widget_type=\"text-editor.default\">\n\t\t\t\t<div class=\"elementor-widget-container\">\n\t\t\t\t\t\t\t\t\t<h4 style=\"text-align: left;\">Logistik<\/h4>\n<p style=\"text-align: left;\">Telefon: 0340-54 55 60<br \/><a href=\"mailto:logistics@mantum.se\">logistics@mantum.se<\/a><\/p>\n\t\t\t\t\t\t\t\t<\/div>\n\t\t\t\t<\/div>\n\t\t\t\t\t<\/div>\n\t\t\t\t<\/div>\n\t\t<div class=\"elementor-element elementor-element-45c0567 e-flex e-con-boxed e-con e-child\" data-id=\"45c0567\" data-element_type=\"container\" data-e-type=\"container\">\n\t\t\t\t\t<div class=\"e-con-inner\">\n\t\t\t\t<div class=\"elementor-element elementor-element-33818f4 elementor-widget elementor-widget-text-editor\" data-id=\"33818f4\" data-element_type=\"widget\" data-e-type=\"widget\" data-widget_type=\"text-editor.default\">\n\t\t\t\t<div class=\"elementor-widget-container\">\n\t\t\t\t\t\t\t\t\t<h4 style=\"text-align: center;\">Spedition und Transport<\/h4>\n<p style=\"text-align: center;\">Telefon: 0340-54 55 80<br \/><a href=\"mailto:international@mantum.se\">international@mantum.se<\/a><\/p>\n<p style=\"text-align: center;\"><a href=\"mailto:import@mantum.se\">import@mantum.se<\/a><\/p>\n<p style=\"text-align: center;\"><a href=\"mailto:export@mantum.se\">export@mantum.se<\/a><\/p>\n\t\t\t\t\t\t\t\t<\/div>\n\t\t\t\t<\/div>\n\t\t\t\t\t<\/div>\n\t\t\t\t<\/div>\n\t\t<div class=\"elementor-element elementor-element-4d4ca47 e-flex e-con-boxed e-con e-child\" data-id=\"4d4ca47\" data-element_type=\"container\" data-e-type=\"container\">\n\t\t\t\t\t<div class=\"e-con-inner\">\n\t\t\t\t<div class=\"elementor-element elementor-element-719d081 elementor-widget elementor-widget-text-editor\" data-id=\"719d081\" data-element_type=\"widget\" data-e-type=\"widget\" data-widget_type=\"text-editor.default\">\n\t\t\t\t<div class=\"elementor-widget-container\">\n\t\t\t\t\t\t\t\t\t<h4 style=\"text-align: center;\">Vertrieb<\/h4>\n<p style=\"text-align: center;\">Tel: 0340-54 55 66<a href=\"mailto:miljo@mantum.se\"><br \/>\n  <br \/>\n<\/a><a href=\"mailto:sales@mantum.se\">sales@mantum.se<\/a><\/p>\n\t\t\t\t\t\t\t\t<\/div>\n\t\t\t\t<\/div>\n\t\t\t\t\t<\/div>\n\t\t\t\t<\/div>\n\t\t\t\t\t<\/div>\n\t\t\t\t<\/div>\n\t\t\t\t<\/div>\n\t\t","protected":false},"excerpt":{"rendered":"<p>Mantum bef\u00f6rdert regelm\u00e4\u00dfig G\u00fcter per Lkw zwischen Schweden und Europa, vor allem in und aus den deutschsprachigen L\u00e4ndern.<\/p>\n","protected":false},"author":2,"featured_media":0,"parent":0,"menu_order":0,"comment_status":"closed","ping_status":"closed","template":"","meta":{"footnotes":""},"class_list":["post-3401","page","type-page","status-publish","hentry"],"_links":{"self":[{"href":"https:\/\/mantum.se\/de\/wp-json\/wp\/v2\/pages\/3401","targetHints":{"allow":["GET"]}}],"collection":[{"href":"https:\/\/mantum.se\/de\/wp-json\/wp\/v2\/pages"}],"about":[{"href":"https:\/\/mantum.se\/de\/wp-json\/wp\/v2\/types\/page"}],"author":[{"embeddable":true,"href":"https:\/\/mantum.se\/de\/wp-json\/wp\/v2\/users\/2"}],"replies":[{"embeddable":true,"href":"https:\/\/mantum.se\/de\/wp-json\/wp\/v2\/comments?post=3401"}],"version-history":[{"count":1,"href":"https:\/\/mantum.se\/de\/wp-json\/wp\/v2\/pages\/3401\/revisions"}],"predecessor-version":[{"id":3421,"href":"https:\/\/mantum.se\/de\/wp-json\/wp\/v2\/pages\/3401\/revisions\/3421"}],"wp:attachment":[{"href":"https:\/\/mantum.se\/de\/wp-json\/wp\/v2\/media?parent=3401"}],"curies":[{"name":"wp","href":"https:\/\/api.w.org\/{rel}","templated":true}]}}