{"id":3392,"date":"2020-10-04T16:21:26","date_gmt":"2020-10-04T16:21:26","guid":{"rendered":"https:\/\/mantum.se\/ueber-uns\/"},"modified":"2023-10-30T12:41:06","modified_gmt":"2023-10-30T12:41:06","slug":"ueber-uns","status":"publish","type":"page","link":"https:\/\/mantum.se\/de\/ueber-uns\/","title":{"rendered":"\u00dcber uns"},"content":{"rendered":"\t\t<div data-elementor-type=\"wp-page\" data-elementor-id=\"3392\" class=\"elementor elementor-3392 elementor-865\" data-elementor-post-type=\"page\">\n\t\t\t\t<div class=\"elementor-element elementor-element-7f90f9d e-flex e-con-boxed e-con e-parent\" data-id=\"7f90f9d\" data-element_type=\"container\" data-e-type=\"container\">\n\t\t\t\t\t<div class=\"e-con-inner\">\n\t\t<div class=\"elementor-element elementor-element-d2af318 e-flex e-con-boxed e-con e-child\" data-id=\"d2af318\" data-element_type=\"container\" data-e-type=\"container\">\n\t\t\t\t\t<div class=\"e-con-inner\">\n\t\t\t\t<div class=\"elementor-element elementor-element-c6220ad elementor-widget elementor-widget-text-editor\" data-id=\"c6220ad\" data-element_type=\"widget\" data-e-type=\"widget\" data-widget_type=\"text-editor.default\">\n\t\t\t\t<div class=\"elementor-widget-container\">\n\t\t\t\t\t\t\t\t\t<h4><span style=\"text-align: var(--text-align); font-size: 16px; font-weight: 400;\">Mantum ist ein Partner, der st\u00e4ndig auf der Suche nach neuen L\u00f6sungen ist, um&nbsp; Ihren Alltag in Logistik, Transport, Lagerhaltung und Bauwesen zu vereinfachen. All dies geschieht mit gro\u00dfem pers\u00f6nlichen Engagement und Unternehmergeist. Eine enge und offene Zusammenarbeit schafft die Voraussetzungen f\u00fcr neue Ideen und L\u00f6sungen, die Effizienz und Wert f\u00fcr Sie und Ihr Unternehmen schaffen. Heute sind wir eines der gr\u00f6\u00dften und modernsten Transport- und Logistikunternehmen Schwedens mit mehr als 300 Mitarbeitern. Wir bieten eine breite Palette von Dienstleistungen im Bau-, Umwelt-, Recycling- und G\u00fcterverkehrssektor an &#8211; vom lokalen bis zum internationalen Transport, Spedition, Lagerhaltung, Zolldienstleistungen, Logistik f\u00fcr Dritte, Spezialtransport und Distribution. Alle sind gut an die Umwelt angepasst.<\/span><br><\/h4>\n<h5>Unsere Logistik<\/h5>\n<p>Die Anforderungen an alle Beteiligten der Wertsch\u00f6pfungskette steigen. Dies macht sich besonders bei unseren Kunden und deren Wettbewerbssituation bemerkbar. Daher werden die L\u00f6sungen immer komplexer. Wir bei Mantum haben diese Herausforderung angenommen und ein Gesamtkostenkonzept entwickelt: Mantum Business Tool, das die Logistik vereinfachen soll. Gemeinsam mit unseren Kunden finden wir die optimalsten und effektivsten L\u00f6sungen, die das Gesch\u00e4ft vereinfachen, verbessern und Mehrwert schaffen.&nbsp;Eine Zusammenarbeit, die Offenheit und Transparenz zwischen den Parteien erfordert. Bitte kontaktieren Sie uns, um Ihre Anforderungen zu besprechen.<\/p>\n<h5>Unsere Aufgabe<\/h5>\n<p>Unser Ziel ist es, unsere Kunden erfolgreich zu machen. Wir verstehen das Gesch\u00e4ft unserer Kunden und liefern Ideen und L\u00f6sungen, die einen Mehrwert schaffen. Wir werden als innovativer und spannender Partner wahrgenommen werden, der unsere traditionelle Industrie weiterentwickelt und modernisiert.<\/p>\t\t\t\t\t\t\t\t<\/div>\n\t\t\t\t<\/div>\n\t\t\t\t\t<\/div>\n\t\t\t\t<\/div>\n\t\t<div class=\"elementor-element elementor-element-dc34a39 e-flex e-con-boxed e-con e-child\" data-id=\"dc34a39\" data-element_type=\"container\" data-e-type=\"container\">\n\t\t\t\t\t<div class=\"e-con-inner\">\n\t\t\t\t<div class=\"elementor-element elementor-element-82fc50d elementor--h-position-center elementor--v-position-middle elementor-arrows-position-inside elementor-pagination-position-inside elementor-widget elementor-widget-slides\" data-id=\"82fc50d\" data-element_type=\"widget\" data-e-type=\"widget\" data-settings=\"{&quot;navigation&quot;:&quot;both&quot;,&quot;autoplay&quot;:&quot;yes&quot;,&quot;pause_on_hover&quot;:&quot;yes&quot;,&quot;pause_on_interaction&quot;:&quot;yes&quot;,&quot;autoplay_speed&quot;:5000,&quot;infinite&quot;:&quot;yes&quot;,&quot;transition&quot;:&quot;slide&quot;,&quot;transition_speed&quot;:500}\" data-widget_type=\"slides.default\">\n\t\t\t\t<div class=\"elementor-widget-container\">\n\t\t\t\t\t\t\t\t\t<div class=\"elementor-swiper\">\n\t\t\t\t\t<div class=\"elementor-slides-wrapper elementor-main-swiper swiper\" role=\"region\" aria-roledescription=\"carousel\" aria-label=\"Slider\" dir=\"ltr\" data-animation=\"fadeInUp\">\n\t\t\t\t<div class=\"swiper-wrapper elementor-slides\">\n\t\t\t\t\t\t\t\t\t\t<div class=\"elementor-repeater-item-4e934f6 swiper-slide\" role=\"group\" aria-roledescription=\"slide\"><div class=\"swiper-slide-bg\" role=\"img\" aria-label=\"annons_no_text (Large)\"><\/div><div class=\"swiper-slide-inner\" ><div class=\"swiper-slide-contents\"><\/div><\/div><\/div><div class=\"elementor-repeater-item-3209339 swiper-slide\" role=\"group\" aria-roledescription=\"slide\"><div class=\"swiper-slide-bg\" role=\"img\" aria-label=\"lager (Large)\"><\/div><div class=\"swiper-slide-inner\" ><div class=\"swiper-slide-contents\"><\/div><\/div><\/div><div class=\"elementor-repeater-item-4b2a163 swiper-slide\" role=\"group\" aria-roledescription=\"slide\"><div class=\"swiper-slide-bg\" role=\"img\" aria-label=\"omlast (Large)\"><\/div><div class=\"swiper-slide-inner\" ><div class=\"swiper-slide-contents\"><\/div><\/div><\/div><div class=\"elementor-repeater-item-f931ea1 swiper-slide\" role=\"group\" aria-roledescription=\"slide\"><div class=\"swiper-slide-bg\" role=\"img\" aria-label=\"l\u00e5ng (Large)\"><\/div><div class=\"swiper-slide-inner\" ><div class=\"swiper-slide-contents\"><\/div><\/div><\/div>\t\t\t\t<\/div>\n\t\t\t\t\t\t\t\t\t\t\t\t\t\t\t<div class=\"elementor-swiper-button elementor-swiper-button-prev\" role=\"button\" tabindex=\"0\" aria-label=\"Vorheriger Slide\">\n\t\t\t\t\t\t\t<i aria-hidden=\"true\" class=\"eicon-chevron-left\"><\/i>\t\t\t\t\t\t<\/div>\n\t\t\t\t\t\t<div class=\"elementor-swiper-button elementor-swiper-button-next\" role=\"button\" tabindex=\"0\" aria-label=\"N\u00e4chster Slide\">\n\t\t\t\t\t\t\t<i aria-hidden=\"true\" class=\"eicon-chevron-right\"><\/i>\t\t\t\t\t\t<\/div>\n\t\t\t\t\t\t\t\t\t\t\t\t\t\t\t\t<div class=\"swiper-pagination\"><\/div>\n\t\t\t\t\t\t\t\t\t\t\t\t<\/div>\n\t\t\t\t<\/div>\n\t\t\t\t\t\t\t\t<\/div>\n\t\t\t\t<\/div>\n\t\t\t\t\t<\/div>\n\t\t\t\t<\/div>\n\t\t\t\t\t<\/div>\n\t\t\t\t<\/div>\n\t\t<div class=\"elementor-element elementor-element-4329ddc e-flex e-con-boxed e-con e-parent\" data-id=\"4329ddc\" data-element_type=\"container\" data-e-type=\"container\">\n\t\t\t\t\t<div class=\"e-con-inner\">\n\t\t<div class=\"elementor-element elementor-element-1fa6160 e-flex e-con-boxed e-con e-child\" data-id=\"1fa6160\" data-element_type=\"container\" data-e-type=\"container\">\n\t\t\t\t\t<div class=\"e-con-inner\">\n\t\t\t\t<div class=\"elementor-element elementor-element-d06b651 elementor-view-default elementor-position-block-start elementor-mobile-position-block-start elementor-widget elementor-widget-icon-box\" data-id=\"d06b651\" data-element_type=\"widget\" data-e-type=\"widget\" data-widget_type=\"icon-box.default\">\n\t\t\t\t<div class=\"elementor-widget-container\">\n\t\t\t\t\t\t\t<div class=\"elementor-icon-box-wrapper\">\n\n\t\t\t\t\t\t<div class=\"elementor-icon-box-icon\">\n\t\t\t\t<span  class=\"elementor-icon\">\n\t\t\t\t<i aria-hidden=\"true\" class=\"far fa-handshake\"><\/i>\t\t\t\t<\/span>\n\t\t\t<\/div>\n\t\t\t\n\t\t\t\t\t\t<div class=\"elementor-icon-box-content\">\n\n\t\t\t\t\t\t\t\t\t<h3 class=\"elementor-icon-box-title\">\n\t\t\t\t\t\t<span  >\n\t\t\t\t\t\t\tKundenorientierung\t\t\t\t\t\t<\/span>\n\t\t\t\t\t<\/h3>\n\t\t\t\t\n\t\t\t\t\t\t\t\t\t<p class=\"elementor-icon-box-description\">\n\t\t\t\t\t\tWir sind dort, wo unsere Kunden uns haben wollen.\n\nWir haben immer das Beste f\u00fcr unsere Kunden im Sinn.\nWir sind ein Partner, auf den sich unsere Kunden verlassen k\u00f6nnen.\n\t\t\t\t\t<\/p>\n\t\t\t\t\n\t\t\t<\/div>\n\t\t\t\n\t\t<\/div>\n\t\t\t\t\t\t<\/div>\n\t\t\t\t<\/div>\n\t\t\t\t\t<\/div>\n\t\t\t\t<\/div>\n\t\t<div class=\"elementor-element elementor-element-4bf26b0 e-flex e-con-boxed e-con e-child\" data-id=\"4bf26b0\" data-element_type=\"container\" data-e-type=\"container\">\n\t\t\t\t\t<div class=\"e-con-inner\">\n\t\t\t\t<div class=\"elementor-element elementor-element-9bae820 elementor-view-default elementor-position-block-start elementor-mobile-position-block-start elementor-widget elementor-widget-icon-box\" data-id=\"9bae820\" data-element_type=\"widget\" data-e-type=\"widget\" data-widget_type=\"icon-box.default\">\n\t\t\t\t<div class=\"elementor-widget-container\">\n\t\t\t\t\t\t\t<div class=\"elementor-icon-box-wrapper\">\n\n\t\t\t\t\t\t<div class=\"elementor-icon-box-icon\">\n\t\t\t\t<span  class=\"elementor-icon\">\n\t\t\t\t<i aria-hidden=\"true\" class=\"far fa-lightbulb\"><\/i>\t\t\t\t<\/span>\n\t\t\t<\/div>\n\t\t\t\n\t\t\t\t\t\t<div class=\"elementor-icon-box-content\">\n\n\t\t\t\t\t\t\t\t\t<h3 class=\"elementor-icon-box-title\">\n\t\t\t\t\t\t<span  >\n\t\t\t\t\t\t\tInnovation\t\t\t\t\t\t<\/span>\n\t\t\t\t\t<\/h3>\n\t\t\t\t\n\t\t\t\t\t\t\t\t\t<p class=\"elementor-icon-box-description\">\n\t\t\t\t\t\tWir stellen Branchenpraktiken und etablierte Muster in Frage.\n\nWir vereinfachen, verbessern und schaffen neue kreative L\u00f6sungen f\u00fcr die Bed\u00fcrfnisse und Herausforderungen unserer Kunden, der Welt um uns herum und der Umwelt.\t\t\t\t\t<\/p>\n\t\t\t\t\n\t\t\t<\/div>\n\t\t\t\n\t\t<\/div>\n\t\t\t\t\t\t<\/div>\n\t\t\t\t<\/div>\n\t\t\t\t\t<\/div>\n\t\t\t\t<\/div>\n\t\t<div class=\"elementor-element elementor-element-60e5ef6 e-flex e-con-boxed e-con e-child\" data-id=\"60e5ef6\" data-element_type=\"container\" data-e-type=\"container\">\n\t\t\t\t\t<div class=\"e-con-inner\">\n\t\t\t\t<div class=\"elementor-element elementor-element-21a5b5b elementor-view-default elementor-position-block-start elementor-mobile-position-block-start elementor-widget elementor-widget-icon-box\" data-id=\"21a5b5b\" data-element_type=\"widget\" data-e-type=\"widget\" data-widget_type=\"icon-box.default\">\n\t\t\t\t<div class=\"elementor-widget-container\">\n\t\t\t\t\t\t\t<div class=\"elementor-icon-box-wrapper\">\n\n\t\t\t\t\t\t<div class=\"elementor-icon-box-icon\">\n\t\t\t\t<span  class=\"elementor-icon\">\n\t\t\t\t<i aria-hidden=\"true\" class=\"far fa-comments\"><\/i>\t\t\t\t<\/span>\n\t\t\t<\/div>\n\t\t\t\n\t\t\t\t\t\t<div class=\"elementor-icon-box-content\">\n\n\t\t\t\t\t\t\t\t\t<h3 class=\"elementor-icon-box-title\">\n\t\t\t\t\t\t<span  >\n\t\t\t\t\t\t\tKommunikation\t\t\t\t\t\t<\/span>\n\t\t\t\t\t<\/h3>\n\t\t\t\t\n\t\t\t\t\t\t\t\t\t<p class=\"elementor-icon-box-description\">\n\t\t\t\t\t\tKommunikation ist f\u00fcr uns ein entscheidender Wettbewerbsvorteil.\nAlles, was wir tun, ist Kommunikation.\nEiner der wichtigsten Erfolgsfaktoren in der Kunst der Kommunikation ist das Zuh\u00f6ren. Wir h\u00f6ren zu, um die Erwartungen und Bed\u00fcrfnisse zu verstehen und um eine ordnungsgem\u00e4\u00dfe Lieferung zu gew\u00e4hrleisten. Durch aktiven Dialog pflegen und entwickeln wir ein gutes Verh\u00e4ltnis zu unseren Kunden.\t\t\t\t\t<\/p>\n\t\t\t\t\n\t\t\t<\/div>\n\t\t\t\n\t\t<\/div>\n\t\t\t\t\t\t<\/div>\n\t\t\t\t<\/div>\n\t\t\t\t\t<\/div>\n\t\t\t\t<\/div>\n\t\t\t\t\t<\/div>\n\t\t\t\t<\/div>\n\t\t<div class=\"elementor-element elementor-element-78db5a2 e-flex e-con-boxed e-con e-parent\" data-id=\"78db5a2\" data-element_type=\"container\" data-e-type=\"container\">\n\t\t\t\t\t<div class=\"e-con-inner\">\n\t\t\t\t<div class=\"elementor-element elementor-element-ab1023e elementor-widget elementor-widget-image\" data-id=\"ab1023e\" data-element_type=\"widget\" data-e-type=\"widget\" data-widget_type=\"image.default\">\n\t\t\t\t<div class=\"elementor-widget-container\">\n\t\t\t\t\t\t\t\t\t\t\t\t\t\t\t<img fetchpriority=\"high\" decoding=\"async\" width=\"771\" height=\"317\" src=\"https:\/\/mantum.se\/wp-content\/uploads\/2020\/10\/historia.jpg\" class=\"attachment-large size-large wp-image-3396\" alt=\"\" srcset=\"https:\/\/mantum.se\/wp-content\/uploads\/2020\/10\/historia.jpg 771w, https:\/\/mantum.se\/wp-content\/uploads\/2020\/10\/historia-600x247.jpg 600w, https:\/\/mantum.se\/wp-content\/uploads\/2020\/10\/historia-300x123.jpg 300w, https:\/\/mantum.se\/wp-content\/uploads\/2020\/10\/historia-768x316.jpg 768w, https:\/\/mantum.se\/wp-content\/uploads\/2020\/10\/historia-700x288.jpg 700w\" sizes=\"(max-width: 771px) 100vw, 771px\" \/>\t\t\t\t\t\t\t\t\t\t\t\t\t\t\t<\/div>\n\t\t\t\t<\/div>\n\t\t\t\t<div class=\"elementor-element elementor-element-f8f3169 elementor-widget elementor-widget-heading\" data-id=\"f8f3169\" data-element_type=\"widget\" data-e-type=\"widget\" data-widget_type=\"heading.default\">\n\t\t\t\t<div class=\"elementor-widget-container\">\n\t\t\t\t\t<h3 class=\"elementor-heading-title elementor-size-default\">Geschichte<\/h3>\t\t\t\t<\/div>\n\t\t\t\t<\/div>\n\t\t\t\t\t<\/div>\n\t\t\t\t<\/div>\n\t\t<div class=\"elementor-element elementor-element-eff775a e-flex e-con-boxed e-con e-parent\" data-id=\"eff775a\" data-element_type=\"container\" data-e-type=\"container\">\n\t\t\t\t\t<div class=\"e-con-inner\">\n\t\t<div class=\"elementor-element elementor-element-fefc4c9 e-flex e-con-boxed e-con e-child\" data-id=\"fefc4c9\" data-element_type=\"container\" data-e-type=\"container\">\n\t\t\t\t\t<div class=\"e-con-inner\">\n\t\t\t\t<div class=\"elementor-element elementor-element-8baf633 elementor-widget elementor-widget-text-editor\" data-id=\"8baf633\" data-element_type=\"widget\" data-e-type=\"widget\" data-widget_type=\"text-editor.default\">\n\t\t\t\t<div class=\"elementor-widget-container\">\n\t\t\t\t\t\t\t\t\t<div class=\"vc_row wpb_row section vc_row-fluid grid_section\">\n<div class=\" section_inner clearfix\">\n<div class=\"section_inner_margin clearfix\">\n<div class=\"wpb_column vc_column_container vc_col-sm-12\">\n<div class=\"vc_column-inner\">\n<div class=\"wpb_wrapper\">\n<div class=\"wpb_text_column wpb_content_element \">\n<div class=\"wpb_wrapper\">\n<h5><span style=\"text-align: var(--text-align); font-size: 16px;\">Mantum hat seinen Ursprung in einem der schwedischen LKW-Zentren. Die meisten Lkw-Zentren wurden auf Anordnung des schwedischen Parlaments eingerichtet, um den Transportbedarf des Landes w\u00e4hrend des Zweiten Weltkriegs zu decken. Der Grundstein f\u00fcr das heutige Mantum wurde in den fr\u00fchen 1940er Jahren gelegt. Die Initiative f\u00fcr den Verband ging von einer Gruppe von Kleinunternehmern und LKW-Besitzern aus, die gro\u00dfe Chancen sahen, durch Zusammenarbeit mehr f\u00fcr ihre Dienstleistungen zu verlangen, anstatt als Einzelunternehmer gegeneinander ausgespielt zu werden. Das Ergebnis des gemeinsamen Interesses und der herrschenden Zeit war der Wirtschaftsverband Lastbilscentralen in Varberg. Eine Zeit lang war die Vereinigung in zwei getrennte Einheiten aufgeteilt. 1962 l\u00f6ste sich ein Teil des Vereins von der Gemeinschaft und gr\u00fcndete die Varbergslast AB. Das LKW-Zentrum Lassabacka ist geblieben.<\/span><\/h5>\n<\/div>\n<\/div>\n<\/div>\n<\/div>\n<\/div>\n<\/div>\n<\/div>\n<\/div>\n\t\t\t\t\t\t\t\t<\/div>\n\t\t\t\t<\/div>\n\t\t\t\t\t<\/div>\n\t\t\t\t<\/div>\n\t\t<div class=\"elementor-element elementor-element-88044bf e-flex e-con-boxed e-con e-child\" data-id=\"88044bf\" data-element_type=\"container\" data-e-type=\"container\">\n\t\t\t\t\t<div class=\"e-con-inner\">\n\t\t\t\t<div class=\"elementor-element elementor-element-8bf1efd elementor-widget elementor-widget-text-editor\" data-id=\"8bf1efd\" data-element_type=\"widget\" data-e-type=\"widget\" data-widget_type=\"text-editor.default\">\n\t\t\t\t<div class=\"elementor-widget-container\">\n\t\t\t\t\t\t\t\t\t<p>Im Jahr 1980 fanden die beiden Einheiten wieder zueinander, und gleichzeitig wurde der Lkw-Verband mit etwa zehn Maschinenbesitzern von Gr\u00e4v och Traktorcentralen in G\u00f6teborg verst\u00e4rkt. Gemeinsam sahen sie die M\u00f6glichkeit, ihre jeweiligen T\u00e4tigkeitsbereiche innerhalb eines einzigen Zentrums zu erweitern. Und so hat sich der Trend fortgesetzt. Der Wirtschaftsverband wurde 2009 in eine Gesellschaft mit beschr\u00e4nkter Haftung umgewandelt. In der Bl\u00fctezeit gab es \u00fcber 400 Lkw-Zentren in Schweden, heute sind es nur noch etwa 100. Einige der Partnerunternehmen von LBC Varberg sind von Anfang an dabei und werden heute in der zweiten und dritten Generation gef\u00fchrt. Seit dem 14. Mai 2011 hei\u00dfen wir nun Mantum. Gut ger\u00fcstet f\u00fcr die Zukunft, die wirklich spannend aussieht.<\/p>\n\t\t\t\t\t\t\t\t<\/div>\n\t\t\t\t<\/div>\n\t\t\t\t\t<\/div>\n\t\t\t\t<\/div>\n\t\t\t\t\t<\/div>\n\t\t\t\t<\/div>\n\t\t<div class=\"elementor-element elementor-element-8b170a5 e-flex e-con-boxed e-con e-parent\" data-id=\"8b170a5\" data-element_type=\"container\" data-e-type=\"container\">\n\t\t\t\t\t<div class=\"e-con-inner\">\n\t\t<div class=\"elementor-element elementor-element-66a5f54 e-flex e-con-boxed e-con e-child\" data-id=\"66a5f54\" data-element_type=\"container\" data-e-type=\"container\">\n\t\t\t\t\t<div class=\"e-con-inner\">\n\t\t\t\t<div class=\"elementor-element elementor-element-d3e555d elementor-widget elementor-widget-heading\" data-id=\"d3e555d\" data-element_type=\"widget\" data-e-type=\"widget\" data-widget_type=\"heading.default\">\n\t\t\t\t<div class=\"elementor-widget-container\">\n\t\t\t\t\t<h3 class=\"elementor-heading-title elementor-size-default\">Ausgaben der Zeitschrift Mantum<\/h3>\t\t\t\t<\/div>\n\t\t\t\t<\/div>\n\t\t\t\t<div class=\"elementor-element elementor-element-af45b08 elementor-widget elementor-widget-text-editor\" data-id=\"af45b08\" data-element_type=\"widget\" data-e-type=\"widget\" data-widget_type=\"text-editor.default\">\n\t\t\t\t<div class=\"elementor-widget-container\">\n\t\t\t\t\t\t\t\t\t<div class=\"vc_row wpb_row section vc_row-fluid grid_section\">\n<div class=\" section_inner clearfix\">\n<div class=\"section_inner_margin clearfix\">\n<div class=\"wpb_column vc_column_container vc_col-sm-12\">\n<div class=\"vc_column-inner\">\n<div class=\"wpb_wrapper\">\n<div class=\"wpb_text_column wpb_content_element \">\n<div class=\"wpb_wrapper\">\n<p><a href=\"https:\/\/mantum.se\/wp-content\/uploads\/2023\/03\/2023-vers-1.pdf\">2023 bis 1<\/a><\/p>\n<p><a href=\"https:\/\/mantum.se\/wp-content\/uploads\/2023\/03\/2022-Vers-1.pdf\">2022 Strophe 1<\/a><\/p>\n<\/div>\n<\/div>\n<\/div>\n<\/div>\n<\/div>\n<\/div>\n<\/div>\n<\/div>\n\t\t\t\t\t\t\t\t<\/div>\n\t\t\t\t<\/div>\n\t\t\t\t\t<\/div>\n\t\t\t\t<\/div>\n\t\t<div class=\"elementor-element elementor-element-f02e147 e-flex e-con-boxed e-con e-child\" data-id=\"f02e147\" data-element_type=\"container\" data-e-type=\"container\">\n\t\t\t\t\t<div class=\"e-con-inner\">\n\t\t\t\t\t<\/div>\n\t\t\t\t<\/div>\n\t\t\t\t\t<\/div>\n\t\t\t\t<\/div>\n\t\t\t\t<\/div>\n\t\t","protected":false},"excerpt":{"rendered":"<p>Wir sind eines der gr\u00f6\u00dften und modernsten Transport- und Logistikunternehmen in Schweden.  <\/p>\n","protected":false},"author":2,"featured_media":0,"parent":0,"menu_order":0,"comment_status":"closed","ping_status":"closed","template":"","meta":{"footnotes":""},"class_list":["post-3392","page","type-page","status-publish","hentry"],"_links":{"self":[{"href":"https:\/\/mantum.se\/de\/wp-json\/wp\/v2\/pages\/3392","targetHints":{"allow":["GET"]}}],"collection":[{"href":"https:\/\/mantum.se\/de\/wp-json\/wp\/v2\/pages"}],"about":[{"href":"https:\/\/mantum.se\/de\/wp-json\/wp\/v2\/types\/page"}],"author":[{"embeddable":true,"href":"https:\/\/mantum.se\/de\/wp-json\/wp\/v2\/users\/2"}],"replies":[{"embeddable":true,"href":"https:\/\/mantum.se\/de\/wp-json\/wp\/v2\/comments?post=3392"}],"version-history":[{"count":1,"href":"https:\/\/mantum.se\/de\/wp-json\/wp\/v2\/pages\/3392\/revisions"}],"predecessor-version":[{"id":3402,"href":"https:\/\/mantum.se\/de\/wp-json\/wp\/v2\/pages\/3392\/revisions\/3402"}],"wp:attachment":[{"href":"https:\/\/mantum.se\/de\/wp-json\/wp\/v2\/media?parent=3392"}],"curies":[{"name":"wp","href":"https:\/\/api.w.org\/{rel}","templated":true}]}}