{"id":3390,"date":"2020-09-28T12:32:09","date_gmt":"2020-09-28T12:32:09","guid":{"rendered":"https:\/\/mantum.se\/schlammsaugung-hochdruckspuelung\/"},"modified":"2023-10-30T12:41:08","modified_gmt":"2023-10-30T12:41:08","slug":"schlammsaugung-hochdruckspuelung","status":"publish","type":"page","link":"https:\/\/mantum.se\/de\/schlammsaugung-hochdruckspuelung\/","title":{"rendered":"Schlammsaugung &amp; Hochdrucksp\u00fclung"},"content":{"rendered":"\t\t<div data-elementor-type=\"wp-page\" data-elementor-id=\"3390\" class=\"elementor elementor-3390 elementor-598\" data-elementor-post-type=\"page\">\n\t\t\t\t<div class=\"elementor-element elementor-element-3a4b27e6 e-flex e-con-boxed e-con e-parent\" data-id=\"3a4b27e6\" data-element_type=\"container\" data-e-type=\"container\">\n\t\t\t\t\t<div class=\"e-con-inner\">\n\t\t\t\t\t<\/div>\n\t\t\t\t<\/div>\n\t\t<div class=\"elementor-element elementor-element-c8f9b7b e-flex e-con-boxed e-con e-parent\" data-id=\"c8f9b7b\" data-element_type=\"container\" data-e-type=\"container\">\n\t\t\t\t\t<div class=\"e-con-inner\">\n\t\t<div class=\"elementor-element elementor-element-eab1f08 e-flex e-con-boxed e-con e-child\" data-id=\"eab1f08\" data-element_type=\"container\" data-e-type=\"container\">\n\t\t\t\t\t<div class=\"e-con-inner\">\n\t\t\t\t<div class=\"elementor-element elementor-element-ae28ab1 elementor-widget elementor-widget-text-editor\" data-id=\"ae28ab1\" data-element_type=\"widget\" data-e-type=\"widget\" data-widget_type=\"text-editor.default\">\n\t\t\t\t<div class=\"elementor-widget-container\">\n\t\t\t\t\t\t\t\t\t<div class=\"wpb_text_column wpb_content_element \">\n<div class=\"wpb_wrapper\">\n<p><b>Die Mittel sind f\u00fcr alle m\u00f6glichen Engagements in diesem Bereich geeignet. Unsere Dienstleistungen richten sich an Kommunen, Unternehmen und Privatpersonen. Die Durchf\u00fchrung von Schlammsaug- und Hochdrucksp\u00fclarbeiten stellt hohe Anforderungen an Fahrzeuge und Fahrer. Diese Dienstleistungen werden durch hochtechnische und leistungsstarke Ger\u00e4te erm\u00f6glicht und erfordern eine gute Ausbildung und Pr\u00e4zision des Personals bei der Ausf\u00fchrung. Unser Fuhrpark besteht aus Saugwagen, Sp\u00fclwagen, kombinierten Saug- und Sp\u00fclwagen und Trockensaugwagen.<\/b><\/p>\n<\/div>\n<\/div>\n<div class=\"wpb_text_column wpb_content_element \">\n<div class=\"wpb_wrapper\">\n<p>Mantum strebt nach hoher Flexibilit\u00e4t und Anpassung an die Kundenbed\u00fcrfnisse. Wir sind gut darauf vorbereitet, die Anforderungen des Kunden an Liefergenauigkeit, g\u00fcltige Lizenzen und eine angemessene Fahrerausbildung zu erf\u00fcllen. Selbstverst\u00e4ndlich bieten wir diese Dienstleistungen auch au\u00dferhalb der regul\u00e4ren Arbeitszeiten an.<\/p>\n<p>Die <strong>Hotline 070-545 70 44 kann immer angerufen werden<\/strong> &#8211; gut zu wissen, wenn die Kanalisation nicht funktioniert!<\/p>\n<\/div>\n<\/div>\n<div class=\"wpb_text_column wpb_content_element vc_custom_1638873091326\">\n<div class=\"wpb_wrapper\">\n<h4>Hochdrucksp\u00fclung<\/h4>\n<\/div>\n<\/div>\n<div class=\"wpb_text_column wpb_content_element \">\n<div class=\"wpb_wrapper\">\n<p>Mit unseren Sp\u00fclfahrzeugen k\u00f6nnen wir alle Arten von Hochdrucksp\u00fclungen durchf\u00fchren. Wir sp\u00fclen unter anderem Rohre, Toiletten, K\u00fcchenabfl\u00fcsse, Durchl\u00e4sse, Stra\u00dfendurchl\u00e4sse, industrielle Abwasserkan\u00e4le, Stra\u00dfenabl\u00e4ufe und Tiefbrunnen.<\/p>\n<\/div>\n<\/div>\n<div class=\"wpb_text_column wpb_content_element vc_custom_1638873097450\">\n<div class=\"wpb_wrapper\">\n<h4>Schlammsauger<\/h4>\n<\/div>\n<\/div>\n<div class=\"wpb_text_column wpb_content_element \">\n<div class=\"wpb_wrapper\">\n<p>Unsere Saugwagen haben die Kapazit\u00e4t, die meisten Arten von Schlammbeseitigung durchzuf\u00fchren. Die von uns gesammelten Schl\u00e4mme und R\u00fcckst\u00e4nde werden dann zur weiteren Verarbeitung und eventuellen Entsorgung transportiert. Wir warten und entleeren Tages- und Rinnenbrunnen von Schlamm, wir entleeren geschlossene Tanks, Kl\u00e4rgruben, Zwei- und Dreikammerbrunnen, Kl\u00e4ranlagen, mobile Toiletten, Pumpengruben, Sp\u00fclrinnen, Regenwasserbrunnen, Industrieschlamm, K\u00fcchenabl\u00e4ufe und vieles mehr. Es ist wichtig zu erw\u00e4hnen, dass unsere Saugwagen auch bei \u00dcberschwemmungen wichtige Ressourcen bereitstellen k\u00f6nnen.<\/p>\n<\/div>\n<\/div>\n\t\t\t\t\t\t\t\t<\/div>\n\t\t\t\t<\/div>\n\t\t\t\t<div class=\"elementor-element elementor-element-f6ae689 elementor-widget elementor-widget-image\" data-id=\"f6ae689\" data-element_type=\"widget\" data-e-type=\"widget\" data-widget_type=\"image.default\">\n\t\t\t\t<div class=\"elementor-widget-container\">\n\t\t\t\t\t\t\t\t\t\t\t\t\t\t\t<img fetchpriority=\"high\" decoding=\"async\" width=\"800\" height=\"534\" src=\"https:\/\/mantum.se\/wp-content\/uploads\/2020\/09\/erik-mclean-Ma_yQtF2aTg-unsplash-1024x683.jpg\" class=\"attachment-large size-large wp-image-3395\" alt=\"\" srcset=\"https:\/\/mantum.se\/wp-content\/uploads\/2020\/09\/erik-mclean-Ma_yQtF2aTg-unsplash-1024x683.jpg 1024w, https:\/\/mantum.se\/wp-content\/uploads\/2020\/09\/erik-mclean-Ma_yQtF2aTg-unsplash-600x400.jpg 600w, https:\/\/mantum.se\/wp-content\/uploads\/2020\/09\/erik-mclean-Ma_yQtF2aTg-unsplash-300x200.jpg 300w, https:\/\/mantum.se\/wp-content\/uploads\/2020\/09\/erik-mclean-Ma_yQtF2aTg-unsplash-768x512.jpg 768w, https:\/\/mantum.se\/wp-content\/uploads\/2020\/09\/erik-mclean-Ma_yQtF2aTg-unsplash-1536x1024.jpg 1536w, https:\/\/mantum.se\/wp-content\/uploads\/2020\/09\/erik-mclean-Ma_yQtF2aTg-unsplash-2048x1365.jpg 2048w, https:\/\/mantum.se\/wp-content\/uploads\/2020\/09\/erik-mclean-Ma_yQtF2aTg-unsplash-700x467.jpg 700w\" sizes=\"(max-width: 800px) 100vw, 800px\" \/>\t\t\t\t\t\t\t\t\t\t\t\t\t\t\t<\/div>\n\t\t\t\t<\/div>\n\t\t\t\t\t<\/div>\n\t\t\t\t<\/div>\n\t\t<div class=\"elementor-element elementor-element-300cbce e-flex e-con-boxed e-con e-child\" data-id=\"300cbce\" data-element_type=\"container\" data-e-type=\"container\">\n\t\t\t\t\t<div class=\"e-con-inner\">\n\t\t\t\t<div class=\"elementor-element elementor-element-cc08cca elementor-widget elementor-widget-image\" data-id=\"cc08cca\" data-element_type=\"widget\" data-e-type=\"widget\" data-widget_type=\"image.default\">\n\t\t\t\t<div class=\"elementor-widget-container\">\n\t\t\t\t\t\t\t\t\t\t\t\t\t\t\t<img decoding=\"async\" width=\"775\" height=\"1024\" src=\"https:\/\/mantum.se\/wp-content\/uploads\/2022\/01\/spol-775x1024.jpg\" class=\"attachment-large size-large wp-image-3434\" alt=\"\" srcset=\"https:\/\/mantum.se\/wp-content\/uploads\/2022\/01\/spol-775x1024.jpg 775w, https:\/\/mantum.se\/wp-content\/uploads\/2022\/01\/spol-600x793.jpg 600w, https:\/\/mantum.se\/wp-content\/uploads\/2022\/01\/spol-227x300.jpg 227w, https:\/\/mantum.se\/wp-content\/uploads\/2022\/01\/spol-768x1015.jpg 768w, https:\/\/mantum.se\/wp-content\/uploads\/2022\/01\/spol-1162x1536.jpg 1162w, https:\/\/mantum.se\/wp-content\/uploads\/2022\/01\/spol-700x925.jpg 700w, https:\/\/mantum.se\/wp-content\/uploads\/2022\/01\/spol.jpg 1341w\" sizes=\"(max-width: 775px) 100vw, 775px\" \/>\t\t\t\t\t\t\t\t\t\t\t\t\t\t\t<\/div>\n\t\t\t\t<\/div>\n\t\t\t\t<div class=\"elementor-element elementor-element-696539f elementor-widget elementor-widget-text-editor\" data-id=\"696539f\" data-element_type=\"widget\" data-e-type=\"widget\" data-widget_type=\"text-editor.default\">\n\t\t\t\t<div class=\"elementor-widget-container\">\n\t\t\t\t\t\t\t\t\t<div class=\"vc_row wpb_row section vc_row-fluid grid_section\">\n<div class=\" section_inner clearfix\">\n<div class=\"section_inner_margin clearfix\">\n<div class=\"wpb_column vc_column_container vc_col-sm-6\">\n<div class=\"vc_column-inner\">\n<div class=\"wpb_wrapper\">\n<div class=\"wpb_text_column wpb_content_element vc_custom_1638873717008\">\n<div class=\"wpb_wrapper\">\n<h4>\u00d6l- und Fettabscheidung<\/h4>\n<\/div>\n<\/div>\n<div class=\"wpb_text_column wpb_content_element \">\n<div class=\"wpb_wrapper\">\n<p>Diese Art von Eins\u00e4tzen gilt als umweltgef\u00e4hrdend, da die gesammelten \u00d6l- und Fettschl\u00e4mme als fl\u00fcssige Gefahrg\u00fcter eingestuft werden. Verlangt daher, dass das Fahrzeug ADR-zertifiziert ist und der Fahrer eine Gefahrgutschulung f\u00fcr den Tanktransport absolviert hat. Die Entleerung sollte in den entsprechenden Wartungsintervallen erfolgen, und wir bringen den Schlamm zu Anlagen, die das \u00d6l und Fett aus dem begleitenden Wasser und den Sedimenten zur\u00fcckgewinnen.<\/p>\n<\/div>\n<\/div>\n<div class=\"wpb_text_column wpb_content_element vc_custom_1638873139772\">\n<div class=\"wpb_wrapper\">\n<h4>TV-Inspektion von Pipelines<\/h4>\n<\/div>\n<\/div>\n<div class=\"wpb_text_column wpb_content_element \">\n<div class=\"wpb_wrapper\">\n<p>Mantum kann Rohrleitungen, Abwasserkan\u00e4le und Regenwasserkan\u00e4le mit einer speziellen Kameraausr\u00fcstung inspizieren. Die Inspektion wird als Pr\u00e4ventivma\u00dfnahme durchgef\u00fchrt, um den Zustand der Rohrleitungen festzustellen und die notwendigen Ma\u00dfnahmen einzuleiten, bevor ein System ausf\u00e4llt. Die Inspektion ist bequem und effizient und erm\u00f6glicht Inspektionen an Stellen, die als &#8220;unm\u00f6glich&#8221; gelten.<\/p>\n<\/div>\n<\/div>\n<div class=\"wpb_text_column wpb_content_element vc_custom_1638873145479\">\n<div class=\"wpb_wrapper\">\n<h4>Wurzelschneiden<\/h4>\n<\/div>\n<\/div>\n<div class=\"wpb_text_column wpb_content_element \">\n<div class=\"wpb_wrapper\">\n<p>Mantum f\u00fchrt auch Wurzelschneidarbeiten durch, um zu verhindern, dass Baumwurzeln in Rohr- oder Durchlasssysteme eindringen. Wir fr\u00e4sen harte Beschichtungen ab, die die Kapazit\u00e4t beeintr\u00e4chtigen k\u00f6nnen. Schlammabsaugung und Hochdrucksp\u00fclung helfen Ihnen, Umweltauflagen zu erf\u00fcllen. Gleichzeitig vermeiden Sie Ausfallzeiten, Unterbrechungen und kostspielige Versicherungsanspr\u00fcche.<\/p>\n<\/div>\n<\/div>\n<\/div>\n<\/div>\n<\/div>\n<\/div>\n<\/div>\n<\/div>\n<div class=\"vc_row wpb_row section vc_row-fluid \">\n<div class=\" full_section_inner clearfix\">\n<div class=\"wpb_column vc_column_container vc_col-sm-12\">\n<div class=\"vc_column-inner\">\n<div class=\"wpb_wrapper\">\n<div class=\"vc_empty_space\"> <\/div>\n<\/div>\n<\/div>\n<\/div>\n<\/div>\n<\/div>\n\t\t\t\t\t\t\t\t<\/div>\n\t\t\t\t<\/div>\n\t\t\t\t\t<\/div>\n\t\t\t\t<\/div>\n\t\t\t\t\t<\/div>\n\t\t\t\t<\/div>\n\t\t<div class=\"elementor-element elementor-element-5180076 e-con-full e-flex e-con e-parent\" data-id=\"5180076\" data-element_type=\"container\" data-e-type=\"container\" data-settings=\"{&quot;background_background&quot;:&quot;classic&quot;}\">\n\t\t\t\t<div class=\"elementor-element elementor-element-3f13208 elementor-widget elementor-widget-heading\" data-id=\"3f13208\" data-element_type=\"widget\" data-e-type=\"widget\" data-widget_type=\"heading.default\">\n\t\t\t\t<div class=\"elementor-widget-container\">\n\t\t\t\t\t<h2 class=\"elementor-heading-title elementor-size-default\">Kontakt zu Mantum Entreprenad<\/h2>\t\t\t\t<\/div>\n\t\t\t\t<\/div>\n\t\t\t\t<\/div>\n\t\t<div class=\"elementor-element elementor-element-87d415f e-flex e-con-boxed e-con e-parent\" data-id=\"87d415f\" data-element_type=\"container\" data-e-type=\"container\">\n\t\t\t\t\t<div class=\"e-con-inner\">\n\t\t<div class=\"elementor-element elementor-element-f758ac6 e-flex e-con-boxed e-con e-child\" data-id=\"f758ac6\" data-element_type=\"container\" data-e-type=\"container\">\n\t\t\t\t\t<div class=\"e-con-inner\">\n\t\t\t\t<div class=\"elementor-element elementor-element-7ca4be1 elementor-widget elementor-widget-text-editor\" data-id=\"7ca4be1\" data-element_type=\"widget\" data-e-type=\"widget\" data-widget_type=\"text-editor.default\">\n\t\t\t\t<div class=\"elementor-widget-container\">\n\t\t\t\t\t\t\t\t\t<h4 style=\"text-align: center;\">Einrichtung<\/h4>\n<p style=\"text-align: center;\">Telefon: 0340-54 55 20<br \/><a href=\"mailto:entreprenad@mantum.se\">entreprenad@mantum.se<\/a><\/p>\n<p style=\"text-align: center;\">\n\t\t\t\t\t\t\t\t<\/div>\n\t\t\t\t<\/div>\n\t\t\t\t\t<\/div>\n\t\t\t\t<\/div>\n\t\t<div class=\"elementor-element elementor-element-55ae3db e-flex e-con-boxed e-con e-child\" data-id=\"55ae3db\" data-element_type=\"container\" data-e-type=\"container\">\n\t\t\t\t\t<div class=\"e-con-inner\">\n\t\t\t\t<div class=\"elementor-element elementor-element-1ccb486 elementor-widget elementor-widget-text-editor\" data-id=\"1ccb486\" data-element_type=\"widget\" data-e-type=\"widget\" data-widget_type=\"text-editor.default\">\n\t\t\t\t<div class=\"elementor-widget-container\">\n\t\t\t\t\t\t\t\t\t<h4 style=\"text-align: center;\">Umwelt<\/h4>\n<p style=\"text-align: center;\">Telefon: 0340-54 55 40<a href=\"mailto:miljo@mantum.se\"><br \/>\n  <br \/>\n<\/a><a href=\"mailto:mantum2@mantum.se\">miljo@mantum.se<\/a><\/p>\n\t\t\t\t\t\t\t\t<\/div>\n\t\t\t\t<\/div>\n\t\t\t\t\t<\/div>\n\t\t\t\t<\/div>\n\t\t<div class=\"elementor-element elementor-element-91d7d5b e-flex e-con-boxed e-con e-child\" data-id=\"91d7d5b\" data-element_type=\"container\" data-e-type=\"container\">\n\t\t\t\t\t<div class=\"e-con-inner\">\n\t\t\t\t<div class=\"elementor-element elementor-element-b7ed267 elementor-widget elementor-widget-text-editor\" data-id=\"b7ed267\" data-element_type=\"widget\" data-e-type=\"widget\" data-widget_type=\"text-editor.default\">\n\t\t\t\t<div class=\"elementor-widget-container\">\n\t\t\t\t\t\t\t\t\t<h4 style=\"text-align: center;\">Schlammentfernung<\/h4>\n<p style=\"text-align: center;\">Varberg &amp; Falkenberg-Hotline<\/p>\n<p style=\"text-align: center;\">Telefon: 070 545 70 44<\/p>\n\t\t\t\t\t\t\t\t<\/div>\n\t\t\t\t<\/div>\n\t\t\t\t\t<\/div>\n\t\t\t\t<\/div>\n\t\t\t\t\t<\/div>\n\t\t\t\t<\/div>\n\t\t\t\t<\/div>\n\t\t","protected":false},"excerpt":{"rendered":"<p>Mantum bietet komplette Dienstleistungen im Bereich der Schlammabsaugung und Hochdrucksp\u00fclung an.<\/p>\n","protected":false},"author":2,"featured_media":0,"parent":0,"menu_order":0,"comment_status":"closed","ping_status":"closed","template":"","meta":{"footnotes":""},"class_list":["post-3390","page","type-page","status-publish","hentry"],"_links":{"self":[{"href":"https:\/\/mantum.se\/de\/wp-json\/wp\/v2\/pages\/3390","targetHints":{"allow":["GET"]}}],"collection":[{"href":"https:\/\/mantum.se\/de\/wp-json\/wp\/v2\/pages"}],"about":[{"href":"https:\/\/mantum.se\/de\/wp-json\/wp\/v2\/types\/page"}],"author":[{"embeddable":true,"href":"https:\/\/mantum.se\/de\/wp-json\/wp\/v2\/users\/2"}],"replies":[{"embeddable":true,"href":"https:\/\/mantum.se\/de\/wp-json\/wp\/v2\/comments?post=3390"}],"version-history":[{"count":1,"href":"https:\/\/mantum.se\/de\/wp-json\/wp\/v2\/pages\/3390\/revisions"}],"predecessor-version":[{"id":3400,"href":"https:\/\/mantum.se\/de\/wp-json\/wp\/v2\/pages\/3390\/revisions\/3400"}],"wp:attachment":[{"href":"https:\/\/mantum.se\/de\/wp-json\/wp\/v2\/media?parent=3390"}],"curies":[{"name":"wp","href":"https:\/\/api.w.org\/{rel}","templated":true}]}}