{"id":3369,"date":"2020-09-30T08:28:55","date_gmt":"2020-09-30T08:28:55","guid":{"rendered":"https:\/\/mantum.se\/terminal-und-lagerdienste\/"},"modified":"2023-10-30T12:41:07","modified_gmt":"2023-10-30T12:41:07","slug":"terminal-und-lagerdienste","status":"publish","type":"page","link":"https:\/\/mantum.se\/de\/terminal-und-lagerdienste\/","title":{"rendered":"Terminal- und Lagerdienste"},"content":{"rendered":"\t\t<div data-elementor-type=\"wp-page\" data-elementor-id=\"3369\" class=\"elementor elementor-3369 elementor-743\" data-elementor-post-type=\"page\">\n\t\t\t\t<div class=\"elementor-element elementor-element-216ead2 e-flex e-con-boxed e-con e-parent\" data-id=\"216ead2\" data-element_type=\"container\" data-e-type=\"container\">\n\t\t\t\t\t<div class=\"e-con-inner\">\n\t\t<div class=\"elementor-element elementor-element-876c5f2 e-flex e-con-boxed e-con e-child\" data-id=\"876c5f2\" data-element_type=\"container\" data-e-type=\"container\">\n\t\t\t\t\t<div class=\"e-con-inner\">\n\t\t\t\t<div class=\"elementor-element elementor-element-5cd071f elementor-widget elementor-widget-text-editor\" data-id=\"5cd071f\" data-element_type=\"widget\" data-e-type=\"widget\" data-widget_type=\"text-editor.default\">\n\t\t\t\t<div class=\"elementor-widget-container\">\n\t\t\t\t\t\t\t\t\t<div class=\"wpb_text_column wpb_content_element \">\n<div class=\"wpb_wrapper\">\n<p>Mantum Logistics bietet einen kompletten Transport- und Speditionsservice an, der verschiedene Dienstleistungen im Fern- und Linienverkehr, Kurier- und Distributionsdienste, internationale Speditionen und Transporte in ganz Europa umfasst.<\/p>\n<p>Ein nat\u00fcrlicher Dreh- und Angelpunkt der Mantum-Aktivit\u00e4ten ist unser eigenes Terminal in Varberg. Es bietet Lagerhaltung und Logistikdienste f\u00fcr Dritte (3pl) an. Das Terminal hat eine Fl\u00e4che von fast 10 000 m2 und ist als Zolllager zugelassen. Es ist eine St\u00e4rke von uns, dass wir unseren Kunden ein &#8220;Lagerhotel&#8221; f\u00fcr unverzollte und verzollte Waren anbieten k\u00f6nnen. Wir verf\u00fcgen \u00fcber alle erforderlichen Bewilligungen der Zollbeh\u00f6rden und sind auch in der Lage, unverzollte Waren im Transit zu empfangen und unverzollte Waren in ein europ\u00e4isches Drittland zu versenden.<\/p>\n<\/div>\n<\/div>\n<div class=\"wpb_text_column wpb_content_element \">\n<div class=\"wpb_wrapper\"> <\/div>\n<\/div>\n\t\t\t\t\t\t\t\t<\/div>\n\t\t\t\t<\/div>\n\t\t\t\t\t<\/div>\n\t\t\t\t<\/div>\n\t\t<div class=\"elementor-element elementor-element-a815e4e e-flex e-con-boxed e-con e-child\" data-id=\"a815e4e\" data-element_type=\"container\" data-e-type=\"container\">\n\t\t\t\t\t<div class=\"e-con-inner\">\n\t\t\t\t<div class=\"elementor-element elementor-element-c465326 elementor-widget elementor-widget-image\" data-id=\"c465326\" data-element_type=\"widget\" data-e-type=\"widget\" data-widget_type=\"image.default\">\n\t\t\t\t<div class=\"elementor-widget-container\">\n\t\t\t\t\t\t\t\t\t\t\t\t\t\t\t<img fetchpriority=\"high\" decoding=\"async\" width=\"683\" height=\"1024\" src=\"https:\/\/mantum.se\/wp-content\/uploads\/2021\/12\/lager-Large-683x1024.png\" class=\"attachment-large size-large wp-image-3410\" alt=\"\" srcset=\"https:\/\/mantum.se\/wp-content\/uploads\/2021\/12\/lager-Large-683x1024.png 683w, https:\/\/mantum.se\/wp-content\/uploads\/2021\/12\/lager-Large-600x900.png 600w, https:\/\/mantum.se\/wp-content\/uploads\/2021\/12\/lager-Large-200x300.png 200w, https:\/\/mantum.se\/wp-content\/uploads\/2021\/12\/lager-Large-700x1050.png 700w, https:\/\/mantum.se\/wp-content\/uploads\/2021\/12\/lager-Large.png 720w\" sizes=\"(max-width: 683px) 100vw, 683px\" \/>\t\t\t\t\t\t\t\t\t\t\t\t\t\t\t<\/div>\n\t\t\t\t<\/div>\n\t\t\t\t\t<\/div>\n\t\t\t\t<\/div>\n\t\t\t\t\t<\/div>\n\t\t\t\t<\/div>\n\t\t<div class=\"elementor-element elementor-element-9c0d65e e-con-full e-flex e-con e-parent\" data-id=\"9c0d65e\" data-element_type=\"container\" data-e-type=\"container\" data-settings=\"{&quot;background_background&quot;:&quot;classic&quot;}\">\n\t\t\t\t<div class=\"elementor-element elementor-element-e06c9ac elementor-widget elementor-widget-heading\" data-id=\"e06c9ac\" data-element_type=\"widget\" data-e-type=\"widget\" data-widget_type=\"heading.default\">\n\t\t\t\t<div class=\"elementor-widget-container\">\n\t\t\t\t\t<h2 class=\"elementor-heading-title elementor-size-default\">Kontakt zu Mantum Logistic<\/h2>\t\t\t\t<\/div>\n\t\t\t\t<\/div>\n\t\t\t\t<\/div>\n\t\t<div class=\"elementor-element elementor-element-1e40993 e-flex e-con-boxed e-con e-parent\" data-id=\"1e40993\" data-element_type=\"container\" data-e-type=\"container\">\n\t\t\t\t\t<div class=\"e-con-inner\">\n\t\t<div class=\"elementor-element elementor-element-8287edf e-flex e-con-boxed e-con e-child\" data-id=\"8287edf\" data-element_type=\"container\" data-e-type=\"container\">\n\t\t\t\t\t<div class=\"e-con-inner\">\n\t\t\t\t<div class=\"elementor-element elementor-element-c7492eb elementor-widget elementor-widget-text-editor\" data-id=\"c7492eb\" data-element_type=\"widget\" data-e-type=\"widget\" data-widget_type=\"text-editor.default\">\n\t\t\t\t<div class=\"elementor-widget-container\">\n\t\t\t\t\t\t\t\t\t<h4 style=\"text-align: center;\">Inl\u00e4ndische<\/h4>\n<p style=\"text-align: center;\">Telefon: 0340-54 55 60<br \/><a href=\"mailto:logistics@mantum.se\">logistics@mantum.se<\/a><\/p>\n\t\t\t\t\t\t\t\t<\/div>\n\t\t\t\t<\/div>\n\t\t\t\t\t<\/div>\n\t\t\t\t<\/div>\n\t\t<div class=\"elementor-element elementor-element-42d0a8f e-flex e-con-boxed e-con e-child\" data-id=\"42d0a8f\" data-element_type=\"container\" data-e-type=\"container\">\n\t\t\t\t\t<div class=\"e-con-inner\">\n\t\t\t\t<div class=\"elementor-element elementor-element-95cc13f elementor-widget elementor-widget-text-editor\" data-id=\"95cc13f\" data-element_type=\"widget\" data-e-type=\"widget\" data-widget_type=\"text-editor.default\">\n\t\t\t\t<div class=\"elementor-widget-container\">\n\t\t\t\t\t\t\t\t\t<h4 style=\"text-align: center;\">Im Ausland<\/h4>\n<p style=\"text-align: center;\">Tel: 0340-54 55 80<a href=\"mailto:miljo@mantum.se\"><br \/>\n  <br \/>\n<\/a><a href=\"mailto:logistics@mantum.se\">international@mantum.se<\/a><\/p>\n\t\t\t\t\t\t\t\t<\/div>\n\t\t\t\t<\/div>\n\t\t\t\t\t<\/div>\n\t\t\t\t<\/div>\n\t\t<div class=\"elementor-element elementor-element-c806753 e-flex e-con-boxed e-con e-child\" data-id=\"c806753\" data-element_type=\"container\" data-e-type=\"container\">\n\t\t\t\t\t<div class=\"e-con-inner\">\n\t\t\t\t<div class=\"elementor-element elementor-element-16a22c9 elementor-widget elementor-widget-text-editor\" data-id=\"16a22c9\" data-element_type=\"widget\" data-e-type=\"widget\" data-widget_type=\"text-editor.default\">\n\t\t\t\t<div class=\"elementor-widget-container\">\n\t\t\t\t\t\t\t\t\t<h4 style=\"text-align: center;\">Lagerhaus<\/h4>\n<p style=\"text-align: center;\">Telefon: 0340-54 55 50<br \/><a href=\"mailto:logistics@mantum.se\">lager@mantum.se<\/a><\/p>\n\t\t\t\t\t\t\t\t<\/div>\n\t\t\t\t<\/div>\n\t\t\t\t\t<\/div>\n\t\t\t\t<\/div>\n\t\t\t\t\t<\/div>\n\t\t\t\t<\/div>\n\t\t\t\t<\/div>\n\t\t","protected":false},"excerpt":{"rendered":"<p>Mantum Logistics bietet eine breite Palette von Transport- und Speditionsdienstleistungen an.<\/p>\n","protected":false},"author":2,"featured_media":0,"parent":0,"menu_order":0,"comment_status":"closed","ping_status":"closed","template":"","meta":{"footnotes":""},"class_list":["post-3369","page","type-page","status-publish","hentry"],"_links":{"self":[{"href":"https:\/\/mantum.se\/de\/wp-json\/wp\/v2\/pages\/3369","targetHints":{"allow":["GET"]}}],"collection":[{"href":"https:\/\/mantum.se\/de\/wp-json\/wp\/v2\/pages"}],"about":[{"href":"https:\/\/mantum.se\/de\/wp-json\/wp\/v2\/types\/page"}],"author":[{"embeddable":true,"href":"https:\/\/mantum.se\/de\/wp-json\/wp\/v2\/users\/2"}],"replies":[{"embeddable":true,"href":"https:\/\/mantum.se\/de\/wp-json\/wp\/v2\/comments?post=3369"}],"version-history":[{"count":1,"href":"https:\/\/mantum.se\/de\/wp-json\/wp\/v2\/pages\/3369\/revisions"}],"predecessor-version":[{"id":3393,"href":"https:\/\/mantum.se\/de\/wp-json\/wp\/v2\/pages\/3369\/revisions\/3393"}],"wp:attachment":[{"href":"https:\/\/mantum.se\/de\/wp-json\/wp\/v2\/media?parent=3369"}],"curies":[{"name":"wp","href":"https:\/\/api.w.org\/{rel}","templated":true}]}}