{"id":3368,"date":"2020-09-18T09:24:33","date_gmt":"2020-09-18T09:24:33","guid":{"rendered":"https:\/\/mantum.se\/bauwesen-und-konstruktion\/"},"modified":"2023-10-30T12:41:06","modified_gmt":"2023-10-30T12:41:06","slug":"bauwesen-und-konstruktion","status":"publish","type":"page","link":"https:\/\/mantum.se\/de\/bauwesen-und-konstruktion\/","title":{"rendered":"Bauwesen und Konstruktion"},"content":{"rendered":"\t\t<div data-elementor-type=\"wp-page\" data-elementor-id=\"3368\" class=\"elementor elementor-3368 elementor-503\" data-elementor-post-type=\"page\">\n\t\t\t\t<div class=\"elementor-element elementor-element-109c1e18 e-flex e-con-boxed e-con e-parent\" data-id=\"109c1e18\" data-element_type=\"container\" data-e-type=\"container\">\n\t\t\t\t\t<div class=\"e-con-inner\">\n\t\t<div class=\"elementor-element elementor-element-1bd94cb e-flex e-con-boxed e-con e-child\" data-id=\"1bd94cb\" data-element_type=\"container\" data-e-type=\"container\">\n\t\t\t\t\t<div class=\"e-con-inner\">\n\t\t\t\t<div class=\"elementor-element elementor-element-7003a875 elementor-widget elementor-widget-text-editor\" data-id=\"7003a875\" data-element_type=\"widget\" data-e-type=\"widget\" data-widget_type=\"text-editor.default\">\n\t\t\t\t<div class=\"elementor-widget-container\">\n\t\t\t\t\t\t\t\t\t<p><strong>Mantum verf\u00fcgt \u00fcber eine komplette Abteilung f\u00fcr Baufahrzeuge, und unsere Baudienstleistungen richten sich an Kunden aus dem Bau-, Industrie- und Geb\u00e4udesektor. Dar\u00fcber hinaus bieten wir eine breite Palette von Kies- und Steinmaterialien aus unseren eigenen Steinbr\u00fcchen und Verarbeitungsbetrieben an. So k\u00f6nnen wir dem Kunden mit einer kosteng\u00fcnstigen L\u00f6sung f\u00fcr den Materialtransport helfen.<\/strong><strong>Umfassender Partner f\u00fcr Baudienstleistungen<\/strong><\/p>\n<p>Die Baufahrzeuge von Mantum sind in der Regel mit dem Transport von Aushubmaterial oder der Lieferung von Kies, Erde, Gestein und Makadam in den meisten Fraktionen beauftragt.<\/p>\n<p>Wir sind auch in der Lage, Asphalt zu transportieren, Bordsteine zu setzen und fertigen Beton mit unseren LKWs zu transportieren. Wir verpflichten uns zum Winterdienst, bei dem wir salzen, streuen, r\u00e4umen und Schnee entfernen.<\/p>\n<p>Der Fuhrpark ist breit gef\u00e4chert und flexibel mit einem sehr hohen Ausstattungsniveau aller Einheiten, was bedeutet, dass wir immer eine L\u00f6sung f\u00fcr den Bedarf des Kunden finden. Standardm\u00e4\u00dfig sind alle Einheiten mit Fahrzeugcomputern ausgestattet, die alle m\u00f6glichen Informationen \u00fcber jeden Einsatz und jeden durchgef\u00fchrten Transport melden k\u00f6nnen. Mehr zu unseren Contracting-Leistungen lesen Sie <a href=\"https:\/\/mantum.se\/fragor-och-svar-en\/\">hier<\/a> unter Fragen und Antworten.<\/p>\n<h5>Bauwesen<\/h5>\n<p>Die Dienstleistungen von Mantum Entreprenad sind das Herzst\u00fcck unseres Gesch\u00e4fts, in dem wir seit langem f\u00fchrend in der Region sind. Auftr\u00e4ge im Baugewerbe stellen hohe Anforderungen, an deren Erf\u00fcllung wir st\u00e4ndig arbeiten. Unsere Fahrer sind f\u00fcr diese Aufgabe geschult und alle Fahrzeuge verf\u00fcgen \u00fcber die erforderlichen Lizenzen. Mantum ist bestrebt, effektive L\u00f6sungen anzubieten, die mit einem starken pers\u00f6nlichen Engagement geliefert werden und bei denen der Kunde immer im Mittelpunkt steht<strong>.<\/strong><\/p>\n<p>Die heutige Gesellschaft ist durch ein hohes Ma\u00df an Umweltbewusstsein gekennzeichnet, und sowohl Unternehmen als auch Privatpersonen besch\u00e4ftigen sich mit dem Sortieren und Recyceln. Mantum ist der ideale Partner, wenn es um den Umweltschutz geht. Wir erf\u00fcllen alle strengen Umweltanforderungen. Folgende Dienstleistungen im Zusammenhang mit Umwelttransporten werden angeboten: Containerdienste, Schlammsaugung, Hochdrucksp\u00fclung, Bauschutt, M\u00fcllverdichter, Umladestation Vagnv\u00e4gen und Sp\u00e4netransport.<\/p>\n<p>Lesen Sie mehr \u00fcber unsere Umweltarbeit unter <a href=\"https:\/\/mantum.se\/gogreen\/\">MantumgoGreen<\/a><\/p>\n\t\t\t\t\t\t\t\t<\/div>\n\t\t\t\t<\/div>\n\t\t\t\t\t<\/div>\n\t\t\t\t<\/div>\n\t\t<div class=\"elementor-element elementor-element-620d199 e-flex e-con-boxed e-con e-child\" data-id=\"620d199\" data-element_type=\"container\" data-e-type=\"container\">\n\t\t\t\t\t<div class=\"e-con-inner\">\n\t\t\t\t<div class=\"elementor-element elementor-element-e1bdeea elementor--h-position-center elementor--v-position-middle elementor-arrows-position-inside elementor-pagination-position-inside elementor-widget elementor-widget-slides\" data-id=\"e1bdeea\" data-element_type=\"widget\" data-e-type=\"widget\" data-settings=\"{&quot;navigation&quot;:&quot;both&quot;,&quot;autoplay&quot;:&quot;yes&quot;,&quot;pause_on_hover&quot;:&quot;yes&quot;,&quot;pause_on_interaction&quot;:&quot;yes&quot;,&quot;autoplay_speed&quot;:5000,&quot;infinite&quot;:&quot;yes&quot;,&quot;transition&quot;:&quot;slide&quot;,&quot;transition_speed&quot;:500}\" data-widget_type=\"slides.default\">\n\t\t\t\t<div class=\"elementor-widget-container\">\n\t\t\t\t\t\t\t\t\t<div class=\"elementor-swiper\">\n\t\t\t\t\t<div class=\"elementor-slides-wrapper elementor-main-swiper swiper\" role=\"region\" aria-roledescription=\"carousel\" aria-label=\"Slider\" dir=\"ltr\" data-animation=\"fadeInUp\">\n\t\t\t\t<div class=\"swiper-wrapper elementor-slides\">\n\t\t\t\t\t\t\t\t\t\t<div class=\"elementor-repeater-item-4e934f6 swiper-slide\" role=\"group\" aria-roledescription=\"slide\"><div class=\"swiper-slide-bg\" role=\"img\" aria-label=\"Elin (Large)\"><\/div><div class=\"swiper-slide-inner\" ><div class=\"swiper-slide-contents\"><\/div><\/div><\/div><div class=\"elementor-repeater-item-3209339 swiper-slide\" role=\"group\" aria-roledescription=\"slide\"><div class=\"swiper-slide-bg\" role=\"img\" aria-label=\"annons_no_text (Large)\"><\/div><div class=\"swiper-slide-inner\" ><div class=\"swiper-slide-contents\"><\/div><\/div><\/div><div class=\"elementor-repeater-item-4b2a163 swiper-slide\" role=\"group\" aria-roledescription=\"slide\"><div class=\"swiper-slide-bg\" role=\"img\" aria-label=\"george\"><\/div><div class=\"swiper-slide-inner\" ><div class=\"swiper-slide-contents\"><\/div><\/div><\/div>\t\t\t\t<\/div>\n\t\t\t\t\t\t\t\t\t\t\t\t\t\t\t<div class=\"elementor-swiper-button elementor-swiper-button-prev\" role=\"button\" tabindex=\"0\" aria-label=\"Vorheriger Slide\">\n\t\t\t\t\t\t\t<i aria-hidden=\"true\" class=\"eicon-chevron-left\"><\/i>\t\t\t\t\t\t<\/div>\n\t\t\t\t\t\t<div class=\"elementor-swiper-button elementor-swiper-button-next\" role=\"button\" tabindex=\"0\" aria-label=\"N\u00e4chster Slide\">\n\t\t\t\t\t\t\t<i aria-hidden=\"true\" class=\"eicon-chevron-right\"><\/i>\t\t\t\t\t\t<\/div>\n\t\t\t\t\t\t\t\t\t\t\t\t\t\t\t\t<div class=\"swiper-pagination\"><\/div>\n\t\t\t\t\t\t\t\t\t\t\t\t<\/div>\n\t\t\t\t<\/div>\n\t\t\t\t\t\t\t\t<\/div>\n\t\t\t\t<\/div>\n\t\t\t\t\t<\/div>\n\t\t\t\t<\/div>\n\t\t\t\t\t<\/div>\n\t\t\t\t<\/div>\n\t\t<div class=\"elementor-element elementor-element-fd1f6d3 e-con-full e-flex e-con e-parent\" data-id=\"fd1f6d3\" data-element_type=\"container\" data-e-type=\"container\" data-settings=\"{&quot;background_background&quot;:&quot;classic&quot;}\">\n\t\t\t\t<div class=\"elementor-element elementor-element-4c8e7bd elementor-widget elementor-widget-heading\" data-id=\"4c8e7bd\" data-element_type=\"widget\" data-e-type=\"widget\" data-widget_type=\"heading.default\">\n\t\t\t\t<div class=\"elementor-widget-container\">\n\t\t\t\t\t<h2 class=\"elementor-heading-title elementor-size-default\">Kontakt zu Mantum Entreprenad<\/h2>\t\t\t\t<\/div>\n\t\t\t\t<\/div>\n\t\t\t\t<\/div>\n\t\t<div class=\"elementor-element elementor-element-e038f1d e-flex e-con-boxed e-con e-parent\" data-id=\"e038f1d\" data-element_type=\"container\" data-e-type=\"container\">\n\t\t\t\t\t<div class=\"e-con-inner\">\n\t\t<div class=\"elementor-element elementor-element-3947a55 e-flex e-con-boxed e-con e-child\" data-id=\"3947a55\" data-element_type=\"container\" data-e-type=\"container\">\n\t\t\t\t\t<div class=\"e-con-inner\">\n\t\t\t\t<div class=\"elementor-element elementor-element-5cdf74b elementor-widget elementor-widget-text-editor\" data-id=\"5cdf74b\" data-element_type=\"widget\" data-e-type=\"widget\" data-widget_type=\"text-editor.default\">\n\t\t\t\t<div class=\"elementor-widget-container\">\n\t\t\t\t\t\t\t\t\t<h4 style=\"text-align: center;\">Einrichtung<\/h4>\n<p style=\"text-align: center;\">Telefon: 0340-54 55 20<br \/><a href=\"mailto:entreprenad@mantum.se\">entreprenad@mantum.se<\/a><\/p>\n<p style=\"text-align: center;\">\n\t\t\t\t\t\t\t\t<\/div>\n\t\t\t\t<\/div>\n\t\t\t\t\t<\/div>\n\t\t\t\t<\/div>\n\t\t<div class=\"elementor-element elementor-element-06ce04a e-flex e-con-boxed e-con e-child\" data-id=\"06ce04a\" data-element_type=\"container\" data-e-type=\"container\">\n\t\t\t\t\t<div class=\"e-con-inner\">\n\t\t\t\t<div class=\"elementor-element elementor-element-0e425b4 elementor-widget elementor-widget-text-editor\" data-id=\"0e425b4\" data-element_type=\"widget\" data-e-type=\"widget\" data-widget_type=\"text-editor.default\">\n\t\t\t\t<div class=\"elementor-widget-container\">\n\t\t\t\t\t\t\t\t\t<h4 style=\"text-align: center;\">Umwelt<\/h4>\n<p style=\"text-align: center;\">Tel: 0340-54 55 40<a href=\"mailto:miljo@mantum.se\"><br \/>\n  <br \/>\n<\/a><a href=\"mailto:mantum2@mantum.se\">miljo@mantum.se<\/a><\/p>\n\t\t\t\t\t\t\t\t<\/div>\n\t\t\t\t<\/div>\n\t\t\t\t\t<\/div>\n\t\t\t\t<\/div>\n\t\t<div class=\"elementor-element elementor-element-8d6c9f9 e-flex e-con-boxed e-con e-child\" data-id=\"8d6c9f9\" data-element_type=\"container\" data-e-type=\"container\">\n\t\t\t\t\t<div class=\"e-con-inner\">\n\t\t\t\t<div class=\"elementor-element elementor-element-1c286c1 elementor-widget elementor-widget-text-editor\" data-id=\"1c286c1\" data-element_type=\"widget\" data-e-type=\"widget\" data-widget_type=\"text-editor.default\">\n\t\t\t\t<div class=\"elementor-widget-container\">\n\t\t\t\t\t\t\t\t\t<h4 style=\"text-align: center;\">Schlammentfernung<\/h4>\n<p style=\"text-align: center;\">Varberg &amp; Falkenberg-Hotline<\/p>\n<p style=\"text-align: center;\">Telefon: 070 545 70 44<\/p>\n\t\t\t\t\t\t\t\t<\/div>\n\t\t\t\t<\/div>\n\t\t\t\t\t<\/div>\n\t\t\t\t<\/div>\n\t\t\t\t\t<\/div>\n\t\t\t\t<\/div>\n\t\t<div class=\"elementor-element elementor-element-b023089 e-flex e-con-boxed e-con e-parent\" data-id=\"b023089\" data-element_type=\"container\" data-e-type=\"container\">\n\t\t\t\t\t<div class=\"e-con-inner\">\n\t\t<div class=\"elementor-element elementor-element-4d90883 e-flex e-con-boxed e-con e-child\" data-id=\"4d90883\" data-element_type=\"container\" data-e-type=\"container\">\n\t\t\t\t\t<div class=\"e-con-inner\">\n\t\t\t\t<div class=\"elementor-element elementor-element-69f2472 elementor-widget elementor-widget-text-editor\" data-id=\"69f2472\" data-element_type=\"widget\" data-e-type=\"widget\" data-widget_type=\"text-editor.default\">\n\t\t\t\t<div class=\"elementor-widget-container\">\n\t\t\t\t\t\t\t\t\t<h4 style=\"text-align: center;\">Einrichtung<\/h4>\n<p style=\"text-align: center;\">Telefon: 0340-54 55 20<br \/><a href=\"mailto:entreprenad@mantum.se\">entreprenad@mantum.se<\/a><\/p>\n<p style=\"text-align: center;\">\n\t\t\t\t\t\t\t\t<\/div>\n\t\t\t\t<\/div>\n\t\t\t\t\t<\/div>\n\t\t\t\t<\/div>\n\t\t<div class=\"elementor-element elementor-element-4ad0a2d e-flex e-con-boxed e-con e-child\" data-id=\"4ad0a2d\" data-element_type=\"container\" data-e-type=\"container\">\n\t\t\t\t\t<div class=\"e-con-inner\">\n\t\t\t\t<div class=\"elementor-element elementor-element-a0273b0 elementor-widget elementor-widget-text-editor\" data-id=\"a0273b0\" data-element_type=\"widget\" data-e-type=\"widget\" data-widget_type=\"text-editor.default\">\n\t\t\t\t<div class=\"elementor-widget-container\">\n\t\t\t\t\t\t\t\t\t<h4 style=\"text-align: center;\">Umwelt<\/h4>\n<p style=\"text-align: center;\">Tel: 0340-54 55 40<a href=\"mailto:miljo@mantum.se\"><br \/>\n  <br \/>\n<\/a><a href=\"mailto:mantum2@mantum.se\">miljo@mantum.se<\/a><\/p>\n\t\t\t\t\t\t\t\t<\/div>\n\t\t\t\t<\/div>\n\t\t\t\t\t<\/div>\n\t\t\t\t<\/div>\n\t\t<div class=\"elementor-element elementor-element-4493595 e-flex e-con-boxed e-con e-child\" data-id=\"4493595\" data-element_type=\"container\" data-e-type=\"container\">\n\t\t\t\t\t<div class=\"e-con-inner\">\n\t\t\t\t<div class=\"elementor-element elementor-element-167705e elementor-widget elementor-widget-text-editor\" data-id=\"167705e\" data-element_type=\"widget\" data-e-type=\"widget\" data-widget_type=\"text-editor.default\">\n\t\t\t\t<div class=\"elementor-widget-container\">\n\t\t\t\t\t\t\t\t\t<h4 style=\"text-align: center;\">Schlammentfernung<\/h4>\n<p style=\"text-align: center;\">Varberg &amp; Falkenberg-Hotline<\/p>\n<p style=\"text-align: center;\">Telefon: 070 545 70 44<\/p>\n\t\t\t\t\t\t\t\t<\/div>\n\t\t\t\t<\/div>\n\t\t\t\t\t<\/div>\n\t\t\t\t<\/div>\n\t\t\t\t\t<\/div>\n\t\t\t\t<\/div>\n\t\t\t\t<\/div>\n\t\t","protected":false},"excerpt":{"rendered":"<p>Mantum verf\u00fcgt \u00fcber eine komplette Abteilung f\u00fcr Baufahrzeuge, und unsere Baudienstleistungen richten sich an Kunden aus dem Bau-, Industrie- und Geb\u00e4udesektor.<\/p>\n","protected":false},"author":1,"featured_media":0,"parent":0,"menu_order":0,"comment_status":"closed","ping_status":"closed","template":"","meta":{"footnotes":""},"class_list":["post-3368","page","type-page","status-publish","hentry"],"_links":{"self":[{"href":"https:\/\/mantum.se\/de\/wp-json\/wp\/v2\/pages\/3368","targetHints":{"allow":["GET"]}}],"collection":[{"href":"https:\/\/mantum.se\/de\/wp-json\/wp\/v2\/pages"}],"about":[{"href":"https:\/\/mantum.se\/de\/wp-json\/wp\/v2\/types\/page"}],"author":[{"embeddable":true,"href":"https:\/\/mantum.se\/de\/wp-json\/wp\/v2\/users\/1"}],"replies":[{"embeddable":true,"href":"https:\/\/mantum.se\/de\/wp-json\/wp\/v2\/comments?post=3368"}],"version-history":[{"count":1,"href":"https:\/\/mantum.se\/de\/wp-json\/wp\/v2\/pages\/3368\/revisions"}],"predecessor-version":[{"id":3398,"href":"https:\/\/mantum.se\/de\/wp-json\/wp\/v2\/pages\/3368\/revisions\/3398"}],"wp:attachment":[{"href":"https:\/\/mantum.se\/de\/wp-json\/wp\/v2\/media?parent=3368"}],"curies":[{"name":"wp","href":"https:\/\/api.w.org\/{rel}","templated":true}]}}