{"id":3362,"date":"2020-09-28T09:58:55","date_gmt":"2020-09-28T09:58:55","guid":{"rendered":"https:\/\/mantum.se\/buchen-sie-eine-grosse-tasche\/"},"modified":"2024-07-01T11:49:14","modified_gmt":"2024-07-01T11:49:14","slug":"buchen-sie-eine-grosse-tasche","status":"publish","type":"page","link":"https:\/\/mantum.se\/de\/buchen-sie-eine-grosse-tasche\/","title":{"rendered":"Buchen Sie eine gro\u00dfe Tasche"},"content":{"rendered":"\t\t<div data-elementor-type=\"wp-page\" data-elementor-id=\"3362\" class=\"elementor elementor-3362 elementor-539\" data-elementor-post-type=\"page\">\n\t\t\t\t<div class=\"elementor-element elementor-element-6850fc55 e-flex e-con-boxed e-con e-parent\" data-id=\"6850fc55\" data-element_type=\"container\" data-e-type=\"container\">\n\t\t\t\t\t<div class=\"e-con-inner\">\n\t\t\t\t<div class=\"elementor-element elementor-element-54807053 elementor-widget__width-auto elementor-widget elementor-widget-text-editor\" data-id=\"54807053\" data-element_type=\"widget\" data-e-type=\"widget\" data-widget_type=\"text-editor.default\">\n\t\t\t\t<div class=\"elementor-widget-container\">\n\t\t\t\t\t\t\t\t\t\n<h1>Gro\u00dfe Tasche<\/h1>\nDer Big Bag ist eine praktische L\u00f6sung f\u00fcr Umz\u00fcge, die Reinigung von Lagerr\u00e4umen und Garagen, Renovierungen und Erweiterungen oder Gartenarbeiten. Mantum liefert zwei verschiedene Gr\u00f6\u00dfen von Big Bags: 1 Kubikmeter und 1,8 Kubikmeter. Gro\u00dfe Taschen sind wirtschaftlich und platzsparend. Sie k\u00f6nnen mehrere S\u00e4cke kaufen und Ihre Abf\u00e4lle selbst sortieren, oder alles zusammen in einen Sack werfen und Mantum die Sortierung \u00fcberlassen, um die Abf\u00e4lle dann dem Recycling oder der Deponie zuzuf\u00fchren. Wenn Sie die Abholung mehrerer S\u00e4cke gleichzeitig bestellen, erhalten Sie einen Rabatt gem\u00e4\u00df den nachstehenden Angaben.[button size=&#8221;big_large&#8221; icon=&#8221;fa-map&#8221; target=&#8221;_blank&#8221; hover_type=&#8221;default&#8221; text_align=&#8221;center&#8221; text=&#8221;Karte der Zone&#8221; icon_color=&#8221;#ffffff&#8221; color=&#8221;#ffffff&#8221; background_color=&#8221;#29303b&#8221; hover_color=&#8221;#6fcef4&#8243; margin=&#8221;15px 0px 15px 0px&#8221; font_size=&#8221;25&#8243;][button size=&#8221;big_large&#8221; icon=&#8221;fa-shopping-bag&#8221; target=&#8221;_self&#8221; hover_type=&#8221;default&#8221; text_align=&#8221;center&#8221; text=&#8221;Big Bag bestellen&#8221; icon_color=&#8221;#ffffff&#8221; color=&#8221;#ffffff&#8221; background_color=&#8221;#29303b&#8221; hover_color=&#8221;#6fcef4&#8243; margin=&#8221;15px 0px 15px 0px&#8221; font_size=&#8221;25&#8243;][button size=&#8221;big_large&#8221; icon=&#8221;fa-truck&#8221; target=&#8221;_self&#8221; hover_type=&#8221;default&#8221; text_align=&#8221;center&#8221; text=&#8221;Eine Sammlung bestellen&#8221; icon_color=&#8221;#ffffff&#8221; color=&#8221;#ffffff&#8221; background_color=&#8221;#29303b&#8221; hover_color=&#8221;#6fcef4&#8243; margin=&#8221;15px 0px 15px 0px&#8221; font_size=&#8221;25&#8243;][button size=&#8221;big_large&#8221; icon=&#8221;fa-shopping-bag&#8221; target=&#8221;_self&#8221; hover_type=&#8221;default&#8221; text_align=&#8221;center&#8221; text=&#8221;Big Bag bestellen&#8221; icon_color=&#8221;#ffffff&#8221; color=&#8221;#ffffff&#8221; background_color=&#8221;#29303b&#8221; hover_color=&#8221;#6fcef4&#8243; margin=&#8221;15px 0px 15px 0px&#8221; font_size=&#8221;21&#8243;][button size=&#8221;big_large&#8221; icon=&#8221;fa-truck&#8221; target=&#8221;_self&#8221; hover_type=&#8221;default&#8221; text_align=&#8221;center&#8221; text=&#8221;Eine Sammlung bestellen&#8221; icon_color=&#8221;#ffffff&#8221; color=&#8221;#ffffff&#8221; background_color=&#8221;#29303b&#8221; hover_color=&#8221;#6fcef4&#8243; margin=&#8221;15px 0px 15px 0px&#8221; font_size=&#8221;21&#8243;]\n<h4>Preise<\/h4>\nSie bestellen Mantum&#8217;s Big Bag zu einem Gesamtpreis, der folgendes beinhaltet:\n<ul>\n \t<li>Sack (der Sack wird bei der Lieferung teilweise mit 200 SEK belastet).<\/li>\n \t<li>Sacklieferung an Ihre Haust\u00fcr<\/li>\n \t<li>Sammlung auf Bestellung<\/li>\n \t<li>Inkassogeb\u00fchr<\/li>\n \t<li>Bearbeitungsgeb\u00fchr<\/li>\n \t<li>H\u00f6chstgewicht 1000 kg<\/li>\n<\/ul>\n\n<table id=\"tablepress-1\" class=\"tablepress tablepress-id-1\">\n<thead>\n<tr class=\"row-1\">\n\t<th class=\"column-1\">Fraktion<\/th><th class=\"column-2\">1 kbm exkl \/ inkl moms<\/th><th class=\"column-3\">1,8 kbm exkl \/ inkl moms <\/th>\n<\/tr>\n<\/thead>\n<tbody class=\"row-striping row-hover\">\n<tr class=\"row-2\">\n\t<td class=\"column-1\">Blandat avfall<\/td><td class=\"column-2\">740 kr \/ 925 kr<\/td><td class=\"column-3\">960 kr \/ 1200 kr<\/td>\n<\/tr>\n<tr class=\"row-3\">\n\t<td class=\"column-1\">Gips<\/td><td class=\"column-2\">700 kr \/ 875 kr<\/td><td class=\"column-3\">920 kr \/ 1150 kr<\/td>\n<\/tr>\n<tr class=\"row-4\">\n\t<td class=\"column-1\">Br\u00e4nnbart avfall<\/td><td class=\"column-2\">640 kr \/ 800 kr<\/td><td class=\"column-3\">880 kr \/ 1100 kr<\/td>\n<\/tr>\n<tr class=\"row-5\">\n\t<td class=\"column-1\">Tr\u00e4dg\u00e5rdsris<\/td><td class=\"column-2\">560 kr \/ 700 kr<\/td><td class=\"column-3\">620 kr \/ 775 kr<\/td>\n<\/tr>\n<tr class=\"row-6\">\n\t<td class=\"column-1\">Tr\u00e4<\/td><td class=\"column-2\">560 kr \/ 700 kr<\/td><td class=\"column-3\">620 kr \/ 775 kr<\/td>\n<\/tr>\n<tr class=\"row-7\">\n\t<td class=\"column-1\">Till\u00e4gg zon 2<\/td><td class=\"column-2\">120 kr \/ 150 kr<\/td><td class=\"column-3\">120 kr \/ 150 kr<\/td>\n<\/tr>\n<tr class=\"row-8\">\n\t<td class=\"column-1\">Avdrag vid h\u00e4mtning av 2 s\u00e4ckar<\/td><td class=\"column-2\">80 kr \/100 kr<\/td><td class=\"column-3\"> 80 kr \/100 kr<\/td>\n<\/tr>\n<tr class=\"row-9\">\n\t<td class=\"column-1\">Avdrag vid h\u00e4mtning av 3 s\u00e4ckar<\/td><td class=\"column-2\">240 kr \/ 300 kr<\/td><td class=\"column-3\">240 kr \/ 300 kr<\/td>\n<\/tr>\n<\/tbody>\n<\/table>\n<!-- #tablepress-1 from cache -->[icons icon=&#8221;fa-check&#8221; size=&#8221;fa-5x&#8221; type=&#8221;normal&#8221; position=&#8221;center&#8221; target=&#8221;_self&#8221; icon_color=&#8221;#333333&#8243;]\n<h4 style=\"text-align: center;\">Was Sie wegwerfen k\u00f6nnen<\/h4>\nBeton, brennbare Materialien, Styropor, Gips, Glas, Glasfaser, D\u00e4mmstoffe, Fliesen, Metalle, Papier, Kunststoffe, Porzellan, Planen, Metallschrott, Spiegel, Spanplatten, Stein, Ziegel, Telekommunikationskabel, Textilien, Holz, Gartenabf\u00e4lle, Wellpappe.[icons icon=&#8221;fa-times&#8221; size=&#8221;fa-5x&#8221; type=&#8221;normal&#8221; position=&#8221;center&#8221; target=&#8221;_self&#8221; icon_color=&#8221;#333333&#8243;]\n<h4 style=\"text-align: center;\">Aber bitte nicht wegwerfen<\/h4>\nGef\u00e4hrliche Abf\u00e4lle, Elektrokabel, druckbehandeltes Holz, Leuchtstoffr\u00f6hren, Spr\u00fchflaschen, Elektronik, Autoreifen, Haushaltsger\u00e4te und Asbest. Material, das nicht in den Beutel geh\u00f6rt, wird nach der aktuellen Preisliste berechnet. Mantum Big Bag wird sowohl f\u00fcr Unternehmen als auch f\u00fcr Privatpersonen angeboten. Wir sammeln innerhalb der Gemeinde Varberg und berechnen die Geb\u00fchren nach der unten dargestellten Zoneneinteilung[icons icon=&#8221;fa-road&#8221; size=&#8221;fa-5x&#8221; type=&#8221;normal&#8221; position=&#8221;center&#8221; target=&#8221;_self&#8221; icon_color=&#8221;#333333&#8243;]\n<h4 style=\"text-align: center;\">Standort und Transportweg<\/h4>\nDa der Sack beim Bef\u00fcllen schwer sein wird, ist es wichtig, ihn so zu platzieren, dass wir ihn mit einem Kranwagen erreichen k\u00f6nnen, nicht mehr als 5 Meter von der Stra\u00dfe entfernt mit einer freien H\u00f6he f\u00fcr den Kran. Die Stra\u00dfe zur Sammelstelle muss breit genug f\u00fcr einen Lkw sein, 3 m breit und 4,5 m frei f\u00fcr einen Kran. Au\u00dferdem sollten wir in der Lage sein, das Auto an der Abholstelle zu wenden.\n<h1 style=\"text-align: center;\"><span style=\"color: #ffffff;\">Kontakt zu Mantum Entreprenad<\/span><\/h1>\n\n<h4 style=\"text-align: center;\">Einrichtung<\/h4>\n<p style=\"text-align: center;\">Telefon: 0340-54 55 20\n<a href=\"mailto:entreprenad@mantum.se\">entreprenad@mantum.se<\/a><\/p>\n\n<h4 style=\"text-align: center;\">Umwelt<\/h4>\n<p style=\"text-align: center;\">Telefon: 0340-54 55 40\n<a href=\"mailto:mantum2@mantum.se\">miljo@mantum.se<\/a><\/p>\n\n<h4 style=\"text-align: center;\">Schlammentfernung<\/h4>\n<p style=\"text-align: center;\">Varberg &amp; Falkenberg-Hotline<\/p>\n<p style=\"text-align: center;\">Telefon: 070 545 70 44<a href=\"mailto:miljo@mantum.se\">\n<\/a><\/p>\n\t\t\t\t\t\t\t\t<\/div>\n\t\t\t\t<\/div>\n\t\t\t\t\t<\/div>\n\t\t\t\t<\/div>\n\t\t<div class=\"elementor-element elementor-element-77a510d e-flex e-con-boxed e-con e-parent\" data-id=\"77a510d\" data-element_type=\"container\" data-e-type=\"container\">\n\t\t\t\t\t<div class=\"e-con-inner\">\n\t\t\t\t\t<\/div>\n\t\t\t\t<\/div>\n\t\t\t\t<\/div>\n\t\t","protected":false},"excerpt":{"rendered":"<p>Gro\u00dfe Tasche Der Big Bag ist eine praktische L\u00f6sung f\u00fcr Umz\u00fcge, die Reinigung von Lagerr\u00e4umen und Garagen, Renovierungen und Erweiterungen oder Gartenarbeiten. Mantum liefert zwei verschiedene Gr\u00f6\u00dfen von Big Bags: 1 Kubikmeter und 1,8 Kubikmeter. Gro\u00dfe Taschen sind wirtschaftlich und platzsparend. Sie k\u00f6nnen mehrere S\u00e4cke kaufen und Ihre Abf\u00e4lle selbst sortieren, oder alles zusammen in [&hellip;]<\/p>\n","protected":false},"author":2,"featured_media":0,"parent":0,"menu_order":0,"comment_status":"closed","ping_status":"closed","template":"","meta":{"footnotes":""},"class_list":["post-3362","page","type-page","status-publish","hentry"],"_links":{"self":[{"href":"https:\/\/mantum.se\/de\/wp-json\/wp\/v2\/pages\/3362","targetHints":{"allow":["GET"]}}],"collection":[{"href":"https:\/\/mantum.se\/de\/wp-json\/wp\/v2\/pages"}],"about":[{"href":"https:\/\/mantum.se\/de\/wp-json\/wp\/v2\/types\/page"}],"author":[{"embeddable":true,"href":"https:\/\/mantum.se\/de\/wp-json\/wp\/v2\/users\/2"}],"replies":[{"embeddable":true,"href":"https:\/\/mantum.se\/de\/wp-json\/wp\/v2\/comments?post=3362"}],"version-history":[{"count":3,"href":"https:\/\/mantum.se\/de\/wp-json\/wp\/v2\/pages\/3362\/revisions"}],"predecessor-version":[{"id":4303,"href":"https:\/\/mantum.se\/de\/wp-json\/wp\/v2\/pages\/3362\/revisions\/4303"}],"wp:attachment":[{"href":"https:\/\/mantum.se\/de\/wp-json\/wp\/v2\/media?parent=3362"}],"curies":[{"name":"wp","href":"https:\/\/api.w.org\/{rel}","templated":true}]}}