{"id":3361,"date":"2020-09-30T12:59:26","date_gmt":"2020-09-30T12:59:26","guid":{"rendered":"https:\/\/mantum.se\/terminal-lagerhaus\/"},"modified":"2020-09-30T12:59:26","modified_gmt":"2020-09-30T12:59:26","slug":"terminal-lagerhaus","status":"publish","type":"page","link":"https:\/\/mantum.se\/de\/terminal-lagerhaus\/","title":{"rendered":"Terminal &amp; Lagerhaus"},"content":{"rendered":"<p>Unser Terminal mit einer Fl\u00e4che von fast 10.000 m2 ist auch als Zolllager zugelassen. Zolllager bedeutet, dass Nichtgemeinschaftswaren innerhalb der EU gelagert werden k\u00f6nnen, ohne dass eine Zollabfertigung erforderlich ist. Dadurch sind wir in der Lage, unseren Kunden sowohl Lager f\u00fcr unverzollte als auch f\u00fcr verzollte Waren anzubieten. Da wir \u00fcber alle erforderlichen Genehmigungen des schwedischen Zolls verf\u00fcgen, k\u00f6nnen wir auch unverzollte Waren im Transit empfangen und unverzollte Waren in Drittl\u00e4nder versenden.<\/p>\n<p>&nbsp;<\/p>\n<p>Lorem ipsum dolor sit amet, consectetur adipiscing elit, sed do eiusmod tempor incididunt ut labore et dolore magna aliqua. Ut enim ad minim veniam, quis nostrud exercitation ullamco laboris nisi ut aliquip ex ea commodo consequat. Duis aute irure dolor in reprehenderit in voluptate velit esse cillum dolore eu fugiat nulla pariatur. Excepteur sint occaecat cupidatat non proident, sunt in culpa qui officia deserunt mollit anim id est laborum.<\/p>\n<h1 style=\"text-align: center;\"><span style=\"color: #ffffff;\">Kontakt zu Mantum Logistics<\/span><\/h1>\n<h4 style=\"text-align: center;\"><span style=\"color: #ffffff;\">Kontakt zu Mantum Logistics<\/span><\/h4>\n<h4 style=\"text-align: left;\">Logistik<\/h4>\n<p>Telefon: 0340-54 55 60<br \/>\n<a href=\"mailto:logistics@mantum.se\">logistics@mantum.se<\/a><\/p>\n<h4 style=\"text-align: left;\">Weitere Informationen<\/h4>\n<p>Tel.: ????-??? ?? ??<br \/>\nFax: ????-??? ?? ??<a href=\"mailto:miljo@mantum.se\"><br \/>\n<\/a><a href=\"mailto:logistics@mantum.se\">logistics@mantum.se<\/a><\/p>\n<h4 style=\"text-align: left;\">Weitere Informationen<\/h4>\n<p>Tel.: ????-??? ?? ??<br \/>\nFax: ????-??? ?? ??<a href=\"mailto:miljo@mantum.se\"><br \/>\n<\/a><a href=\"mailto:logistics@mantum.se\">logistics@mantum.se<\/a><\/p>\n<h1 style=\"text-align: center;\"><span style=\"color: #000000;\">Lesen Sie mehr \u00fcber Transport- und Lagerungsdienste<\/span><\/h1>\n<h3 style=\"text-align: center;\"><span style=\"color: #000000;\">Lesen Sie mehr \u00fcber Transport- und Lagerungsdienste<\/span><\/h3>\n<p>[latest_post type=&#8221;boxes&#8221; number_of_colums=&#8221;3&#8243; number_of_rows=&#8221;1&#8243; order_by=&#8221;title&#8221; order=&#8221;ASC&#8221; display_category=&#8221;0&#8243; display_time=&#8221;1&#8243; display_comments=&#8221;0&#8243; display_like=&#8221;0&#8243; display_share=&#8221;0&#8243; category=&#8221;transport-och-lager&#8221;]<\/p>\n","protected":false},"excerpt":{"rendered":"<p>Unser Terminal mit einer Fl\u00e4che von fast 10.000 m2 ist auch als Zolllager zugelassen. Zolllager bedeutet, dass Nichtgemeinschaftswaren innerhalb der EU gelagert werden k\u00f6nnen, ohne dass eine Zollabfertigung erforderlich ist. Dadurch sind wir in der Lage, unseren Kunden sowohl Lager f\u00fcr unverzollte als auch f\u00fcr verzollte Waren anzubieten. Da wir \u00fcber alle erforderlichen Genehmigungen des [&hellip;]<\/p>\n","protected":false},"author":2,"featured_media":0,"parent":0,"menu_order":0,"comment_status":"closed","ping_status":"closed","template":"full_width.php","meta":{"footnotes":""},"class_list":["post-3361","page","type-page","status-publish","hentry"],"_links":{"self":[{"href":"https:\/\/mantum.se\/de\/wp-json\/wp\/v2\/pages\/3361","targetHints":{"allow":["GET"]}}],"collection":[{"href":"https:\/\/mantum.se\/de\/wp-json\/wp\/v2\/pages"}],"about":[{"href":"https:\/\/mantum.se\/de\/wp-json\/wp\/v2\/types\/page"}],"author":[{"embeddable":true,"href":"https:\/\/mantum.se\/de\/wp-json\/wp\/v2\/users\/2"}],"replies":[{"embeddable":true,"href":"https:\/\/mantum.se\/de\/wp-json\/wp\/v2\/comments?post=3361"}],"version-history":[{"count":0,"href":"https:\/\/mantum.se\/de\/wp-json\/wp\/v2\/pages\/3361\/revisions"}],"wp:attachment":[{"href":"https:\/\/mantum.se\/de\/wp-json\/wp\/v2\/media?parent=3361"}],"curies":[{"name":"wp","href":"https:\/\/api.w.org\/{rel}","templated":true}]}}