{"id":3352,"date":"2020-09-30T12:50:14","date_gmt":"2020-09-30T12:50:14","guid":{"rendered":"https:\/\/mantum.se\/kurierdienst\/"},"modified":"2020-09-30T12:50:14","modified_gmt":"2020-09-30T12:50:14","slug":"kurierdienst","status":"publish","type":"page","link":"https:\/\/mantum.se\/de\/kurierdienst\/","title":{"rendered":"Kurierdienst"},"content":{"rendered":"<p>Mantum bietet flexible und pers\u00f6nliche Kurierzustellungen im ganzen Land an und f\u00fchrt bei Bedarf auch Auftr\u00e4ge in und aus unseren Nachbarl\u00e4ndern aus. Mit unseren Kurierfahrzeugen garantieren wir eine schnelle und zuverl\u00e4ssige Zustellung, ganz gleich, ob es sich um einen Brief oder eine Tonne handelt, die den Empf\u00e4nger erreichen muss, wenn die Zeit dr\u00e4ngt.Lorem ipsum dolor sit amet, consectetur adipiscing elit, sed do eiusmod tempor incididunt ut labore et dolore magna aliqua. Ut enim ad minim veniam, quis nostrud exercitation ullamco laboris nisi ut aliquip ex ea commodo consequat. Duis aute irure dolor in reprehenderit in voluptate velit esse cillum dolore eu fugiat nulla pariatur. Excepteur sint occaecat cupidatat non proident, sunt in culpa qui officia deserunt mollit anim id est laborum.<\/p>\n<h1 style=\"text-align: center;\"><span style=\"color: #ffffff;\">Kontakt zu Mantum Logistics<\/span><\/h1>\n<h4 style=\"text-align: center;\"><span style=\"color: #ffffff;\">Kontakt zu Mantum Logistics<\/span><\/h4>\n<h4 style=\"text-align: left;\">Logistik<\/h4>\n<p>Telefon: 0340-54 55 60<br \/>\n<a href=\"mailto:logistics@mantum.se\">logistics@mantum.se<\/a><\/p>\n<h4 style=\"text-align: left;\">Weitere Informationen<\/h4>\n<p>Tel.: ????-??? ?? ??<br \/>\nFax: ????-??? ?? ??<a href=\"mailto:miljo@mantum.se\"><br \/>\n<\/a><a href=\"mailto:logistics@mantum.se\">logistics@mantum.se<\/a><\/p>\n<h4 style=\"text-align: left;\">Weitere Informationen<\/h4>\n<p>Tel.: ????-??? ?? ??<br \/>\nFax: ????-??? ?? ??<a href=\"mailto:miljo@mantum.se\"><br \/>\n<\/a><a href=\"mailto:logistics@mantum.se\">logistics@mantum.se<\/a><\/p>\n<h1 style=\"text-align: center;\"><span style=\"color: #000000;\">Lesen Sie mehr \u00fcber Transport- und Lagerungsdienste<\/span><\/h1>\n<h3 style=\"text-align: center;\"><span style=\"color: #000000;\">Lesen Sie mehr \u00fcber Transport- und Lagerungsdienste<\/span><\/h3>\n<p>[latest_post type=&#8221;boxes&#8221; number_of_colums=&#8221;3&#8243; number_of_rows=&#8221;1&#8243; order_by=&#8221;title&#8221; order=&#8221;ASC&#8221; display_category=&#8221;0&#8243; display_time=&#8221;1&#8243; display_comments=&#8221;0&#8243; display_like=&#8221;0&#8243; display_share=&#8221;0&#8243; category=&#8221;transport-och-lager&#8221;]<\/p>\n","protected":false},"excerpt":{"rendered":"<p>Mantum bietet flexible und pers\u00f6nliche Kurierzustellungen im ganzen Land an und f\u00fchrt bei Bedarf auch Auftr\u00e4ge in und aus unseren Nachbarl\u00e4ndern aus. Mit unseren Kurierfahrzeugen garantieren wir eine schnelle und zuverl\u00e4ssige Zustellung, ganz gleich, ob es sich um einen Brief oder eine Tonne handelt, die den Empf\u00e4nger erreichen muss, wenn die Zeit dr\u00e4ngt.Lorem ipsum dolor [&hellip;]<\/p>\n","protected":false},"author":2,"featured_media":0,"parent":0,"menu_order":0,"comment_status":"closed","ping_status":"closed","template":"full_width.php","meta":{"footnotes":""},"class_list":["post-3352","page","type-page","status-publish","hentry"],"_links":{"self":[{"href":"https:\/\/mantum.se\/de\/wp-json\/wp\/v2\/pages\/3352","targetHints":{"allow":["GET"]}}],"collection":[{"href":"https:\/\/mantum.se\/de\/wp-json\/wp\/v2\/pages"}],"about":[{"href":"https:\/\/mantum.se\/de\/wp-json\/wp\/v2\/types\/page"}],"author":[{"embeddable":true,"href":"https:\/\/mantum.se\/de\/wp-json\/wp\/v2\/users\/2"}],"replies":[{"embeddable":true,"href":"https:\/\/mantum.se\/de\/wp-json\/wp\/v2\/comments?post=3352"}],"version-history":[{"count":0,"href":"https:\/\/mantum.se\/de\/wp-json\/wp\/v2\/pages\/3352\/revisions"}],"wp:attachment":[{"href":"https:\/\/mantum.se\/de\/wp-json\/wp\/v2\/media?parent=3352"}],"curies":[{"name":"wp","href":"https:\/\/api.w.org\/{rel}","templated":true}]}}