{"id":3348,"date":"2020-06-16T09:51:25","date_gmt":"2020-06-16T09:51:25","guid":{"rendered":"https:\/\/mantum.se\/start\/"},"modified":"2020-06-16T09:51:25","modified_gmt":"2020-06-16T09:51:25","slug":"start","status":"publish","type":"page","link":"https:\/\/mantum.se\/de\/start\/","title":{"rendered":"Start"},"content":{"rendered":"<p>[qode_elements_holder background_color=&#8221;#222222&#8243; number_of_columns=&#8221;one_column&#8221; alignment_one_column=&#8221;center&#8221; custom_class=&#8221;eh-with-shadow&#8221;][qode_elements_holder_item vertical_alignment=&#8221;middle&#8221; horizontal_alignment=&#8221;center&#8221; advanced_animations=&#8221;no&#8221; item_padding=&#8221;63px 36px 50px 36px&#8221; item_padding_1024_1280=&#8221;63px 10px 50px 10px&#8221;]<\/p>\n<h3 style=\"text-align: center;\">Bauwesen und Umwelt<\/h3>\n<p style=\"text-align: center;\"><span style=\"color: #ffffff;\">Die Dienstleistungen von Mantum Entreprenad geh\u00f6ren zum Kernbereich unseres Gesch\u00e4fts, in dem wir seit langem f\u00fchrend in der Region sind. Auftr\u00e4ge im Baugewerbe stellen hohe Anforderungen, die wir erf\u00fcllen.<\/span><\/p>\n<p>[button size=&#8221;big_large_full_width&#8221; target=&#8221;_self&#8221; hover_type=&#8221;default&#8221; text=&#8221;Mantum Konstruktion&#8221; link=&#8221;https:\/\/sajtprojekt.se\/mantum\/anlaggning-och-miljo\/&#8221;][\/qode_elements_holder_item][\/qode_elements_holder][qode_elements_holder background_color=&#8221;#222222&#8243; number_of_columns=&#8221;one_column&#8221; alignment_one_column=&#8221;center&#8221; custom_class=&#8221;eh-with-shadow&#8221;][qode_elements_holder_item vertical_alignment=&#8221;middle&#8221; horizontal_alignment=&#8221;center&#8221; advanced_animations=&#8221;no&#8221; item_padding=&#8221;63px 36px 50px 36px&#8221; item_padding_1024_1280=&#8221;63px 10px 50px 10px&#8221;]<\/p>\n<h3 style=\"text-align: center;\">Transport und Lagerung<\/h3>\n<p style=\"text-align: center;\"><span style=\"color: #ffffff;\">Mantum Logistics bietet Transport- und Speditionsdienstleistungen wie Fern- und Linienverkehr, Kurier- und Verteilerverkehr, internationale Transporte innerhalb Europas, weltweite See- und Lufttransporte, Lagerhaltung und Zolllager sowie Zolldienstleistungen.<\/span><\/p>\n<p>[button size=&#8221;big_large_full_width&#8221; target=&#8221;_self&#8221; hover_type=&#8221;default&#8221; text=&#8221;Mantum Logistik&#8221; link=&#8221;#&#8221;][\/qode_elements_holder_item][\/qode_elements_holder][qode_elements_holder background_color=&#8221;#222222&#8243; number_of_columns=&#8221;one_column&#8221; alignment_one_column=&#8221;center&#8221; custom_class=&#8221;eh-with-shadow&#8221;][qode_elements_holder_item vertical_alignment=&#8221;middle&#8221; horizontal_alignment=&#8221;center&#8221; advanced_animations=&#8221;no&#8221; item_padding=&#8221;63px 36px 50px 36px&#8221; item_padding_1024_1280=&#8221;63px 10px 50px 10px&#8221;]<\/p>\n<h3 style=\"text-align: center;\">Spezialisierter Transport<\/h3>\n<p style=\"text-align: center;\"><span style=\"color: #ffffff;\">Durch unsere Zusammenarbeit erhalten Sie Zugang zu den Ger\u00e4ten und Fahrzeugen, die f\u00fcr den Transport ben\u00f6tigt werden. Unsere Einheiten k\u00f6nnen alle Arten von G\u00fctern umschlagen, unabh\u00e4ngig von Gewicht und Volumen. Der Transport selbst ist nur der sichtbare Teil des Projekts.  <\/span><\/p>\n<p>[button size=&#8221;big_large_full_width&#8221; target=&#8221;_self&#8221; hover_type=&#8221;default&#8221; text=&#8221;Mantum Spezial&#8221; link=&#8221;#&#8221;][\/qode_elements_holder_item][\/qode_elements_holder][qode_elements_holder number_of_columns=&#8221;one_column&#8221;][qode_elements_holder_item advanced_animations=&#8221;no&#8221; item_padding_1024_1280=&#8221;0% 0% 24% 0&#8243; item_padding_768_1024=&#8221;0% 30% 5% 0&#8243; item_padding=&#8221;0% 17% 0% 0&#8243;]<\/p>\n<h2>Mantum &#8211; Das sind wir.<\/h2>\n<h2><\/h2>\n<h5>Wir sind eines der gr\u00f6\u00dften und modernsten Transport- und Logistikunternehmen Schwedens mit mehr als 300 Mitarbeitern. Wir bieten eine breite Palette von Dienstleistungen in den Bereichen Bauwesen, Umwelt und Recycling sowie G\u00fcterverkehr an. Alle sind gut an die Umwelt angepasst.<\/h5>\n<p>[icon_list_item icon=&#8221;fa-phone&#8221; icon_type=&#8221;circle&#8221; title_font_weight=&#8221;700&#8243; title=&#8221;0340-54 55 00&#8243; icon_color=&#8221;#4bcef4&#8243; icon_background_color=&#8221;#000000&#8243; title_color=&#8221;#000000&#8243; title_size=&#8221;18&#8243;][icon_list_item icon=&#8221;fa-envelope&#8221; icon_type=&#8221;circle&#8221; title_font_weight=&#8221;700&#8243; title=&#8221;info@mantum.se&#8221; icon_color=&#8221;#4bcef4&#8243; icon_background_color=&#8221;#000000&#8243; title_color=&#8221;#000000&#8243; title_size=&#8221;18&#8243;][\/qode_elements_holder_item][\/qode_elements_holder]<\/p>\n<h1><span style=\"color: #ffffff;\">Neues von Mantum!<\/span><\/h1>\n<p>[qode_elements_holder number_of_columns=&#8221;one_column&#8221;][qode_elements_holder_item advanced_animations=&#8221;no&#8221; item_padding=&#8221;0 22% 0 22%&#8221; item_padding_768_1024=&#8221;0 16% 0 16%&#8221; item_padding_480=&#8221;0 0% 0 0%&#8221;]<\/p>\n<h4>Sie wollen wissen, was bei Mantum passiert.<\/h4>\n<h4>Abonnieren Sie unseren Newsletter.<\/h4>\n<p>[\/qode_elements_holder_item][\/qode_elements_holder]<\/p>\n<h4><span style=\"color: #000000;\">Container an schwer zug\u00e4nglicher Stelle<\/span><\/h4>\n<p>Dies d\u00fcrfte es f\u00fcr einen Absetzkipper schwierig machen, den Container abzusetzen und abzuholen. Mantum hat die L\u00f6sung! \u00dcber unsere Partner bieten wir Ihnen verschiedene L\u00f6sungen an, die Ihren Bed\u00fcrfnissen entsprechen. <a href=\"https:\/\/mantum.se\/entreprenad_kontakt.htm\">Kontaktieren Sie uns<\/a> und wir werden Ihnen helfen!<\/p>\n<h4><span style=\"color: #000000;\">Sauber und aufger\u00e4umt<\/span><\/h4>\n<p>Auch in diesem Winter haben Schnee und K\u00e4lte dazu gef\u00fchrt, dass gro\u00dfe Mengen an Schotter ausgebracht wurden, um die Gl\u00e4tte zu bek\u00e4mpfen. Wenn der Fr\u00fchling naht und die Gefahr von Gl\u00e4tte und Schnee endet, ist es an der Zeit, den Sand wieder aufzufegen. Wir verf\u00fcgen \u00fcber Ger\u00e4te, die das Kehren schnell und effizient machen und dabei qualitativ hochwertige Ergebnisse liefern. Die Kehrmaschine bef\u00f6rdert den Sand m\u00fchelos, auch aus engen R\u00e4umen. Die Kehrwalze rotiert unter Bew\u00e4sserung, um ein staubfreies Kehren zu gew\u00e4hrleisten. Die Dienstleistung umfasst auch die Beseitigung des Sandes.<\/p>\n<h4><span style=\"color: #000000;\">Sofia&#8217;s Engel<\/span><\/h4>\n<p>Mantum hatte das Privileg, Ebba in Falkenberg im Rahmen des Programms Sofia&#8217;s Angels&#8221; zu helfen. Sehen Sie sich den Clip oben an<\/p>\n","protected":false},"excerpt":{"rendered":"<p>[qode_elements_holder background_color=&#8221;#222222&#8243; number_of_columns=&#8221;one_column&#8221; alignment_one_column=&#8221;center&#8221; custom_class=&#8221;eh-with-shadow&#8221;][qode_elements_holder_item vertical_alignment=&#8221;middle&#8221; horizontal_alignment=&#8221;center&#8221; advanced_animations=&#8221;no&#8221; item_padding=&#8221;63px 36px 50px 36px&#8221; item_padding_1024_1280=&#8221;63px 10px 50px 10px&#8221;] Bauwesen und Umwelt Die Dienstleistungen von Mantum Entreprenad geh\u00f6ren zum Kernbereich unseres Gesch\u00e4fts, in dem wir seit langem f\u00fchrend in der Region sind. Auftr\u00e4ge im Baugewerbe stellen hohe Anforderungen, die wir erf\u00fcllen. [button size=&#8221;big_large_full_width&#8221; target=&#8221;_self&#8221; hover_type=&#8221;default&#8221; text=&#8221;Mantum Konstruktion&#8221; link=&#8221;https:\/\/sajtprojekt.se\/mantum\/anlaggning-och-miljo\/&#8221;][\/qode_elements_holder_item][\/qode_elements_holder][qode_elements_holder [&hellip;]<\/p>\n","protected":false},"author":1,"featured_media":0,"parent":0,"menu_order":0,"comment_status":"closed","ping_status":"closed","template":"full_width.php","meta":{"footnotes":""},"class_list":["post-3348","page","type-page","status-publish","hentry"],"_links":{"self":[{"href":"https:\/\/mantum.se\/de\/wp-json\/wp\/v2\/pages\/3348","targetHints":{"allow":["GET"]}}],"collection":[{"href":"https:\/\/mantum.se\/de\/wp-json\/wp\/v2\/pages"}],"about":[{"href":"https:\/\/mantum.se\/de\/wp-json\/wp\/v2\/types\/page"}],"author":[{"embeddable":true,"href":"https:\/\/mantum.se\/de\/wp-json\/wp\/v2\/users\/1"}],"replies":[{"embeddable":true,"href":"https:\/\/mantum.se\/de\/wp-json\/wp\/v2\/comments?post=3348"}],"version-history":[{"count":0,"href":"https:\/\/mantum.se\/de\/wp-json\/wp\/v2\/pages\/3348\/revisions"}],"wp:attachment":[{"href":"https:\/\/mantum.se\/de\/wp-json\/wp\/v2\/media?parent=3348"}],"curies":[{"name":"wp","href":"https:\/\/api.w.org\/{rel}","templated":true}]}}