{"id":3345,"date":"2020-09-28T09:55:06","date_gmt":"2020-09-28T09:55:06","guid":{"rendered":"https:\/\/mantum.se\/buchen-sie-einen-container\/"},"modified":"2024-02-16T09:16:48","modified_gmt":"2024-02-16T09:16:48","slug":"buchen-sie-einen-container","status":"publish","type":"page","link":"https:\/\/mantum.se\/de\/buchen-sie-einen-container\/","title":{"rendered":"Buchen Sie einen Container"},"content":{"rendered":"\t\t<div data-elementor-type=\"wp-page\" data-elementor-id=\"3345\" class=\"elementor elementor-3345 elementor-536\" data-elementor-post-type=\"page\">\n\t\t\t\t<div class=\"elementor-element elementor-element-44c90bd e-flex e-con-boxed e-con e-parent\" data-id=\"44c90bd\" data-element_type=\"container\" data-e-type=\"container\">\n\t\t\t\t\t<div class=\"e-con-inner\">\n\t\t<div class=\"elementor-element elementor-element-735907e e-flex e-con-boxed e-con e-child\" data-id=\"735907e\" data-element_type=\"container\" data-e-type=\"container\">\n\t\t\t\t\t<div class=\"e-con-inner\">\n\t\t\t\t<div class=\"elementor-element elementor-element-3fc6569 elementor-widget elementor-widget-text-editor\" data-id=\"3fc6569\" data-element_type=\"widget\" data-e-type=\"widget\" data-widget_type=\"text-editor.default\">\n\t\t\t\t<div class=\"elementor-widget-container\">\n\t\t\t\t\t\t\t\t\t<p>Mantum stellt verschiedene Arten von Containern und Beh\u00e4ltern zur Verf\u00fcgung, vor\u00fcbergehend oder f\u00fcr einen l\u00e4ngeren Zeitraum, die wir dann bei Bedarf leeren oder abholen. Die Abf\u00e4lle k\u00f6nnen aus nur einer Art von Material bestehen oder gemischt sein. Wenn Sie einen Container von Mantum mieten, haben Sie vielleicht nicht die Zeit oder den Platz, um Ihren Abfall zu sortieren. Je nach der Menge des zu entsorgenden Abfalls k\u00f6nnen Sie zwischen verschiedenen Containern und Beh\u00e4ltern w\u00e4hlen, von kleineren Absetzcontainern bis hin zu gr\u00f6\u00dferen Wechselbr\u00fccken.<\/p>\n<p>H\u00e4ufig gestellte Fragen und Antworten finden Sie <a href=\"https:\/\/mantum.se\/de\/fragen-und-antworten\/\">hier<\/a><\/p>\n\t\t\t\t\t\t\t\t<\/div>\n\t\t\t\t<\/div>\n\t\t\t\t\t<\/div>\n\t\t\t\t<\/div>\n\t\t<div class=\"elementor-element elementor-element-9c9a38d e-flex e-con-boxed e-con e-child\" data-id=\"9c9a38d\" data-element_type=\"container\" data-e-type=\"container\">\n\t\t\t\t\t<div class=\"e-con-inner\">\n\t\t\t\t<div class=\"elementor-element elementor-element-10264a4 elementor-widget elementor-widget-wp-widget-pektsekye_ymm_selector\" data-id=\"10264a4\" data-element_type=\"widget\" data-e-type=\"widget\" data-widget_type=\"wp-widget-pektsekye_ymm_selector.default\">\n\t\t\t\t<div class=\"elementor-widget-container\">\n\t\t\t\t\t<div class=\"widget-text wp_widget_plugin_box\"><div class=\"ymm-selector ymm-box\" id=\"ymm_wp-widget-pektsekye_ymm_selector\">\n    <div class=\"block-content\">\n  \n          <select class=\"ymm-select\" name=\"_Avfall\" ><option value=\"\">-- Typ av avfall --<\/option><option value=\"Blandat\" >Blandat<\/option><option value=\"Br\u00e4nnbart\" >Br\u00e4nnbart<\/option><option value=\"Tr\u00e4\" >Tr\u00e4<\/option><\/select>          <select class=\"ymm-select disabled\" name=\"_Storlek\"  disabled=\"disabled\"><option value=\"\">-- Storlek p\u00e5 container --<\/option><\/select>          <select class=\"ymm-select disabled\" name=\"_Postnummer\"  disabled=\"disabled\"><option value=\"\">-- Postnummer --<\/option><\/select>     \n    \t\t\t\t      \n      \n        \t\t\t\n    <button type=\"button\" title=\"Search\" class=\"button ymm-submit-any-selection\" ><span><span>Search<\/span><\/span><\/button>   \n               \t\t      \t          \t\t      \t      \n  <\/div>\n<\/div>\n<script>\n  jQuery(function($){\n    $('#ymm_wp-widget-pektsekye_ymm_selector').ymm({\n      ajaxUrl                  : \"https:\/\/mantum.se\/wp-admin\/admin-ajax.php\",\n      ajaxShortUrl             : \"https:\/\/mantum.se\/wp-content\/plugins\/ymm-search\/ymm_ajax.php\",\n      submitUrl                : \"https:\/\/mantum.se\/de\/\",             \n      levelParameterNames      : [\"_Avfall\",\"_Storlek\",\"_Postnummer\"],\n      isCategoryPage           : 0,\n      filterCategoryPage       : 0,      \n      categorySearchEnabled    : 0,\n      wordSearchEnabled        : 0,\n      garageEnabled            : 0,\n      ymmCookieName            : \"ymm_selected\", \n      canShowExtra             : 0,\n      categoryId               : 0,      \n      categoryDefOptionTitle   : \"-- select category --\" \n                   \n    });\n  });\n<\/script>\n<\/div>\t\t\t\t<\/div>\n\t\t\t\t<\/div>\n\t\t\t\t\t<\/div>\n\t\t\t\t<\/div>\n\t\t\t\t\t<\/div>\n\t\t\t\t<\/div>\n\t\t<div class=\"elementor-element elementor-element-73e2ba9 e-flex e-con-boxed e-con e-parent\" data-id=\"73e2ba9\" data-element_type=\"container\" data-e-type=\"container\">\n\t\t\t\t\t<div class=\"e-con-inner\">\n\t\t\t\t\t<\/div>\n\t\t\t\t<\/div>\n\t\t<div class=\"elementor-element elementor-element-0f8335c e-flex e-con-boxed e-con e-parent\" data-id=\"0f8335c\" data-element_type=\"container\" data-e-type=\"container\">\n\t\t\t\t\t<div class=\"e-con-inner\">\n\t\t<div class=\"elementor-element elementor-element-30786de e-flex e-con-boxed e-con e-child\" data-id=\"30786de\" data-element_type=\"container\" data-e-type=\"container\">\n\t\t\t\t\t<div class=\"e-con-inner\">\n\t\t\t\t<div class=\"elementor-element elementor-element-d3aec14 elementor-widget elementor-widget-image\" data-id=\"d3aec14\" data-element_type=\"widget\" data-e-type=\"widget\" data-widget_type=\"image.default\">\n\t\t\t\t<div class=\"elementor-widget-container\">\n\t\t\t\t\t\t\t\t\t\t\t\t\t\t\t<img fetchpriority=\"high\" decoding=\"async\" width=\"300\" height=\"300\" src=\"https:\/\/mantum.se\/wp-content\/uploads\/2020\/10\/CONTAINER2-scaled-e1643731108121-300x300.jpg\" class=\"attachment-medium size-medium wp-image-2059\" alt=\"Hyra 10 m3 container\" srcset=\"https:\/\/mantum.se\/wp-content\/uploads\/2020\/10\/CONTAINER2-scaled-e1643731108121-300x300.jpg 300w, https:\/\/mantum.se\/wp-content\/uploads\/2020\/10\/CONTAINER2-scaled-e1643731108121-100x100.jpg 100w, https:\/\/mantum.se\/wp-content\/uploads\/2020\/10\/CONTAINER2-scaled-e1643731108121-600x600.jpg 600w, https:\/\/mantum.se\/wp-content\/uploads\/2020\/10\/CONTAINER2-scaled-e1643731108121-1024x1024.jpg 1024w, https:\/\/mantum.se\/wp-content\/uploads\/2020\/10\/CONTAINER2-scaled-e1643731108121-150x150.jpg 150w, https:\/\/mantum.se\/wp-content\/uploads\/2020\/10\/CONTAINER2-scaled-e1643731108121-768x768.jpg 768w, https:\/\/mantum.se\/wp-content\/uploads\/2020\/10\/CONTAINER2-scaled-e1643731108121-1536x1536.jpg 1536w, https:\/\/mantum.se\/wp-content\/uploads\/2020\/10\/CONTAINER2-scaled-e1643731108121-2048x2048.jpg 2048w, https:\/\/mantum.se\/wp-content\/uploads\/2020\/10\/CONTAINER2-scaled-e1643731108121-570x570.jpg 570w, https:\/\/mantum.se\/wp-content\/uploads\/2020\/10\/CONTAINER2-scaled-e1643731108121-500x500.jpg 500w, https:\/\/mantum.se\/wp-content\/uploads\/2020\/10\/CONTAINER2-scaled-e1643731108121-1000x1000.jpg 1000w, https:\/\/mantum.se\/wp-content\/uploads\/2020\/10\/CONTAINER2-scaled-e1643731108121-700x700.jpg 700w\" sizes=\"(max-width: 300px) 100vw, 300px\" \/>\t\t\t\t\t\t\t\t\t\t\t\t\t\t\t<\/div>\n\t\t\t\t<\/div>\n\t\t\t\t<div class=\"elementor-element elementor-element-e44b7cc elementor-widget elementor-widget-text-editor\" data-id=\"e44b7cc\" data-element_type=\"widget\" data-e-type=\"widget\" data-widget_type=\"text-editor.default\">\n\t\t\t\t<div class=\"elementor-widget-container\">\n\t\t\t\t\t\t\t\t\t<h4>10 m3 Beh\u00e4lter<\/h4>\n<p>Geeignet f\u00fcr alles, von Bau- und Abbruchabf\u00e4llen bis hin zu Gartenabf\u00e4llen oder Garagenreinigung. Die abgedeckten Varianten sind mit Luken ausgestattet und eignen sich f\u00fcr kleine Brennstoffe, Wellpappe, D\u00e4mmstoffe usw.<\/p>\n\t\t\t\t\t\t\t\t<\/div>\n\t\t\t\t<\/div>\n\t\t\t\t\t<\/div>\n\t\t\t\t<\/div>\n\t\t<div class=\"elementor-element elementor-element-1dcad30 e-flex e-con-boxed e-con e-child\" data-id=\"1dcad30\" data-element_type=\"container\" data-e-type=\"container\">\n\t\t\t\t\t<div class=\"e-con-inner\">\n\t\t\t\t<div class=\"elementor-element elementor-element-435d118 elementor-widget elementor-widget-image\" data-id=\"435d118\" data-element_type=\"widget\" data-e-type=\"widget\" data-widget_type=\"image.default\">\n\t\t\t\t<div class=\"elementor-widget-container\">\n\t\t\t\t\t\t\t\t\t\t\t\t\t\t\t<img decoding=\"async\" width=\"300\" height=\"300\" src=\"https:\/\/mantum.se\/wp-content\/uploads\/2020\/10\/storcontainer-e1643731182311-300x300.jpg\" class=\"attachment-medium size-medium wp-image-2058\" alt=\"\" srcset=\"https:\/\/mantum.se\/wp-content\/uploads\/2020\/10\/storcontainer-e1643731182311-300x300.jpg 300w, https:\/\/mantum.se\/wp-content\/uploads\/2020\/10\/storcontainer-e1643731182311-100x100.jpg 100w, https:\/\/mantum.se\/wp-content\/uploads\/2020\/10\/storcontainer-e1643731182311-600x600.jpg 600w, https:\/\/mantum.se\/wp-content\/uploads\/2020\/10\/storcontainer-e1643731182311-150x150.jpg 150w, https:\/\/mantum.se\/wp-content\/uploads\/2020\/10\/storcontainer-e1643731182311-768x768.jpg 768w, https:\/\/mantum.se\/wp-content\/uploads\/2020\/10\/storcontainer-e1643731182311-570x570.jpg 570w, https:\/\/mantum.se\/wp-content\/uploads\/2020\/10\/storcontainer-e1643731182311-500x500.jpg 500w, https:\/\/mantum.se\/wp-content\/uploads\/2020\/10\/storcontainer-e1643731182311-700x700.jpg 700w, https:\/\/mantum.se\/wp-content\/uploads\/2020\/10\/storcontainer-e1643731182311.jpg 995w\" sizes=\"(max-width: 300px) 100vw, 300px\" \/>\t\t\t\t\t\t\t\t\t\t\t\t\t\t\t<\/div>\n\t\t\t\t<\/div>\n\t\t\t\t<div class=\"elementor-element elementor-element-068adca elementor-widget elementor-widget-text-editor\" data-id=\"068adca\" data-element_type=\"widget\" data-e-type=\"widget\" data-widget_type=\"text-editor.default\">\n\t\t\t\t<div class=\"elementor-widget-container\">\n\t\t\t\t\t\t\t\t\t<h4>22 m3 Beh\u00e4lter<\/h4>\n<p>Abklappbare Heckklappe, gut zum Einfahren mit einer Schubkarre. Geeignet f\u00fcr Stein, Beton, Ziegel, Sch\u00e4chte, etc.<\/p>\n\t\t\t\t\t\t\t\t<\/div>\n\t\t\t\t<\/div>\n\t\t\t\t\t<\/div>\n\t\t\t\t<\/div>\n\t\t\t\t\t<\/div>\n\t\t\t\t<\/div>\n\t\t<div class=\"elementor-element elementor-element-144cb1e e-flex e-con-boxed e-con e-parent\" data-id=\"144cb1e\" data-element_type=\"container\" data-e-type=\"container\">\n\t\t\t\t\t<div class=\"e-con-inner\">\n\t\t<div class=\"elementor-element elementor-element-5cf49eb e-flex e-con-boxed e-con e-child\" data-id=\"5cf49eb\" data-element_type=\"container\" data-e-type=\"container\">\n\t\t\t\t\t<div class=\"e-con-inner\">\n\t\t\t\t<div class=\"elementor-element elementor-element-5de8fc2 elementor-view-default elementor-position-block-start elementor-mobile-position-block-start elementor-widget elementor-widget-icon-box\" data-id=\"5de8fc2\" data-element_type=\"widget\" data-e-type=\"widget\" data-widget_type=\"icon-box.default\">\n\t\t\t\t<div class=\"elementor-widget-container\">\n\t\t\t\t\t\t\t<div class=\"elementor-icon-box-wrapper\">\n\n\t\t\t\t\t\t<div class=\"elementor-icon-box-icon\">\n\t\t\t\t<span  class=\"elementor-icon\">\n\t\t\t\t<i aria-hidden=\"true\" class=\"fas fa-thumbs-up\"><\/i>\t\t\t\t<\/span>\n\t\t\t<\/div>\n\t\t\t\n\t\t\t\t\t\t<div class=\"elementor-icon-box-content\">\n\n\t\t\t\t\t\t\t\t\t<h3 class=\"elementor-icon-box-title\">\n\t\t\t\t\t\t<span  >\n\t\t\t\t\t\t\tWas Sie wegwerfen k\u00f6nnen\t\t\t\t\t\t<\/span>\n\t\t\t\t\t<\/h3>\n\t\t\t\t\n\t\t\t\t\t\t\t\t\t<p class=\"elementor-icon-box-description\">\n\t\t\t\t\t\tBeton, brennbare Materialien, Styropor, Gips, Glas, Glasfaser, D\u00e4mmstoffe, Fliesen, Metalle, Papier, Kunststoffe, Porzellan, Planen, Metallschrott, Spiegel, Spanplatten, Stein, Ziegel, Telekommunikationskabel, Textilien, Holz, Gartenabf\u00e4lle, Wellpappe.\n\t\t\t\t\t<\/p>\n\t\t\t\t\n\t\t\t<\/div>\n\t\t\t\n\t\t<\/div>\n\t\t\t\t\t\t<\/div>\n\t\t\t\t<\/div>\n\t\t\t\t\t<\/div>\n\t\t\t\t<\/div>\n\t\t<div class=\"elementor-element elementor-element-b743f96 e-flex e-con-boxed e-con e-child\" data-id=\"b743f96\" data-element_type=\"container\" data-e-type=\"container\">\n\t\t\t\t\t<div class=\"e-con-inner\">\n\t\t\t\t<div class=\"elementor-element elementor-element-85c0ecd elementor-view-default elementor-position-block-start elementor-mobile-position-block-start elementor-widget elementor-widget-icon-box\" data-id=\"85c0ecd\" data-element_type=\"widget\" data-e-type=\"widget\" data-widget_type=\"icon-box.default\">\n\t\t\t\t<div class=\"elementor-widget-container\">\n\t\t\t\t\t\t\t<div class=\"elementor-icon-box-wrapper\">\n\n\t\t\t\t\t\t<div class=\"elementor-icon-box-icon\">\n\t\t\t\t<span  class=\"elementor-icon\">\n\t\t\t\t<i aria-hidden=\"true\" class=\"fas fa-times-circle\"><\/i>\t\t\t\t<\/span>\n\t\t\t<\/div>\n\t\t\t\n\t\t\t\t\t\t<div class=\"elementor-icon-box-content\">\n\n\t\t\t\t\t\t\t\t\t<h3 class=\"elementor-icon-box-title\">\n\t\t\t\t\t\t<span  >\n\t\t\t\t\t\t\tAber bitte nicht wegwerfen\t\t\t\t\t\t<\/span>\n\t\t\t\t\t<\/h3>\n\t\t\t\t\n\t\t\t\t\t\t\t\t\t<p class=\"elementor-icon-box-description\">\n\t\t\t\t\t\tGef\u00e4hrliche Abf\u00e4lle, Elektrokabel, druckbehandeltes Holz, Leuchtstoffr\u00f6hren, Spr\u00fchflaschen, Elektronik, Autoreifen, Haushaltsger\u00e4te und Asbest. Material, das nicht in den Container geh\u00f6rt, wird nach der aktuellen Preisliste berechnet. Mantum-Container werden sowohl f\u00fcr Unternehmen als auch f\u00fcr Privatpersonen angeboten. Wir sammeln innerhalb der Gemeinde Varberg und berechnen die Geb\u00fchren nach der unten dargestellten Zoneneinteilung\t\t\t\t\t<\/p>\n\t\t\t\t\n\t\t\t<\/div>\n\t\t\t\n\t\t<\/div>\n\t\t\t\t\t\t<\/div>\n\t\t\t\t<\/div>\n\t\t\t\t\t<\/div>\n\t\t\t\t<\/div>\n\t\t<div class=\"elementor-element elementor-element-01e4226 e-flex e-con-boxed e-con e-child\" data-id=\"01e4226\" data-element_type=\"container\" data-e-type=\"container\">\n\t\t\t\t\t<div class=\"e-con-inner\">\n\t\t\t\t<div class=\"elementor-element elementor-element-99e4d03 elementor-view-default elementor-position-block-start elementor-mobile-position-block-start elementor-widget elementor-widget-icon-box\" data-id=\"99e4d03\" data-element_type=\"widget\" data-e-type=\"widget\" data-widget_type=\"icon-box.default\">\n\t\t\t\t<div class=\"elementor-widget-container\">\n\t\t\t\t\t\t\t<div class=\"elementor-icon-box-wrapper\">\n\n\t\t\t\t\t\t<div class=\"elementor-icon-box-icon\">\n\t\t\t\t<span  class=\"elementor-icon\">\n\t\t\t\t<i aria-hidden=\"true\" class=\"fas fa-road\"><\/i>\t\t\t\t<\/span>\n\t\t\t<\/div>\n\t\t\t\n\t\t\t\t\t\t<div class=\"elementor-icon-box-content\">\n\n\t\t\t\t\t\t\t\t\t<h3 class=\"elementor-icon-box-title\">\n\t\t\t\t\t\t<span  >\n\t\t\t\t\t\t\tStandort und Transportweg\t\t\t\t\t\t<\/span>\n\t\t\t\t\t<\/h3>\n\t\t\t\t\n\t\t\t\t\t\t\t\t\t<p class=\"elementor-icon-box-description\">\n\t\t\t\t\t\tDie Stra\u00dfe zur Sammelstelle muss breit genug f\u00fcr einen Lkw sein, 3 m breit und 4,5 m frei f\u00fcr einen Kran. Au\u00dferdem sollten wir in der Lage sein, das Auto an der Abholstelle zu wenden.\t\t\t\t\t<\/p>\n\t\t\t\t\n\t\t\t<\/div>\n\t\t\t\n\t\t<\/div>\n\t\t\t\t\t\t<\/div>\n\t\t\t\t<\/div>\n\t\t\t\t\t<\/div>\n\t\t\t\t<\/div>\n\t\t\t\t\t<\/div>\n\t\t\t\t<\/div>\n\t\t<div class=\"elementor-element elementor-element-952c5ef e-con-full e-flex e-con e-parent\" data-id=\"952c5ef\" data-element_type=\"container\" data-e-type=\"container\" data-settings=\"{&quot;background_background&quot;:&quot;classic&quot;}\">\n\t\t\t\t<div class=\"elementor-element elementor-element-9013c01 elementor-widget elementor-widget-heading\" data-id=\"9013c01\" data-element_type=\"widget\" data-e-type=\"widget\" data-widget_type=\"heading.default\">\n\t\t\t\t<div class=\"elementor-widget-container\">\n\t\t\t\t\t<h2 class=\"elementor-heading-title elementor-size-default\">Kontakt zu Mantum Entreprenad<\/h2>\t\t\t\t<\/div>\n\t\t\t\t<\/div>\n\t\t\t\t<\/div>\n\t\t<div class=\"elementor-element elementor-element-ae2e963 e-flex e-con-boxed e-con e-parent\" data-id=\"ae2e963\" data-element_type=\"container\" data-e-type=\"container\">\n\t\t\t\t\t<div class=\"e-con-inner\">\n\t\t<div class=\"elementor-element elementor-element-497ee38 e-flex e-con-boxed e-con e-child\" data-id=\"497ee38\" data-element_type=\"container\" data-e-type=\"container\">\n\t\t\t\t\t<div class=\"e-con-inner\">\n\t\t\t\t<div class=\"elementor-element elementor-element-9a2224f elementor-widget elementor-widget-text-editor\" data-id=\"9a2224f\" data-element_type=\"widget\" data-e-type=\"widget\" data-widget_type=\"text-editor.default\">\n\t\t\t\t<div class=\"elementor-widget-container\">\n\t\t\t\t\t\t\t\t\t<h4 style=\"text-align: center;\">Einrichtung<\/h4>\n<p style=\"text-align: center;\">Telefon: 0340-54 55 20<br \/><a href=\"mailto:entreprenad@mantum.se\">entreprenad@mantum.se<\/a><\/p>\n<p style=\"text-align: center;\">\n\t\t\t\t\t\t\t\t<\/div>\n\t\t\t\t<\/div>\n\t\t\t\t\t<\/div>\n\t\t\t\t<\/div>\n\t\t<div class=\"elementor-element elementor-element-6ad75f7 e-flex e-con-boxed e-con e-child\" data-id=\"6ad75f7\" data-element_type=\"container\" data-e-type=\"container\">\n\t\t\t\t\t<div class=\"e-con-inner\">\n\t\t\t\t<div class=\"elementor-element elementor-element-72f6410 elementor-widget elementor-widget-text-editor\" data-id=\"72f6410\" data-element_type=\"widget\" data-e-type=\"widget\" data-widget_type=\"text-editor.default\">\n\t\t\t\t<div class=\"elementor-widget-container\">\n\t\t\t\t\t\t\t\t\t<h4 style=\"text-align: center;\">Buchungscontainer Halland<\/h4>\n<p style=\"text-align: center;\">Telefon: 0340-54 55 40<a href=\"mailto:miljo@mantum.se\"><br \/>\n  <br \/>\n<\/a><a href=\"mailto:mantum2@mantum.se\">miljo@mantum.se<\/a><\/p>\n\t\t\t\t\t\t\t\t<\/div>\n\t\t\t\t<\/div>\n\t\t\t\t\t<\/div>\n\t\t\t\t<\/div>\n\t\t<div class=\"elementor-element elementor-element-e7ba77f e-flex e-con-boxed e-con e-child\" data-id=\"e7ba77f\" data-element_type=\"container\" data-e-type=\"container\">\n\t\t\t\t\t<div class=\"e-con-inner\">\n\t\t\t\t<div class=\"elementor-element elementor-element-f03a4cc elementor-widget elementor-widget-text-editor\" data-id=\"f03a4cc\" data-element_type=\"widget\" data-e-type=\"widget\" data-widget_type=\"text-editor.default\">\n\t\t\t\t<div class=\"elementor-widget-container\">\n\t\t\t\t\t\t\t\t\t<h4 style=\"text-align: center;\">Schlammentfernung<\/h4>\n<p style=\"text-align: center;\">Varberg &amp; Falkenberg-Hotline<\/p>\n<p style=\"text-align: center;\">Telefon: 070 545 70 44<\/p>\n\t\t\t\t\t\t\t\t<\/div>\n\t\t\t\t<\/div>\n\t\t\t\t\t<\/div>\n\t\t\t\t<\/div>\n\t\t\t\t\t<\/div>\n\t\t\t\t<\/div>\n\t\t\t\t<\/div>\n\t\t","protected":false},"excerpt":{"rendered":"<p>Wenn Sie gro\u00dfe Mengen von Abf\u00e4llen entsorgen m\u00fcssen, sind Container oft die bequemste und zeitsparendste L\u00f6sung.<\/p>\n","protected":false},"author":2,"featured_media":0,"parent":0,"menu_order":0,"comment_status":"closed","ping_status":"closed","template":"","meta":{"footnotes":""},"class_list":["post-3345","page","type-page","status-publish","hentry"],"_links":{"self":[{"href":"https:\/\/mantum.se\/de\/wp-json\/wp\/v2\/pages\/3345","targetHints":{"allow":["GET"]}}],"collection":[{"href":"https:\/\/mantum.se\/de\/wp-json\/wp\/v2\/pages"}],"about":[{"href":"https:\/\/mantum.se\/de\/wp-json\/wp\/v2\/types\/page"}],"author":[{"embeddable":true,"href":"https:\/\/mantum.se\/de\/wp-json\/wp\/v2\/users\/2"}],"replies":[{"embeddable":true,"href":"https:\/\/mantum.se\/de\/wp-json\/wp\/v2\/comments?post=3345"}],"version-history":[{"count":3,"href":"https:\/\/mantum.se\/de\/wp-json\/wp\/v2\/pages\/3345\/revisions"}],"predecessor-version":[{"id":4061,"href":"https:\/\/mantum.se\/de\/wp-json\/wp\/v2\/pages\/3345\/revisions\/4061"}],"wp:attachment":[{"href":"https:\/\/mantum.se\/de\/wp-json\/wp\/v2\/media?parent=3345"}],"curies":[{"name":"wp","href":"https:\/\/api.w.org\/{rel}","templated":true}]}}