{"id":3343,"date":"2020-09-30T09:15:00","date_gmt":"2020-09-30T09:15:00","guid":{"rendered":"https:\/\/mantum.se\/paketdienste\/"},"modified":"2020-09-30T09:15:00","modified_gmt":"2020-09-30T09:15:00","slug":"paketdienste","status":"publish","type":"page","link":"https:\/\/mantum.se\/de\/paketdienste\/","title":{"rendered":"Paketdienste"},"content":{"rendered":"<p>Wir holen Ihre Sendung bis zu einem Gewicht von 31 kg ab und liefern sie aus. Kontaktieren Sie uns f\u00fcr weitere Informationen zu Preisen und Transportzeiten. F\u00fcr diesen Service bieten wir eine vollst\u00e4ndige Track &amp; Trace-L\u00f6sung an.<\/p>\n<h1 style=\"text-align: center;\"><span style=\"color: #ffffff;\">Kontakt zu Mantum Logistics<\/span><\/h1>\n<h4 style=\"text-align: center;\"><span style=\"color: #ffffff;\">Kontakt zu Mantum Logistics<\/span><\/h4>\n<h4 style=\"text-align: left;\">Logistik<\/h4>\n<p>Telefon: 0340-54 55 60<br \/>\n<a href=\"mailto:logistics@mantum.se\">logistics@mantum.se<\/a><\/p>\n<h4 style=\"text-align: left;\">Weitere Informationen<\/h4>\n<p>Tel.: ????-??? ?? ??<br \/>\nFax: ????-??? ?? ??<a href=\"mailto:miljo@mantum.se\"><br \/>\n<\/a><a href=\"mailto:logistics@mantum.se\">logistics@mantum.se<\/a><\/p>\n<h4 style=\"text-align: left;\">Weitere Informationen<\/h4>\n<p>Tel.: ????-??? ?? ??<br \/>\nFax: ????-??? ?? ??<a href=\"mailto:miljo@mantum.se\"><br \/>\n<\/a><a href=\"mailto:logistics@mantum.se\">logistics@mantum.se<\/a><\/p>\n<h1 style=\"text-align: center;\"><span style=\"color: #000000;\">Lesen Sie mehr \u00fcber Transport- und Lagerungsdienste<\/span><\/h1>\n<h3 style=\"text-align: center;\"><span style=\"color: #000000;\">Lesen Sie mehr \u00fcber Transport- und Lagerungsdienste<\/span><\/h3>\n<p>[latest_post type=&#8221;boxes&#8221; number_of_colums=&#8221;3&#8243; number_of_rows=&#8221;1&#8243; order_by=&#8221;title&#8221; order=&#8221;ASC&#8221; display_category=&#8221;0&#8243; display_time=&#8221;1&#8243; display_comments=&#8221;0&#8243; display_like=&#8221;0&#8243; display_share=&#8221;0&#8243; category=&#8221;transport-och-lager&#8221;]<\/p>\n","protected":false},"excerpt":{"rendered":"<p>Wir holen Ihre Sendung bis zu einem Gewicht von 31 kg ab und liefern sie aus. Kontaktieren Sie uns f\u00fcr weitere Informationen zu Preisen und Transportzeiten. F\u00fcr diesen Service bieten wir eine vollst\u00e4ndige Track &amp; Trace-L\u00f6sung an. Kontakt zu Mantum Logistics Kontakt zu Mantum Logistics Logistik Telefon: 0340-54 55 60 logistics@mantum.se Weitere Informationen Tel.: ????-??? [&hellip;]<\/p>\n","protected":false},"author":2,"featured_media":0,"parent":0,"menu_order":0,"comment_status":"closed","ping_status":"closed","template":"full_width.php","meta":{"footnotes":""},"class_list":["post-3343","page","type-page","status-publish","hentry"],"_links":{"self":[{"href":"https:\/\/mantum.se\/de\/wp-json\/wp\/v2\/pages\/3343","targetHints":{"allow":["GET"]}}],"collection":[{"href":"https:\/\/mantum.se\/de\/wp-json\/wp\/v2\/pages"}],"about":[{"href":"https:\/\/mantum.se\/de\/wp-json\/wp\/v2\/types\/page"}],"author":[{"embeddable":true,"href":"https:\/\/mantum.se\/de\/wp-json\/wp\/v2\/users\/2"}],"replies":[{"embeddable":true,"href":"https:\/\/mantum.se\/de\/wp-json\/wp\/v2\/comments?post=3343"}],"version-history":[{"count":0,"href":"https:\/\/mantum.se\/de\/wp-json\/wp\/v2\/pages\/3343\/revisions"}],"wp:attachment":[{"href":"https:\/\/mantum.se\/de\/wp-json\/wp\/v2\/media?parent=3343"}],"curies":[{"name":"wp","href":"https:\/\/api.w.org\/{rel}","templated":true}]}}