{"id":3341,"date":"2020-09-28T13:15:58","date_gmt":"2020-09-28T13:15:58","guid":{"rendered":"https:\/\/mantum.se\/bauschutt\/"},"modified":"2020-09-28T13:15:58","modified_gmt":"2020-09-28T13:15:58","slug":"bauschutt","status":"publish","type":"page","link":"https:\/\/mantum.se\/de\/bauschutt\/","title":{"rendered":"Bauschutt"},"content":{"rendered":"<p>Das Abfallmanagement wird immer komplexer und damit zeitaufw\u00e4ndiger &#8211; Zeit, die auf Baustellen, wo enge Zeitpl\u00e4ne eingehalten werden m\u00fcssen, oft nicht zur Verf\u00fcgung steht. Um Ihnen eine faire Chance zu geben, Ihre Bauabf\u00e4lle effizient zu verwalten, bietet Mantum einen Service an, bei dem wir einen ganzheitlichen Ansatz f\u00fcr Ihr Abfallmanagement und Recycling verfolgen. Wir finden L\u00f6sungen, die Ihre t\u00e4gliche Arbeit so wenig wie m\u00f6glich beeintr\u00e4chtigen. Dies bedeutet f\u00fcr Sie sowohl eine h\u00f6here Effizienz als auch eine bessere Gesamtwirtschaftlichkeit. Wir wollen, dass sowohl die Bauwirtschaft als auch die Umwelt als Gewinner dastehen! Bei der Abfalltrennung gibt es selten eine Universall\u00f6sung, sondern wir gehen immer von Ihrer Realit\u00e4t und Ihren Bed\u00fcrfnissen aus. Dank unserer bew\u00e4hrten Verfahren und unserer eigenen Umweltanlage k\u00f6nnen wir die volle Verantwortung f\u00fcr Ihr Abfallmanagement \u00fcbernehmen. Wir optimieren Ihre Sortierung und minimieren die Mengen, die auf kostspieligen Deponien landen.<\/p>\n<h1 style=\"text-align: center;\"><span style=\"color: #ffffff;\">Kontakt zu Mantum Entreprenad<\/span><\/h1>\n<h4 style=\"text-align: center;\"><span style=\"color: #ffffff;\">Kontakt zu Mantum Entreprenad<\/span><\/h4>\n<h4>Einrichtung<\/h4>\n<p>Telefon: 0340-54 55 20<br \/>\nFax: 0340-54 55 30<br \/>\n<a href=\"mailto:entreprenad@mantum.se\">entreprenad@mantum.se<\/a><\/p>\n<h4>Umwelt<\/h4>\n<p>Telefon: 0340-54 55 40<br \/>\nFax: 0340-54 55 30<a href=\"mailto:miljo@mantum.se\"><br \/>\n<\/a><a href=\"mailto:mantum2@mantum.se\">mantum2@mantum.se<\/a><\/p>\n<h4><strong>Schlammentfernung<\/strong><\/h4>\n<p><strong>Varberg &amp; Falkenberg-Hotline<\/strong><br \/>\nTelefon: 070-545 70 44<\/p>\n<p><strong>Telefonnummer der Gemeinde Mark<\/strong><br \/>\nTel: 033-10 70 50<\/p>\n<h1 style=\"text-align: center;\"><span style=\"color: #000000;\">Gut zu wissen \u00fcber Bau und Umwelt<\/span><\/h1>\n<h3 style=\"text-align: center;\"><span style=\"color: #000000;\">Gut zu wissen \u00fcber Bau und Umwelt<\/span><\/h3>\n<p>[latest_post type=&#8221;boxes&#8221; number_of_colums=&#8221;3&#8243; number_of_rows=&#8221;1&#8243; order_by=&#8221;title&#8221; order=&#8221;ASC&#8221; display_category=&#8221;0&#8243; display_time=&#8221;1&#8243; display_comments=&#8221;0&#8243; display_like=&#8221;0&#8243; display_share=&#8221;0&#8243; category=&#8221;Anl\u00e4ggning&#8221;]<\/p>\n","protected":false},"excerpt":{"rendered":"<p>Das Abfallmanagement wird immer komplexer und damit zeitaufw\u00e4ndiger &#8211; Zeit, die auf Baustellen, wo enge Zeitpl\u00e4ne eingehalten werden m\u00fcssen, oft nicht zur Verf\u00fcgung steht. Um Ihnen eine faire Chance zu geben, Ihre Bauabf\u00e4lle effizient zu verwalten, bietet Mantum einen Service an, bei dem wir einen ganzheitlichen Ansatz f\u00fcr Ihr Abfallmanagement und Recycling verfolgen. Wir finden [&hellip;]<\/p>\n","protected":false},"author":2,"featured_media":0,"parent":0,"menu_order":0,"comment_status":"closed","ping_status":"closed","template":"full_width.php","meta":{"footnotes":""},"class_list":["post-3341","page","type-page","status-publish","hentry"],"_links":{"self":[{"href":"https:\/\/mantum.se\/de\/wp-json\/wp\/v2\/pages\/3341","targetHints":{"allow":["GET"]}}],"collection":[{"href":"https:\/\/mantum.se\/de\/wp-json\/wp\/v2\/pages"}],"about":[{"href":"https:\/\/mantum.se\/de\/wp-json\/wp\/v2\/types\/page"}],"author":[{"embeddable":true,"href":"https:\/\/mantum.se\/de\/wp-json\/wp\/v2\/users\/2"}],"replies":[{"embeddable":true,"href":"https:\/\/mantum.se\/de\/wp-json\/wp\/v2\/comments?post=3341"}],"version-history":[{"count":0,"href":"https:\/\/mantum.se\/de\/wp-json\/wp\/v2\/pages\/3341\/revisions"}],"wp:attachment":[{"href":"https:\/\/mantum.se\/de\/wp-json\/wp\/v2\/media?parent=3341"}],"curies":[{"name":"wp","href":"https:\/\/api.w.org\/{rel}","templated":true}]}}