{"id":3335,"date":"2020-09-28T13:11:15","date_gmt":"2020-09-28T13:11:15","guid":{"rendered":"https:\/\/mantum.se\/verdichter-lkw\/"},"modified":"2020-09-28T13:11:15","modified_gmt":"2020-09-28T13:11:15","slug":"verdichter-lkw","status":"publish","type":"page","link":"https:\/\/mantum.se\/de\/verdichter-lkw\/","title":{"rendered":"Verdichter-LKW"},"content":{"rendered":"<p>In geschlossenen Kreisl\u00e4ufen will Mantum ein nat\u00fcrlicher Akteur sein. Mantum bietet Ihnen den Service eines Presswagens an, der Ihre wiederverwertbaren Abf\u00e4lle effizient aufnimmt und verkleinert, bevor er sie zur Wiederverwertung weiterleitet. Returpack ist unser bedeutender Kunde f\u00fcr den Service, f\u00fcr den wir die Sammlung von Aluminiumdosen und Pet-Flaschen \u00fcbernehmen, die in Lebensmittelgesch\u00e4ften, Restaurants, Kiosken, Caf\u00e9s und Einkaufszentren gesammelt werden. Unsere Lkw bef\u00f6rdern auch andere Trockenfraktionen wie Papier, Karton, Wellpappe und Kunststoffverpackungen. Mantum verf\u00fcgt \u00fcber eine moderne Umschlaganlage, in der das Material vor der Weiterleitung zum Recycling zwischengelagert wird.<\/p>\n<h1 style=\"text-align: center;\"><span style=\"color: #ffffff;\">Kontakt zu Mantum Entreprenad<\/span><\/h1>\n<h4 style=\"text-align: center;\"><span style=\"color: #ffffff;\">Kontakt zu Mantum Entreprenad<\/span><\/h4>\n<h4>Einrichtung<\/h4>\n<p>Telefon: 0340-54 55 20<br \/>\nFax: 0340-54 55 30<br \/>\n<a href=\"mailto:entreprenad@mantum.se\">entreprenad@mantum.se<\/a><\/p>\n<h4>Umwelt<\/h4>\n<p>Telefon: 0340-54 55 40<br \/>\nFax: 0340-54 55 30<a href=\"mailto:miljo@mantum.se\"><br \/>\n<\/a><a href=\"mailto:mantum2@mantum.se\">mantum2@mantum.se<\/a><\/p>\n<h4><strong>Schlammentfernung<\/strong><\/h4>\n<p><strong>Varberg &amp; Falkenberg-Hotline<\/strong><br \/>\nTelefon: 070-545 70 44<\/p>\n<p><strong>Telefonnummer der Gemeinde Mark<\/strong><br \/>\nTel: 033-10 70 50<\/p>\n<h1 style=\"text-align: center;\"><span style=\"color: #000000;\">Gut zu wissen \u00fcber Bau und Umwelt<\/span><\/h1>\n<h3 style=\"text-align: center;\"><span style=\"color: #000000;\">Gut zu wissen \u00fcber Bau und Umwelt<\/span><\/h3>\n<p>[latest_post type=&#8221;boxes&#8221; number_of_colums=&#8221;3&#8243; number_of_rows=&#8221;1&#8243; order_by=&#8221;title&#8221; order=&#8221;ASC&#8221; display_category=&#8221;0&#8243; display_time=&#8221;1&#8243; display_comments=&#8221;0&#8243; display_like=&#8221;0&#8243; display_share=&#8221;0&#8243; category=&#8221;Anl\u00e4ggning&#8221;]<\/p>\n","protected":false},"excerpt":{"rendered":"<p>In geschlossenen Kreisl\u00e4ufen will Mantum ein nat\u00fcrlicher Akteur sein. Mantum bietet Ihnen den Service eines Presswagens an, der Ihre wiederverwertbaren Abf\u00e4lle effizient aufnimmt und verkleinert, bevor er sie zur Wiederverwertung weiterleitet. Returpack ist unser bedeutender Kunde f\u00fcr den Service, f\u00fcr den wir die Sammlung von Aluminiumdosen und Pet-Flaschen \u00fcbernehmen, die in Lebensmittelgesch\u00e4ften, Restaurants, Kiosken, Caf\u00e9s [&hellip;]<\/p>\n","protected":false},"author":2,"featured_media":0,"parent":0,"menu_order":0,"comment_status":"closed","ping_status":"closed","template":"full_width.php","meta":{"footnotes":""},"class_list":["post-3335","page","type-page","status-publish","hentry"],"_links":{"self":[{"href":"https:\/\/mantum.se\/de\/wp-json\/wp\/v2\/pages\/3335","targetHints":{"allow":["GET"]}}],"collection":[{"href":"https:\/\/mantum.se\/de\/wp-json\/wp\/v2\/pages"}],"about":[{"href":"https:\/\/mantum.se\/de\/wp-json\/wp\/v2\/types\/page"}],"author":[{"embeddable":true,"href":"https:\/\/mantum.se\/de\/wp-json\/wp\/v2\/users\/2"}],"replies":[{"embeddable":true,"href":"https:\/\/mantum.se\/de\/wp-json\/wp\/v2\/comments?post=3335"}],"version-history":[{"count":0,"href":"https:\/\/mantum.se\/de\/wp-json\/wp\/v2\/pages\/3335\/revisions"}],"wp:attachment":[{"href":"https:\/\/mantum.se\/de\/wp-json\/wp\/v2\/media?parent=3335"}],"curies":[{"name":"wp","href":"https:\/\/api.w.org\/{rel}","templated":true}]}}