{"id":3334,"date":"2020-09-30T09:09:18","date_gmt":"2020-09-30T09:09:18","guid":{"rendered":"https:\/\/mantum.se\/transport-ausserhalb-der-eu\/"},"modified":"2020-09-30T09:09:18","modified_gmt":"2020-09-30T09:09:18","slug":"transport-ausserhalb-der-eu","status":"publish","type":"page","link":"https:\/\/mantum.se\/de\/transport-ausserhalb-der-eu\/","title":{"rendered":"Transport au\u00dferhalb der EU"},"content":{"rendered":"<p>Durch unser gut ausgebautes globales Netzwerk und sorgf\u00e4ltig ausgew\u00e4hlte Partner und Agenten sind wir in der Lage, See- und Luftfrachtl\u00f6sungen anzubieten, die dem Kunden gro\u00dfe Flexibilit\u00e4t sowohl f\u00fcr Export- als auch f\u00fcr Importsendungen bieten.<\/p>\n<p>Wir bieten FCL, LCL und Kombinationen aus See- und Lufttransport an. Die N\u00e4he zu G\u00f6teborg und Landvetter bedeutet, dass wir ein sehr hohes Serviceniveau mit Anschlussverkehren zu unserem Terminal in Varberg aufrechterhalten.<\/p>\n<h1 style=\"text-align: center;\"><span style=\"color: #ffffff;\">Kontakt zu Mantum Logistics<\/span><\/h1>\n<h4 style=\"text-align: center;\"><span style=\"color: #ffffff;\">Kontakt zu Mantum Logistics<\/span><\/h4>\n<h4 style=\"text-align: left;\">Logistik<\/h4>\n<p>Telefon: 0340-54 55 80<br \/>\n<a href=\"mailto:international@mantum.se\">international@mantum.se<\/a><\/p>\n<h1 style=\"text-align: center;\"><span style=\"color: #000000;\">Lesen Sie mehr \u00fcber Transport- und Lagerungsdienste<\/span><\/h1>\n<h3 style=\"text-align: center;\"><span style=\"color: #000000;\">Lesen Sie mehr \u00fcber Transport- und Lagerungsdienste<\/span><\/h3>\n<p>[latest_post type=&#8221;boxes&#8221; number_of_colums=&#8221;3&#8243; number_of_rows=&#8221;1&#8243; order_by=&#8221;title&#8221; order=&#8221;ASC&#8221; display_category=&#8221;0&#8243; display_time=&#8221;1&#8243; display_comments=&#8221;0&#8243; display_like=&#8221;0&#8243; display_share=&#8221;0&#8243; category=&#8221;transport-och-lager&#8221;]<\/p>\n","protected":false},"excerpt":{"rendered":"<p>Durch unser gut ausgebautes globales Netzwerk und sorgf\u00e4ltig ausgew\u00e4hlte Partner und Agenten sind wir in der Lage, See- und Luftfrachtl\u00f6sungen anzubieten, die dem Kunden gro\u00dfe Flexibilit\u00e4t sowohl f\u00fcr Export- als auch f\u00fcr Importsendungen bieten. Wir bieten FCL, LCL und Kombinationen aus See- und Lufttransport an. Die N\u00e4he zu G\u00f6teborg und Landvetter bedeutet, dass wir ein [&hellip;]<\/p>\n","protected":false},"author":2,"featured_media":0,"parent":0,"menu_order":0,"comment_status":"closed","ping_status":"closed","template":"full_width.php","meta":{"footnotes":""},"class_list":["post-3334","page","type-page","status-publish","hentry"],"_links":{"self":[{"href":"https:\/\/mantum.se\/de\/wp-json\/wp\/v2\/pages\/3334","targetHints":{"allow":["GET"]}}],"collection":[{"href":"https:\/\/mantum.se\/de\/wp-json\/wp\/v2\/pages"}],"about":[{"href":"https:\/\/mantum.se\/de\/wp-json\/wp\/v2\/types\/page"}],"author":[{"embeddable":true,"href":"https:\/\/mantum.se\/de\/wp-json\/wp\/v2\/users\/2"}],"replies":[{"embeddable":true,"href":"https:\/\/mantum.se\/de\/wp-json\/wp\/v2\/comments?post=3334"}],"version-history":[{"count":0,"href":"https:\/\/mantum.se\/de\/wp-json\/wp\/v2\/pages\/3334\/revisions"}],"wp:attachment":[{"href":"https:\/\/mantum.se\/de\/wp-json\/wp\/v2\/media?parent=3334"}],"curies":[{"name":"wp","href":"https:\/\/api.w.org\/{rel}","templated":true}]}}