{"id":3333,"date":"2020-09-28T09:12:24","date_gmt":"2020-09-28T09:12:24","guid":{"rendered":"https:\/\/mantum.se\/dienstleistungen-fuer-kranwagen\/"},"modified":"2023-10-30T12:41:07","modified_gmt":"2023-10-30T12:41:07","slug":"dienstleistungen-fuer-kranwagen","status":"publish","type":"page","link":"https:\/\/mantum.se\/de\/dienstleistungen-fuer-kranwagen\/","title":{"rendered":"Dienstleistungen f\u00fcr Kranwagen"},"content":{"rendered":"\t\t<div data-elementor-type=\"wp-page\" data-elementor-id=\"3333\" class=\"elementor elementor-3333 elementor-525\" data-elementor-post-type=\"page\">\n\t\t\t\t<div class=\"elementor-element elementor-element-69d1070 e-flex e-con-boxed e-con e-parent\" data-id=\"69d1070\" data-element_type=\"container\" data-e-type=\"container\">\n\t\t\t\t\t<div class=\"e-con-inner\">\n\t\t<div class=\"elementor-element elementor-element-e749dfa e-flex e-con-boxed e-con e-child\" data-id=\"e749dfa\" data-element_type=\"container\" data-e-type=\"container\">\n\t\t\t\t\t<div class=\"e-con-inner\">\n\t\t\t\t<div class=\"elementor-element elementor-element-e6dc64d elementor-widget elementor-widget-text-editor\" data-id=\"e6dc64d\" data-element_type=\"widget\" data-e-type=\"widget\" data-widget_type=\"text-editor.default\">\n\t\t\t\t<div class=\"elementor-widget-container\">\n\t\t\t\t\t\t\t\t\t<p><strong>Mantum bietet eine komplette Abteilung von Kranwagen mit erfahrenen und kompetenten Fahrern an. Unsere Dienstleistungen richten sich an Kunden aus dem Bau-, Industrie- und Geb\u00e4udesektor. Auch Einzelengagements f\u00fcr Privatpersonen sind h\u00e4ufig.<\/strong>Ein Kranwagen bietet gro\u00dfe Flexibilit\u00e4t, da er als Pritschenwagen oder Kipper eingesetzt werden kann, aber mit einem gro\u00dfartigen Werkzeug, das eine breite Palette von Hebe- und Ladeaufgaben erf\u00fcllen kann. Mantum-Kranwagen \u00fcbernehmen in der Regel Hebe-, Montage- und Transportaufgaben im Zusammenhang mit dem Hausbau, aber die Einsatzm\u00f6glichkeiten dieser Ger\u00e4te sind unendlich!<\/p>\n<\/p>\n<p>Die Kranwagenflotte von Mantum deckt ein komplettes Spektrum an Hebekapazit\u00e4ten ab, wobei alle Einheiten \u00fcber ein sehr hohes Ausstattungsniveau verf\u00fcgen. Deshalb finden wir immer eine L\u00f6sung f\u00fcr den Bedarf des Kunden. Alle Einheiten sind serienm\u00e4\u00dfig mit Fahrzeugcomputern ausgestattet, die alle m\u00f6glichen Informationen \u00fcber den durchgef\u00fchrten Transport anzeigen k\u00f6nnen. Die h\u00e4ufigsten Fragen und Antworten finden Sie <a href=\"https:\/\/mantum.se\/fragor-och-svar-kranbilar\/\">hier<\/a><\/p>\n\t\t\t\t\t\t\t\t<\/div>\n\t\t\t\t<\/div>\n\t\t\t\t\t<\/div>\n\t\t\t\t<\/div>\n\t\t<div class=\"elementor-element elementor-element-a291734 e-flex e-con-boxed e-con e-child\" data-id=\"a291734\" data-element_type=\"container\" data-e-type=\"container\">\n\t\t\t\t\t<div class=\"e-con-inner\">\n\t\t\t\t<div class=\"elementor-element elementor-element-32fe065 elementor-widget elementor-widget-image\" data-id=\"32fe065\" data-element_type=\"widget\" data-e-type=\"widget\" data-widget_type=\"image.default\">\n\t\t\t\t<div class=\"elementor-widget-container\">\n\t\t\t\t\t\t\t\t\t\t\t\t\t\t\t<img fetchpriority=\"high\" decoding=\"async\" width=\"775\" height=\"1024\" src=\"https:\/\/mantum.se\/wp-content\/uploads\/2022\/01\/krabben-775x1024.jpg\" class=\"attachment-large size-large wp-image-1890\" alt=\"\" srcset=\"https:\/\/mantum.se\/wp-content\/uploads\/2022\/01\/krabben-775x1024.jpg 775w, https:\/\/mantum.se\/wp-content\/uploads\/2022\/01\/krabben-600x793.jpg 600w, https:\/\/mantum.se\/wp-content\/uploads\/2022\/01\/krabben-227x300.jpg 227w, https:\/\/mantum.se\/wp-content\/uploads\/2022\/01\/krabben-768x1015.jpg 768w, https:\/\/mantum.se\/wp-content\/uploads\/2022\/01\/krabben-1162x1536.jpg 1162w, https:\/\/mantum.se\/wp-content\/uploads\/2022\/01\/krabben-700x925.jpg 700w, https:\/\/mantum.se\/wp-content\/uploads\/2022\/01\/krabben.jpg 1341w\" sizes=\"(max-width: 775px) 100vw, 775px\" \/>\t\t\t\t\t\t\t\t\t\t\t\t\t\t\t<\/div>\n\t\t\t\t<\/div>\n\t\t\t\t\t<\/div>\n\t\t\t\t<\/div>\n\t\t\t\t\t<\/div>\n\t\t\t\t<\/div>\n\t\t<div class=\"elementor-element elementor-element-2408cc3 e-con-full e-flex e-con e-parent\" data-id=\"2408cc3\" data-element_type=\"container\" data-e-type=\"container\" data-settings=\"{&quot;background_background&quot;:&quot;classic&quot;}\">\n\t\t\t\t<div class=\"elementor-element elementor-element-d1fc590 elementor-widget elementor-widget-heading\" data-id=\"d1fc590\" data-element_type=\"widget\" data-e-type=\"widget\" data-widget_type=\"heading.default\">\n\t\t\t\t<div class=\"elementor-widget-container\">\n\t\t\t\t\t<h2 class=\"elementor-heading-title elementor-size-default\">Kontakt zu Mantum Entreprenad<\/h2>\t\t\t\t<\/div>\n\t\t\t\t<\/div>\n\t\t\t\t<\/div>\n\t\t<div class=\"elementor-element elementor-element-a572537 e-flex e-con-boxed e-con e-parent\" data-id=\"a572537\" data-element_type=\"container\" data-e-type=\"container\">\n\t\t\t\t\t<div class=\"e-con-inner\">\n\t\t<div class=\"elementor-element elementor-element-d5c9a00 e-flex e-con-boxed e-con e-child\" data-id=\"d5c9a00\" data-element_type=\"container\" data-e-type=\"container\">\n\t\t\t\t\t<div class=\"e-con-inner\">\n\t\t\t\t<div class=\"elementor-element elementor-element-be8f999 elementor-widget elementor-widget-text-editor\" data-id=\"be8f999\" data-element_type=\"widget\" data-e-type=\"widget\" data-widget_type=\"text-editor.default\">\n\t\t\t\t<div class=\"elementor-widget-container\">\n\t\t\t\t\t\t\t\t\t<h4 style=\"text-align: center;\">Einrichtung<\/h4>\n<p style=\"text-align: center;\">Telefon: 0340-54 55 20<br \/><a href=\"mailto:entreprenad@mantum.se\">entreprenad@mantum.se<\/a><\/p>\n<p style=\"text-align: center;\">\n\t\t\t\t\t\t\t\t<\/div>\n\t\t\t\t<\/div>\n\t\t\t\t\t<\/div>\n\t\t\t\t<\/div>\n\t\t<div class=\"elementor-element elementor-element-5fb38a6 e-flex e-con-boxed e-con e-child\" data-id=\"5fb38a6\" data-element_type=\"container\" data-e-type=\"container\">\n\t\t\t\t\t<div class=\"e-con-inner\">\n\t\t\t\t<div class=\"elementor-element elementor-element-0acfd9d elementor-widget elementor-widget-text-editor\" data-id=\"0acfd9d\" data-element_type=\"widget\" data-e-type=\"widget\" data-widget_type=\"text-editor.default\">\n\t\t\t\t<div class=\"elementor-widget-container\">\n\t\t\t\t\t\t\t\t\t<h4 style=\"text-align: center;\">Umwelt<\/h4>\n<p style=\"text-align: center;\">Tel: 0340-54 55 40<a href=\"mailto:miljo@mantum.se\"><br \/>\n  <br \/>\n<\/a><a href=\"mailto:mantum2@mantum.se\">miljo@mantum.se<\/a><\/p>\n\t\t\t\t\t\t\t\t<\/div>\n\t\t\t\t<\/div>\n\t\t\t\t\t<\/div>\n\t\t\t\t<\/div>\n\t\t<div class=\"elementor-element elementor-element-731bbe4 e-flex e-con-boxed e-con e-child\" data-id=\"731bbe4\" data-element_type=\"container\" data-e-type=\"container\">\n\t\t\t\t\t<div class=\"e-con-inner\">\n\t\t\t\t<div class=\"elementor-element elementor-element-61778a3 elementor-widget elementor-widget-text-editor\" data-id=\"61778a3\" data-element_type=\"widget\" data-e-type=\"widget\" data-widget_type=\"text-editor.default\">\n\t\t\t\t<div class=\"elementor-widget-container\">\n\t\t\t\t\t\t\t\t\t<h4 style=\"text-align: center;\">Schlammentfernung<\/h4>\n<p style=\"text-align: center;\">Varberg &amp; Falkenberg-Hotline<\/p>\n<p style=\"text-align: center;\">Telefon: 070 545 70 44<\/p>\n\t\t\t\t\t\t\t\t<\/div>\n\t\t\t\t<\/div>\n\t\t\t\t\t<\/div>\n\t\t\t\t<\/div>\n\t\t\t\t\t<\/div>\n\t\t\t\t<\/div>\n\t\t\t\t<\/div>\n\t\t","protected":false},"excerpt":{"rendered":"<p>Mantum verf\u00fcgt \u00fcber eine komplette Abteilung von Kranwagen mit erfahrenen und kompetenten Fahrern. Unsere Dienstleistungen richten sich an Kunden aus dem Bau-, Industrie- und Geb\u00e4udesektor.<\/p>\n","protected":false},"author":1,"featured_media":0,"parent":0,"menu_order":0,"comment_status":"closed","ping_status":"closed","template":"","meta":{"footnotes":""},"class_list":["post-3333","page","type-page","status-publish","hentry"],"_links":{"self":[{"href":"https:\/\/mantum.se\/de\/wp-json\/wp\/v2\/pages\/3333","targetHints":{"allow":["GET"]}}],"collection":[{"href":"https:\/\/mantum.se\/de\/wp-json\/wp\/v2\/pages"}],"about":[{"href":"https:\/\/mantum.se\/de\/wp-json\/wp\/v2\/types\/page"}],"author":[{"embeddable":true,"href":"https:\/\/mantum.se\/de\/wp-json\/wp\/v2\/users\/1"}],"replies":[{"embeddable":true,"href":"https:\/\/mantum.se\/de\/wp-json\/wp\/v2\/comments?post=3333"}],"version-history":[{"count":2,"href":"https:\/\/mantum.se\/de\/wp-json\/wp\/v2\/pages\/3333\/revisions"}],"predecessor-version":[{"id":3351,"href":"https:\/\/mantum.se\/de\/wp-json\/wp\/v2\/pages\/3333\/revisions\/3351"}],"wp:attachment":[{"href":"https:\/\/mantum.se\/de\/wp-json\/wp\/v2\/media?parent=3333"}],"curies":[{"name":"wp","href":"https:\/\/api.w.org\/{rel}","templated":true}]}}